{"id":8711,"date":"2021-07-01T13:16:10","date_gmt":"2021-07-01T13:16:10","guid":{"rendered":"https:\/\/kdplanet.com\/fr\/kd-kids\/infinifun\/?post_type=product&amp;p=8711"},"modified":"2021-07-01T13:16:10","modified_gmt":"2021-07-01T13:16:10","slug":"mon-elephant-deau","status":"publish","type":"product","link":"https:\/\/infini-fun.com\/us\/nos-jouets\/mon-elephant-deau\/","title":{"rendered":"Mon \u00e9l\u00e9phant d&rsquo;eau"},"content":{"rendered":"<p>Un adorable \u00e9l\u00e9phant pour le bain qui amusera votre tout-petit !<\/p>\n<p>La fonction \u00e9lectronique permet de rendre le bain encore plus fun !<\/p>\n<p><strong>Les petits plus :<\/strong><\/p>\n<ul>\n<li>Appuie sur la touche musique pour entendre des sons rigolos<\/li>\n<li>Aspergeur int\u00e9gr\u00e9 pour faire gicler l&rsquo;eau par sa trompe<\/li>\n<\/ul>\n<p>&nbsp;<\/p>\n","protected":false},"excerpt":{"rendered":"<p>Un adorable \u00e9l\u00e9phant pour le bain qui amusera votre tout-petit ! La fonction \u00e9lectronique permet de rendre le bain encore plus fun ! Les petits plus : Appuie sur la touche musique pour entendre des sons rigolos Aspergeur int\u00e9gr\u00e9 pour faire gicler l&rsquo;eau par sa trompe &nbsp;<\/p>\n","protected":false},"featured_media":8712,"template":"","meta":[],"product_brand":[],"product_cat":[32],"product_tag":[87],"class_list":{"0":"post-8711","1":"product","2":"type-product","3":"status-publish","4":"has-post-thumbnail","6":"product_cat-0-12-mois","7":"product_tag-bain","8":"pa_eveil-curiosite","10":"first","11":"instock","12":"shipping-taxable","13":"product-type-simple"},"yoast_head":"<!-- This site is optimized with the Yoast SEO plugin v27.2 - https:\/\/yoast.com\/product\/yoast-seo-wordpress\/ -->\n<title>Mon \u00e9l\u00e9phant d&#039;eau - KD Kids InfiniFun US<\/title>\n<meta name=\"robots\" content=\"noindex, follow, max-snippet:-1, max-image-preview:large, max-video-preview:-1\" \/>\n<meta property=\"og:locale\" content=\"fr_FR\" \/>\n<meta property=\"og:type\" content=\"article\" \/>\n<meta property=\"og:title\" content=\"Mon \u00e9l\u00e9phant d&#039;eau - KD Kids InfiniFun US\" \/>\n<meta property=\"og:description\" content=\"Un adorable \u00e9l\u00e9phant pour le bain qui amusera votre tout-petit ! La fonction \u00e9lectronique permet de rendre le bain encore plus fun ! Les petits plus : Appuie sur la touche musique pour entendre des sons rigolos Aspergeur int\u00e9gr\u00e9 pour faire gicler l&rsquo;eau par sa trompe &nbsp;\" \/>\n<meta property=\"og:url\" content=\"https:\/\/infini-fun.com\/us\/nos-jouets\/mon-elephant-deau\/\" \/>\n<meta property=\"og:site_name\" content=\"KD Kids InfiniFun US\" \/>\n<meta property=\"og:image\" content=\"https:\/\/infini-fun.com\/us\/wp-content\/uploads\/sites\/5\/2021\/07\/S15050_GI_callout_180305.png\" \/>\n\t<meta property=\"og:image:width\" content=\"1459\" \/>\n\t<meta property=\"og:image:height\" content=\"1696\" \/>\n\t<meta property=\"og:image:type\" content=\"image\/png\" \/>\n<meta name=\"twitter:card\" content=\"summary_large_image\" \/>\n<meta name=\"twitter:label1\" content=\"Dur\u00e9e de lecture estim\u00e9e\" \/>\n\t<meta name=\"twitter:data1\" content=\"1 minute\" \/>\n<script type=\"application\/ld+json\" class=\"yoast-schema-graph\">{\"@context\":\"https:\/\/schema.org\",\"@graph\":[{\"@type\":\"WebPage\",\"@id\":\"https:\/\/infini-fun.com\/us\/nos-jouets\/mon-elephant-deau\/\",\"url\":\"https:\/\/infini-fun.com\/us\/nos-jouets\/mon-elephant-deau\/\",\"name\":\"Mon \u00e9l\u00e9phant d'eau - KD Kids InfiniFun US\",\"isPartOf\":{\"@id\":\"https:\/\/infini-fun.com\/us\/#website\"},\"primaryImageOfPage\":{\"@id\":\"https:\/\/infini-fun.com\/us\/nos-jouets\/mon-elephant-deau\/#primaryimage\"},\"image\":{\"@id\":\"https:\/\/infini-fun.com\/us\/nos-jouets\/mon-elephant-deau\/#primaryimage\"},\"thumbnailUrl\":\"https:\/\/infini-fun.com\/us\/wp-content\/uploads\/sites\/5\/2021\/07\/S15050_GI_callout_180305.png\",\"datePublished\":\"2021-07-01T13:16:10+00:00\",\"breadcrumb\":{\"@id\":\"https:\/\/infini-fun.com\/us\/nos-jouets\/mon-elephant-deau\/#breadcrumb\"},\"inLanguage\":\"fr-FR\",\"potentialAction\":[{\"@type\":\"ReadAction\",\"target\":[\"https:\/\/infini-fun.com\/us\/nos-jouets\/mon-elephant-deau\/\"]}]},{\"@type\":\"ImageObject\",\"inLanguage\":\"fr-FR\",\"@id\":\"https:\/\/infini-fun.com\/us\/nos-jouets\/mon-elephant-deau\/#primaryimage\",\"url\":\"https:\/\/infini-fun.com\/us\/wp-content\/uploads\/sites\/5\/2021\/07\/S15050_GI_callout_180305.png\",\"contentUrl\":\"https:\/\/infini-fun.com\/us\/wp-content\/uploads\/sites\/5\/2021\/07\/S15050_GI_callout_180305.png\",\"width\":1459,\"height\":1696},{\"@type\":\"BreadcrumbList\",\"@id\":\"https:\/\/infini-fun.com\/us\/nos-jouets\/mon-elephant-deau\/#breadcrumb\",\"itemListElement\":[{\"@type\":\"ListItem\",\"position\":1,\"name\":\"Portada\",\"item\":\"https:\/\/infini-fun.com\/us\/\"},{\"@type\":\"ListItem\",\"position\":2,\"name\":\"Nos jouets\",\"item\":\"https:\/\/infini-fun.com\/us\/nos-jouets\/\"},{\"@type\":\"ListItem\",\"position\":3,\"name\":\"Mon \u00e9l\u00e9phant d&#8217;eau\"}]},{\"@type\":\"WebSite\",\"@id\":\"https:\/\/infini-fun.com\/us\/#website\",\"url\":\"https:\/\/infini-fun.com\/us\/\",\"name\":\"KD Kids InfiniFun US\",\"description\":\"Introducing Infinifun and Tinyboo\",\"potentialAction\":[{\"@type\":\"SearchAction\",\"target\":{\"@type\":\"EntryPoint\",\"urlTemplate\":\"https:\/\/infini-fun.com\/us\/?s={search_term_string}\"},\"query-input\":{\"@type\":\"PropertyValueSpecification\",\"valueRequired\":true,\"valueName\":\"search_term_string\"}}],\"inLanguage\":\"fr-FR\"}]}<\/script>\n<!-- \/ Yoast SEO plugin. -->","yoast_head_json":{"title":"Mon \u00e9l\u00e9phant d'eau - KD Kids InfiniFun US","robots":{"index":"noindex","follow":"follow","max-snippet":"max-snippet:-1","max-image-preview":"max-image-preview:large","max-video-preview":"max-video-preview:-1"},"og_locale":"fr_FR","og_type":"article","og_title":"Mon \u00e9l\u00e9phant d'eau - KD Kids InfiniFun US","og_description":"Un adorable \u00e9l\u00e9phant pour le bain qui amusera votre tout-petit ! La fonction \u00e9lectronique permet de rendre le bain encore plus fun ! Les petits plus : Appuie sur la touche musique pour entendre des sons rigolos Aspergeur int\u00e9gr\u00e9 pour faire gicler l&rsquo;eau par sa trompe &nbsp;","og_url":"https:\/\/infini-fun.com\/us\/nos-jouets\/mon-elephant-deau\/","og_site_name":"KD Kids InfiniFun US","og_image":[{"width":1459,"height":1696,"url":"https:\/\/infini-fun.com\/us\/wp-content\/uploads\/sites\/5\/2021\/07\/S15050_GI_callout_180305.png","type":"image\/png"}],"twitter_card":"summary_large_image","twitter_misc":{"Dur\u00e9e de lecture estim\u00e9e":"1 minute"},"schema":{"@context":"https:\/\/schema.org","@graph":[{"@type":"WebPage","@id":"https:\/\/infini-fun.com\/us\/nos-jouets\/mon-elephant-deau\/","url":"https:\/\/infini-fun.com\/us\/nos-jouets\/mon-elephant-deau\/","name":"Mon \u00e9l\u00e9phant d'eau - KD Kids InfiniFun US","isPartOf":{"@id":"https:\/\/infini-fun.com\/us\/#website"},"primaryImageOfPage":{"@id":"https:\/\/infini-fun.com\/us\/nos-jouets\/mon-elephant-deau\/#primaryimage"},"image":{"@id":"https:\/\/infini-fun.com\/us\/nos-jouets\/mon-elephant-deau\/#primaryimage"},"thumbnailUrl":"https:\/\/infini-fun.com\/us\/wp-content\/uploads\/sites\/5\/2021\/07\/S15050_GI_callout_180305.png","datePublished":"2021-07-01T13:16:10+00:00","breadcrumb":{"@id":"https:\/\/infini-fun.com\/us\/nos-jouets\/mon-elephant-deau\/#breadcrumb"},"inLanguage":"fr-FR","potentialAction":[{"@type":"ReadAction","target":["https:\/\/infini-fun.com\/us\/nos-jouets\/mon-elephant-deau\/"]}]},{"@type":"ImageObject","inLanguage":"fr-FR","@id":"https:\/\/infini-fun.com\/us\/nos-jouets\/mon-elephant-deau\/#primaryimage","url":"https:\/\/infini-fun.com\/us\/wp-content\/uploads\/sites\/5\/2021\/07\/S15050_GI_callout_180305.png","contentUrl":"https:\/\/infini-fun.com\/us\/wp-content\/uploads\/sites\/5\/2021\/07\/S15050_GI_callout_180305.png","width":1459,"height":1696},{"@type":"BreadcrumbList","@id":"https:\/\/infini-fun.com\/us\/nos-jouets\/mon-elephant-deau\/#breadcrumb","itemListElement":[{"@type":"ListItem","position":1,"name":"Portada","item":"https:\/\/infini-fun.com\/us\/"},{"@type":"ListItem","position":2,"name":"Nos jouets","item":"https:\/\/infini-fun.com\/us\/nos-jouets\/"},{"@type":"ListItem","position":3,"name":"Mon \u00e9l\u00e9phant d&#8217;eau"}]},{"@type":"WebSite","@id":"https:\/\/infini-fun.com\/us\/#website","url":"https:\/\/infini-fun.com\/us\/","name":"KD Kids InfiniFun US","description":"Introducing Infinifun and Tinyboo","potentialAction":[{"@type":"SearchAction","target":{"@type":"EntryPoint","urlTemplate":"https:\/\/infini-fun.com\/us\/?s={search_term_string}"},"query-input":{"@type":"PropertyValueSpecification","valueRequired":true,"valueName":"search_term_string"}}],"inLanguage":"fr-FR"}]}},"_links":{"self":[{"href":"https:\/\/infini-fun.com\/us\/wp-json\/wp\/v2\/product\/8711","targetHints":{"allow":["GET"]}}],"collection":[{"href":"https:\/\/infini-fun.com\/us\/wp-json\/wp\/v2\/product"}],"about":[{"href":"https:\/\/infini-fun.com\/us\/wp-json\/wp\/v2\/types\/product"}],"wp:featuredmedia":[{"embeddable":true,"href":"https:\/\/infini-fun.com\/us\/wp-json\/wp\/v2\/media\/8712"}],"wp:attachment":[{"href":"https:\/\/infini-fun.com\/us\/wp-json\/wp\/v2\/media?parent=8711"}],"wp:term":[{"taxonomy":"product_brand","embeddable":true,"href":"https:\/\/infini-fun.com\/us\/wp-json\/wp\/v2\/product_brand?post=8711"},{"taxonomy":"product_cat","embeddable":true,"href":"https:\/\/infini-fun.com\/us\/wp-json\/wp\/v2\/product_cat?post=8711"},{"taxonomy":"product_tag","embeddable":true,"href":"https:\/\/infini-fun.com\/us\/wp-json\/wp\/v2\/product_tag?post=8711"}],"curies":[{"name":"wp","href":"https:\/\/api.w.org\/{rel}","templated":true}]}}