{"id":8706,"date":"2021-07-01T12:28:22","date_gmt":"2021-07-01T12:28:22","guid":{"rendered":"https:\/\/kdplanet.com\/fr\/kd-kids\/infinifun\/?post_type=product&amp;p=8706"},"modified":"2021-07-01T12:28:22","modified_gmt":"2021-07-01T12:28:22","slug":"mon-premier-volant","status":"publish","type":"product","link":"https:\/\/infini-fun.com\/us\/nos-jouets\/mon-premier-volant\/","title":{"rendered":"Mon premier volant"},"content":{"rendered":"<p>Une r\u00e9plique du volant d\u2019aujourd\u2019hui aux dimensions mini pour des heures d\u2019amusement.<br \/>\nSp\u00e9cialement con\u00e7u pour les petites mains avec son design ergonomique et ses patins antiglisse, ce volant ne quittera plus les tout-petits.<\/p>\n<p>Plus de 50 phrases, musiques et sons rigolos accompagnent votre tout-petit. Il va pouvoir mettre le contact, tourner le volant, acc\u00e9l\u00e9rer ou freiner, mettre les clignotants ou les warnings, \u00e9couter de la musique, suivre son GPS, et faire semblant de passer des appels en kit main libre ! M\u00eame le tableau de bord est tactile pour imiter celui des grands!<\/p>\n<p>En plus de l\u2019imitation, le volant dispose de 2 modes de jeu \u00e9ducatifs pour apprendre les chiffres, les formes, les couleurs et les lieux familiers.<\/p>\n<p>Parfait pour d\u00e9velopper l\u2019imagination !<\/p>\n<p><strong>Les petits plus :<\/strong><\/p>\n<ul>\n<li>\u00c9cran tactile : touche l\u2019\u00e9cran pour choisir une destination !<\/li>\n<li>Apprends les formes et les couleurs gr\u00e2ce aux panneaux de signalisation et aux 2 modes de jeu<\/li>\n<li>Plus de 50 sons r\u00e9alistes et musiques amusantes<\/li>\n<li>Initiation \u00e0 l&rsquo;anglais gr\u00e2ce au mode bilingue<\/li>\n<\/ul>\n","protected":false},"excerpt":{"rendered":"<p>Une r\u00e9plique du volant d\u2019aujourd\u2019hui aux dimensions mini pour des heures d\u2019amusement. Sp\u00e9cialement con\u00e7u pour les petites mains avec son design ergonomique et ses patins antiglisse, ce volant ne quittera plus les tout-petits. Plus de 50 phrases, musiques et sons rigolos accompagnent votre tout-petit. Il va pouvoir mettre le contact, tourner le volant, acc\u00e9l\u00e9rer ou&#8230;<\/p>\n","protected":false},"featured_media":8707,"template":"","meta":[],"product_brand":[],"product_cat":[40],"product_tag":[104],"class_list":{"0":"post-8706","1":"product","2":"type-product","3":"status-publish","4":"has-post-thumbnail","6":"product_cat-12-24-mois","7":"product_tag-imitation","8":"pa_apprentissages-chiffres","9":"pa_apprentissages-couleurs","10":"pa_apprentissages-formes","11":"pa_developpement-langage","12":"pa_developpement-motricite","13":"pa_eveil-imagination","15":"first","16":"instock","17":"shipping-taxable","18":"product-type-simple"},"yoast_head":"<!-- This site is optimized with the Yoast SEO plugin v27.2 - https:\/\/yoast.com\/product\/yoast-seo-wordpress\/ -->\n<title>Mon premier volant - KD Kids InfiniFun US<\/title>\n<meta name=\"robots\" content=\"noindex, follow, max-snippet:-1, max-image-preview:large, max-video-preview:-1\" \/>\n<meta property=\"og:locale\" content=\"fr_FR\" \/>\n<meta property=\"og:type\" content=\"article\" \/>\n<meta property=\"og:title\" content=\"Mon premier volant - KD Kids InfiniFun US\" \/>\n<meta property=\"og:description\" content=\"Une r\u00e9plique du volant d\u2019aujourd\u2019hui aux dimensions mini pour des heures d\u2019amusement. Sp\u00e9cialement con\u00e7u pour les petites mains avec son design ergonomique et ses patins antiglisse, ce volant ne quittera plus les tout-petits. Plus de 50 phrases, musiques et sons rigolos accompagnent votre tout-petit. Il va pouvoir mettre le contact, tourner le volant, acc\u00e9l\u00e9rer ou...\" \/>\n<meta property=\"og:url\" content=\"https:\/\/infini-fun.com\/us\/nos-jouets\/mon-premier-volant\/\" \/>\n<meta property=\"og:site_name\" content=\"KD Kids InfiniFun US\" \/>\n<meta property=\"og:image\" content=\"https:\/\/infini-fun.com\/us\/wp-content\/uploads\/sites\/5\/2021\/07\/S21501FR_KDFR_Unit_300dpi_210426-1024x1002.png\" \/>\n\t<meta property=\"og:image:width\" content=\"1024\" \/>\n\t<meta property=\"og:image:height\" content=\"1002\" \/>\n\t<meta property=\"og:image:type\" content=\"image\/png\" \/>\n<meta name=\"twitter:card\" content=\"summary_large_image\" \/>\n<meta name=\"twitter:label1\" content=\"Dur\u00e9e de lecture estim\u00e9e\" \/>\n\t<meta name=\"twitter:data1\" content=\"1 minute\" \/>\n<script type=\"application\/ld+json\" class=\"yoast-schema-graph\">{\"@context\":\"https:\/\/schema.org\",\"@graph\":[{\"@type\":\"WebPage\",\"@id\":\"https:\/\/infini-fun.com\/us\/nos-jouets\/mon-premier-volant\/\",\"url\":\"https:\/\/infini-fun.com\/us\/nos-jouets\/mon-premier-volant\/\",\"name\":\"Mon premier volant - KD Kids InfiniFun US\",\"isPartOf\":{\"@id\":\"https:\/\/infini-fun.com\/us\/#website\"},\"primaryImageOfPage\":{\"@id\":\"https:\/\/infini-fun.com\/us\/nos-jouets\/mon-premier-volant\/#primaryimage\"},\"image\":{\"@id\":\"https:\/\/infini-fun.com\/us\/nos-jouets\/mon-premier-volant\/#primaryimage\"},\"thumbnailUrl\":\"https:\/\/infini-fun.com\/us\/wp-content\/uploads\/sites\/5\/2021\/07\/S21501FR_KDFR_Unit_300dpi_210426.png\",\"datePublished\":\"2021-07-01T12:28:22+00:00\",\"breadcrumb\":{\"@id\":\"https:\/\/infini-fun.com\/us\/nos-jouets\/mon-premier-volant\/#breadcrumb\"},\"inLanguage\":\"fr-FR\",\"potentialAction\":[{\"@type\":\"ReadAction\",\"target\":[\"https:\/\/infini-fun.com\/us\/nos-jouets\/mon-premier-volant\/\"]}]},{\"@type\":\"ImageObject\",\"inLanguage\":\"fr-FR\",\"@id\":\"https:\/\/infini-fun.com\/us\/nos-jouets\/mon-premier-volant\/#primaryimage\",\"url\":\"https:\/\/infini-fun.com\/us\/wp-content\/uploads\/sites\/5\/2021\/07\/S21501FR_KDFR_Unit_300dpi_210426.png\",\"contentUrl\":\"https:\/\/infini-fun.com\/us\/wp-content\/uploads\/sites\/5\/2021\/07\/S21501FR_KDFR_Unit_300dpi_210426.png\",\"width\":3392,\"height\":3320},{\"@type\":\"BreadcrumbList\",\"@id\":\"https:\/\/infini-fun.com\/us\/nos-jouets\/mon-premier-volant\/#breadcrumb\",\"itemListElement\":[{\"@type\":\"ListItem\",\"position\":1,\"name\":\"Portada\",\"item\":\"https:\/\/infini-fun.com\/us\/\"},{\"@type\":\"ListItem\",\"position\":2,\"name\":\"Nos jouets\",\"item\":\"https:\/\/infini-fun.com\/us\/nos-jouets\/\"},{\"@type\":\"ListItem\",\"position\":3,\"name\":\"Mon premier volant\"}]},{\"@type\":\"WebSite\",\"@id\":\"https:\/\/infini-fun.com\/us\/#website\",\"url\":\"https:\/\/infini-fun.com\/us\/\",\"name\":\"KD Kids InfiniFun US\",\"description\":\"Introducing Infinifun and Tinyboo\",\"potentialAction\":[{\"@type\":\"SearchAction\",\"target\":{\"@type\":\"EntryPoint\",\"urlTemplate\":\"https:\/\/infini-fun.com\/us\/?s={search_term_string}\"},\"query-input\":{\"@type\":\"PropertyValueSpecification\",\"valueRequired\":true,\"valueName\":\"search_term_string\"}}],\"inLanguage\":\"fr-FR\"}]}<\/script>\n<!-- \/ Yoast SEO plugin. -->","yoast_head_json":{"title":"Mon premier volant - KD Kids InfiniFun US","robots":{"index":"noindex","follow":"follow","max-snippet":"max-snippet:-1","max-image-preview":"max-image-preview:large","max-video-preview":"max-video-preview:-1"},"og_locale":"fr_FR","og_type":"article","og_title":"Mon premier volant - KD Kids InfiniFun US","og_description":"Une r\u00e9plique du volant d\u2019aujourd\u2019hui aux dimensions mini pour des heures d\u2019amusement. Sp\u00e9cialement con\u00e7u pour les petites mains avec son design ergonomique et ses patins antiglisse, ce volant ne quittera plus les tout-petits. Plus de 50 phrases, musiques et sons rigolos accompagnent votre tout-petit. Il va pouvoir mettre le contact, tourner le volant, acc\u00e9l\u00e9rer ou...","og_url":"https:\/\/infini-fun.com\/us\/nos-jouets\/mon-premier-volant\/","og_site_name":"KD Kids InfiniFun US","og_image":[{"width":1024,"height":1002,"url":"https:\/\/infini-fun.com\/us\/wp-content\/uploads\/sites\/5\/2021\/07\/S21501FR_KDFR_Unit_300dpi_210426-1024x1002.png","type":"image\/png"}],"twitter_card":"summary_large_image","twitter_misc":{"Dur\u00e9e de lecture estim\u00e9e":"1 minute"},"schema":{"@context":"https:\/\/schema.org","@graph":[{"@type":"WebPage","@id":"https:\/\/infini-fun.com\/us\/nos-jouets\/mon-premier-volant\/","url":"https:\/\/infini-fun.com\/us\/nos-jouets\/mon-premier-volant\/","name":"Mon premier volant - KD Kids InfiniFun US","isPartOf":{"@id":"https:\/\/infini-fun.com\/us\/#website"},"primaryImageOfPage":{"@id":"https:\/\/infini-fun.com\/us\/nos-jouets\/mon-premier-volant\/#primaryimage"},"image":{"@id":"https:\/\/infini-fun.com\/us\/nos-jouets\/mon-premier-volant\/#primaryimage"},"thumbnailUrl":"https:\/\/infini-fun.com\/us\/wp-content\/uploads\/sites\/5\/2021\/07\/S21501FR_KDFR_Unit_300dpi_210426.png","datePublished":"2021-07-01T12:28:22+00:00","breadcrumb":{"@id":"https:\/\/infini-fun.com\/us\/nos-jouets\/mon-premier-volant\/#breadcrumb"},"inLanguage":"fr-FR","potentialAction":[{"@type":"ReadAction","target":["https:\/\/infini-fun.com\/us\/nos-jouets\/mon-premier-volant\/"]}]},{"@type":"ImageObject","inLanguage":"fr-FR","@id":"https:\/\/infini-fun.com\/us\/nos-jouets\/mon-premier-volant\/#primaryimage","url":"https:\/\/infini-fun.com\/us\/wp-content\/uploads\/sites\/5\/2021\/07\/S21501FR_KDFR_Unit_300dpi_210426.png","contentUrl":"https:\/\/infini-fun.com\/us\/wp-content\/uploads\/sites\/5\/2021\/07\/S21501FR_KDFR_Unit_300dpi_210426.png","width":3392,"height":3320},{"@type":"BreadcrumbList","@id":"https:\/\/infini-fun.com\/us\/nos-jouets\/mon-premier-volant\/#breadcrumb","itemListElement":[{"@type":"ListItem","position":1,"name":"Portada","item":"https:\/\/infini-fun.com\/us\/"},{"@type":"ListItem","position":2,"name":"Nos jouets","item":"https:\/\/infini-fun.com\/us\/nos-jouets\/"},{"@type":"ListItem","position":3,"name":"Mon premier volant"}]},{"@type":"WebSite","@id":"https:\/\/infini-fun.com\/us\/#website","url":"https:\/\/infini-fun.com\/us\/","name":"KD Kids InfiniFun US","description":"Introducing Infinifun and Tinyboo","potentialAction":[{"@type":"SearchAction","target":{"@type":"EntryPoint","urlTemplate":"https:\/\/infini-fun.com\/us\/?s={search_term_string}"},"query-input":{"@type":"PropertyValueSpecification","valueRequired":true,"valueName":"search_term_string"}}],"inLanguage":"fr-FR"}]}},"_links":{"self":[{"href":"https:\/\/infini-fun.com\/us\/wp-json\/wp\/v2\/product\/8706","targetHints":{"allow":["GET"]}}],"collection":[{"href":"https:\/\/infini-fun.com\/us\/wp-json\/wp\/v2\/product"}],"about":[{"href":"https:\/\/infini-fun.com\/us\/wp-json\/wp\/v2\/types\/product"}],"wp:featuredmedia":[{"embeddable":true,"href":"https:\/\/infini-fun.com\/us\/wp-json\/wp\/v2\/media\/8707"}],"wp:attachment":[{"href":"https:\/\/infini-fun.com\/us\/wp-json\/wp\/v2\/media?parent=8706"}],"wp:term":[{"taxonomy":"product_brand","embeddable":true,"href":"https:\/\/infini-fun.com\/us\/wp-json\/wp\/v2\/product_brand?post=8706"},{"taxonomy":"product_cat","embeddable":true,"href":"https:\/\/infini-fun.com\/us\/wp-json\/wp\/v2\/product_cat?post=8706"},{"taxonomy":"product_tag","embeddable":true,"href":"https:\/\/infini-fun.com\/us\/wp-json\/wp\/v2\/product_tag?post=8706"}],"curies":[{"name":"wp","href":"https:\/\/api.w.org\/{rel}","templated":true}]}}