{"id":8695,"date":"2021-06-29T12:42:23","date_gmt":"2021-06-29T12:42:23","guid":{"rendered":"https:\/\/kdplanet.com\/fr\/kd-kids\/infinifun\/?post_type=product&amp;p=8695"},"modified":"2021-06-29T12:42:23","modified_gmt":"2021-06-29T12:42:23","slug":"mon-tapis-de-yoga-bitsy-bot","status":"publish","type":"product","link":"https:\/\/infini-fun.com\/us\/nos-jouets\/mon-tapis-de-yoga-bitsy-bot\/","title":{"rendered":"Mon Tapis de Yoga Bitsy Bot"},"content":{"rendered":"<p>Avec Bitsy Bot votre enfant bouge et s&rsquo;amuse tout en apprenant !<\/p>\n<p>Il d\u00e9couvre des d\u00e9fis aussi fous qu\u2019amusants pour apprendre les parties du corps d&rsquo;une toute nouvelle mani\u00e8re ! Il deviendra vite un petit \u00e9quilibriste pr\u00eat \u00e0 se contorsionner pour atteindre le pied, la main et les oreilles de son nouveau compagnon de jeu !<\/p>\n<p>Partagez ensuite un moment parent-enfant : concentrez-vous, recentrez-vous sur votre corps et lancez-vous dans une s\u00e9ance de Yoga ! D\u00e9tendez-vous, respirez et d\u00e9couvrez 7 postures de Yoga expliqu\u00e9es pas \u00e0 pas. Votre enfant peut s\u2019exercer seul ou vous pouvez profiter de ce moment \u00e0 deux pour devenir de vrais Ma\u00eetres Yogi !<\/p>\n<p>Le tapis de Yoga Bitsy Bot est un produit \u00e9volutif pour apprendre \u00e0 apprivoiser son corps pas \u00e0 pas et \u00e0 travers des activit\u00e9s rigolotes. Il est parfaitement adapt\u00e9 aux enfants de 2 \u00e0 6 ans.<\/p>\n<p><strong>Les petits plus :<\/strong><\/p>\n<ul>\n<li>16 zones interactives qui r\u00e9agissent aux petits pieds et aux mains !<\/li>\n<li>Choisis ta posture de Yoga pr\u00e9f\u00e9r\u00e9e en appuyant sur l\u2019une des 7 zones interactives<\/li>\n<li>Tapis adapt\u00e9 \u00e0 la taille des enfants ! 82 x 72 cm<\/li>\n<li>100% s\u00e9curis\u00e9 ! Rev\u00eatement antid\u00e9rapant au dos<\/li>\n<\/ul>\n","protected":false},"excerpt":{"rendered":"<p>Avec Bitsy Bot votre enfant bouge et s&rsquo;amuse tout en apprenant ! Il d\u00e9couvre des d\u00e9fis aussi fous qu\u2019amusants pour apprendre les parties du corps d&rsquo;une toute nouvelle mani\u00e8re ! Il deviendra vite un petit \u00e9quilibriste pr\u00eat \u00e0 se contorsionner pour atteindre le pied, la main et les oreilles de son nouveau compagnon de jeu&#8230;<\/p>\n","protected":false},"featured_media":8697,"template":"","meta":[],"product_brand":[],"product_cat":[43],"product_tag":[100],"class_list":{"0":"post-8695","1":"product","2":"type-product","3":"status-publish","4":"has-post-thumbnail","6":"product_cat-2-6-ans","7":"product_tag-eveil","8":"pa_apprentissages-couleurs","9":"pa_developpement-equilibre","10":"pa_developpement-motricite","11":"pa_developpement-souffle","12":"pa_eveil-concentration","14":"first","15":"instock","16":"downloadable","17":"shipping-taxable","18":"product-type-simple"},"yoast_head":"<!-- This site is optimized with the Yoast SEO plugin v27.2 - https:\/\/yoast.com\/product\/yoast-seo-wordpress\/ -->\n<title>Mon Tapis de Yoga Bitsy Bot - KD Kids InfiniFun US<\/title>\n<meta name=\"robots\" content=\"noindex, follow, max-snippet:-1, max-image-preview:large, max-video-preview:-1\" \/>\n<meta property=\"og:locale\" content=\"fr_FR\" \/>\n<meta property=\"og:type\" content=\"article\" \/>\n<meta property=\"og:title\" content=\"Mon Tapis de Yoga Bitsy Bot - KD Kids InfiniFun US\" \/>\n<meta property=\"og:description\" content=\"Avec Bitsy Bot votre enfant bouge et s&rsquo;amuse tout en apprenant ! Il d\u00e9couvre des d\u00e9fis aussi fous qu\u2019amusants pour apprendre les parties du corps d&rsquo;une toute nouvelle mani\u00e8re ! Il deviendra vite un petit \u00e9quilibriste pr\u00eat \u00e0 se contorsionner pour atteindre le pied, la main et les oreilles de son nouveau compagnon de jeu...\" \/>\n<meta property=\"og:url\" content=\"https:\/\/infini-fun.com\/us\/nos-jouets\/mon-tapis-de-yoga-bitsy-bot\/\" \/>\n<meta property=\"og:site_name\" content=\"KD Kids InfiniFun US\" \/>\n<meta property=\"og:image\" content=\"https:\/\/infini-fun.com\/us\/wp-content\/uploads\/sites\/5\/2021\/06\/YOGA-MAT_unit2-scaled-1.jpg\" \/>\n\t<meta property=\"og:image:width\" content=\"2560\" \/>\n\t<meta property=\"og:image:height\" content=\"1668\" \/>\n\t<meta property=\"og:image:type\" content=\"image\/jpeg\" \/>\n<meta name=\"twitter:card\" content=\"summary_large_image\" \/>\n<meta name=\"twitter:label1\" content=\"Dur\u00e9e de lecture estim\u00e9e\" \/>\n\t<meta name=\"twitter:data1\" content=\"1 minute\" \/>\n<script type=\"application\/ld+json\" class=\"yoast-schema-graph\">{\"@context\":\"https:\/\/schema.org\",\"@graph\":[{\"@type\":\"WebPage\",\"@id\":\"https:\/\/infini-fun.com\/us\/nos-jouets\/mon-tapis-de-yoga-bitsy-bot\/\",\"url\":\"https:\/\/infini-fun.com\/us\/nos-jouets\/mon-tapis-de-yoga-bitsy-bot\/\",\"name\":\"Mon Tapis de Yoga Bitsy Bot - KD Kids InfiniFun US\",\"isPartOf\":{\"@id\":\"https:\/\/infini-fun.com\/us\/#website\"},\"primaryImageOfPage\":{\"@id\":\"https:\/\/infini-fun.com\/us\/nos-jouets\/mon-tapis-de-yoga-bitsy-bot\/#primaryimage\"},\"image\":{\"@id\":\"https:\/\/infini-fun.com\/us\/nos-jouets\/mon-tapis-de-yoga-bitsy-bot\/#primaryimage\"},\"thumbnailUrl\":\"https:\/\/infini-fun.com\/us\/wp-content\/uploads\/sites\/5\/2021\/06\/YOGA-MAT_unit2-scaled-1.jpg\",\"datePublished\":\"2021-06-29T12:42:23+00:00\",\"breadcrumb\":{\"@id\":\"https:\/\/infini-fun.com\/us\/nos-jouets\/mon-tapis-de-yoga-bitsy-bot\/#breadcrumb\"},\"inLanguage\":\"fr-FR\",\"potentialAction\":[{\"@type\":\"ReadAction\",\"target\":[\"https:\/\/infini-fun.com\/us\/nos-jouets\/mon-tapis-de-yoga-bitsy-bot\/\"]}]},{\"@type\":\"ImageObject\",\"inLanguage\":\"fr-FR\",\"@id\":\"https:\/\/infini-fun.com\/us\/nos-jouets\/mon-tapis-de-yoga-bitsy-bot\/#primaryimage\",\"url\":\"https:\/\/infini-fun.com\/us\/wp-content\/uploads\/sites\/5\/2021\/06\/YOGA-MAT_unit2-scaled-1.jpg\",\"contentUrl\":\"https:\/\/infini-fun.com\/us\/wp-content\/uploads\/sites\/5\/2021\/06\/YOGA-MAT_unit2-scaled-1.jpg\",\"width\":2560,\"height\":1668},{\"@type\":\"BreadcrumbList\",\"@id\":\"https:\/\/infini-fun.com\/us\/nos-jouets\/mon-tapis-de-yoga-bitsy-bot\/#breadcrumb\",\"itemListElement\":[{\"@type\":\"ListItem\",\"position\":1,\"name\":\"Portada\",\"item\":\"https:\/\/infini-fun.com\/us\/\"},{\"@type\":\"ListItem\",\"position\":2,\"name\":\"Nos jouets\",\"item\":\"https:\/\/infini-fun.com\/us\/nos-jouets\/\"},{\"@type\":\"ListItem\",\"position\":3,\"name\":\"Mon Tapis de Yoga Bitsy Bot\"}]},{\"@type\":\"WebSite\",\"@id\":\"https:\/\/infini-fun.com\/us\/#website\",\"url\":\"https:\/\/infini-fun.com\/us\/\",\"name\":\"KD Kids InfiniFun US\",\"description\":\"Introducing Infinifun and Tinyboo\",\"potentialAction\":[{\"@type\":\"SearchAction\",\"target\":{\"@type\":\"EntryPoint\",\"urlTemplate\":\"https:\/\/infini-fun.com\/us\/?s={search_term_string}\"},\"query-input\":{\"@type\":\"PropertyValueSpecification\",\"valueRequired\":true,\"valueName\":\"search_term_string\"}}],\"inLanguage\":\"fr-FR\"}]}<\/script>\n<!-- \/ Yoast SEO plugin. -->","yoast_head_json":{"title":"Mon Tapis de Yoga Bitsy Bot - KD Kids InfiniFun US","robots":{"index":"noindex","follow":"follow","max-snippet":"max-snippet:-1","max-image-preview":"max-image-preview:large","max-video-preview":"max-video-preview:-1"},"og_locale":"fr_FR","og_type":"article","og_title":"Mon Tapis de Yoga Bitsy Bot - KD Kids InfiniFun US","og_description":"Avec Bitsy Bot votre enfant bouge et s&rsquo;amuse tout en apprenant ! Il d\u00e9couvre des d\u00e9fis aussi fous qu\u2019amusants pour apprendre les parties du corps d&rsquo;une toute nouvelle mani\u00e8re ! Il deviendra vite un petit \u00e9quilibriste pr\u00eat \u00e0 se contorsionner pour atteindre le pied, la main et les oreilles de son nouveau compagnon de jeu...","og_url":"https:\/\/infini-fun.com\/us\/nos-jouets\/mon-tapis-de-yoga-bitsy-bot\/","og_site_name":"KD Kids InfiniFun US","og_image":[{"width":2560,"height":1668,"url":"https:\/\/infini-fun.com\/us\/wp-content\/uploads\/sites\/5\/2021\/06\/YOGA-MAT_unit2-scaled-1.jpg","type":"image\/jpeg"}],"twitter_card":"summary_large_image","twitter_misc":{"Dur\u00e9e de lecture estim\u00e9e":"1 minute"},"schema":{"@context":"https:\/\/schema.org","@graph":[{"@type":"WebPage","@id":"https:\/\/infini-fun.com\/us\/nos-jouets\/mon-tapis-de-yoga-bitsy-bot\/","url":"https:\/\/infini-fun.com\/us\/nos-jouets\/mon-tapis-de-yoga-bitsy-bot\/","name":"Mon Tapis de Yoga Bitsy Bot - KD Kids InfiniFun US","isPartOf":{"@id":"https:\/\/infini-fun.com\/us\/#website"},"primaryImageOfPage":{"@id":"https:\/\/infini-fun.com\/us\/nos-jouets\/mon-tapis-de-yoga-bitsy-bot\/#primaryimage"},"image":{"@id":"https:\/\/infini-fun.com\/us\/nos-jouets\/mon-tapis-de-yoga-bitsy-bot\/#primaryimage"},"thumbnailUrl":"https:\/\/infini-fun.com\/us\/wp-content\/uploads\/sites\/5\/2021\/06\/YOGA-MAT_unit2-scaled-1.jpg","datePublished":"2021-06-29T12:42:23+00:00","breadcrumb":{"@id":"https:\/\/infini-fun.com\/us\/nos-jouets\/mon-tapis-de-yoga-bitsy-bot\/#breadcrumb"},"inLanguage":"fr-FR","potentialAction":[{"@type":"ReadAction","target":["https:\/\/infini-fun.com\/us\/nos-jouets\/mon-tapis-de-yoga-bitsy-bot\/"]}]},{"@type":"ImageObject","inLanguage":"fr-FR","@id":"https:\/\/infini-fun.com\/us\/nos-jouets\/mon-tapis-de-yoga-bitsy-bot\/#primaryimage","url":"https:\/\/infini-fun.com\/us\/wp-content\/uploads\/sites\/5\/2021\/06\/YOGA-MAT_unit2-scaled-1.jpg","contentUrl":"https:\/\/infini-fun.com\/us\/wp-content\/uploads\/sites\/5\/2021\/06\/YOGA-MAT_unit2-scaled-1.jpg","width":2560,"height":1668},{"@type":"BreadcrumbList","@id":"https:\/\/infini-fun.com\/us\/nos-jouets\/mon-tapis-de-yoga-bitsy-bot\/#breadcrumb","itemListElement":[{"@type":"ListItem","position":1,"name":"Portada","item":"https:\/\/infini-fun.com\/us\/"},{"@type":"ListItem","position":2,"name":"Nos jouets","item":"https:\/\/infini-fun.com\/us\/nos-jouets\/"},{"@type":"ListItem","position":3,"name":"Mon Tapis de Yoga Bitsy Bot"}]},{"@type":"WebSite","@id":"https:\/\/infini-fun.com\/us\/#website","url":"https:\/\/infini-fun.com\/us\/","name":"KD Kids InfiniFun US","description":"Introducing Infinifun and Tinyboo","potentialAction":[{"@type":"SearchAction","target":{"@type":"EntryPoint","urlTemplate":"https:\/\/infini-fun.com\/us\/?s={search_term_string}"},"query-input":{"@type":"PropertyValueSpecification","valueRequired":true,"valueName":"search_term_string"}}],"inLanguage":"fr-FR"}]}},"_links":{"self":[{"href":"https:\/\/infini-fun.com\/us\/wp-json\/wp\/v2\/product\/8695","targetHints":{"allow":["GET"]}}],"collection":[{"href":"https:\/\/infini-fun.com\/us\/wp-json\/wp\/v2\/product"}],"about":[{"href":"https:\/\/infini-fun.com\/us\/wp-json\/wp\/v2\/types\/product"}],"wp:featuredmedia":[{"embeddable":true,"href":"https:\/\/infini-fun.com\/us\/wp-json\/wp\/v2\/media\/8697"}],"wp:attachment":[{"href":"https:\/\/infini-fun.com\/us\/wp-json\/wp\/v2\/media?parent=8695"}],"wp:term":[{"taxonomy":"product_brand","embeddable":true,"href":"https:\/\/infini-fun.com\/us\/wp-json\/wp\/v2\/product_brand?post=8695"},{"taxonomy":"product_cat","embeddable":true,"href":"https:\/\/infini-fun.com\/us\/wp-json\/wp\/v2\/product_cat?post=8695"},{"taxonomy":"product_tag","embeddable":true,"href":"https:\/\/infini-fun.com\/us\/wp-json\/wp\/v2\/product_tag?post=8695"}],"curies":[{"name":"wp","href":"https:\/\/api.w.org\/{rel}","templated":true}]}}