{"id":8685,"date":"2021-06-29T12:16:15","date_gmt":"2021-06-29T12:16:15","guid":{"rendered":"https:\/\/kdplanet.com\/fr\/kd-kids\/infinifun\/?post_type=product&amp;p=8685"},"modified":"2021-06-29T12:16:15","modified_gmt":"2021-06-29T12:16:15","slug":"mon-kit-high-tech","status":"publish","type":"product","link":"https:\/\/infini-fun.com\/us\/nos-jouets\/mon-kit-high-tech\/","title":{"rendered":"Mon Kit High-Tech"},"content":{"rendered":"<p>Votre tout-petit a enfin son t\u00e9l\u00e9phone, sa t\u00e9l\u00e9commande et ses cl\u00e9s pour faire comme les grands !<\/p>\n<p>Gr\u00e2ce \u00e0 ces 3 jouets, il apprend \u00e0 son rythme les animaux, les chiffres, les couleurs et les formes. \u00c0 lui de retrouver un animal par son bruit ou par sa couleur dans le mode quiz du t\u00e9l\u00e9phone !<\/p>\n<p>La fonction bilingue de la t\u00e9l\u00e9commande l&rsquo;\u00e9veille \u00e0 une nouvelle langue tout en s&rsquo;amusant.<\/p>\n<p>Et avec tous les sons et fonctions r\u00e9alistes, votre tout-petit n&rsquo;a pas fini de s&rsquo;amuser avec son Kit High-Tech !<\/p>\n<p><strong>Les petits plus : <\/strong><\/p>\n<ul>\n<li>3 modes de jeu en fran\u00e7ais et en anglais sur la t\u00e9l\u00e9commande<\/li>\n<li>Un appui sur le bouton vert lib\u00e8re la cl\u00e9 de voiture pour faire vraiment comme les grands !<\/li>\n<\/ul>\n","protected":false},"excerpt":{"rendered":"<p>Votre tout-petit a enfin son t\u00e9l\u00e9phone, sa t\u00e9l\u00e9commande et ses cl\u00e9s pour faire comme les grands ! Gr\u00e2ce \u00e0 ces 3 jouets, il apprend \u00e0 son rythme les animaux, les chiffres, les couleurs et les formes. \u00c0 lui de retrouver un animal par son bruit ou par sa couleur dans le mode quiz du t\u00e9l\u00e9phone&#8230;<\/p>\n","protected":false},"featured_media":8686,"template":"","meta":[],"product_brand":[],"product_cat":[40],"product_tag":[104],"class_list":{"0":"post-8685","1":"product","2":"type-product","3":"status-publish","4":"has-post-thumbnail","6":"product_cat-12-24-mois","7":"product_tag-imitation","8":"pa_apprentissages-animaux","9":"pa_apprentissages-chiffres","10":"pa_apprentissages-couleurs","11":"pa_apprentissages-formes","12":"pa_developpement-langage","13":"pa_developpement-motricite","14":"pa_eveil-curiosite","15":"pa_eveil-imagination","17":"first","18":"instock","19":"shipping-taxable","20":"product-type-simple"},"yoast_head":"<!-- This site is optimized with the Yoast SEO plugin v27.2 - https:\/\/yoast.com\/product\/yoast-seo-wordpress\/ -->\n<title>Mon Kit High-Tech - KD Kids InfiniFun US<\/title>\n<meta name=\"robots\" content=\"noindex, follow, max-snippet:-1, max-image-preview:large, max-video-preview:-1\" \/>\n<meta property=\"og:locale\" content=\"fr_FR\" \/>\n<meta property=\"og:type\" content=\"article\" \/>\n<meta property=\"og:title\" content=\"Mon Kit High-Tech - KD Kids InfiniFun US\" \/>\n<meta property=\"og:description\" content=\"Votre tout-petit a enfin son t\u00e9l\u00e9phone, sa t\u00e9l\u00e9commande et ses cl\u00e9s pour faire comme les grands ! Gr\u00e2ce \u00e0 ces 3 jouets, il apprend \u00e0 son rythme les animaux, les chiffres, les couleurs et les formes. \u00c0 lui de retrouver un animal par son bruit ou par sa couleur dans le mode quiz du t\u00e9l\u00e9phone...\" \/>\n<meta property=\"og:url\" content=\"https:\/\/infini-fun.com\/us\/nos-jouets\/mon-kit-high-tech\/\" \/>\n<meta property=\"og:site_name\" content=\"KD Kids InfiniFun US\" \/>\n<meta property=\"og:image\" content=\"https:\/\/infini-fun.com\/us\/wp-content\/uploads\/sites\/5\/2021\/06\/I13900FR_KDFR_unit_200827-scaled-1.jpg\" \/>\n\t<meta property=\"og:image:width\" content=\"2560\" \/>\n\t<meta property=\"og:image:height\" content=\"2003\" \/>\n\t<meta property=\"og:image:type\" content=\"image\/jpeg\" \/>\n<meta name=\"twitter:card\" content=\"summary_large_image\" \/>\n<meta name=\"twitter:label1\" content=\"Dur\u00e9e de lecture estim\u00e9e\" \/>\n\t<meta name=\"twitter:data1\" content=\"1 minute\" \/>\n<script type=\"application\/ld+json\" class=\"yoast-schema-graph\">{\"@context\":\"https:\/\/schema.org\",\"@graph\":[{\"@type\":\"WebPage\",\"@id\":\"https:\/\/infini-fun.com\/us\/nos-jouets\/mon-kit-high-tech\/\",\"url\":\"https:\/\/infini-fun.com\/us\/nos-jouets\/mon-kit-high-tech\/\",\"name\":\"Mon Kit High-Tech - KD Kids InfiniFun US\",\"isPartOf\":{\"@id\":\"https:\/\/infini-fun.com\/us\/#website\"},\"primaryImageOfPage\":{\"@id\":\"https:\/\/infini-fun.com\/us\/nos-jouets\/mon-kit-high-tech\/#primaryimage\"},\"image\":{\"@id\":\"https:\/\/infini-fun.com\/us\/nos-jouets\/mon-kit-high-tech\/#primaryimage\"},\"thumbnailUrl\":\"https:\/\/infini-fun.com\/us\/wp-content\/uploads\/sites\/5\/2021\/06\/I13900FR_KDFR_unit_200827-scaled-1.jpg\",\"datePublished\":\"2021-06-29T12:16:15+00:00\",\"breadcrumb\":{\"@id\":\"https:\/\/infini-fun.com\/us\/nos-jouets\/mon-kit-high-tech\/#breadcrumb\"},\"inLanguage\":\"fr-FR\",\"potentialAction\":[{\"@type\":\"ReadAction\",\"target\":[\"https:\/\/infini-fun.com\/us\/nos-jouets\/mon-kit-high-tech\/\"]}]},{\"@type\":\"ImageObject\",\"inLanguage\":\"fr-FR\",\"@id\":\"https:\/\/infini-fun.com\/us\/nos-jouets\/mon-kit-high-tech\/#primaryimage\",\"url\":\"https:\/\/infini-fun.com\/us\/wp-content\/uploads\/sites\/5\/2021\/06\/I13900FR_KDFR_unit_200827-scaled-1.jpg\",\"contentUrl\":\"https:\/\/infini-fun.com\/us\/wp-content\/uploads\/sites\/5\/2021\/06\/I13900FR_KDFR_unit_200827-scaled-1.jpg\",\"width\":2560,\"height\":2003},{\"@type\":\"BreadcrumbList\",\"@id\":\"https:\/\/infini-fun.com\/us\/nos-jouets\/mon-kit-high-tech\/#breadcrumb\",\"itemListElement\":[{\"@type\":\"ListItem\",\"position\":1,\"name\":\"Portada\",\"item\":\"https:\/\/infini-fun.com\/us\/\"},{\"@type\":\"ListItem\",\"position\":2,\"name\":\"Nos jouets\",\"item\":\"https:\/\/infini-fun.com\/us\/nos-jouets\/\"},{\"@type\":\"ListItem\",\"position\":3,\"name\":\"Mon Kit High-Tech\"}]},{\"@type\":\"WebSite\",\"@id\":\"https:\/\/infini-fun.com\/us\/#website\",\"url\":\"https:\/\/infini-fun.com\/us\/\",\"name\":\"KD Kids InfiniFun US\",\"description\":\"Introducing Infinifun and Tinyboo\",\"potentialAction\":[{\"@type\":\"SearchAction\",\"target\":{\"@type\":\"EntryPoint\",\"urlTemplate\":\"https:\/\/infini-fun.com\/us\/?s={search_term_string}\"},\"query-input\":{\"@type\":\"PropertyValueSpecification\",\"valueRequired\":true,\"valueName\":\"search_term_string\"}}],\"inLanguage\":\"fr-FR\"}]}<\/script>\n<!-- \/ Yoast SEO plugin. -->","yoast_head_json":{"title":"Mon Kit High-Tech - KD Kids InfiniFun US","robots":{"index":"noindex","follow":"follow","max-snippet":"max-snippet:-1","max-image-preview":"max-image-preview:large","max-video-preview":"max-video-preview:-1"},"og_locale":"fr_FR","og_type":"article","og_title":"Mon Kit High-Tech - KD Kids InfiniFun US","og_description":"Votre tout-petit a enfin son t\u00e9l\u00e9phone, sa t\u00e9l\u00e9commande et ses cl\u00e9s pour faire comme les grands ! Gr\u00e2ce \u00e0 ces 3 jouets, il apprend \u00e0 son rythme les animaux, les chiffres, les couleurs et les formes. \u00c0 lui de retrouver un animal par son bruit ou par sa couleur dans le mode quiz du t\u00e9l\u00e9phone...","og_url":"https:\/\/infini-fun.com\/us\/nos-jouets\/mon-kit-high-tech\/","og_site_name":"KD Kids InfiniFun US","og_image":[{"width":2560,"height":2003,"url":"https:\/\/infini-fun.com\/us\/wp-content\/uploads\/sites\/5\/2021\/06\/I13900FR_KDFR_unit_200827-scaled-1.jpg","type":"image\/jpeg"}],"twitter_card":"summary_large_image","twitter_misc":{"Dur\u00e9e de lecture estim\u00e9e":"1 minute"},"schema":{"@context":"https:\/\/schema.org","@graph":[{"@type":"WebPage","@id":"https:\/\/infini-fun.com\/us\/nos-jouets\/mon-kit-high-tech\/","url":"https:\/\/infini-fun.com\/us\/nos-jouets\/mon-kit-high-tech\/","name":"Mon Kit High-Tech - KD Kids InfiniFun US","isPartOf":{"@id":"https:\/\/infini-fun.com\/us\/#website"},"primaryImageOfPage":{"@id":"https:\/\/infini-fun.com\/us\/nos-jouets\/mon-kit-high-tech\/#primaryimage"},"image":{"@id":"https:\/\/infini-fun.com\/us\/nos-jouets\/mon-kit-high-tech\/#primaryimage"},"thumbnailUrl":"https:\/\/infini-fun.com\/us\/wp-content\/uploads\/sites\/5\/2021\/06\/I13900FR_KDFR_unit_200827-scaled-1.jpg","datePublished":"2021-06-29T12:16:15+00:00","breadcrumb":{"@id":"https:\/\/infini-fun.com\/us\/nos-jouets\/mon-kit-high-tech\/#breadcrumb"},"inLanguage":"fr-FR","potentialAction":[{"@type":"ReadAction","target":["https:\/\/infini-fun.com\/us\/nos-jouets\/mon-kit-high-tech\/"]}]},{"@type":"ImageObject","inLanguage":"fr-FR","@id":"https:\/\/infini-fun.com\/us\/nos-jouets\/mon-kit-high-tech\/#primaryimage","url":"https:\/\/infini-fun.com\/us\/wp-content\/uploads\/sites\/5\/2021\/06\/I13900FR_KDFR_unit_200827-scaled-1.jpg","contentUrl":"https:\/\/infini-fun.com\/us\/wp-content\/uploads\/sites\/5\/2021\/06\/I13900FR_KDFR_unit_200827-scaled-1.jpg","width":2560,"height":2003},{"@type":"BreadcrumbList","@id":"https:\/\/infini-fun.com\/us\/nos-jouets\/mon-kit-high-tech\/#breadcrumb","itemListElement":[{"@type":"ListItem","position":1,"name":"Portada","item":"https:\/\/infini-fun.com\/us\/"},{"@type":"ListItem","position":2,"name":"Nos jouets","item":"https:\/\/infini-fun.com\/us\/nos-jouets\/"},{"@type":"ListItem","position":3,"name":"Mon Kit High-Tech"}]},{"@type":"WebSite","@id":"https:\/\/infini-fun.com\/us\/#website","url":"https:\/\/infini-fun.com\/us\/","name":"KD Kids InfiniFun US","description":"Introducing Infinifun and Tinyboo","potentialAction":[{"@type":"SearchAction","target":{"@type":"EntryPoint","urlTemplate":"https:\/\/infini-fun.com\/us\/?s={search_term_string}"},"query-input":{"@type":"PropertyValueSpecification","valueRequired":true,"valueName":"search_term_string"}}],"inLanguage":"fr-FR"}]}},"_links":{"self":[{"href":"https:\/\/infini-fun.com\/us\/wp-json\/wp\/v2\/product\/8685","targetHints":{"allow":["GET"]}}],"collection":[{"href":"https:\/\/infini-fun.com\/us\/wp-json\/wp\/v2\/product"}],"about":[{"href":"https:\/\/infini-fun.com\/us\/wp-json\/wp\/v2\/types\/product"}],"wp:featuredmedia":[{"embeddable":true,"href":"https:\/\/infini-fun.com\/us\/wp-json\/wp\/v2\/media\/8686"}],"wp:attachment":[{"href":"https:\/\/infini-fun.com\/us\/wp-json\/wp\/v2\/media?parent=8685"}],"wp:term":[{"taxonomy":"product_brand","embeddable":true,"href":"https:\/\/infini-fun.com\/us\/wp-json\/wp\/v2\/product_brand?post=8685"},{"taxonomy":"product_cat","embeddable":true,"href":"https:\/\/infini-fun.com\/us\/wp-json\/wp\/v2\/product_cat?post=8685"},{"taxonomy":"product_tag","embeddable":true,"href":"https:\/\/infini-fun.com\/us\/wp-json\/wp\/v2\/product_tag?post=8685"}],"curies":[{"name":"wp","href":"https:\/\/api.w.org\/{rel}","templated":true}]}}