{"id":8671,"date":"2021-06-25T13:05:38","date_gmt":"2021-06-25T13:05:38","guid":{"rendered":"https:\/\/kdplanet.com\/fr\/kd-kids\/infinifun\/?post_type=product&amp;p=8671"},"modified":"2021-06-25T13:05:38","modified_gmt":"2021-06-25T13:05:38","slug":"mon-premier-duo-de-telephones","status":"publish","type":"product","link":"https:\/\/infini-fun.com\/us\/nos-jouets\/mon-premier-duo-de-telephones\/","title":{"rendered":"Mon premier Duo de T\u00e9l\u00e9phones"},"content":{"rendered":"<p>Fini la frustration du t\u00e9l\u00e9phone enfant qui ne r\u00e9pond pas vraiment \u00e0 votre tout-petit. Avec ce duo de t\u00e9l\u00e9phones, il y a enfin quelqu&rsquo;un au bout du fil et c&rsquo;est vous !<\/p>\n<p>A chacun son t\u00e9l\u00e9phone et c&rsquo;est parti pour vivre un vrai moment de complicit\u00e9. Observez votre bout de chou vous imiter et s&rsquo;essayer \u00e0 de nouveaux mots ! De jolies souvenirs en perspective !<\/p>\n<p>Un bon moyen de d\u00e9velopper l&rsquo;apprentissage du langage et l&rsquo;imagination avec plus de fun et de magie !<\/p>\n<p><strong>Les petits plus :<\/strong><\/p>\n<ul>\n<li>Un t\u00e9l\u00e9phone enfant pour appeler comme avec un vrai et un t\u00e9l\u00e9phone pour les parents ou les copains pour \u00e9mettre et recevoir des appels*<\/li>\n<li>D\u00e9couvre les chiffres, les couleurs, les animaux, les v\u00e9hicules et les m\u00e9tiers en t&rsquo;amusant !<\/li>\n<li>2 modes de quiz pour faire semblant de prendre des photos et d&rsquo;envoyer des messages<\/li>\n<\/ul>\n<p><em>*la port\u00e9e d\u00e9pend des conditions d&rsquo;utilisation et de l&rsquo;environnement<\/em><\/p>\n","protected":false},"excerpt":{"rendered":"<p>Fini la frustration du t\u00e9l\u00e9phone enfant qui ne r\u00e9pond pas vraiment \u00e0 votre tout-petit. Avec ce duo de t\u00e9l\u00e9phones, il y a enfin quelqu&rsquo;un au bout du fil et c&rsquo;est vous ! A chacun son t\u00e9l\u00e9phone et c&rsquo;est parti pour vivre un vrai moment de complicit\u00e9. Observez votre bout de chou vous imiter et s&rsquo;essayer&#8230;<\/p>\n","protected":false},"featured_media":8672,"template":"","meta":[],"product_brand":[],"product_cat":[40],"product_tag":[104],"class_list":{"0":"post-8671","1":"product","2":"type-product","3":"status-publish","4":"has-post-thumbnail","6":"product_cat-12-24-mois","7":"product_tag-imitation","8":"pa_apprentissages-animaux","9":"pa_apprentissages-chiffres","10":"pa_apprentissages-couleurs","11":"pa_developpement-langage","12":"pa_eveil-imagination","14":"first","15":"instock","16":"downloadable","17":"shipping-taxable","18":"product-type-simple"},"yoast_head":"<!-- This site is optimized with the Yoast SEO plugin v27.2 - https:\/\/yoast.com\/product\/yoast-seo-wordpress\/ -->\n<title>Mon premier Duo de T\u00e9l\u00e9phones - KD Kids InfiniFun US<\/title>\n<meta name=\"robots\" content=\"noindex, follow, max-snippet:-1, max-image-preview:large, max-video-preview:-1\" \/>\n<meta property=\"og:locale\" content=\"fr_FR\" \/>\n<meta property=\"og:type\" content=\"article\" \/>\n<meta property=\"og:title\" content=\"Mon premier Duo de T\u00e9l\u00e9phones - KD Kids InfiniFun US\" \/>\n<meta property=\"og:description\" content=\"Fini la frustration du t\u00e9l\u00e9phone enfant qui ne r\u00e9pond pas vraiment \u00e0 votre tout-petit. Avec ce duo de t\u00e9l\u00e9phones, il y a enfin quelqu&rsquo;un au bout du fil et c&rsquo;est vous ! A chacun son t\u00e9l\u00e9phone et c&rsquo;est parti pour vivre un vrai moment de complicit\u00e9. Observez votre bout de chou vous imiter et s&rsquo;essayer...\" \/>\n<meta property=\"og:url\" content=\"https:\/\/infini-fun.com\/us\/nos-jouets\/mon-premier-duo-de-telephones\/\" \/>\n<meta property=\"og:site_name\" content=\"KD Kids InfiniFun US\" \/>\n<meta property=\"og:image\" content=\"https:\/\/infini-fun.com\/us\/wp-content\/uploads\/sites\/5\/2021\/06\/I18040_talkiephone_slk_300dpi_180212-1024x656.png\" \/>\n\t<meta property=\"og:image:width\" content=\"1024\" \/>\n\t<meta property=\"og:image:height\" content=\"656\" \/>\n\t<meta property=\"og:image:type\" content=\"image\/png\" \/>\n<meta name=\"twitter:card\" content=\"summary_large_image\" \/>\n<meta name=\"twitter:label1\" content=\"Dur\u00e9e de lecture estim\u00e9e\" \/>\n\t<meta name=\"twitter:data1\" content=\"1 minute\" \/>\n<script type=\"application\/ld+json\" class=\"yoast-schema-graph\">{\"@context\":\"https:\/\/schema.org\",\"@graph\":[{\"@type\":\"WebPage\",\"@id\":\"https:\/\/infini-fun.com\/us\/nos-jouets\/mon-premier-duo-de-telephones\/\",\"url\":\"https:\/\/infini-fun.com\/us\/nos-jouets\/mon-premier-duo-de-telephones\/\",\"name\":\"Mon premier Duo de T\u00e9l\u00e9phones - KD Kids InfiniFun US\",\"isPartOf\":{\"@id\":\"https:\/\/infini-fun.com\/us\/#website\"},\"primaryImageOfPage\":{\"@id\":\"https:\/\/infini-fun.com\/us\/nos-jouets\/mon-premier-duo-de-telephones\/#primaryimage\"},\"image\":{\"@id\":\"https:\/\/infini-fun.com\/us\/nos-jouets\/mon-premier-duo-de-telephones\/#primaryimage\"},\"thumbnailUrl\":\"https:\/\/infini-fun.com\/us\/wp-content\/uploads\/sites\/5\/2021\/06\/I18040_talkiephone_slk_300dpi_180212.png\",\"datePublished\":\"2021-06-25T13:05:38+00:00\",\"breadcrumb\":{\"@id\":\"https:\/\/infini-fun.com\/us\/nos-jouets\/mon-premier-duo-de-telephones\/#breadcrumb\"},\"inLanguage\":\"fr-FR\",\"potentialAction\":[{\"@type\":\"ReadAction\",\"target\":[\"https:\/\/infini-fun.com\/us\/nos-jouets\/mon-premier-duo-de-telephones\/\"]}]},{\"@type\":\"ImageObject\",\"inLanguage\":\"fr-FR\",\"@id\":\"https:\/\/infini-fun.com\/us\/nos-jouets\/mon-premier-duo-de-telephones\/#primaryimage\",\"url\":\"https:\/\/infini-fun.com\/us\/wp-content\/uploads\/sites\/5\/2021\/06\/I18040_talkiephone_slk_300dpi_180212.png\",\"contentUrl\":\"https:\/\/infini-fun.com\/us\/wp-content\/uploads\/sites\/5\/2021\/06\/I18040_talkiephone_slk_300dpi_180212.png\",\"width\":4450,\"height\":2851},{\"@type\":\"BreadcrumbList\",\"@id\":\"https:\/\/infini-fun.com\/us\/nos-jouets\/mon-premier-duo-de-telephones\/#breadcrumb\",\"itemListElement\":[{\"@type\":\"ListItem\",\"position\":1,\"name\":\"Portada\",\"item\":\"https:\/\/infini-fun.com\/us\/\"},{\"@type\":\"ListItem\",\"position\":2,\"name\":\"Nos jouets\",\"item\":\"https:\/\/infini-fun.com\/us\/nos-jouets\/\"},{\"@type\":\"ListItem\",\"position\":3,\"name\":\"Mon premier Duo de T\u00e9l\u00e9phones\"}]},{\"@type\":\"WebSite\",\"@id\":\"https:\/\/infini-fun.com\/us\/#website\",\"url\":\"https:\/\/infini-fun.com\/us\/\",\"name\":\"KD Kids InfiniFun US\",\"description\":\"Introducing Infinifun and Tinyboo\",\"potentialAction\":[{\"@type\":\"SearchAction\",\"target\":{\"@type\":\"EntryPoint\",\"urlTemplate\":\"https:\/\/infini-fun.com\/us\/?s={search_term_string}\"},\"query-input\":{\"@type\":\"PropertyValueSpecification\",\"valueRequired\":true,\"valueName\":\"search_term_string\"}}],\"inLanguage\":\"fr-FR\"}]}<\/script>\n<!-- \/ Yoast SEO plugin. -->","yoast_head_json":{"title":"Mon premier Duo de T\u00e9l\u00e9phones - KD Kids InfiniFun US","robots":{"index":"noindex","follow":"follow","max-snippet":"max-snippet:-1","max-image-preview":"max-image-preview:large","max-video-preview":"max-video-preview:-1"},"og_locale":"fr_FR","og_type":"article","og_title":"Mon premier Duo de T\u00e9l\u00e9phones - KD Kids InfiniFun US","og_description":"Fini la frustration du t\u00e9l\u00e9phone enfant qui ne r\u00e9pond pas vraiment \u00e0 votre tout-petit. Avec ce duo de t\u00e9l\u00e9phones, il y a enfin quelqu&rsquo;un au bout du fil et c&rsquo;est vous ! A chacun son t\u00e9l\u00e9phone et c&rsquo;est parti pour vivre un vrai moment de complicit\u00e9. Observez votre bout de chou vous imiter et s&rsquo;essayer...","og_url":"https:\/\/infini-fun.com\/us\/nos-jouets\/mon-premier-duo-de-telephones\/","og_site_name":"KD Kids InfiniFun US","og_image":[{"width":1024,"height":656,"url":"https:\/\/infini-fun.com\/us\/wp-content\/uploads\/sites\/5\/2021\/06\/I18040_talkiephone_slk_300dpi_180212-1024x656.png","type":"image\/png"}],"twitter_card":"summary_large_image","twitter_misc":{"Dur\u00e9e de lecture estim\u00e9e":"1 minute"},"schema":{"@context":"https:\/\/schema.org","@graph":[{"@type":"WebPage","@id":"https:\/\/infini-fun.com\/us\/nos-jouets\/mon-premier-duo-de-telephones\/","url":"https:\/\/infini-fun.com\/us\/nos-jouets\/mon-premier-duo-de-telephones\/","name":"Mon premier Duo de T\u00e9l\u00e9phones - KD Kids InfiniFun US","isPartOf":{"@id":"https:\/\/infini-fun.com\/us\/#website"},"primaryImageOfPage":{"@id":"https:\/\/infini-fun.com\/us\/nos-jouets\/mon-premier-duo-de-telephones\/#primaryimage"},"image":{"@id":"https:\/\/infini-fun.com\/us\/nos-jouets\/mon-premier-duo-de-telephones\/#primaryimage"},"thumbnailUrl":"https:\/\/infini-fun.com\/us\/wp-content\/uploads\/sites\/5\/2021\/06\/I18040_talkiephone_slk_300dpi_180212.png","datePublished":"2021-06-25T13:05:38+00:00","breadcrumb":{"@id":"https:\/\/infini-fun.com\/us\/nos-jouets\/mon-premier-duo-de-telephones\/#breadcrumb"},"inLanguage":"fr-FR","potentialAction":[{"@type":"ReadAction","target":["https:\/\/infini-fun.com\/us\/nos-jouets\/mon-premier-duo-de-telephones\/"]}]},{"@type":"ImageObject","inLanguage":"fr-FR","@id":"https:\/\/infini-fun.com\/us\/nos-jouets\/mon-premier-duo-de-telephones\/#primaryimage","url":"https:\/\/infini-fun.com\/us\/wp-content\/uploads\/sites\/5\/2021\/06\/I18040_talkiephone_slk_300dpi_180212.png","contentUrl":"https:\/\/infini-fun.com\/us\/wp-content\/uploads\/sites\/5\/2021\/06\/I18040_talkiephone_slk_300dpi_180212.png","width":4450,"height":2851},{"@type":"BreadcrumbList","@id":"https:\/\/infini-fun.com\/us\/nos-jouets\/mon-premier-duo-de-telephones\/#breadcrumb","itemListElement":[{"@type":"ListItem","position":1,"name":"Portada","item":"https:\/\/infini-fun.com\/us\/"},{"@type":"ListItem","position":2,"name":"Nos jouets","item":"https:\/\/infini-fun.com\/us\/nos-jouets\/"},{"@type":"ListItem","position":3,"name":"Mon premier Duo de T\u00e9l\u00e9phones"}]},{"@type":"WebSite","@id":"https:\/\/infini-fun.com\/us\/#website","url":"https:\/\/infini-fun.com\/us\/","name":"KD Kids InfiniFun US","description":"Introducing Infinifun and Tinyboo","potentialAction":[{"@type":"SearchAction","target":{"@type":"EntryPoint","urlTemplate":"https:\/\/infini-fun.com\/us\/?s={search_term_string}"},"query-input":{"@type":"PropertyValueSpecification","valueRequired":true,"valueName":"search_term_string"}}],"inLanguage":"fr-FR"}]}},"_links":{"self":[{"href":"https:\/\/infini-fun.com\/us\/wp-json\/wp\/v2\/product\/8671","targetHints":{"allow":["GET"]}}],"collection":[{"href":"https:\/\/infini-fun.com\/us\/wp-json\/wp\/v2\/product"}],"about":[{"href":"https:\/\/infini-fun.com\/us\/wp-json\/wp\/v2\/types\/product"}],"wp:featuredmedia":[{"embeddable":true,"href":"https:\/\/infini-fun.com\/us\/wp-json\/wp\/v2\/media\/8672"}],"wp:attachment":[{"href":"https:\/\/infini-fun.com\/us\/wp-json\/wp\/v2\/media?parent=8671"}],"wp:term":[{"taxonomy":"product_brand","embeddable":true,"href":"https:\/\/infini-fun.com\/us\/wp-json\/wp\/v2\/product_brand?post=8671"},{"taxonomy":"product_cat","embeddable":true,"href":"https:\/\/infini-fun.com\/us\/wp-json\/wp\/v2\/product_cat?post=8671"},{"taxonomy":"product_tag","embeddable":true,"href":"https:\/\/infini-fun.com\/us\/wp-json\/wp\/v2\/product_tag?post=8671"}],"curies":[{"name":"wp","href":"https:\/\/api.w.org\/{rel}","templated":true}]}}