{"id":8664,"date":"2021-06-23T15:46:40","date_gmt":"2021-06-23T15:46:40","guid":{"rendered":"https:\/\/kdplanet.com\/fr\/kd-kids\/infinifun\/?post_type=product&amp;p=8664"},"modified":"2021-06-23T15:46:40","modified_gmt":"2021-06-23T15:46:40","slug":"mon-renard-roulipuzzle","status":"publish","type":"product","link":"https:\/\/infini-fun.com\/us\/nos-jouets\/mon-renard-roulipuzzle\/","title":{"rendered":"Mon Renard Rouli\u2019Puzzle"},"content":{"rendered":"<p>Votre enfant va vite s\u2019attacher \u00e0 son renard Rouli\u2019Puzzle et va l\u2019emporter partout.<\/p>\n<p>Son nouveau copain l\u2019aide \u00e0 d\u00e9velopper sa motricit\u00e9 fine et lui fait d\u00e9couvrir les premiers \u00e9mois de la concentration et de la logique tout en s\u2019amusant gr\u00e2ce \u00e0 des sons rigolos.<\/p>\n<p>Le premier puzzle sp\u00e9cifiquement cr\u00e9\u00e9 pour les tout-petits : impossible de perdre une pi\u00e8ce !<\/p>\n<p><strong>Les petits plus :<\/strong><\/p>\n<ul>\n<li>\u00c0 emporter partout gr\u00e2ce \u00e0 sa poign\u00e9e !<\/li>\n<li>8 sons rigolos et 2 m\u00e9lodies !<\/li>\n<li>3 puzzles \u00e9volutifs \u00e0 reconstituer !<\/li>\n<\/ul>\n","protected":false},"excerpt":{"rendered":"<p>Votre enfant va vite s\u2019attacher \u00e0 son renard Rouli\u2019Puzzle et va l\u2019emporter partout. Son nouveau copain l\u2019aide \u00e0 d\u00e9velopper sa motricit\u00e9 fine et lui fait d\u00e9couvrir les premiers \u00e9mois de la concentration et de la logique tout en s\u2019amusant gr\u00e2ce \u00e0 des sons rigolos. Le premier puzzle sp\u00e9cifiquement cr\u00e9\u00e9 pour les tout-petits : impossible de&#8230;<\/p>\n","protected":false},"featured_media":8665,"template":"","meta":[],"product_brand":[],"product_cat":[40],"product_tag":[100,114],"class_list":{"0":"post-8664","1":"product","2":"type-product","3":"status-publish","4":"has-post-thumbnail","6":"product_cat-12-24-mois","7":"product_tag-eveil","8":"product_tag-sensoriel","9":"pa_developpement-motricite","10":"pa_developpement-toucher","11":"pa_eveil-concentration","12":"pa_eveil-curiosite","14":"first","15":"instock","16":"shipping-taxable","17":"product-type-simple"},"yoast_head":"<!-- This site is optimized with the Yoast SEO plugin v27.2 - https:\/\/yoast.com\/product\/yoast-seo-wordpress\/ -->\n<title>Mon Renard Rouli\u2019Puzzle - KD Kids InfiniFun US<\/title>\n<meta name=\"robots\" content=\"noindex, follow, max-snippet:-1, max-image-preview:large, max-video-preview:-1\" \/>\n<meta property=\"og:locale\" content=\"fr_FR\" \/>\n<meta property=\"og:type\" content=\"article\" \/>\n<meta property=\"og:title\" content=\"Mon Renard Rouli\u2019Puzzle - KD Kids InfiniFun US\" \/>\n<meta property=\"og:description\" content=\"Votre enfant va vite s\u2019attacher \u00e0 son renard Rouli\u2019Puzzle et va l\u2019emporter partout. Son nouveau copain l\u2019aide \u00e0 d\u00e9velopper sa motricit\u00e9 fine et lui fait d\u00e9couvrir les premiers \u00e9mois de la concentration et de la logique tout en s\u2019amusant gr\u00e2ce \u00e0 des sons rigolos. Le premier puzzle sp\u00e9cifiquement cr\u00e9\u00e9 pour les tout-petits : impossible de...\" \/>\n<meta property=\"og:url\" content=\"https:\/\/infini-fun.com\/us\/nos-jouets\/mon-renard-roulipuzzle\/\" \/>\n<meta property=\"og:site_name\" content=\"KD Kids InfiniFun US\" \/>\n<meta property=\"og:image\" content=\"https:\/\/infini-fun.com\/us\/wp-content\/uploads\/sites\/5\/2021\/06\/S19520_AW_Stickers_01_006_180925-01-scaled-1.jpg\" \/>\n\t<meta property=\"og:image:width\" content=\"2560\" \/>\n\t<meta property=\"og:image:height\" content=\"2437\" \/>\n\t<meta property=\"og:image:type\" content=\"image\/jpeg\" \/>\n<meta name=\"twitter:card\" content=\"summary_large_image\" \/>\n<meta name=\"twitter:label1\" content=\"Dur\u00e9e de lecture estim\u00e9e\" \/>\n\t<meta name=\"twitter:data1\" content=\"1 minute\" \/>\n<script type=\"application\/ld+json\" class=\"yoast-schema-graph\">{\"@context\":\"https:\/\/schema.org\",\"@graph\":[{\"@type\":\"WebPage\",\"@id\":\"https:\/\/infini-fun.com\/us\/nos-jouets\/mon-renard-roulipuzzle\/\",\"url\":\"https:\/\/infini-fun.com\/us\/nos-jouets\/mon-renard-roulipuzzle\/\",\"name\":\"Mon Renard Rouli\u2019Puzzle - KD Kids InfiniFun US\",\"isPartOf\":{\"@id\":\"https:\/\/infini-fun.com\/us\/#website\"},\"primaryImageOfPage\":{\"@id\":\"https:\/\/infini-fun.com\/us\/nos-jouets\/mon-renard-roulipuzzle\/#primaryimage\"},\"image\":{\"@id\":\"https:\/\/infini-fun.com\/us\/nos-jouets\/mon-renard-roulipuzzle\/#primaryimage\"},\"thumbnailUrl\":\"https:\/\/infini-fun.com\/us\/wp-content\/uploads\/sites\/5\/2021\/06\/S19520_AW_Stickers_01_006_180925-01-scaled-1.jpg\",\"datePublished\":\"2021-06-23T15:46:40+00:00\",\"breadcrumb\":{\"@id\":\"https:\/\/infini-fun.com\/us\/nos-jouets\/mon-renard-roulipuzzle\/#breadcrumb\"},\"inLanguage\":\"fr-FR\",\"potentialAction\":[{\"@type\":\"ReadAction\",\"target\":[\"https:\/\/infini-fun.com\/us\/nos-jouets\/mon-renard-roulipuzzle\/\"]}]},{\"@type\":\"ImageObject\",\"inLanguage\":\"fr-FR\",\"@id\":\"https:\/\/infini-fun.com\/us\/nos-jouets\/mon-renard-roulipuzzle\/#primaryimage\",\"url\":\"https:\/\/infini-fun.com\/us\/wp-content\/uploads\/sites\/5\/2021\/06\/S19520_AW_Stickers_01_006_180925-01-scaled-1.jpg\",\"contentUrl\":\"https:\/\/infini-fun.com\/us\/wp-content\/uploads\/sites\/5\/2021\/06\/S19520_AW_Stickers_01_006_180925-01-scaled-1.jpg\",\"width\":2560,\"height\":2437},{\"@type\":\"BreadcrumbList\",\"@id\":\"https:\/\/infini-fun.com\/us\/nos-jouets\/mon-renard-roulipuzzle\/#breadcrumb\",\"itemListElement\":[{\"@type\":\"ListItem\",\"position\":1,\"name\":\"Portada\",\"item\":\"https:\/\/infini-fun.com\/us\/\"},{\"@type\":\"ListItem\",\"position\":2,\"name\":\"Nos jouets\",\"item\":\"https:\/\/infini-fun.com\/us\/nos-jouets\/\"},{\"@type\":\"ListItem\",\"position\":3,\"name\":\"Mon Renard Rouli\u2019Puzzle\"}]},{\"@type\":\"WebSite\",\"@id\":\"https:\/\/infini-fun.com\/us\/#website\",\"url\":\"https:\/\/infini-fun.com\/us\/\",\"name\":\"KD Kids InfiniFun US\",\"description\":\"Introducing Infinifun and Tinyboo\",\"potentialAction\":[{\"@type\":\"SearchAction\",\"target\":{\"@type\":\"EntryPoint\",\"urlTemplate\":\"https:\/\/infini-fun.com\/us\/?s={search_term_string}\"},\"query-input\":{\"@type\":\"PropertyValueSpecification\",\"valueRequired\":true,\"valueName\":\"search_term_string\"}}],\"inLanguage\":\"fr-FR\"}]}<\/script>\n<!-- \/ Yoast SEO plugin. -->","yoast_head_json":{"title":"Mon Renard Rouli\u2019Puzzle - KD Kids InfiniFun US","robots":{"index":"noindex","follow":"follow","max-snippet":"max-snippet:-1","max-image-preview":"max-image-preview:large","max-video-preview":"max-video-preview:-1"},"og_locale":"fr_FR","og_type":"article","og_title":"Mon Renard Rouli\u2019Puzzle - KD Kids InfiniFun US","og_description":"Votre enfant va vite s\u2019attacher \u00e0 son renard Rouli\u2019Puzzle et va l\u2019emporter partout. Son nouveau copain l\u2019aide \u00e0 d\u00e9velopper sa motricit\u00e9 fine et lui fait d\u00e9couvrir les premiers \u00e9mois de la concentration et de la logique tout en s\u2019amusant gr\u00e2ce \u00e0 des sons rigolos. Le premier puzzle sp\u00e9cifiquement cr\u00e9\u00e9 pour les tout-petits : impossible de...","og_url":"https:\/\/infini-fun.com\/us\/nos-jouets\/mon-renard-roulipuzzle\/","og_site_name":"KD Kids InfiniFun US","og_image":[{"width":2560,"height":2437,"url":"https:\/\/infini-fun.com\/us\/wp-content\/uploads\/sites\/5\/2021\/06\/S19520_AW_Stickers_01_006_180925-01-scaled-1.jpg","type":"image\/jpeg"}],"twitter_card":"summary_large_image","twitter_misc":{"Dur\u00e9e de lecture estim\u00e9e":"1 minute"},"schema":{"@context":"https:\/\/schema.org","@graph":[{"@type":"WebPage","@id":"https:\/\/infini-fun.com\/us\/nos-jouets\/mon-renard-roulipuzzle\/","url":"https:\/\/infini-fun.com\/us\/nos-jouets\/mon-renard-roulipuzzle\/","name":"Mon Renard Rouli\u2019Puzzle - KD Kids InfiniFun US","isPartOf":{"@id":"https:\/\/infini-fun.com\/us\/#website"},"primaryImageOfPage":{"@id":"https:\/\/infini-fun.com\/us\/nos-jouets\/mon-renard-roulipuzzle\/#primaryimage"},"image":{"@id":"https:\/\/infini-fun.com\/us\/nos-jouets\/mon-renard-roulipuzzle\/#primaryimage"},"thumbnailUrl":"https:\/\/infini-fun.com\/us\/wp-content\/uploads\/sites\/5\/2021\/06\/S19520_AW_Stickers_01_006_180925-01-scaled-1.jpg","datePublished":"2021-06-23T15:46:40+00:00","breadcrumb":{"@id":"https:\/\/infini-fun.com\/us\/nos-jouets\/mon-renard-roulipuzzle\/#breadcrumb"},"inLanguage":"fr-FR","potentialAction":[{"@type":"ReadAction","target":["https:\/\/infini-fun.com\/us\/nos-jouets\/mon-renard-roulipuzzle\/"]}]},{"@type":"ImageObject","inLanguage":"fr-FR","@id":"https:\/\/infini-fun.com\/us\/nos-jouets\/mon-renard-roulipuzzle\/#primaryimage","url":"https:\/\/infini-fun.com\/us\/wp-content\/uploads\/sites\/5\/2021\/06\/S19520_AW_Stickers_01_006_180925-01-scaled-1.jpg","contentUrl":"https:\/\/infini-fun.com\/us\/wp-content\/uploads\/sites\/5\/2021\/06\/S19520_AW_Stickers_01_006_180925-01-scaled-1.jpg","width":2560,"height":2437},{"@type":"BreadcrumbList","@id":"https:\/\/infini-fun.com\/us\/nos-jouets\/mon-renard-roulipuzzle\/#breadcrumb","itemListElement":[{"@type":"ListItem","position":1,"name":"Portada","item":"https:\/\/infini-fun.com\/us\/"},{"@type":"ListItem","position":2,"name":"Nos jouets","item":"https:\/\/infini-fun.com\/us\/nos-jouets\/"},{"@type":"ListItem","position":3,"name":"Mon Renard Rouli\u2019Puzzle"}]},{"@type":"WebSite","@id":"https:\/\/infini-fun.com\/us\/#website","url":"https:\/\/infini-fun.com\/us\/","name":"KD Kids InfiniFun US","description":"Introducing Infinifun and Tinyboo","potentialAction":[{"@type":"SearchAction","target":{"@type":"EntryPoint","urlTemplate":"https:\/\/infini-fun.com\/us\/?s={search_term_string}"},"query-input":{"@type":"PropertyValueSpecification","valueRequired":true,"valueName":"search_term_string"}}],"inLanguage":"fr-FR"}]}},"_links":{"self":[{"href":"https:\/\/infini-fun.com\/us\/wp-json\/wp\/v2\/product\/8664","targetHints":{"allow":["GET"]}}],"collection":[{"href":"https:\/\/infini-fun.com\/us\/wp-json\/wp\/v2\/product"}],"about":[{"href":"https:\/\/infini-fun.com\/us\/wp-json\/wp\/v2\/types\/product"}],"wp:featuredmedia":[{"embeddable":true,"href":"https:\/\/infini-fun.com\/us\/wp-json\/wp\/v2\/media\/8665"}],"wp:attachment":[{"href":"https:\/\/infini-fun.com\/us\/wp-json\/wp\/v2\/media?parent=8664"}],"wp:term":[{"taxonomy":"product_brand","embeddable":true,"href":"https:\/\/infini-fun.com\/us\/wp-json\/wp\/v2\/product_brand?post=8664"},{"taxonomy":"product_cat","embeddable":true,"href":"https:\/\/infini-fun.com\/us\/wp-json\/wp\/v2\/product_cat?post=8664"},{"taxonomy":"product_tag","embeddable":true,"href":"https:\/\/infini-fun.com\/us\/wp-json\/wp\/v2\/product_tag?post=8664"}],"curies":[{"name":"wp","href":"https:\/\/api.w.org\/{rel}","templated":true}]}}