{"id":8647,"date":"2021-06-23T15:21:26","date_gmt":"2021-06-23T15:21:26","guid":{"rendered":"https:\/\/kdplanet.com\/fr\/kd-kids\/infinifun\/?post_type=product&amp;p=8647"},"modified":"2021-06-23T15:21:26","modified_gmt":"2021-06-23T15:21:26","slug":"press-go-crocodile","status":"publish","type":"product","link":"https:\/\/infini-fun.com\/us\/nos-jouets\/press-go-crocodile\/","title":{"rendered":"Press &amp; Go Crocodile"},"content":{"rendered":"<p>Ce petit crocodile et son ami le papillon vont amuser votre tout-petit pendant des heures !<br \/>\nUn appui sur la t\u00eate du crocodile le fait avancer, il bouge alors ses pattes tout en jouant de la musique.<br \/>\nSi le papillon est pos\u00e9 sur son dos, il s&rsquo;envolera comme par magie !<br \/>\nLe hochet papillon s&rsquo;attrape et se secoue facilement. Il sert d&rsquo;anneau de dentition gr\u00e2ce \u00e0 ses ailes en mati\u00e8re douce et souple.<br \/>\nParfait pour d\u00e9velopper la motricit\u00e9 globale de votre enfant et l\u2019\u00e9veiller \u00e0 la musique.<\/p>\n<p><strong>Les petits plus :<\/strong><\/p>\n<ul>\n<li>Attrape et agite le papillon pour faire du bruit. Ce hochet s&rsquo;utilise ind\u00e9pendamment du crocodile et t&rsquo;aide m\u00eame \u00e0 soulager tes gencives!<\/li>\n<li>Regarde le papillon s&rsquo;envoler lorsque le crocodile avance<\/li>\n<li>Appuie sur la t\u00eate du crocodile et pars \u00e0 sa poursuite en musique!<\/li>\n<li>Joue avec le crocodile ou le papillon, ou bien avec les deux ensemble !<\/li>\n<li>Les pattes du crocodile bougent d&rsquo;avant en arri\u00e8re<\/li>\n<\/ul>\n","protected":false},"excerpt":{"rendered":"<p>Ce petit crocodile et son ami le papillon vont amuser votre tout-petit pendant des heures ! Un appui sur la t\u00eate du crocodile le fait avancer, il bouge alors ses pattes tout en jouant de la musique. Si le papillon est pos\u00e9 sur son dos, il s&rsquo;envolera comme par magie ! Le hochet papillon s&rsquo;attrape&#8230;<\/p>\n","protected":false},"featured_media":8652,"template":"","meta":[],"product_brand":[],"product_cat":[32],"product_tag":[100],"class_list":{"0":"post-8647","1":"product","2":"type-product","3":"status-publish","4":"has-post-thumbnail","6":"product_cat-0-12-mois","7":"product_tag-eveil","8":"pa_developpement-ecoute","9":"pa_developpement-motricite","10":"pa_developpement-toucher","11":"pa_eveil-curiosite","13":"first","14":"instock","15":"shipping-taxable","16":"product-type-simple"},"yoast_head":"<!-- This site is optimized with the Yoast SEO plugin v27.2 - https:\/\/yoast.com\/product\/yoast-seo-wordpress\/ -->\n<title>Press &amp; Go Crocodile - KD Kids InfiniFun US<\/title>\n<meta name=\"robots\" content=\"noindex, follow, max-snippet:-1, max-image-preview:large, max-video-preview:-1\" \/>\n<meta property=\"og:locale\" content=\"fr_FR\" \/>\n<meta property=\"og:type\" content=\"article\" \/>\n<meta property=\"og:title\" content=\"Press &amp; Go Crocodile - KD Kids InfiniFun US\" \/>\n<meta property=\"og:description\" content=\"Ce petit crocodile et son ami le papillon vont amuser votre tout-petit pendant des heures ! Un appui sur la t\u00eate du crocodile le fait avancer, il bouge alors ses pattes tout en jouant de la musique. Si le papillon est pos\u00e9 sur son dos, il s&rsquo;envolera comme par magie ! Le hochet papillon s&rsquo;attrape...\" \/>\n<meta property=\"og:url\" content=\"https:\/\/infini-fun.com\/us\/nos-jouets\/press-go-crocodile\/\" \/>\n<meta property=\"og:site_name\" content=\"KD Kids InfiniFun US\" \/>\n<meta property=\"og:image\" content=\"https:\/\/infini-fun.com\/us\/wp-content\/uploads\/sites\/5\/2021\/06\/S18500_Rendu-03-01.png\" \/>\n\t<meta property=\"og:image:width\" content=\"2426\" \/>\n\t<meta property=\"og:image:height\" content=\"2158\" \/>\n\t<meta property=\"og:image:type\" content=\"image\/png\" \/>\n<meta name=\"twitter:card\" content=\"summary_large_image\" \/>\n<meta name=\"twitter:label1\" content=\"Dur\u00e9e de lecture estim\u00e9e\" \/>\n\t<meta name=\"twitter:data1\" content=\"1 minute\" \/>\n<script type=\"application\/ld+json\" class=\"yoast-schema-graph\">{\"@context\":\"https:\/\/schema.org\",\"@graph\":[{\"@type\":\"WebPage\",\"@id\":\"https:\/\/infini-fun.com\/us\/nos-jouets\/press-go-crocodile\/\",\"url\":\"https:\/\/infini-fun.com\/us\/nos-jouets\/press-go-crocodile\/\",\"name\":\"Press &amp; Go Crocodile - KD Kids InfiniFun US\",\"isPartOf\":{\"@id\":\"https:\/\/infini-fun.com\/us\/#website\"},\"primaryImageOfPage\":{\"@id\":\"https:\/\/infini-fun.com\/us\/nos-jouets\/press-go-crocodile\/#primaryimage\"},\"image\":{\"@id\":\"https:\/\/infini-fun.com\/us\/nos-jouets\/press-go-crocodile\/#primaryimage\"},\"thumbnailUrl\":\"https:\/\/infini-fun.com\/us\/wp-content\/uploads\/sites\/5\/2021\/06\/S18500_Rendu-03-01.png\",\"datePublished\":\"2021-06-23T15:21:26+00:00\",\"breadcrumb\":{\"@id\":\"https:\/\/infini-fun.com\/us\/nos-jouets\/press-go-crocodile\/#breadcrumb\"},\"inLanguage\":\"fr-FR\",\"potentialAction\":[{\"@type\":\"ReadAction\",\"target\":[\"https:\/\/infini-fun.com\/us\/nos-jouets\/press-go-crocodile\/\"]}]},{\"@type\":\"ImageObject\",\"inLanguage\":\"fr-FR\",\"@id\":\"https:\/\/infini-fun.com\/us\/nos-jouets\/press-go-crocodile\/#primaryimage\",\"url\":\"https:\/\/infini-fun.com\/us\/wp-content\/uploads\/sites\/5\/2021\/06\/S18500_Rendu-03-01.png\",\"contentUrl\":\"https:\/\/infini-fun.com\/us\/wp-content\/uploads\/sites\/5\/2021\/06\/S18500_Rendu-03-01.png\",\"width\":2426,\"height\":2158},{\"@type\":\"BreadcrumbList\",\"@id\":\"https:\/\/infini-fun.com\/us\/nos-jouets\/press-go-crocodile\/#breadcrumb\",\"itemListElement\":[{\"@type\":\"ListItem\",\"position\":1,\"name\":\"Portada\",\"item\":\"https:\/\/infini-fun.com\/us\/\"},{\"@type\":\"ListItem\",\"position\":2,\"name\":\"Nos jouets\",\"item\":\"https:\/\/infini-fun.com\/us\/nos-jouets\/\"},{\"@type\":\"ListItem\",\"position\":3,\"name\":\"Press &amp; Go Crocodile\"}]},{\"@type\":\"WebSite\",\"@id\":\"https:\/\/infini-fun.com\/us\/#website\",\"url\":\"https:\/\/infini-fun.com\/us\/\",\"name\":\"KD Kids InfiniFun US\",\"description\":\"Introducing Infinifun and Tinyboo\",\"potentialAction\":[{\"@type\":\"SearchAction\",\"target\":{\"@type\":\"EntryPoint\",\"urlTemplate\":\"https:\/\/infini-fun.com\/us\/?s={search_term_string}\"},\"query-input\":{\"@type\":\"PropertyValueSpecification\",\"valueRequired\":true,\"valueName\":\"search_term_string\"}}],\"inLanguage\":\"fr-FR\"}]}<\/script>\n<!-- \/ Yoast SEO plugin. -->","yoast_head_json":{"title":"Press &amp; Go Crocodile - KD Kids InfiniFun US","robots":{"index":"noindex","follow":"follow","max-snippet":"max-snippet:-1","max-image-preview":"max-image-preview:large","max-video-preview":"max-video-preview:-1"},"og_locale":"fr_FR","og_type":"article","og_title":"Press &amp; Go Crocodile - KD Kids InfiniFun US","og_description":"Ce petit crocodile et son ami le papillon vont amuser votre tout-petit pendant des heures ! Un appui sur la t\u00eate du crocodile le fait avancer, il bouge alors ses pattes tout en jouant de la musique. Si le papillon est pos\u00e9 sur son dos, il s&rsquo;envolera comme par magie ! Le hochet papillon s&rsquo;attrape...","og_url":"https:\/\/infini-fun.com\/us\/nos-jouets\/press-go-crocodile\/","og_site_name":"KD Kids InfiniFun US","og_image":[{"width":2426,"height":2158,"url":"https:\/\/infini-fun.com\/us\/wp-content\/uploads\/sites\/5\/2021\/06\/S18500_Rendu-03-01.png","type":"image\/png"}],"twitter_card":"summary_large_image","twitter_misc":{"Dur\u00e9e de lecture estim\u00e9e":"1 minute"},"schema":{"@context":"https:\/\/schema.org","@graph":[{"@type":"WebPage","@id":"https:\/\/infini-fun.com\/us\/nos-jouets\/press-go-crocodile\/","url":"https:\/\/infini-fun.com\/us\/nos-jouets\/press-go-crocodile\/","name":"Press &amp; Go Crocodile - KD Kids InfiniFun US","isPartOf":{"@id":"https:\/\/infini-fun.com\/us\/#website"},"primaryImageOfPage":{"@id":"https:\/\/infini-fun.com\/us\/nos-jouets\/press-go-crocodile\/#primaryimage"},"image":{"@id":"https:\/\/infini-fun.com\/us\/nos-jouets\/press-go-crocodile\/#primaryimage"},"thumbnailUrl":"https:\/\/infini-fun.com\/us\/wp-content\/uploads\/sites\/5\/2021\/06\/S18500_Rendu-03-01.png","datePublished":"2021-06-23T15:21:26+00:00","breadcrumb":{"@id":"https:\/\/infini-fun.com\/us\/nos-jouets\/press-go-crocodile\/#breadcrumb"},"inLanguage":"fr-FR","potentialAction":[{"@type":"ReadAction","target":["https:\/\/infini-fun.com\/us\/nos-jouets\/press-go-crocodile\/"]}]},{"@type":"ImageObject","inLanguage":"fr-FR","@id":"https:\/\/infini-fun.com\/us\/nos-jouets\/press-go-crocodile\/#primaryimage","url":"https:\/\/infini-fun.com\/us\/wp-content\/uploads\/sites\/5\/2021\/06\/S18500_Rendu-03-01.png","contentUrl":"https:\/\/infini-fun.com\/us\/wp-content\/uploads\/sites\/5\/2021\/06\/S18500_Rendu-03-01.png","width":2426,"height":2158},{"@type":"BreadcrumbList","@id":"https:\/\/infini-fun.com\/us\/nos-jouets\/press-go-crocodile\/#breadcrumb","itemListElement":[{"@type":"ListItem","position":1,"name":"Portada","item":"https:\/\/infini-fun.com\/us\/"},{"@type":"ListItem","position":2,"name":"Nos jouets","item":"https:\/\/infini-fun.com\/us\/nos-jouets\/"},{"@type":"ListItem","position":3,"name":"Press &amp; Go Crocodile"}]},{"@type":"WebSite","@id":"https:\/\/infini-fun.com\/us\/#website","url":"https:\/\/infini-fun.com\/us\/","name":"KD Kids InfiniFun US","description":"Introducing Infinifun and Tinyboo","potentialAction":[{"@type":"SearchAction","target":{"@type":"EntryPoint","urlTemplate":"https:\/\/infini-fun.com\/us\/?s={search_term_string}"},"query-input":{"@type":"PropertyValueSpecification","valueRequired":true,"valueName":"search_term_string"}}],"inLanguage":"fr-FR"}]}},"_links":{"self":[{"href":"https:\/\/infini-fun.com\/us\/wp-json\/wp\/v2\/product\/8647","targetHints":{"allow":["GET"]}}],"collection":[{"href":"https:\/\/infini-fun.com\/us\/wp-json\/wp\/v2\/product"}],"about":[{"href":"https:\/\/infini-fun.com\/us\/wp-json\/wp\/v2\/types\/product"}],"wp:featuredmedia":[{"embeddable":true,"href":"https:\/\/infini-fun.com\/us\/wp-json\/wp\/v2\/media\/8652"}],"wp:attachment":[{"href":"https:\/\/infini-fun.com\/us\/wp-json\/wp\/v2\/media?parent=8647"}],"wp:term":[{"taxonomy":"product_brand","embeddable":true,"href":"https:\/\/infini-fun.com\/us\/wp-json\/wp\/v2\/product_brand?post=8647"},{"taxonomy":"product_cat","embeddable":true,"href":"https:\/\/infini-fun.com\/us\/wp-json\/wp\/v2\/product_cat?post=8647"},{"taxonomy":"product_tag","embeddable":true,"href":"https:\/\/infini-fun.com\/us\/wp-json\/wp\/v2\/product_tag?post=8647"}],"curies":[{"name":"wp","href":"https:\/\/api.w.org\/{rel}","templated":true}]}}