{"id":8640,"date":"2021-06-23T15:12:05","date_gmt":"2021-06-23T15:12:05","guid":{"rendered":"https:\/\/kdplanet.com\/fr\/kd-kids\/infinifun\/?post_type=product&amp;p=8640"},"modified":"2021-06-23T15:12:05","modified_gmt":"2021-06-23T15:12:05","slug":"la-medusosplash","status":"publish","type":"product","link":"https:\/\/infini-fun.com\/us\/nos-jouets\/la-medusosplash\/","title":{"rendered":"La M\u00e9dus\u2019O\u2019Splash"},"content":{"rendered":"<p>\u00c0 l\u2019heure du bain, cette petite m\u00e9duse rigolote va amuser votre enfant.<\/p>\n<p>Sa nouvelle copine malicieuse est l\u00e0 pour lui jouer des tours ! En attrapant le tuba pour faire tourner la m\u00e9duse, les tentacules s\u2019activent et splash ! La m\u00e9duse l\u2019\u00e9clabousse !<\/p>\n<p>Votre enfant d\u00e9veloppe ainsi ses capacit\u00e9s motrices tout en s\u2019amusant !<\/p>\n<p>Le moment du bain se transforme en un vrai moment de plaisir et surtout de fous rires !<\/p>\n<ul>\n<li>Attrape le tuba, tourne et&#8230; Attention O&rsquo; Splash !<\/li>\n<li>Les tentacules tournent et l\u2019eau t\u2019\u00e9clabousse !<\/li>\n<li>Un long pied pour mettre la juste quantit\u00e9 d\u2019eau dans le bain<\/li>\n<li>Une ventouse pour fixer ta m\u00e9duse<\/li>\n<li>2 positions possibles dans la baignoire horizontal ou vertical<\/li>\n<\/ul>\n","protected":false},"excerpt":{"rendered":"<p>\u00c0 l\u2019heure du bain, cette petite m\u00e9duse rigolote va amuser votre enfant. Sa nouvelle copine malicieuse est l\u00e0 pour lui jouer des tours ! En attrapant le tuba pour faire tourner la m\u00e9duse, les tentacules s\u2019activent et splash ! La m\u00e9duse l\u2019\u00e9clabousse ! Votre enfant d\u00e9veloppe ainsi ses capacit\u00e9s motrices tout en s\u2019amusant ! Le&#8230;<\/p>\n","protected":false},"featured_media":8643,"template":"","meta":[],"product_brand":[],"product_cat":[40],"product_tag":[87],"class_list":{"0":"post-8640","1":"product","2":"type-product","3":"status-publish","4":"has-post-thumbnail","6":"product_cat-12-24-mois","7":"product_tag-bain","8":"pa_developpement-equilibre","9":"pa_developpement-motricite","10":"pa_developpement-toucher","11":"pa_eveil-curiosite","13":"first","14":"instock","15":"shipping-taxable","16":"product-type-simple"},"yoast_head":"<!-- This site is optimized with the Yoast SEO plugin v27.2 - https:\/\/yoast.com\/product\/yoast-seo-wordpress\/ -->\n<title>La M\u00e9dus\u2019O\u2019Splash - KD Kids InfiniFun US<\/title>\n<meta name=\"robots\" content=\"noindex, follow, max-snippet:-1, max-image-preview:large, max-video-preview:-1\" \/>\n<meta property=\"og:locale\" content=\"fr_FR\" \/>\n<meta property=\"og:type\" content=\"article\" \/>\n<meta property=\"og:title\" content=\"La M\u00e9dus\u2019O\u2019Splash - KD Kids InfiniFun US\" \/>\n<meta property=\"og:description\" content=\"\u00c0 l\u2019heure du bain, cette petite m\u00e9duse rigolote va amuser votre enfant. Sa nouvelle copine malicieuse est l\u00e0 pour lui jouer des tours ! En attrapant le tuba pour faire tourner la m\u00e9duse, les tentacules s\u2019activent et splash ! La m\u00e9duse l\u2019\u00e9clabousse ! Votre enfant d\u00e9veloppe ainsi ses capacit\u00e9s motrices tout en s\u2019amusant ! Le...\" \/>\n<meta property=\"og:url\" content=\"https:\/\/infini-fun.com\/us\/nos-jouets\/la-medusosplash\/\" \/>\n<meta property=\"og:site_name\" content=\"KD Kids InfiniFun US\" \/>\n<meta property=\"og:image\" content=\"https:\/\/infini-fun.com\/us\/wp-content\/uploads\/sites\/5\/2021\/06\/S18110_Renderings_180322-02.png\" \/>\n\t<meta property=\"og:image:width\" content=\"1079\" \/>\n\t<meta property=\"og:image:height\" content=\"1490\" \/>\n\t<meta property=\"og:image:type\" content=\"image\/png\" \/>\n<meta name=\"twitter:card\" content=\"summary_large_image\" \/>\n<meta name=\"twitter:label1\" content=\"Dur\u00e9e de lecture estim\u00e9e\" \/>\n\t<meta name=\"twitter:data1\" content=\"1 minute\" \/>\n<script type=\"application\/ld+json\" class=\"yoast-schema-graph\">{\"@context\":\"https:\/\/schema.org\",\"@graph\":[{\"@type\":\"WebPage\",\"@id\":\"https:\/\/infini-fun.com\/us\/nos-jouets\/la-medusosplash\/\",\"url\":\"https:\/\/infini-fun.com\/us\/nos-jouets\/la-medusosplash\/\",\"name\":\"La M\u00e9dus\u2019O\u2019Splash - KD Kids InfiniFun US\",\"isPartOf\":{\"@id\":\"https:\/\/infini-fun.com\/us\/#website\"},\"primaryImageOfPage\":{\"@id\":\"https:\/\/infini-fun.com\/us\/nos-jouets\/la-medusosplash\/#primaryimage\"},\"image\":{\"@id\":\"https:\/\/infini-fun.com\/us\/nos-jouets\/la-medusosplash\/#primaryimage\"},\"thumbnailUrl\":\"https:\/\/infini-fun.com\/us\/wp-content\/uploads\/sites\/5\/2021\/06\/S18110_Renderings_180322-02.png\",\"datePublished\":\"2021-06-23T15:12:05+00:00\",\"breadcrumb\":{\"@id\":\"https:\/\/infini-fun.com\/us\/nos-jouets\/la-medusosplash\/#breadcrumb\"},\"inLanguage\":\"fr-FR\",\"potentialAction\":[{\"@type\":\"ReadAction\",\"target\":[\"https:\/\/infini-fun.com\/us\/nos-jouets\/la-medusosplash\/\"]}]},{\"@type\":\"ImageObject\",\"inLanguage\":\"fr-FR\",\"@id\":\"https:\/\/infini-fun.com\/us\/nos-jouets\/la-medusosplash\/#primaryimage\",\"url\":\"https:\/\/infini-fun.com\/us\/wp-content\/uploads\/sites\/5\/2021\/06\/S18110_Renderings_180322-02.png\",\"contentUrl\":\"https:\/\/infini-fun.com\/us\/wp-content\/uploads\/sites\/5\/2021\/06\/S18110_Renderings_180322-02.png\",\"width\":1079,\"height\":1490},{\"@type\":\"BreadcrumbList\",\"@id\":\"https:\/\/infini-fun.com\/us\/nos-jouets\/la-medusosplash\/#breadcrumb\",\"itemListElement\":[{\"@type\":\"ListItem\",\"position\":1,\"name\":\"Portada\",\"item\":\"https:\/\/infini-fun.com\/us\/\"},{\"@type\":\"ListItem\",\"position\":2,\"name\":\"Nos jouets\",\"item\":\"https:\/\/infini-fun.com\/us\/nos-jouets\/\"},{\"@type\":\"ListItem\",\"position\":3,\"name\":\"La M\u00e9dus\u2019O\u2019Splash\"}]},{\"@type\":\"WebSite\",\"@id\":\"https:\/\/infini-fun.com\/us\/#website\",\"url\":\"https:\/\/infini-fun.com\/us\/\",\"name\":\"KD Kids InfiniFun US\",\"description\":\"Introducing Infinifun and Tinyboo\",\"potentialAction\":[{\"@type\":\"SearchAction\",\"target\":{\"@type\":\"EntryPoint\",\"urlTemplate\":\"https:\/\/infini-fun.com\/us\/?s={search_term_string}\"},\"query-input\":{\"@type\":\"PropertyValueSpecification\",\"valueRequired\":true,\"valueName\":\"search_term_string\"}}],\"inLanguage\":\"fr-FR\"}]}<\/script>\n<!-- \/ Yoast SEO plugin. -->","yoast_head_json":{"title":"La M\u00e9dus\u2019O\u2019Splash - KD Kids InfiniFun US","robots":{"index":"noindex","follow":"follow","max-snippet":"max-snippet:-1","max-image-preview":"max-image-preview:large","max-video-preview":"max-video-preview:-1"},"og_locale":"fr_FR","og_type":"article","og_title":"La M\u00e9dus\u2019O\u2019Splash - KD Kids InfiniFun US","og_description":"\u00c0 l\u2019heure du bain, cette petite m\u00e9duse rigolote va amuser votre enfant. Sa nouvelle copine malicieuse est l\u00e0 pour lui jouer des tours ! En attrapant le tuba pour faire tourner la m\u00e9duse, les tentacules s\u2019activent et splash ! La m\u00e9duse l\u2019\u00e9clabousse ! Votre enfant d\u00e9veloppe ainsi ses capacit\u00e9s motrices tout en s\u2019amusant ! Le...","og_url":"https:\/\/infini-fun.com\/us\/nos-jouets\/la-medusosplash\/","og_site_name":"KD Kids InfiniFun US","og_image":[{"width":1079,"height":1490,"url":"https:\/\/infini-fun.com\/us\/wp-content\/uploads\/sites\/5\/2021\/06\/S18110_Renderings_180322-02.png","type":"image\/png"}],"twitter_card":"summary_large_image","twitter_misc":{"Dur\u00e9e de lecture estim\u00e9e":"1 minute"},"schema":{"@context":"https:\/\/schema.org","@graph":[{"@type":"WebPage","@id":"https:\/\/infini-fun.com\/us\/nos-jouets\/la-medusosplash\/","url":"https:\/\/infini-fun.com\/us\/nos-jouets\/la-medusosplash\/","name":"La M\u00e9dus\u2019O\u2019Splash - KD Kids InfiniFun US","isPartOf":{"@id":"https:\/\/infini-fun.com\/us\/#website"},"primaryImageOfPage":{"@id":"https:\/\/infini-fun.com\/us\/nos-jouets\/la-medusosplash\/#primaryimage"},"image":{"@id":"https:\/\/infini-fun.com\/us\/nos-jouets\/la-medusosplash\/#primaryimage"},"thumbnailUrl":"https:\/\/infini-fun.com\/us\/wp-content\/uploads\/sites\/5\/2021\/06\/S18110_Renderings_180322-02.png","datePublished":"2021-06-23T15:12:05+00:00","breadcrumb":{"@id":"https:\/\/infini-fun.com\/us\/nos-jouets\/la-medusosplash\/#breadcrumb"},"inLanguage":"fr-FR","potentialAction":[{"@type":"ReadAction","target":["https:\/\/infini-fun.com\/us\/nos-jouets\/la-medusosplash\/"]}]},{"@type":"ImageObject","inLanguage":"fr-FR","@id":"https:\/\/infini-fun.com\/us\/nos-jouets\/la-medusosplash\/#primaryimage","url":"https:\/\/infini-fun.com\/us\/wp-content\/uploads\/sites\/5\/2021\/06\/S18110_Renderings_180322-02.png","contentUrl":"https:\/\/infini-fun.com\/us\/wp-content\/uploads\/sites\/5\/2021\/06\/S18110_Renderings_180322-02.png","width":1079,"height":1490},{"@type":"BreadcrumbList","@id":"https:\/\/infini-fun.com\/us\/nos-jouets\/la-medusosplash\/#breadcrumb","itemListElement":[{"@type":"ListItem","position":1,"name":"Portada","item":"https:\/\/infini-fun.com\/us\/"},{"@type":"ListItem","position":2,"name":"Nos jouets","item":"https:\/\/infini-fun.com\/us\/nos-jouets\/"},{"@type":"ListItem","position":3,"name":"La M\u00e9dus\u2019O\u2019Splash"}]},{"@type":"WebSite","@id":"https:\/\/infini-fun.com\/us\/#website","url":"https:\/\/infini-fun.com\/us\/","name":"KD Kids InfiniFun US","description":"Introducing Infinifun and Tinyboo","potentialAction":[{"@type":"SearchAction","target":{"@type":"EntryPoint","urlTemplate":"https:\/\/infini-fun.com\/us\/?s={search_term_string}"},"query-input":{"@type":"PropertyValueSpecification","valueRequired":true,"valueName":"search_term_string"}}],"inLanguage":"fr-FR"}]}},"_links":{"self":[{"href":"https:\/\/infini-fun.com\/us\/wp-json\/wp\/v2\/product\/8640","targetHints":{"allow":["GET"]}}],"collection":[{"href":"https:\/\/infini-fun.com\/us\/wp-json\/wp\/v2\/product"}],"about":[{"href":"https:\/\/infini-fun.com\/us\/wp-json\/wp\/v2\/types\/product"}],"wp:featuredmedia":[{"embeddable":true,"href":"https:\/\/infini-fun.com\/us\/wp-json\/wp\/v2\/media\/8643"}],"wp:attachment":[{"href":"https:\/\/infini-fun.com\/us\/wp-json\/wp\/v2\/media?parent=8640"}],"wp:term":[{"taxonomy":"product_brand","embeddable":true,"href":"https:\/\/infini-fun.com\/us\/wp-json\/wp\/v2\/product_brand?post=8640"},{"taxonomy":"product_cat","embeddable":true,"href":"https:\/\/infini-fun.com\/us\/wp-json\/wp\/v2\/product_cat?post=8640"},{"taxonomy":"product_tag","embeddable":true,"href":"https:\/\/infini-fun.com\/us\/wp-json\/wp\/v2\/product_tag?post=8640"}],"curies":[{"name":"wp","href":"https:\/\/api.w.org\/{rel}","templated":true}]}}