{"id":8629,"date":"2021-06-23T15:04:28","date_gmt":"2021-06-23T15:04:28","guid":{"rendered":"https:\/\/kdplanet.com\/fr\/kd-kids\/infinifun\/?post_type=product&amp;p=8629"},"modified":"2021-06-23T15:04:28","modified_gmt":"2021-06-23T15:04:28","slug":"laventurosplash","status":"publish","type":"product","link":"https:\/\/infini-fun.com\/us\/nos-jouets\/laventurosplash\/","title":{"rendered":"L&rsquo;Aventur&rsquo;O&rsquo;Splash"},"content":{"rendered":"<p>Votre tout-petit se lance dans une aventure rebondissante \u00e0 l\u2019heure du bain gr\u00e2ce \u00e0 ce joli bateau pirate !<\/p>\n<p>Il d\u00e9couvre 3 activit\u00e9s fascinantes li\u00e9es aux pouvoirs de l\u2019eau ! La voile sert de gobelet et en versant de l\u2019eau \u00e0 l&rsquo;avant, le bateau bascule et d\u00e9verse son contenu dans le bain puis remonte comme<br \/>\npar magie !<br \/>\nEn arrosant le chapeau, le pirate montre le bout de son nez pour devenir un compagnon de jeu ! Pour le cacher \u00e0 nouveau, il suffit de pousser le gouvernail vers le haut !<br \/>\nEt pour finir, l\u2019h\u00e9lice tourne comme un moulin \u00e0 eau !<\/p>\n<p>Votre enfant d\u00e9veloppe ainsi ses qualit\u00e9s motrices et imagine toutes sortes d\u2019aventures tout en s\u2019amusant !<\/p>\n<p><strong>Les petits plus :<\/strong><\/p>\n<ul>\n<li>Utilise la voile comme un gobelet pour verser l\u2019eau !<\/li>\n<li>Arrose le chapeau pour d\u00e9couvrir le pirate !<\/li>\n<li>Verse de l\u2019eau pour faire basculer le bateau. Magique ! Une fois vid\u00e9 il remonte tout seul !<\/li>\n<li>Fixe le bateau sur la paroi de la baignoire gr\u00e2ce aux 2 ventouses<\/li>\n<li>Pousse le gouvernail vers le haut pour vider le r\u00e9servoir du pirate<\/li>\n<\/ul>\n","protected":false},"excerpt":{"rendered":"<p>Votre tout-petit se lance dans une aventure rebondissante \u00e0 l\u2019heure du bain gr\u00e2ce \u00e0 ce joli bateau pirate ! Il d\u00e9couvre 3 activit\u00e9s fascinantes li\u00e9es aux pouvoirs de l\u2019eau ! La voile sert de gobelet et en versant de l\u2019eau \u00e0 l&rsquo;avant, le bateau bascule et d\u00e9verse son contenu dans le bain puis remonte comme&#8230;<\/p>\n","protected":false},"featured_media":8634,"template":"","meta":[],"product_brand":[],"product_cat":[40],"product_tag":[87],"class_list":{"0":"post-8629","1":"product","2":"type-product","3":"status-publish","4":"has-post-thumbnail","6":"product_cat-12-24-mois","7":"product_tag-bain","8":"pa_developpement-equilibre","9":"pa_developpement-motricite","10":"pa_developpement-toucher","11":"pa_eveil-curiosite","12":"pa_eveil-imagination","14":"first","15":"instock","16":"shipping-taxable","17":"product-type-simple"},"yoast_head":"<!-- This site is optimized with the Yoast SEO plugin v27.2 - https:\/\/yoast.com\/product\/yoast-seo-wordpress\/ -->\n<title>L&#039;Aventur&#039;O&#039;Splash - KD Kids InfiniFun US<\/title>\n<meta name=\"robots\" content=\"noindex, follow, max-snippet:-1, max-image-preview:large, max-video-preview:-1\" \/>\n<meta property=\"og:locale\" content=\"fr_FR\" \/>\n<meta property=\"og:type\" content=\"article\" \/>\n<meta property=\"og:title\" content=\"L&#039;Aventur&#039;O&#039;Splash - KD Kids InfiniFun US\" \/>\n<meta property=\"og:description\" content=\"Votre tout-petit se lance dans une aventure rebondissante \u00e0 l\u2019heure du bain gr\u00e2ce \u00e0 ce joli bateau pirate ! Il d\u00e9couvre 3 activit\u00e9s fascinantes li\u00e9es aux pouvoirs de l\u2019eau ! La voile sert de gobelet et en versant de l\u2019eau \u00e0 l&rsquo;avant, le bateau bascule et d\u00e9verse son contenu dans le bain puis remonte comme...\" \/>\n<meta property=\"og:url\" content=\"https:\/\/infini-fun.com\/us\/nos-jouets\/laventurosplash\/\" \/>\n<meta property=\"og:site_name\" content=\"KD Kids InfiniFun US\" \/>\n<meta property=\"og:image\" content=\"https:\/\/infini-fun.com\/us\/wp-content\/uploads\/sites\/5\/2021\/06\/Rendus-avec-nouveaux-SLK-02-01-01-841x1024.png\" \/>\n\t<meta property=\"og:image:width\" content=\"841\" \/>\n\t<meta property=\"og:image:height\" content=\"1024\" \/>\n\t<meta property=\"og:image:type\" content=\"image\/png\" \/>\n<meta name=\"twitter:card\" content=\"summary_large_image\" \/>\n<meta name=\"twitter:label1\" content=\"Dur\u00e9e de lecture estim\u00e9e\" \/>\n\t<meta name=\"twitter:data1\" content=\"1 minute\" \/>\n<script type=\"application\/ld+json\" class=\"yoast-schema-graph\">{\"@context\":\"https:\/\/schema.org\",\"@graph\":[{\"@type\":\"WebPage\",\"@id\":\"https:\/\/infini-fun.com\/us\/nos-jouets\/laventurosplash\/\",\"url\":\"https:\/\/infini-fun.com\/us\/nos-jouets\/laventurosplash\/\",\"name\":\"L'Aventur'O'Splash - KD Kids InfiniFun US\",\"isPartOf\":{\"@id\":\"https:\/\/infini-fun.com\/us\/#website\"},\"primaryImageOfPage\":{\"@id\":\"https:\/\/infini-fun.com\/us\/nos-jouets\/laventurosplash\/#primaryimage\"},\"image\":{\"@id\":\"https:\/\/infini-fun.com\/us\/nos-jouets\/laventurosplash\/#primaryimage\"},\"thumbnailUrl\":\"https:\/\/infini-fun.com\/us\/wp-content\/uploads\/sites\/5\/2021\/06\/Rendus-avec-nouveaux-SLK-02-01-01.png\",\"datePublished\":\"2021-06-23T15:04:28+00:00\",\"breadcrumb\":{\"@id\":\"https:\/\/infini-fun.com\/us\/nos-jouets\/laventurosplash\/#breadcrumb\"},\"inLanguage\":\"fr-FR\",\"potentialAction\":[{\"@type\":\"ReadAction\",\"target\":[\"https:\/\/infini-fun.com\/us\/nos-jouets\/laventurosplash\/\"]}]},{\"@type\":\"ImageObject\",\"inLanguage\":\"fr-FR\",\"@id\":\"https:\/\/infini-fun.com\/us\/nos-jouets\/laventurosplash\/#primaryimage\",\"url\":\"https:\/\/infini-fun.com\/us\/wp-content\/uploads\/sites\/5\/2021\/06\/Rendus-avec-nouveaux-SLK-02-01-01.png\",\"contentUrl\":\"https:\/\/infini-fun.com\/us\/wp-content\/uploads\/sites\/5\/2021\/06\/Rendus-avec-nouveaux-SLK-02-01-01.png\",\"width\":1712,\"height\":2085},{\"@type\":\"BreadcrumbList\",\"@id\":\"https:\/\/infini-fun.com\/us\/nos-jouets\/laventurosplash\/#breadcrumb\",\"itemListElement\":[{\"@type\":\"ListItem\",\"position\":1,\"name\":\"Portada\",\"item\":\"https:\/\/infini-fun.com\/us\/\"},{\"@type\":\"ListItem\",\"position\":2,\"name\":\"Nos jouets\",\"item\":\"https:\/\/infini-fun.com\/us\/nos-jouets\/\"},{\"@type\":\"ListItem\",\"position\":3,\"name\":\"L&#8217;Aventur&#8217;O&#8217;Splash\"}]},{\"@type\":\"WebSite\",\"@id\":\"https:\/\/infini-fun.com\/us\/#website\",\"url\":\"https:\/\/infini-fun.com\/us\/\",\"name\":\"KD Kids InfiniFun US\",\"description\":\"Introducing Infinifun and Tinyboo\",\"potentialAction\":[{\"@type\":\"SearchAction\",\"target\":{\"@type\":\"EntryPoint\",\"urlTemplate\":\"https:\/\/infini-fun.com\/us\/?s={search_term_string}\"},\"query-input\":{\"@type\":\"PropertyValueSpecification\",\"valueRequired\":true,\"valueName\":\"search_term_string\"}}],\"inLanguage\":\"fr-FR\"}]}<\/script>\n<!-- \/ Yoast SEO plugin. -->","yoast_head_json":{"title":"L'Aventur'O'Splash - KD Kids InfiniFun US","robots":{"index":"noindex","follow":"follow","max-snippet":"max-snippet:-1","max-image-preview":"max-image-preview:large","max-video-preview":"max-video-preview:-1"},"og_locale":"fr_FR","og_type":"article","og_title":"L'Aventur'O'Splash - KD Kids InfiniFun US","og_description":"Votre tout-petit se lance dans une aventure rebondissante \u00e0 l\u2019heure du bain gr\u00e2ce \u00e0 ce joli bateau pirate ! Il d\u00e9couvre 3 activit\u00e9s fascinantes li\u00e9es aux pouvoirs de l\u2019eau ! La voile sert de gobelet et en versant de l\u2019eau \u00e0 l&rsquo;avant, le bateau bascule et d\u00e9verse son contenu dans le bain puis remonte comme...","og_url":"https:\/\/infini-fun.com\/us\/nos-jouets\/laventurosplash\/","og_site_name":"KD Kids InfiniFun US","og_image":[{"width":841,"height":1024,"url":"https:\/\/infini-fun.com\/us\/wp-content\/uploads\/sites\/5\/2021\/06\/Rendus-avec-nouveaux-SLK-02-01-01-841x1024.png","type":"image\/png"}],"twitter_card":"summary_large_image","twitter_misc":{"Dur\u00e9e de lecture estim\u00e9e":"1 minute"},"schema":{"@context":"https:\/\/schema.org","@graph":[{"@type":"WebPage","@id":"https:\/\/infini-fun.com\/us\/nos-jouets\/laventurosplash\/","url":"https:\/\/infini-fun.com\/us\/nos-jouets\/laventurosplash\/","name":"L'Aventur'O'Splash - KD Kids InfiniFun US","isPartOf":{"@id":"https:\/\/infini-fun.com\/us\/#website"},"primaryImageOfPage":{"@id":"https:\/\/infini-fun.com\/us\/nos-jouets\/laventurosplash\/#primaryimage"},"image":{"@id":"https:\/\/infini-fun.com\/us\/nos-jouets\/laventurosplash\/#primaryimage"},"thumbnailUrl":"https:\/\/infini-fun.com\/us\/wp-content\/uploads\/sites\/5\/2021\/06\/Rendus-avec-nouveaux-SLK-02-01-01.png","datePublished":"2021-06-23T15:04:28+00:00","breadcrumb":{"@id":"https:\/\/infini-fun.com\/us\/nos-jouets\/laventurosplash\/#breadcrumb"},"inLanguage":"fr-FR","potentialAction":[{"@type":"ReadAction","target":["https:\/\/infini-fun.com\/us\/nos-jouets\/laventurosplash\/"]}]},{"@type":"ImageObject","inLanguage":"fr-FR","@id":"https:\/\/infini-fun.com\/us\/nos-jouets\/laventurosplash\/#primaryimage","url":"https:\/\/infini-fun.com\/us\/wp-content\/uploads\/sites\/5\/2021\/06\/Rendus-avec-nouveaux-SLK-02-01-01.png","contentUrl":"https:\/\/infini-fun.com\/us\/wp-content\/uploads\/sites\/5\/2021\/06\/Rendus-avec-nouveaux-SLK-02-01-01.png","width":1712,"height":2085},{"@type":"BreadcrumbList","@id":"https:\/\/infini-fun.com\/us\/nos-jouets\/laventurosplash\/#breadcrumb","itemListElement":[{"@type":"ListItem","position":1,"name":"Portada","item":"https:\/\/infini-fun.com\/us\/"},{"@type":"ListItem","position":2,"name":"Nos jouets","item":"https:\/\/infini-fun.com\/us\/nos-jouets\/"},{"@type":"ListItem","position":3,"name":"L&#8217;Aventur&#8217;O&#8217;Splash"}]},{"@type":"WebSite","@id":"https:\/\/infini-fun.com\/us\/#website","url":"https:\/\/infini-fun.com\/us\/","name":"KD Kids InfiniFun US","description":"Introducing Infinifun and Tinyboo","potentialAction":[{"@type":"SearchAction","target":{"@type":"EntryPoint","urlTemplate":"https:\/\/infini-fun.com\/us\/?s={search_term_string}"},"query-input":{"@type":"PropertyValueSpecification","valueRequired":true,"valueName":"search_term_string"}}],"inLanguage":"fr-FR"}]}},"_links":{"self":[{"href":"https:\/\/infini-fun.com\/us\/wp-json\/wp\/v2\/product\/8629","targetHints":{"allow":["GET"]}}],"collection":[{"href":"https:\/\/infini-fun.com\/us\/wp-json\/wp\/v2\/product"}],"about":[{"href":"https:\/\/infini-fun.com\/us\/wp-json\/wp\/v2\/types\/product"}],"wp:featuredmedia":[{"embeddable":true,"href":"https:\/\/infini-fun.com\/us\/wp-json\/wp\/v2\/media\/8634"}],"wp:attachment":[{"href":"https:\/\/infini-fun.com\/us\/wp-json\/wp\/v2\/media?parent=8629"}],"wp:term":[{"taxonomy":"product_brand","embeddable":true,"href":"https:\/\/infini-fun.com\/us\/wp-json\/wp\/v2\/product_brand?post=8629"},{"taxonomy":"product_cat","embeddable":true,"href":"https:\/\/infini-fun.com\/us\/wp-json\/wp\/v2\/product_cat?post=8629"},{"taxonomy":"product_tag","embeddable":true,"href":"https:\/\/infini-fun.com\/us\/wp-json\/wp\/v2\/product_tag?post=8629"}],"curies":[{"name":"wp","href":"https:\/\/api.w.org\/{rel}","templated":true}]}}