{"id":7300,"date":"2017-09-18T14:18:53","date_gmt":"2017-09-18T14:18:53","guid":{"rendered":"http:\/\/kdplanet.com\/fr\/kd-kids\/infinifun\/?post_type=product&amp;p=7300"},"modified":"2017-09-18T14:18:53","modified_gmt":"2017-09-18T14:18:53","slug":"alarm-buddy-sleep-trainer","status":"publish","type":"product","link":"https:\/\/infini-fun.com\/us\/nos-jouets\/alarm-buddy-sleep-trainer\/","title":{"rendered":"Mon Coach de Sommeil"},"content":{"rendered":"<p><strong>Le coach de sommeil vous aidera vous et votre enfant \u00e0 retrouver un sommeil paisible.<\/strong><\/p>\n<p>Il accompagne votre tout-petit tout au long de la nuit, de la naissance jusqu&rsquo;\u00e0 une parfaite autonomie de r\u00e9veil. Au moment du coucher, le coach de sommeil se transforme en veilleuse, lancez un cycle de sommeil pour une atmosph\u00e8re calme et relaxante. Il s&rsquo;\u00e9teint automatiquement apr\u00e8s 15 minutes, juste le temps que votre enfant s&rsquo;endorme. Pour des matins sereins, choisissez de programmer un cycle de r\u00e9veil, avec la fonctionnalit\u00e9 lever de soleil progressif et une musique douce et \u00e9nergisante, vous pouvez \u00eatre s\u00fbrs que votre tout-petit sera de bonne humeur. En appuyant sur les oreilles de son coach de sommeil, votre enfant apprend la notion du temps. Il lui indique s&rsquo;il est temps de se lever ou non et vous pouvez enfin profiter de vos grasse matin\u00e9es.<\/p>\n<p><strong>Les petits plus :<\/strong><\/p>\n<ul>\n<li>Procure un atmosph\u00e8re apaisante<\/li>\n<li>Aide l&rsquo;enfant \u00e0 s&rsquo;endormir et se r\u00e9veiller<\/li>\n<li>Apprend la notion du temps<\/li>\n<li>Favorise l&rsquo;autonomie<\/li>\n<\/ul>\n","protected":false},"excerpt":{"rendered":"<p>Le coach de sommeil vous aidera vous et votre enfant \u00e0 retrouver un sommeil paisible. Il accompagne votre tout-petit tout au long de la nuit, de la naissance jusqu&rsquo;\u00e0 une parfaite autonomie de r\u00e9veil. Au moment du coucher, le coach de sommeil se transforme en veilleuse, lancez un cycle de sommeil pour une atmosph\u00e8re calme&#8230;<\/p>\n","protected":false},"featured_media":7306,"template":"","meta":[],"product_brand":[],"product_cat":[32,40,43],"product_tag":[111],"class_list":{"0":"post-7300","1":"product","2":"type-product","3":"status-publish","4":"has-post-thumbnail","6":"product_cat-0-12-mois","7":"product_cat-12-24-mois","8":"product_cat-2-6-ans","9":"product_tag-nuit","10":"pa_eveil-autonomie","12":"first","13":"instock","14":"shipping-taxable","15":"product-type-simple"},"yoast_head":"<!-- This site is optimized with the Yoast SEO plugin v27.2 - https:\/\/yoast.com\/product\/yoast-seo-wordpress\/ -->\n<title>Mon Coach de Sommeil - KD Kids InfiniFun US<\/title>\n<meta name=\"robots\" content=\"noindex, follow, max-snippet:-1, max-image-preview:large, max-video-preview:-1\" \/>\n<meta property=\"og:locale\" content=\"fr_FR\" \/>\n<meta property=\"og:type\" content=\"article\" \/>\n<meta property=\"og:title\" content=\"Mon Coach de Sommeil - KD Kids InfiniFun US\" \/>\n<meta property=\"og:description\" content=\"Le coach de sommeil vous aidera vous et votre enfant \u00e0 retrouver un sommeil paisible. Il accompagne votre tout-petit tout au long de la nuit, de la naissance jusqu&rsquo;\u00e0 une parfaite autonomie de r\u00e9veil. Au moment du coucher, le coach de sommeil se transforme en veilleuse, lancez un cycle de sommeil pour une atmosph\u00e8re calme...\" \/>\n<meta property=\"og:url\" content=\"https:\/\/infini-fun.com\/us\/nos-jouets\/alarm-buddy-sleep-trainer\/\" \/>\n<meta property=\"og:site_name\" content=\"KD Kids InfiniFun US\" \/>\n<meta property=\"og:image\" content=\"https:\/\/infini-fun.com\/us\/wp-content\/uploads\/sites\/5\/2017\/09\/S17230_dim2.png\" \/>\n\t<meta property=\"og:image:width\" content=\"1473\" \/>\n\t<meta property=\"og:image:height\" content=\"1500\" \/>\n\t<meta property=\"og:image:type\" content=\"image\/png\" \/>\n<meta name=\"twitter:card\" content=\"summary_large_image\" \/>\n<meta name=\"twitter:label1\" content=\"Dur\u00e9e de lecture estim\u00e9e\" \/>\n\t<meta name=\"twitter:data1\" content=\"1 minute\" \/>\n<script type=\"application\/ld+json\" class=\"yoast-schema-graph\">{\"@context\":\"https:\/\/schema.org\",\"@graph\":[{\"@type\":\"WebPage\",\"@id\":\"https:\/\/infini-fun.com\/us\/nos-jouets\/alarm-buddy-sleep-trainer\/\",\"url\":\"https:\/\/infini-fun.com\/us\/nos-jouets\/alarm-buddy-sleep-trainer\/\",\"name\":\"Mon Coach de Sommeil - KD Kids InfiniFun US\",\"isPartOf\":{\"@id\":\"https:\/\/infini-fun.com\/us\/#website\"},\"primaryImageOfPage\":{\"@id\":\"https:\/\/infini-fun.com\/us\/nos-jouets\/alarm-buddy-sleep-trainer\/#primaryimage\"},\"image\":{\"@id\":\"https:\/\/infini-fun.com\/us\/nos-jouets\/alarm-buddy-sleep-trainer\/#primaryimage\"},\"thumbnailUrl\":\"https:\/\/infini-fun.com\/us\/wp-content\/uploads\/sites\/5\/2017\/09\/S17230_dim2.png\",\"datePublished\":\"2017-09-18T14:18:53+00:00\",\"breadcrumb\":{\"@id\":\"https:\/\/infini-fun.com\/us\/nos-jouets\/alarm-buddy-sleep-trainer\/#breadcrumb\"},\"inLanguage\":\"fr-FR\",\"potentialAction\":[{\"@type\":\"ReadAction\",\"target\":[\"https:\/\/infini-fun.com\/us\/nos-jouets\/alarm-buddy-sleep-trainer\/\"]}]},{\"@type\":\"ImageObject\",\"inLanguage\":\"fr-FR\",\"@id\":\"https:\/\/infini-fun.com\/us\/nos-jouets\/alarm-buddy-sleep-trainer\/#primaryimage\",\"url\":\"https:\/\/infini-fun.com\/us\/wp-content\/uploads\/sites\/5\/2017\/09\/S17230_dim2.png\",\"contentUrl\":\"https:\/\/infini-fun.com\/us\/wp-content\/uploads\/sites\/5\/2017\/09\/S17230_dim2.png\",\"width\":1473,\"height\":1500},{\"@type\":\"BreadcrumbList\",\"@id\":\"https:\/\/infini-fun.com\/us\/nos-jouets\/alarm-buddy-sleep-trainer\/#breadcrumb\",\"itemListElement\":[{\"@type\":\"ListItem\",\"position\":1,\"name\":\"Portada\",\"item\":\"https:\/\/infini-fun.com\/us\/\"},{\"@type\":\"ListItem\",\"position\":2,\"name\":\"Nos jouets\",\"item\":\"https:\/\/infini-fun.com\/us\/nos-jouets\/\"},{\"@type\":\"ListItem\",\"position\":3,\"name\":\"Mon Coach de Sommeil\"}]},{\"@type\":\"WebSite\",\"@id\":\"https:\/\/infini-fun.com\/us\/#website\",\"url\":\"https:\/\/infini-fun.com\/us\/\",\"name\":\"KD Kids InfiniFun US\",\"description\":\"Introducing Infinifun and Tinyboo\",\"potentialAction\":[{\"@type\":\"SearchAction\",\"target\":{\"@type\":\"EntryPoint\",\"urlTemplate\":\"https:\/\/infini-fun.com\/us\/?s={search_term_string}\"},\"query-input\":{\"@type\":\"PropertyValueSpecification\",\"valueRequired\":true,\"valueName\":\"search_term_string\"}}],\"inLanguage\":\"fr-FR\"}]}<\/script>\n<!-- \/ Yoast SEO plugin. -->","yoast_head_json":{"title":"Mon Coach de Sommeil - KD Kids InfiniFun US","robots":{"index":"noindex","follow":"follow","max-snippet":"max-snippet:-1","max-image-preview":"max-image-preview:large","max-video-preview":"max-video-preview:-1"},"og_locale":"fr_FR","og_type":"article","og_title":"Mon Coach de Sommeil - KD Kids InfiniFun US","og_description":"Le coach de sommeil vous aidera vous et votre enfant \u00e0 retrouver un sommeil paisible. Il accompagne votre tout-petit tout au long de la nuit, de la naissance jusqu&rsquo;\u00e0 une parfaite autonomie de r\u00e9veil. Au moment du coucher, le coach de sommeil se transforme en veilleuse, lancez un cycle de sommeil pour une atmosph\u00e8re calme...","og_url":"https:\/\/infini-fun.com\/us\/nos-jouets\/alarm-buddy-sleep-trainer\/","og_site_name":"KD Kids InfiniFun US","og_image":[{"width":1473,"height":1500,"url":"https:\/\/infini-fun.com\/us\/wp-content\/uploads\/sites\/5\/2017\/09\/S17230_dim2.png","type":"image\/png"}],"twitter_card":"summary_large_image","twitter_misc":{"Dur\u00e9e de lecture estim\u00e9e":"1 minute"},"schema":{"@context":"https:\/\/schema.org","@graph":[{"@type":"WebPage","@id":"https:\/\/infini-fun.com\/us\/nos-jouets\/alarm-buddy-sleep-trainer\/","url":"https:\/\/infini-fun.com\/us\/nos-jouets\/alarm-buddy-sleep-trainer\/","name":"Mon Coach de Sommeil - KD Kids InfiniFun US","isPartOf":{"@id":"https:\/\/infini-fun.com\/us\/#website"},"primaryImageOfPage":{"@id":"https:\/\/infini-fun.com\/us\/nos-jouets\/alarm-buddy-sleep-trainer\/#primaryimage"},"image":{"@id":"https:\/\/infini-fun.com\/us\/nos-jouets\/alarm-buddy-sleep-trainer\/#primaryimage"},"thumbnailUrl":"https:\/\/infini-fun.com\/us\/wp-content\/uploads\/sites\/5\/2017\/09\/S17230_dim2.png","datePublished":"2017-09-18T14:18:53+00:00","breadcrumb":{"@id":"https:\/\/infini-fun.com\/us\/nos-jouets\/alarm-buddy-sleep-trainer\/#breadcrumb"},"inLanguage":"fr-FR","potentialAction":[{"@type":"ReadAction","target":["https:\/\/infini-fun.com\/us\/nos-jouets\/alarm-buddy-sleep-trainer\/"]}]},{"@type":"ImageObject","inLanguage":"fr-FR","@id":"https:\/\/infini-fun.com\/us\/nos-jouets\/alarm-buddy-sleep-trainer\/#primaryimage","url":"https:\/\/infini-fun.com\/us\/wp-content\/uploads\/sites\/5\/2017\/09\/S17230_dim2.png","contentUrl":"https:\/\/infini-fun.com\/us\/wp-content\/uploads\/sites\/5\/2017\/09\/S17230_dim2.png","width":1473,"height":1500},{"@type":"BreadcrumbList","@id":"https:\/\/infini-fun.com\/us\/nos-jouets\/alarm-buddy-sleep-trainer\/#breadcrumb","itemListElement":[{"@type":"ListItem","position":1,"name":"Portada","item":"https:\/\/infini-fun.com\/us\/"},{"@type":"ListItem","position":2,"name":"Nos jouets","item":"https:\/\/infini-fun.com\/us\/nos-jouets\/"},{"@type":"ListItem","position":3,"name":"Mon Coach de Sommeil"}]},{"@type":"WebSite","@id":"https:\/\/infini-fun.com\/us\/#website","url":"https:\/\/infini-fun.com\/us\/","name":"KD Kids InfiniFun US","description":"Introducing Infinifun and Tinyboo","potentialAction":[{"@type":"SearchAction","target":{"@type":"EntryPoint","urlTemplate":"https:\/\/infini-fun.com\/us\/?s={search_term_string}"},"query-input":{"@type":"PropertyValueSpecification","valueRequired":true,"valueName":"search_term_string"}}],"inLanguage":"fr-FR"}]}},"_links":{"self":[{"href":"https:\/\/infini-fun.com\/us\/wp-json\/wp\/v2\/product\/7300","targetHints":{"allow":["GET"]}}],"collection":[{"href":"https:\/\/infini-fun.com\/us\/wp-json\/wp\/v2\/product"}],"about":[{"href":"https:\/\/infini-fun.com\/us\/wp-json\/wp\/v2\/types\/product"}],"wp:featuredmedia":[{"embeddable":true,"href":"https:\/\/infini-fun.com\/us\/wp-json\/wp\/v2\/media\/7306"}],"wp:attachment":[{"href":"https:\/\/infini-fun.com\/us\/wp-json\/wp\/v2\/media?parent=7300"}],"wp:term":[{"taxonomy":"product_brand","embeddable":true,"href":"https:\/\/infini-fun.com\/us\/wp-json\/wp\/v2\/product_brand?post=7300"},{"taxonomy":"product_cat","embeddable":true,"href":"https:\/\/infini-fun.com\/us\/wp-json\/wp\/v2\/product_cat?post=7300"},{"taxonomy":"product_tag","embeddable":true,"href":"https:\/\/infini-fun.com\/us\/wp-json\/wp\/v2\/product_tag?post=7300"}],"curies":[{"name":"wp","href":"https:\/\/api.w.org\/{rel}","templated":true}]}}