{"id":7299,"date":"2017-09-18T14:17:27","date_gmt":"2017-09-18T14:17:27","guid":{"rendered":"http:\/\/kdplanet.com\/fr\/kd-kids\/infinifun\/?post_type=product&amp;p=7299"},"modified":"2017-09-18T14:17:27","modified_gmt":"2017-09-18T14:17:27","slug":"huggy-plush","status":"publish","type":"product","link":"https:\/\/infini-fun.com\/us\/nos-jouets\/huggy-plush\/","title":{"rendered":"Ma Peluche \u00e0 C\u00e2lins"},"content":{"rendered":"<p><b>Gr\u00e2ce \u00e0 sa peluche \u00e0 c\u00e2lins, votre tout-petit passera des nuits plus douces.\u00a0<\/b><\/p>\n<p>La c\u00e2liner illumine ses joues et d\u00e9clenche des berceuses apaisantes pour une atmosph\u00e8re propice au sommeil.<\/p>\n<p>Choisissez le mode sonore et lumineux ou uniquement lumineux, r\u00e9glez le volume et b\u00e9b\u00e9 plongera vite dans les bras de Morph\u00e9e tout en c\u00e2linant encore et encore sa peluche ultra douce.<\/p>\n<p>La peluche s&rsquo;\u00e9teint automatiquement apr\u00e8s 15 minutes, juste le temps de s&rsquo;endormit !<\/p>\n<p><strong>Les petits plus :<\/strong><\/p>\n<ul>\n<li>Procure une atmosph\u00e8re apaisante<\/li>\n<li>Aide l&rsquo;enfant \u00e0 s&rsquo;endormir<\/li>\n<\/ul>\n","protected":false},"excerpt":{"rendered":"<p>Gr\u00e2ce \u00e0 sa peluche \u00e0 c\u00e2lins, votre tout-petit passera des nuits plus douces.\u00a0 La c\u00e2liner illumine ses joues et d\u00e9clenche des berceuses apaisantes pour une atmosph\u00e8re propice au sommeil. Choisissez le mode sonore et lumineux ou uniquement lumineux, r\u00e9glez le volume et b\u00e9b\u00e9 plongera vite dans les bras de Morph\u00e9e tout en c\u00e2linant encore et&#8230;<\/p>\n","protected":false},"featured_media":7437,"template":"","meta":[],"product_brand":[],"product_cat":[32],"product_tag":[111],"class_list":{"0":"post-7299","1":"product","2":"type-product","3":"status-publish","4":"has-post-thumbnail","6":"product_cat-0-12-mois","7":"product_tag-nuit","8":"pa_developpement-toucher","9":"pa_eveil-autonomie","10":"pa_eveil-imagination","12":"first","13":"instock","14":"shipping-taxable","15":"product-type-simple"},"yoast_head":"<!-- This site is optimized with the Yoast SEO plugin v27.2 - https:\/\/yoast.com\/product\/yoast-seo-wordpress\/ -->\n<title>Ma Peluche \u00e0 C\u00e2lins - KD Kids InfiniFun US<\/title>\n<meta name=\"robots\" content=\"noindex, follow, max-snippet:-1, max-image-preview:large, max-video-preview:-1\" \/>\n<meta property=\"og:locale\" content=\"fr_FR\" \/>\n<meta property=\"og:type\" content=\"article\" \/>\n<meta property=\"og:title\" content=\"Ma Peluche \u00e0 C\u00e2lins - KD Kids InfiniFun US\" \/>\n<meta property=\"og:description\" content=\"Gr\u00e2ce \u00e0 sa peluche \u00e0 c\u00e2lins, votre tout-petit passera des nuits plus douces.\u00a0 La c\u00e2liner illumine ses joues et d\u00e9clenche des berceuses apaisantes pour une atmosph\u00e8re propice au sommeil. Choisissez le mode sonore et lumineux ou uniquement lumineux, r\u00e9glez le volume et b\u00e9b\u00e9 plongera vite dans les bras de Morph\u00e9e tout en c\u00e2linant encore et...\" \/>\n<meta property=\"og:url\" content=\"https:\/\/infini-fun.com\/us\/nos-jouets\/huggy-plush\/\" \/>\n<meta property=\"og:site_name\" content=\"KD Kids InfiniFun US\" \/>\n<meta property=\"og:image\" content=\"https:\/\/infini-fun.com\/us\/wp-content\/uploads\/sites\/5\/2017\/09\/I16200_VISUALwebsite_.png\" \/>\n\t<meta property=\"og:image:width\" content=\"1428\" \/>\n\t<meta property=\"og:image:height\" content=\"1530\" \/>\n\t<meta property=\"og:image:type\" content=\"image\/png\" \/>\n<meta name=\"twitter:card\" content=\"summary_large_image\" \/>\n<meta name=\"twitter:label1\" content=\"Dur\u00e9e de lecture estim\u00e9e\" \/>\n\t<meta name=\"twitter:data1\" content=\"1 minute\" \/>\n<script type=\"application\/ld+json\" class=\"yoast-schema-graph\">{\"@context\":\"https:\/\/schema.org\",\"@graph\":[{\"@type\":\"WebPage\",\"@id\":\"https:\/\/infini-fun.com\/us\/nos-jouets\/huggy-plush\/\",\"url\":\"https:\/\/infini-fun.com\/us\/nos-jouets\/huggy-plush\/\",\"name\":\"Ma Peluche \u00e0 C\u00e2lins - KD Kids InfiniFun US\",\"isPartOf\":{\"@id\":\"https:\/\/infini-fun.com\/us\/#website\"},\"primaryImageOfPage\":{\"@id\":\"https:\/\/infini-fun.com\/us\/nos-jouets\/huggy-plush\/#primaryimage\"},\"image\":{\"@id\":\"https:\/\/infini-fun.com\/us\/nos-jouets\/huggy-plush\/#primaryimage\"},\"thumbnailUrl\":\"https:\/\/infini-fun.com\/us\/wp-content\/uploads\/sites\/5\/2017\/09\/I16200_VISUALwebsite_.png\",\"datePublished\":\"2017-09-18T14:17:27+00:00\",\"breadcrumb\":{\"@id\":\"https:\/\/infini-fun.com\/us\/nos-jouets\/huggy-plush\/#breadcrumb\"},\"inLanguage\":\"fr-FR\",\"potentialAction\":[{\"@type\":\"ReadAction\",\"target\":[\"https:\/\/infini-fun.com\/us\/nos-jouets\/huggy-plush\/\"]}]},{\"@type\":\"ImageObject\",\"inLanguage\":\"fr-FR\",\"@id\":\"https:\/\/infini-fun.com\/us\/nos-jouets\/huggy-plush\/#primaryimage\",\"url\":\"https:\/\/infini-fun.com\/us\/wp-content\/uploads\/sites\/5\/2017\/09\/I16200_VISUALwebsite_.png\",\"contentUrl\":\"https:\/\/infini-fun.com\/us\/wp-content\/uploads\/sites\/5\/2017\/09\/I16200_VISUALwebsite_.png\",\"width\":1428,\"height\":1530},{\"@type\":\"BreadcrumbList\",\"@id\":\"https:\/\/infini-fun.com\/us\/nos-jouets\/huggy-plush\/#breadcrumb\",\"itemListElement\":[{\"@type\":\"ListItem\",\"position\":1,\"name\":\"Portada\",\"item\":\"https:\/\/infini-fun.com\/us\/\"},{\"@type\":\"ListItem\",\"position\":2,\"name\":\"Nos jouets\",\"item\":\"https:\/\/infini-fun.com\/us\/nos-jouets\/\"},{\"@type\":\"ListItem\",\"position\":3,\"name\":\"Ma Peluche \u00e0 C\u00e2lins\"}]},{\"@type\":\"WebSite\",\"@id\":\"https:\/\/infini-fun.com\/us\/#website\",\"url\":\"https:\/\/infini-fun.com\/us\/\",\"name\":\"KD Kids InfiniFun US\",\"description\":\"Introducing Infinifun and Tinyboo\",\"potentialAction\":[{\"@type\":\"SearchAction\",\"target\":{\"@type\":\"EntryPoint\",\"urlTemplate\":\"https:\/\/infini-fun.com\/us\/?s={search_term_string}\"},\"query-input\":{\"@type\":\"PropertyValueSpecification\",\"valueRequired\":true,\"valueName\":\"search_term_string\"}}],\"inLanguage\":\"fr-FR\"}]}<\/script>\n<!-- \/ Yoast SEO plugin. -->","yoast_head_json":{"title":"Ma Peluche \u00e0 C\u00e2lins - KD Kids InfiniFun US","robots":{"index":"noindex","follow":"follow","max-snippet":"max-snippet:-1","max-image-preview":"max-image-preview:large","max-video-preview":"max-video-preview:-1"},"og_locale":"fr_FR","og_type":"article","og_title":"Ma Peluche \u00e0 C\u00e2lins - KD Kids InfiniFun US","og_description":"Gr\u00e2ce \u00e0 sa peluche \u00e0 c\u00e2lins, votre tout-petit passera des nuits plus douces.\u00a0 La c\u00e2liner illumine ses joues et d\u00e9clenche des berceuses apaisantes pour une atmosph\u00e8re propice au sommeil. Choisissez le mode sonore et lumineux ou uniquement lumineux, r\u00e9glez le volume et b\u00e9b\u00e9 plongera vite dans les bras de Morph\u00e9e tout en c\u00e2linant encore et...","og_url":"https:\/\/infini-fun.com\/us\/nos-jouets\/huggy-plush\/","og_site_name":"KD Kids InfiniFun US","og_image":[{"width":1428,"height":1530,"url":"https:\/\/infini-fun.com\/us\/wp-content\/uploads\/sites\/5\/2017\/09\/I16200_VISUALwebsite_.png","type":"image\/png"}],"twitter_card":"summary_large_image","twitter_misc":{"Dur\u00e9e de lecture estim\u00e9e":"1 minute"},"schema":{"@context":"https:\/\/schema.org","@graph":[{"@type":"WebPage","@id":"https:\/\/infini-fun.com\/us\/nos-jouets\/huggy-plush\/","url":"https:\/\/infini-fun.com\/us\/nos-jouets\/huggy-plush\/","name":"Ma Peluche \u00e0 C\u00e2lins - KD Kids InfiniFun US","isPartOf":{"@id":"https:\/\/infini-fun.com\/us\/#website"},"primaryImageOfPage":{"@id":"https:\/\/infini-fun.com\/us\/nos-jouets\/huggy-plush\/#primaryimage"},"image":{"@id":"https:\/\/infini-fun.com\/us\/nos-jouets\/huggy-plush\/#primaryimage"},"thumbnailUrl":"https:\/\/infini-fun.com\/us\/wp-content\/uploads\/sites\/5\/2017\/09\/I16200_VISUALwebsite_.png","datePublished":"2017-09-18T14:17:27+00:00","breadcrumb":{"@id":"https:\/\/infini-fun.com\/us\/nos-jouets\/huggy-plush\/#breadcrumb"},"inLanguage":"fr-FR","potentialAction":[{"@type":"ReadAction","target":["https:\/\/infini-fun.com\/us\/nos-jouets\/huggy-plush\/"]}]},{"@type":"ImageObject","inLanguage":"fr-FR","@id":"https:\/\/infini-fun.com\/us\/nos-jouets\/huggy-plush\/#primaryimage","url":"https:\/\/infini-fun.com\/us\/wp-content\/uploads\/sites\/5\/2017\/09\/I16200_VISUALwebsite_.png","contentUrl":"https:\/\/infini-fun.com\/us\/wp-content\/uploads\/sites\/5\/2017\/09\/I16200_VISUALwebsite_.png","width":1428,"height":1530},{"@type":"BreadcrumbList","@id":"https:\/\/infini-fun.com\/us\/nos-jouets\/huggy-plush\/#breadcrumb","itemListElement":[{"@type":"ListItem","position":1,"name":"Portada","item":"https:\/\/infini-fun.com\/us\/"},{"@type":"ListItem","position":2,"name":"Nos jouets","item":"https:\/\/infini-fun.com\/us\/nos-jouets\/"},{"@type":"ListItem","position":3,"name":"Ma Peluche \u00e0 C\u00e2lins"}]},{"@type":"WebSite","@id":"https:\/\/infini-fun.com\/us\/#website","url":"https:\/\/infini-fun.com\/us\/","name":"KD Kids InfiniFun US","description":"Introducing Infinifun and Tinyboo","potentialAction":[{"@type":"SearchAction","target":{"@type":"EntryPoint","urlTemplate":"https:\/\/infini-fun.com\/us\/?s={search_term_string}"},"query-input":{"@type":"PropertyValueSpecification","valueRequired":true,"valueName":"search_term_string"}}],"inLanguage":"fr-FR"}]}},"_links":{"self":[{"href":"https:\/\/infini-fun.com\/us\/wp-json\/wp\/v2\/product\/7299","targetHints":{"allow":["GET"]}}],"collection":[{"href":"https:\/\/infini-fun.com\/us\/wp-json\/wp\/v2\/product"}],"about":[{"href":"https:\/\/infini-fun.com\/us\/wp-json\/wp\/v2\/types\/product"}],"wp:featuredmedia":[{"embeddable":true,"href":"https:\/\/infini-fun.com\/us\/wp-json\/wp\/v2\/media\/7437"}],"wp:attachment":[{"href":"https:\/\/infini-fun.com\/us\/wp-json\/wp\/v2\/media?parent=7299"}],"wp:term":[{"taxonomy":"product_brand","embeddable":true,"href":"https:\/\/infini-fun.com\/us\/wp-json\/wp\/v2\/product_brand?post=7299"},{"taxonomy":"product_cat","embeddable":true,"href":"https:\/\/infini-fun.com\/us\/wp-json\/wp\/v2\/product_cat?post=7299"},{"taxonomy":"product_tag","embeddable":true,"href":"https:\/\/infini-fun.com\/us\/wp-json\/wp\/v2\/product_tag?post=7299"}],"curies":[{"name":"wp","href":"https:\/\/api.w.org\/{rel}","templated":true}]}}