{"id":6820,"date":"2017-03-30T12:02:13","date_gmt":"2017-03-30T12:02:13","guid":{"rendered":"http:\/\/kdplanet.com\/fr\/kd-kids\/infinifun\/?post_type=product&amp;p=6820"},"modified":"2017-03-30T12:02:13","modified_gmt":"2017-03-30T12:02:13","slug":"my-peek-a-boo-koala","status":"publish","type":"product","link":"https:\/\/infini-fun.com\/us\/nos-jouets\/my-peek-a-boo-koala\/","title":{"rendered":"Mon Ami le Koala"},"content":{"rendered":"<p>Ce petit koala amusera votre b\u00e9b\u00e9 pendant de nombreuses heures gr\u00e2ce aux multiples activit\u00e9s d&rsquo;\u00e9veil et \u00e0 ses m\u00e9lodies entra\u00eenantes.<\/p>\n<p>Facile \u00e0 manipuler, il encouragera b\u00e9b\u00e9 \u00e0 d\u00e9velopper sa motricit\u00e9 fine et son sens du toucher. Son design riche et color\u00e9, ses nombreux effets sonores et m\u00e9lodies d\u00e9velopperont sa curiosit\u00e9 et son imagination.<\/p>\n<p>Enfin, sa ventouse est id\u00e9ale pour le fixer sur les chaises hautes.<\/p>\n","protected":false},"excerpt":{"rendered":"<p>Ce petit koala amusera votre b\u00e9b\u00e9 pendant de nombreuses heures gr\u00e2ce aux multiples activit\u00e9s d&rsquo;\u00e9veil et \u00e0 ses m\u00e9lodies entra\u00eenantes. Facile \u00e0 manipuler, il encouragera b\u00e9b\u00e9 \u00e0 d\u00e9velopper sa motricit\u00e9 fine et son sens du toucher. Son design riche et color\u00e9, ses nombreux effets sonores et m\u00e9lodies d\u00e9velopperont sa curiosit\u00e9 et son imagination. Enfin, sa&#8230;<\/p>\n","protected":false},"featured_media":7042,"template":"","meta":[],"product_brand":[],"product_cat":[32],"product_tag":[100],"class_list":{"0":"post-6820","1":"product","2":"type-product","3":"status-publish","4":"has-post-thumbnail","6":"product_cat-0-12-mois","7":"product_tag-eveil","8":"pa_developpement-motricite","9":"pa_developpement-toucher","10":"pa_developpement-vue","11":"pa_eveil-curiosite","13":"first","14":"instock","15":"shipping-taxable","16":"product-type-simple"},"yoast_head":"<!-- This site is optimized with the Yoast SEO plugin v27.2 - https:\/\/yoast.com\/product\/yoast-seo-wordpress\/ -->\n<title>Mon Ami le Koala - KD Kids InfiniFun US<\/title>\n<meta name=\"robots\" content=\"noindex, follow, max-snippet:-1, max-image-preview:large, max-video-preview:-1\" \/>\n<meta property=\"og:locale\" content=\"fr_FR\" \/>\n<meta property=\"og:type\" content=\"article\" \/>\n<meta property=\"og:title\" content=\"Mon Ami le Koala - KD Kids InfiniFun US\" \/>\n<meta property=\"og:description\" content=\"Ce petit koala amusera votre b\u00e9b\u00e9 pendant de nombreuses heures gr\u00e2ce aux multiples activit\u00e9s d&rsquo;\u00e9veil et \u00e0 ses m\u00e9lodies entra\u00eenantes. Facile \u00e0 manipuler, il encouragera b\u00e9b\u00e9 \u00e0 d\u00e9velopper sa motricit\u00e9 fine et son sens du toucher. Son design riche et color\u00e9, ses nombreux effets sonores et m\u00e9lodies d\u00e9velopperont sa curiosit\u00e9 et son imagination. Enfin, sa...\" \/>\n<meta property=\"og:url\" content=\"https:\/\/infini-fun.com\/us\/nos-jouets\/my-peek-a-boo-koala\/\" \/>\n<meta property=\"og:site_name\" content=\"KD Kids InfiniFun US\" \/>\n<meta property=\"og:image\" content=\"https:\/\/infini-fun.com\/us\/wp-content\/uploads\/sites\/5\/2017\/04\/S17580GI_KDE_unit_300dpi_170331.png\" \/>\n\t<meta property=\"og:image:width\" content=\"1500\" \/>\n\t<meta property=\"og:image:height\" content=\"1500\" \/>\n\t<meta property=\"og:image:type\" content=\"image\/png\" \/>\n<meta name=\"twitter:card\" content=\"summary_large_image\" \/>\n<meta name=\"twitter:label1\" content=\"Dur\u00e9e de lecture estim\u00e9e\" \/>\n\t<meta name=\"twitter:data1\" content=\"1 minute\" \/>\n<script type=\"application\/ld+json\" class=\"yoast-schema-graph\">{\"@context\":\"https:\/\/schema.org\",\"@graph\":[{\"@type\":\"WebPage\",\"@id\":\"https:\/\/infini-fun.com\/us\/nos-jouets\/my-peek-a-boo-koala\/\",\"url\":\"https:\/\/infini-fun.com\/us\/nos-jouets\/my-peek-a-boo-koala\/\",\"name\":\"Mon Ami le Koala - KD Kids InfiniFun US\",\"isPartOf\":{\"@id\":\"https:\/\/infini-fun.com\/us\/#website\"},\"primaryImageOfPage\":{\"@id\":\"https:\/\/infini-fun.com\/us\/nos-jouets\/my-peek-a-boo-koala\/#primaryimage\"},\"image\":{\"@id\":\"https:\/\/infini-fun.com\/us\/nos-jouets\/my-peek-a-boo-koala\/#primaryimage\"},\"thumbnailUrl\":\"https:\/\/infini-fun.com\/us\/wp-content\/uploads\/sites\/5\/2017\/04\/S17580GI_KDE_unit_300dpi_170331.png\",\"datePublished\":\"2017-03-30T12:02:13+00:00\",\"breadcrumb\":{\"@id\":\"https:\/\/infini-fun.com\/us\/nos-jouets\/my-peek-a-boo-koala\/#breadcrumb\"},\"inLanguage\":\"fr-FR\",\"potentialAction\":[{\"@type\":\"ReadAction\",\"target\":[\"https:\/\/infini-fun.com\/us\/nos-jouets\/my-peek-a-boo-koala\/\"]}]},{\"@type\":\"ImageObject\",\"inLanguage\":\"fr-FR\",\"@id\":\"https:\/\/infini-fun.com\/us\/nos-jouets\/my-peek-a-boo-koala\/#primaryimage\",\"url\":\"https:\/\/infini-fun.com\/us\/wp-content\/uploads\/sites\/5\/2017\/04\/S17580GI_KDE_unit_300dpi_170331.png\",\"contentUrl\":\"https:\/\/infini-fun.com\/us\/wp-content\/uploads\/sites\/5\/2017\/04\/S17580GI_KDE_unit_300dpi_170331.png\",\"width\":1500,\"height\":1500},{\"@type\":\"BreadcrumbList\",\"@id\":\"https:\/\/infini-fun.com\/us\/nos-jouets\/my-peek-a-boo-koala\/#breadcrumb\",\"itemListElement\":[{\"@type\":\"ListItem\",\"position\":1,\"name\":\"Portada\",\"item\":\"https:\/\/infini-fun.com\/us\/\"},{\"@type\":\"ListItem\",\"position\":2,\"name\":\"Nos jouets\",\"item\":\"https:\/\/infini-fun.com\/us\/nos-jouets\/\"},{\"@type\":\"ListItem\",\"position\":3,\"name\":\"Mon Ami le Koala\"}]},{\"@type\":\"WebSite\",\"@id\":\"https:\/\/infini-fun.com\/us\/#website\",\"url\":\"https:\/\/infini-fun.com\/us\/\",\"name\":\"KD Kids InfiniFun US\",\"description\":\"Introducing Infinifun and Tinyboo\",\"potentialAction\":[{\"@type\":\"SearchAction\",\"target\":{\"@type\":\"EntryPoint\",\"urlTemplate\":\"https:\/\/infini-fun.com\/us\/?s={search_term_string}\"},\"query-input\":{\"@type\":\"PropertyValueSpecification\",\"valueRequired\":true,\"valueName\":\"search_term_string\"}}],\"inLanguage\":\"fr-FR\"}]}<\/script>\n<!-- \/ Yoast SEO plugin. -->","yoast_head_json":{"title":"Mon Ami le Koala - KD Kids InfiniFun US","robots":{"index":"noindex","follow":"follow","max-snippet":"max-snippet:-1","max-image-preview":"max-image-preview:large","max-video-preview":"max-video-preview:-1"},"og_locale":"fr_FR","og_type":"article","og_title":"Mon Ami le Koala - KD Kids InfiniFun US","og_description":"Ce petit koala amusera votre b\u00e9b\u00e9 pendant de nombreuses heures gr\u00e2ce aux multiples activit\u00e9s d&rsquo;\u00e9veil et \u00e0 ses m\u00e9lodies entra\u00eenantes. Facile \u00e0 manipuler, il encouragera b\u00e9b\u00e9 \u00e0 d\u00e9velopper sa motricit\u00e9 fine et son sens du toucher. Son design riche et color\u00e9, ses nombreux effets sonores et m\u00e9lodies d\u00e9velopperont sa curiosit\u00e9 et son imagination. Enfin, sa...","og_url":"https:\/\/infini-fun.com\/us\/nos-jouets\/my-peek-a-boo-koala\/","og_site_name":"KD Kids InfiniFun US","og_image":[{"width":1500,"height":1500,"url":"https:\/\/infini-fun.com\/us\/wp-content\/uploads\/sites\/5\/2017\/04\/S17580GI_KDE_unit_300dpi_170331.png","type":"image\/png"}],"twitter_card":"summary_large_image","twitter_misc":{"Dur\u00e9e de lecture estim\u00e9e":"1 minute"},"schema":{"@context":"https:\/\/schema.org","@graph":[{"@type":"WebPage","@id":"https:\/\/infini-fun.com\/us\/nos-jouets\/my-peek-a-boo-koala\/","url":"https:\/\/infini-fun.com\/us\/nos-jouets\/my-peek-a-boo-koala\/","name":"Mon Ami le Koala - KD Kids InfiniFun US","isPartOf":{"@id":"https:\/\/infini-fun.com\/us\/#website"},"primaryImageOfPage":{"@id":"https:\/\/infini-fun.com\/us\/nos-jouets\/my-peek-a-boo-koala\/#primaryimage"},"image":{"@id":"https:\/\/infini-fun.com\/us\/nos-jouets\/my-peek-a-boo-koala\/#primaryimage"},"thumbnailUrl":"https:\/\/infini-fun.com\/us\/wp-content\/uploads\/sites\/5\/2017\/04\/S17580GI_KDE_unit_300dpi_170331.png","datePublished":"2017-03-30T12:02:13+00:00","breadcrumb":{"@id":"https:\/\/infini-fun.com\/us\/nos-jouets\/my-peek-a-boo-koala\/#breadcrumb"},"inLanguage":"fr-FR","potentialAction":[{"@type":"ReadAction","target":["https:\/\/infini-fun.com\/us\/nos-jouets\/my-peek-a-boo-koala\/"]}]},{"@type":"ImageObject","inLanguage":"fr-FR","@id":"https:\/\/infini-fun.com\/us\/nos-jouets\/my-peek-a-boo-koala\/#primaryimage","url":"https:\/\/infini-fun.com\/us\/wp-content\/uploads\/sites\/5\/2017\/04\/S17580GI_KDE_unit_300dpi_170331.png","contentUrl":"https:\/\/infini-fun.com\/us\/wp-content\/uploads\/sites\/5\/2017\/04\/S17580GI_KDE_unit_300dpi_170331.png","width":1500,"height":1500},{"@type":"BreadcrumbList","@id":"https:\/\/infini-fun.com\/us\/nos-jouets\/my-peek-a-boo-koala\/#breadcrumb","itemListElement":[{"@type":"ListItem","position":1,"name":"Portada","item":"https:\/\/infini-fun.com\/us\/"},{"@type":"ListItem","position":2,"name":"Nos jouets","item":"https:\/\/infini-fun.com\/us\/nos-jouets\/"},{"@type":"ListItem","position":3,"name":"Mon Ami le Koala"}]},{"@type":"WebSite","@id":"https:\/\/infini-fun.com\/us\/#website","url":"https:\/\/infini-fun.com\/us\/","name":"KD Kids InfiniFun US","description":"Introducing Infinifun and Tinyboo","potentialAction":[{"@type":"SearchAction","target":{"@type":"EntryPoint","urlTemplate":"https:\/\/infini-fun.com\/us\/?s={search_term_string}"},"query-input":{"@type":"PropertyValueSpecification","valueRequired":true,"valueName":"search_term_string"}}],"inLanguage":"fr-FR"}]}},"_links":{"self":[{"href":"https:\/\/infini-fun.com\/us\/wp-json\/wp\/v2\/product\/6820","targetHints":{"allow":["GET"]}}],"collection":[{"href":"https:\/\/infini-fun.com\/us\/wp-json\/wp\/v2\/product"}],"about":[{"href":"https:\/\/infini-fun.com\/us\/wp-json\/wp\/v2\/types\/product"}],"wp:featuredmedia":[{"embeddable":true,"href":"https:\/\/infini-fun.com\/us\/wp-json\/wp\/v2\/media\/7042"}],"wp:attachment":[{"href":"https:\/\/infini-fun.com\/us\/wp-json\/wp\/v2\/media?parent=6820"}],"wp:term":[{"taxonomy":"product_brand","embeddable":true,"href":"https:\/\/infini-fun.com\/us\/wp-json\/wp\/v2\/product_brand?post=6820"},{"taxonomy":"product_cat","embeddable":true,"href":"https:\/\/infini-fun.com\/us\/wp-json\/wp\/v2\/product_cat?post=6820"},{"taxonomy":"product_tag","embeddable":true,"href":"https:\/\/infini-fun.com\/us\/wp-json\/wp\/v2\/product_tag?post=6820"}],"curies":[{"name":"wp","href":"https:\/\/api.w.org\/{rel}","templated":true}]}}