{"id":6819,"date":"2017-03-30T12:01:21","date_gmt":"2017-03-30T12:01:21","guid":{"rendered":"http:\/\/kdplanet.com\/fr\/kd-kids\/infinifun\/?post_type=product&amp;p=6819"},"modified":"2017-03-30T12:01:21","modified_gmt":"2017-03-30T12:01:21","slug":"ladybirds-family","status":"publish","type":"product","link":"https:\/\/infini-fun.com\/us\/nos-jouets\/ladybirds-family\/","title":{"rendered":"Ma Coccinelle 3en1"},"content":{"rendered":"<p>Amuse-toi avec ces coccinelles 3 en 1 !<\/p>\n<p>Appuie sur la petite coccinelle pour d\u00e9clencher une jolie lumi\u00e8re et des sons rigolos.<\/p>\n<p>Il existe 3 fa\u00e7ons de s&rsquo;amuser avec ces petites coccinelles ; en plus de pouvoir les tirer pour les promener, amuse toi \u00e0 les imbriquer les unes dans les autres ou \u00e0 les empiler !<\/p>\n<p>D\u00e9velopper sa motricit\u00e9 n&rsquo;a jamais \u00e9t\u00e9 aussi amusant !<\/p>\n<ol>\n<li>Empile les coccinelles les unes sur les autres<\/li>\n<li>Embo\u00eete les coccinelles les unes dans les autres<\/li>\n<li>Attache-les ensemble comme un petit train<\/li>\n<\/ol>\n","protected":false},"excerpt":{"rendered":"<p>Amuse-toi avec ces coccinelles 3 en 1 ! Appuie sur la petite coccinelle pour d\u00e9clencher une jolie lumi\u00e8re et des sons rigolos. Il existe 3 fa\u00e7ons de s&rsquo;amuser avec ces petites coccinelles ; en plus de pouvoir les tirer pour les promener, amuse toi \u00e0 les imbriquer les unes dans les autres ou \u00e0 les&#8230;<\/p>\n","protected":false},"featured_media":6959,"template":"","meta":[],"product_brand":[],"product_cat":[32],"product_tag":[100],"class_list":{"0":"post-6819","1":"product","2":"type-product","3":"status-publish","4":"has-post-thumbnail","6":"product_cat-0-12-mois","7":"product_tag-eveil","8":"pa_developpement-motricite","9":"pa_developpement-toucher","10":"pa_eveil-curiosite","12":"first","13":"instock","14":"shipping-taxable","15":"product-type-simple"},"yoast_head":"<!-- This site is optimized with the Yoast SEO plugin v27.2 - https:\/\/yoast.com\/product\/yoast-seo-wordpress\/ -->\n<title>Ma Coccinelle 3en1 - KD Kids InfiniFun US<\/title>\n<meta name=\"robots\" content=\"noindex, follow, max-snippet:-1, max-image-preview:large, max-video-preview:-1\" \/>\n<meta property=\"og:locale\" content=\"fr_FR\" \/>\n<meta property=\"og:type\" content=\"article\" \/>\n<meta property=\"og:title\" content=\"Ma Coccinelle 3en1 - KD Kids InfiniFun US\" \/>\n<meta property=\"og:description\" content=\"Amuse-toi avec ces coccinelles 3 en 1 ! Appuie sur la petite coccinelle pour d\u00e9clencher une jolie lumi\u00e8re et des sons rigolos. Il existe 3 fa\u00e7ons de s&rsquo;amuser avec ces petites coccinelles ; en plus de pouvoir les tirer pour les promener, amuse toi \u00e0 les imbriquer les unes dans les autres ou \u00e0 les...\" \/>\n<meta property=\"og:url\" content=\"https:\/\/infini-fun.com\/us\/nos-jouets\/ladybirds-family\/\" \/>\n<meta property=\"og:site_name\" content=\"KD Kids InfiniFun US\" \/>\n<meta property=\"og:image\" content=\"https:\/\/infini-fun.com\/us\/wp-content\/uploads\/sites\/5\/2017\/03\/S17575_product08_300dpi_170322.png\" \/>\n\t<meta property=\"og:image:width\" content=\"1500\" \/>\n\t<meta property=\"og:image:height\" content=\"1500\" \/>\n\t<meta property=\"og:image:type\" content=\"image\/png\" \/>\n<meta name=\"twitter:card\" content=\"summary_large_image\" \/>\n<meta name=\"twitter:label1\" content=\"Dur\u00e9e de lecture estim\u00e9e\" \/>\n\t<meta name=\"twitter:data1\" content=\"1 minute\" \/>\n<script type=\"application\/ld+json\" class=\"yoast-schema-graph\">{\"@context\":\"https:\/\/schema.org\",\"@graph\":[{\"@type\":\"WebPage\",\"@id\":\"https:\/\/infini-fun.com\/us\/nos-jouets\/ladybirds-family\/\",\"url\":\"https:\/\/infini-fun.com\/us\/nos-jouets\/ladybirds-family\/\",\"name\":\"Ma Coccinelle 3en1 - KD Kids InfiniFun US\",\"isPartOf\":{\"@id\":\"https:\/\/infini-fun.com\/us\/#website\"},\"primaryImageOfPage\":{\"@id\":\"https:\/\/infini-fun.com\/us\/nos-jouets\/ladybirds-family\/#primaryimage\"},\"image\":{\"@id\":\"https:\/\/infini-fun.com\/us\/nos-jouets\/ladybirds-family\/#primaryimage\"},\"thumbnailUrl\":\"https:\/\/infini-fun.com\/us\/wp-content\/uploads\/sites\/5\/2017\/03\/S17575_product08_300dpi_170322.png\",\"datePublished\":\"2017-03-30T12:01:21+00:00\",\"breadcrumb\":{\"@id\":\"https:\/\/infini-fun.com\/us\/nos-jouets\/ladybirds-family\/#breadcrumb\"},\"inLanguage\":\"fr-FR\",\"potentialAction\":[{\"@type\":\"ReadAction\",\"target\":[\"https:\/\/infini-fun.com\/us\/nos-jouets\/ladybirds-family\/\"]}]},{\"@type\":\"ImageObject\",\"inLanguage\":\"fr-FR\",\"@id\":\"https:\/\/infini-fun.com\/us\/nos-jouets\/ladybirds-family\/#primaryimage\",\"url\":\"https:\/\/infini-fun.com\/us\/wp-content\/uploads\/sites\/5\/2017\/03\/S17575_product08_300dpi_170322.png\",\"contentUrl\":\"https:\/\/infini-fun.com\/us\/wp-content\/uploads\/sites\/5\/2017\/03\/S17575_product08_300dpi_170322.png\",\"width\":1500,\"height\":1500},{\"@type\":\"BreadcrumbList\",\"@id\":\"https:\/\/infini-fun.com\/us\/nos-jouets\/ladybirds-family\/#breadcrumb\",\"itemListElement\":[{\"@type\":\"ListItem\",\"position\":1,\"name\":\"Portada\",\"item\":\"https:\/\/infini-fun.com\/us\/\"},{\"@type\":\"ListItem\",\"position\":2,\"name\":\"Nos jouets\",\"item\":\"https:\/\/infini-fun.com\/us\/nos-jouets\/\"},{\"@type\":\"ListItem\",\"position\":3,\"name\":\"Ma Coccinelle 3en1\"}]},{\"@type\":\"WebSite\",\"@id\":\"https:\/\/infini-fun.com\/us\/#website\",\"url\":\"https:\/\/infini-fun.com\/us\/\",\"name\":\"KD Kids InfiniFun US\",\"description\":\"Introducing Infinifun and Tinyboo\",\"potentialAction\":[{\"@type\":\"SearchAction\",\"target\":{\"@type\":\"EntryPoint\",\"urlTemplate\":\"https:\/\/infini-fun.com\/us\/?s={search_term_string}\"},\"query-input\":{\"@type\":\"PropertyValueSpecification\",\"valueRequired\":true,\"valueName\":\"search_term_string\"}}],\"inLanguage\":\"fr-FR\"}]}<\/script>\n<!-- \/ Yoast SEO plugin. -->","yoast_head_json":{"title":"Ma Coccinelle 3en1 - KD Kids InfiniFun US","robots":{"index":"noindex","follow":"follow","max-snippet":"max-snippet:-1","max-image-preview":"max-image-preview:large","max-video-preview":"max-video-preview:-1"},"og_locale":"fr_FR","og_type":"article","og_title":"Ma Coccinelle 3en1 - KD Kids InfiniFun US","og_description":"Amuse-toi avec ces coccinelles 3 en 1 ! Appuie sur la petite coccinelle pour d\u00e9clencher une jolie lumi\u00e8re et des sons rigolos. Il existe 3 fa\u00e7ons de s&rsquo;amuser avec ces petites coccinelles ; en plus de pouvoir les tirer pour les promener, amuse toi \u00e0 les imbriquer les unes dans les autres ou \u00e0 les...","og_url":"https:\/\/infini-fun.com\/us\/nos-jouets\/ladybirds-family\/","og_site_name":"KD Kids InfiniFun US","og_image":[{"width":1500,"height":1500,"url":"https:\/\/infini-fun.com\/us\/wp-content\/uploads\/sites\/5\/2017\/03\/S17575_product08_300dpi_170322.png","type":"image\/png"}],"twitter_card":"summary_large_image","twitter_misc":{"Dur\u00e9e de lecture estim\u00e9e":"1 minute"},"schema":{"@context":"https:\/\/schema.org","@graph":[{"@type":"WebPage","@id":"https:\/\/infini-fun.com\/us\/nos-jouets\/ladybirds-family\/","url":"https:\/\/infini-fun.com\/us\/nos-jouets\/ladybirds-family\/","name":"Ma Coccinelle 3en1 - KD Kids InfiniFun US","isPartOf":{"@id":"https:\/\/infini-fun.com\/us\/#website"},"primaryImageOfPage":{"@id":"https:\/\/infini-fun.com\/us\/nos-jouets\/ladybirds-family\/#primaryimage"},"image":{"@id":"https:\/\/infini-fun.com\/us\/nos-jouets\/ladybirds-family\/#primaryimage"},"thumbnailUrl":"https:\/\/infini-fun.com\/us\/wp-content\/uploads\/sites\/5\/2017\/03\/S17575_product08_300dpi_170322.png","datePublished":"2017-03-30T12:01:21+00:00","breadcrumb":{"@id":"https:\/\/infini-fun.com\/us\/nos-jouets\/ladybirds-family\/#breadcrumb"},"inLanguage":"fr-FR","potentialAction":[{"@type":"ReadAction","target":["https:\/\/infini-fun.com\/us\/nos-jouets\/ladybirds-family\/"]}]},{"@type":"ImageObject","inLanguage":"fr-FR","@id":"https:\/\/infini-fun.com\/us\/nos-jouets\/ladybirds-family\/#primaryimage","url":"https:\/\/infini-fun.com\/us\/wp-content\/uploads\/sites\/5\/2017\/03\/S17575_product08_300dpi_170322.png","contentUrl":"https:\/\/infini-fun.com\/us\/wp-content\/uploads\/sites\/5\/2017\/03\/S17575_product08_300dpi_170322.png","width":1500,"height":1500},{"@type":"BreadcrumbList","@id":"https:\/\/infini-fun.com\/us\/nos-jouets\/ladybirds-family\/#breadcrumb","itemListElement":[{"@type":"ListItem","position":1,"name":"Portada","item":"https:\/\/infini-fun.com\/us\/"},{"@type":"ListItem","position":2,"name":"Nos jouets","item":"https:\/\/infini-fun.com\/us\/nos-jouets\/"},{"@type":"ListItem","position":3,"name":"Ma Coccinelle 3en1"}]},{"@type":"WebSite","@id":"https:\/\/infini-fun.com\/us\/#website","url":"https:\/\/infini-fun.com\/us\/","name":"KD Kids InfiniFun US","description":"Introducing Infinifun and Tinyboo","potentialAction":[{"@type":"SearchAction","target":{"@type":"EntryPoint","urlTemplate":"https:\/\/infini-fun.com\/us\/?s={search_term_string}"},"query-input":{"@type":"PropertyValueSpecification","valueRequired":true,"valueName":"search_term_string"}}],"inLanguage":"fr-FR"}]}},"_links":{"self":[{"href":"https:\/\/infini-fun.com\/us\/wp-json\/wp\/v2\/product\/6819","targetHints":{"allow":["GET"]}}],"collection":[{"href":"https:\/\/infini-fun.com\/us\/wp-json\/wp\/v2\/product"}],"about":[{"href":"https:\/\/infini-fun.com\/us\/wp-json\/wp\/v2\/types\/product"}],"wp:featuredmedia":[{"embeddable":true,"href":"https:\/\/infini-fun.com\/us\/wp-json\/wp\/v2\/media\/6959"}],"wp:attachment":[{"href":"https:\/\/infini-fun.com\/us\/wp-json\/wp\/v2\/media?parent=6819"}],"wp:term":[{"taxonomy":"product_brand","embeddable":true,"href":"https:\/\/infini-fun.com\/us\/wp-json\/wp\/v2\/product_brand?post=6819"},{"taxonomy":"product_cat","embeddable":true,"href":"https:\/\/infini-fun.com\/us\/wp-json\/wp\/v2\/product_cat?post=6819"},{"taxonomy":"product_tag","embeddable":true,"href":"https:\/\/infini-fun.com\/us\/wp-json\/wp\/v2\/product_tag?post=6819"}],"curies":[{"name":"wp","href":"https:\/\/api.w.org\/{rel}","templated":true}]}}