{"id":6423,"date":"2017-03-02T15:39:48","date_gmt":"2017-03-02T15:39:48","guid":{"rendered":"http:\/\/kdplanet.com\/fr\/kd-kids\/infinifun\/?product=jazzy-jay-the-trumpet"},"modified":"2017-03-02T15:39:48","modified_gmt":"2017-03-02T15:39:48","slug":"jazzy-jay-the-trumpet","status":"publish","type":"product","link":"https:\/\/infini-fun.com\/us\/nos-jouets\/jazzy-jay-the-trumpet\/","title":{"rendered":"La Trompette perd la T\u00eate"},"content":{"rendered":"<p>Deviens toi aussi un grand musicien avec ta superbe trompette !<\/p>\n<p>Quand tu lui ouvres la bouche, elle se met \u00e0 chanter ! Appuie sur les boutons pour faire ta propre composition musicale !<\/p>\n<p>Prise en main facile pour les enfants gr\u00e2ce \u00e0 sa poign\u00e9e !<\/p>\n","protected":false},"excerpt":{"rendered":"<p>Deviens toi aussi un grand musicien avec ta superbe trompette ! Quand tu lui ouvres la bouche, elle se met \u00e0 chanter ! Appuie sur les boutons pour faire ta propre composition musicale ! Prise en main facile pour les enfants gr\u00e2ce \u00e0 sa poign\u00e9e !<\/p>\n","protected":false},"featured_media":6920,"template":"","meta":[],"product_brand":[],"product_cat":[32],"product_tag":[100],"class_list":{"0":"post-6423","1":"product","2":"type-product","3":"status-publish","4":"has-post-thumbnail","6":"product_cat-0-12-mois","7":"product_tag-eveil","8":"pa_apprentissages-instruments-de-musique","9":"pa_developpement-ecoute","10":"pa_developpement-motricite","11":"pa_developpement-souffle","12":"pa_eveil-curiosite","13":"pa_eveil-imagination","15":"first","16":"instock","17":"product-type-simple"},"yoast_head":"<!-- This site is optimized with the Yoast SEO plugin v27.2 - https:\/\/yoast.com\/product\/yoast-seo-wordpress\/ -->\n<title>La Trompette perd la T\u00eate - KD Kids InfiniFun US<\/title>\n<meta name=\"robots\" content=\"noindex, follow, max-snippet:-1, max-image-preview:large, max-video-preview:-1\" \/>\n<meta property=\"og:locale\" content=\"fr_FR\" \/>\n<meta property=\"og:type\" content=\"article\" \/>\n<meta property=\"og:title\" content=\"La Trompette perd la T\u00eate - KD Kids InfiniFun US\" \/>\n<meta property=\"og:description\" content=\"Deviens toi aussi un grand musicien avec ta superbe trompette ! Quand tu lui ouvres la bouche, elle se met \u00e0 chanter ! Appuie sur les boutons pour faire ta propre composition musicale ! Prise en main facile pour les enfants gr\u00e2ce \u00e0 sa poign\u00e9e !\" \/>\n<meta property=\"og:url\" content=\"https:\/\/infini-fun.com\/us\/nos-jouets\/jazzy-jay-the-trumpet\/\" \/>\n<meta property=\"og:site_name\" content=\"KD Kids InfiniFun US\" \/>\n<meta property=\"og:image\" content=\"https:\/\/infini-fun.com\/us\/wp-content\/uploads\/sites\/5\/2017\/03\/S1182_170216.250.png\" \/>\n\t<meta property=\"og:image:width\" content=\"1500\" \/>\n\t<meta property=\"og:image:height\" content=\"1500\" \/>\n\t<meta property=\"og:image:type\" content=\"image\/png\" \/>\n<meta name=\"twitter:card\" content=\"summary_large_image\" \/>\n<meta name=\"twitter:label1\" content=\"Dur\u00e9e de lecture estim\u00e9e\" \/>\n\t<meta name=\"twitter:data1\" content=\"1 minute\" \/>\n<script type=\"application\/ld+json\" class=\"yoast-schema-graph\">{\"@context\":\"https:\/\/schema.org\",\"@graph\":[{\"@type\":\"WebPage\",\"@id\":\"https:\/\/infini-fun.com\/us\/nos-jouets\/jazzy-jay-the-trumpet\/\",\"url\":\"https:\/\/infini-fun.com\/us\/nos-jouets\/jazzy-jay-the-trumpet\/\",\"name\":\"La Trompette perd la T\u00eate - KD Kids InfiniFun US\",\"isPartOf\":{\"@id\":\"https:\/\/infini-fun.com\/us\/#website\"},\"primaryImageOfPage\":{\"@id\":\"https:\/\/infini-fun.com\/us\/nos-jouets\/jazzy-jay-the-trumpet\/#primaryimage\"},\"image\":{\"@id\":\"https:\/\/infini-fun.com\/us\/nos-jouets\/jazzy-jay-the-trumpet\/#primaryimage\"},\"thumbnailUrl\":\"https:\/\/infini-fun.com\/us\/wp-content\/uploads\/sites\/5\/2017\/03\/S1182_170216.250.png\",\"datePublished\":\"2017-03-02T15:39:48+00:00\",\"breadcrumb\":{\"@id\":\"https:\/\/infini-fun.com\/us\/nos-jouets\/jazzy-jay-the-trumpet\/#breadcrumb\"},\"inLanguage\":\"fr-FR\",\"potentialAction\":[{\"@type\":\"ReadAction\",\"target\":[\"https:\/\/infini-fun.com\/us\/nos-jouets\/jazzy-jay-the-trumpet\/\"]}]},{\"@type\":\"ImageObject\",\"inLanguage\":\"fr-FR\",\"@id\":\"https:\/\/infini-fun.com\/us\/nos-jouets\/jazzy-jay-the-trumpet\/#primaryimage\",\"url\":\"https:\/\/infini-fun.com\/us\/wp-content\/uploads\/sites\/5\/2017\/03\/S1182_170216.250.png\",\"contentUrl\":\"https:\/\/infini-fun.com\/us\/wp-content\/uploads\/sites\/5\/2017\/03\/S1182_170216.250.png\",\"width\":1500,\"height\":1500},{\"@type\":\"BreadcrumbList\",\"@id\":\"https:\/\/infini-fun.com\/us\/nos-jouets\/jazzy-jay-the-trumpet\/#breadcrumb\",\"itemListElement\":[{\"@type\":\"ListItem\",\"position\":1,\"name\":\"Portada\",\"item\":\"https:\/\/infini-fun.com\/us\/\"},{\"@type\":\"ListItem\",\"position\":2,\"name\":\"Nos jouets\",\"item\":\"https:\/\/infini-fun.com\/us\/nos-jouets\/\"},{\"@type\":\"ListItem\",\"position\":3,\"name\":\"La Trompette perd la T\u00eate\"}]},{\"@type\":\"WebSite\",\"@id\":\"https:\/\/infini-fun.com\/us\/#website\",\"url\":\"https:\/\/infini-fun.com\/us\/\",\"name\":\"KD Kids InfiniFun US\",\"description\":\"Introducing Infinifun and Tinyboo\",\"potentialAction\":[{\"@type\":\"SearchAction\",\"target\":{\"@type\":\"EntryPoint\",\"urlTemplate\":\"https:\/\/infini-fun.com\/us\/?s={search_term_string}\"},\"query-input\":{\"@type\":\"PropertyValueSpecification\",\"valueRequired\":true,\"valueName\":\"search_term_string\"}}],\"inLanguage\":\"fr-FR\"}]}<\/script>\n<!-- \/ Yoast SEO plugin. -->","yoast_head_json":{"title":"La Trompette perd la T\u00eate - KD Kids InfiniFun US","robots":{"index":"noindex","follow":"follow","max-snippet":"max-snippet:-1","max-image-preview":"max-image-preview:large","max-video-preview":"max-video-preview:-1"},"og_locale":"fr_FR","og_type":"article","og_title":"La Trompette perd la T\u00eate - KD Kids InfiniFun US","og_description":"Deviens toi aussi un grand musicien avec ta superbe trompette ! Quand tu lui ouvres la bouche, elle se met \u00e0 chanter ! Appuie sur les boutons pour faire ta propre composition musicale ! Prise en main facile pour les enfants gr\u00e2ce \u00e0 sa poign\u00e9e !","og_url":"https:\/\/infini-fun.com\/us\/nos-jouets\/jazzy-jay-the-trumpet\/","og_site_name":"KD Kids InfiniFun US","og_image":[{"width":1500,"height":1500,"url":"https:\/\/infini-fun.com\/us\/wp-content\/uploads\/sites\/5\/2017\/03\/S1182_170216.250.png","type":"image\/png"}],"twitter_card":"summary_large_image","twitter_misc":{"Dur\u00e9e de lecture estim\u00e9e":"1 minute"},"schema":{"@context":"https:\/\/schema.org","@graph":[{"@type":"WebPage","@id":"https:\/\/infini-fun.com\/us\/nos-jouets\/jazzy-jay-the-trumpet\/","url":"https:\/\/infini-fun.com\/us\/nos-jouets\/jazzy-jay-the-trumpet\/","name":"La Trompette perd la T\u00eate - KD Kids InfiniFun US","isPartOf":{"@id":"https:\/\/infini-fun.com\/us\/#website"},"primaryImageOfPage":{"@id":"https:\/\/infini-fun.com\/us\/nos-jouets\/jazzy-jay-the-trumpet\/#primaryimage"},"image":{"@id":"https:\/\/infini-fun.com\/us\/nos-jouets\/jazzy-jay-the-trumpet\/#primaryimage"},"thumbnailUrl":"https:\/\/infini-fun.com\/us\/wp-content\/uploads\/sites\/5\/2017\/03\/S1182_170216.250.png","datePublished":"2017-03-02T15:39:48+00:00","breadcrumb":{"@id":"https:\/\/infini-fun.com\/us\/nos-jouets\/jazzy-jay-the-trumpet\/#breadcrumb"},"inLanguage":"fr-FR","potentialAction":[{"@type":"ReadAction","target":["https:\/\/infini-fun.com\/us\/nos-jouets\/jazzy-jay-the-trumpet\/"]}]},{"@type":"ImageObject","inLanguage":"fr-FR","@id":"https:\/\/infini-fun.com\/us\/nos-jouets\/jazzy-jay-the-trumpet\/#primaryimage","url":"https:\/\/infini-fun.com\/us\/wp-content\/uploads\/sites\/5\/2017\/03\/S1182_170216.250.png","contentUrl":"https:\/\/infini-fun.com\/us\/wp-content\/uploads\/sites\/5\/2017\/03\/S1182_170216.250.png","width":1500,"height":1500},{"@type":"BreadcrumbList","@id":"https:\/\/infini-fun.com\/us\/nos-jouets\/jazzy-jay-the-trumpet\/#breadcrumb","itemListElement":[{"@type":"ListItem","position":1,"name":"Portada","item":"https:\/\/infini-fun.com\/us\/"},{"@type":"ListItem","position":2,"name":"Nos jouets","item":"https:\/\/infini-fun.com\/us\/nos-jouets\/"},{"@type":"ListItem","position":3,"name":"La Trompette perd la T\u00eate"}]},{"@type":"WebSite","@id":"https:\/\/infini-fun.com\/us\/#website","url":"https:\/\/infini-fun.com\/us\/","name":"KD Kids InfiniFun US","description":"Introducing Infinifun and Tinyboo","potentialAction":[{"@type":"SearchAction","target":{"@type":"EntryPoint","urlTemplate":"https:\/\/infini-fun.com\/us\/?s={search_term_string}"},"query-input":{"@type":"PropertyValueSpecification","valueRequired":true,"valueName":"search_term_string"}}],"inLanguage":"fr-FR"}]}},"_links":{"self":[{"href":"https:\/\/infini-fun.com\/us\/wp-json\/wp\/v2\/product\/6423","targetHints":{"allow":["GET"]}}],"collection":[{"href":"https:\/\/infini-fun.com\/us\/wp-json\/wp\/v2\/product"}],"about":[{"href":"https:\/\/infini-fun.com\/us\/wp-json\/wp\/v2\/types\/product"}],"wp:featuredmedia":[{"embeddable":true,"href":"https:\/\/infini-fun.com\/us\/wp-json\/wp\/v2\/media\/6920"}],"wp:attachment":[{"href":"https:\/\/infini-fun.com\/us\/wp-json\/wp\/v2\/media?parent=6423"}],"wp:term":[{"taxonomy":"product_brand","embeddable":true,"href":"https:\/\/infini-fun.com\/us\/wp-json\/wp\/v2\/product_brand?post=6423"},{"taxonomy":"product_cat","embeddable":true,"href":"https:\/\/infini-fun.com\/us\/wp-json\/wp\/v2\/product_cat?post=6423"},{"taxonomy":"product_tag","embeddable":true,"href":"https:\/\/infini-fun.com\/us\/wp-json\/wp\/v2\/product_tag?post=6423"}],"curies":[{"name":"wp","href":"https:\/\/api.w.org\/{rel}","templated":true}]}}