{"id":6416,"date":"2017-03-02T15:39:48","date_gmt":"2017-03-02T15:39:48","guid":{"rendered":"http:\/\/kdplanet.com\/fr\/kd-kids\/infinifun\/?product=fun-play-tablet"},"modified":"2017-03-02T15:39:48","modified_gmt":"2017-03-02T15:39:48","slug":"fun-play-tablet","status":"publish","type":"product","link":"https:\/\/infini-fun.com\/us\/nos-jouets\/fun-play-tablet\/","title":{"rendered":"Ma premi\u00e8re tablette"},"content":{"rendered":"<p>Votre tout-petit va adorer faire comme les grands avec sa premi\u00e8re tablette \u00e9ducative !<\/p>\n<p>Gr\u00e2ce au mode d\u00e9couverte et au mode quiz, il apprend \u00e0 son rythme les premi\u00e8res lettres, les couleurs, les formes, les chiffres, les animaux et les instruments de musique.<br \/>\nLa fonction bilingue l\u2019\u00e9veille \u00e0 une nouvelle langue tout en s\u2019amusant.<\/p>\n<p>Pr\u00e9parez-vous, il n\u2019a pas fini de vous \u00e9pater !<\/p>\n<ul>\n<li>D\u00e9couvre les lettres, les animaux, les couleurs et bien plus encore !<\/li>\n<li>45 questions pour tester les apprentissages<\/li>\n<li>Initiation \u00e0 l&rsquo;anglais<\/li>\n<\/ul>\n","protected":false},"excerpt":{"rendered":"<p>Votre tout-petit va adorer faire comme les grands avec sa premi\u00e8re tablette \u00e9ducative ! Gr\u00e2ce au mode d\u00e9couverte et au mode quiz, il apprend \u00e0 son rythme les premi\u00e8res lettres, les couleurs, les formes, les chiffres, les animaux et les instruments de musique. La fonction bilingue l\u2019\u00e9veille \u00e0 une nouvelle langue tout en s\u2019amusant. Pr\u00e9parez-vous,&#8230;<\/p>\n","protected":false},"featured_media":7172,"template":"","meta":[],"product_brand":[],"product_cat":[40],"product_tag":[104],"class_list":{"0":"post-6416","1":"product","2":"type-product","3":"status-publish","4":"has-post-thumbnail","6":"product_cat-12-24-mois","7":"product_tag-imitation","8":"pa_apprentissages-animaux","9":"pa_apprentissages-chiffres","10":"pa_apprentissages-couleurs","11":"pa_apprentissages-formes","12":"pa_apprentissages-instruments-de-musique","13":"pa_apprentissages-lettres","14":"pa_developpement-langage","15":"pa_eveil-concentration","16":"pa_eveil-curiosite","18":"first","19":"instock","20":"downloadable","21":"product-type-simple"},"yoast_head":"<!-- This site is optimized with the Yoast SEO plugin v27.2 - https:\/\/yoast.com\/product\/yoast-seo-wordpress\/ -->\n<title>Ma premi\u00e8re tablette - KD Kids InfiniFun US<\/title>\n<meta name=\"robots\" content=\"noindex, follow, max-snippet:-1, max-image-preview:large, max-video-preview:-1\" \/>\n<meta property=\"og:locale\" content=\"fr_FR\" \/>\n<meta property=\"og:type\" content=\"article\" \/>\n<meta property=\"og:title\" content=\"Ma premi\u00e8re tablette - KD Kids InfiniFun US\" \/>\n<meta property=\"og:description\" content=\"Votre tout-petit va adorer faire comme les grands avec sa premi\u00e8re tablette \u00e9ducative ! Gr\u00e2ce au mode d\u00e9couverte et au mode quiz, il apprend \u00e0 son rythme les premi\u00e8res lettres, les couleurs, les formes, les chiffres, les animaux et les instruments de musique. La fonction bilingue l\u2019\u00e9veille \u00e0 une nouvelle langue tout en s\u2019amusant. Pr\u00e9parez-vous,...\" \/>\n<meta property=\"og:url\" content=\"https:\/\/infini-fun.com\/us\/nos-jouets\/fun-play-tablet\/\" \/>\n<meta property=\"og:site_name\" content=\"KD Kids InfiniFun US\" \/>\n<meta property=\"og:image\" content=\"https:\/\/infini-fun.com\/us\/wp-content\/uploads\/sites\/5\/2017\/03\/S1146US_KD_unit_170521.png\" \/>\n\t<meta property=\"og:image:width\" content=\"2362\" \/>\n\t<meta property=\"og:image:height\" content=\"2057\" \/>\n\t<meta property=\"og:image:type\" content=\"image\/png\" \/>\n<meta name=\"twitter:card\" content=\"summary_large_image\" \/>\n<meta name=\"twitter:label1\" content=\"Dur\u00e9e de lecture estim\u00e9e\" \/>\n\t<meta name=\"twitter:data1\" content=\"1 minute\" \/>\n<script type=\"application\/ld+json\" class=\"yoast-schema-graph\">{\"@context\":\"https:\/\/schema.org\",\"@graph\":[{\"@type\":\"WebPage\",\"@id\":\"https:\/\/infini-fun.com\/us\/nos-jouets\/fun-play-tablet\/\",\"url\":\"https:\/\/infini-fun.com\/us\/nos-jouets\/fun-play-tablet\/\",\"name\":\"Ma premi\u00e8re tablette - KD Kids InfiniFun US\",\"isPartOf\":{\"@id\":\"https:\/\/infini-fun.com\/us\/#website\"},\"primaryImageOfPage\":{\"@id\":\"https:\/\/infini-fun.com\/us\/nos-jouets\/fun-play-tablet\/#primaryimage\"},\"image\":{\"@id\":\"https:\/\/infini-fun.com\/us\/nos-jouets\/fun-play-tablet\/#primaryimage\"},\"thumbnailUrl\":\"https:\/\/infini-fun.com\/us\/wp-content\/uploads\/sites\/5\/2017\/03\/S1146US_KD_unit_170521.png\",\"datePublished\":\"2017-03-02T15:39:48+00:00\",\"breadcrumb\":{\"@id\":\"https:\/\/infini-fun.com\/us\/nos-jouets\/fun-play-tablet\/#breadcrumb\"},\"inLanguage\":\"fr-FR\",\"potentialAction\":[{\"@type\":\"ReadAction\",\"target\":[\"https:\/\/infini-fun.com\/us\/nos-jouets\/fun-play-tablet\/\"]}]},{\"@type\":\"ImageObject\",\"inLanguage\":\"fr-FR\",\"@id\":\"https:\/\/infini-fun.com\/us\/nos-jouets\/fun-play-tablet\/#primaryimage\",\"url\":\"https:\/\/infini-fun.com\/us\/wp-content\/uploads\/sites\/5\/2017\/03\/S1146US_KD_unit_170521.png\",\"contentUrl\":\"https:\/\/infini-fun.com\/us\/wp-content\/uploads\/sites\/5\/2017\/03\/S1146US_KD_unit_170521.png\",\"width\":2362,\"height\":2057},{\"@type\":\"BreadcrumbList\",\"@id\":\"https:\/\/infini-fun.com\/us\/nos-jouets\/fun-play-tablet\/#breadcrumb\",\"itemListElement\":[{\"@type\":\"ListItem\",\"position\":1,\"name\":\"Portada\",\"item\":\"https:\/\/infini-fun.com\/us\/\"},{\"@type\":\"ListItem\",\"position\":2,\"name\":\"Nos jouets\",\"item\":\"https:\/\/infini-fun.com\/us\/nos-jouets\/\"},{\"@type\":\"ListItem\",\"position\":3,\"name\":\"Ma premi\u00e8re tablette\"}]},{\"@type\":\"WebSite\",\"@id\":\"https:\/\/infini-fun.com\/us\/#website\",\"url\":\"https:\/\/infini-fun.com\/us\/\",\"name\":\"KD Kids InfiniFun US\",\"description\":\"Introducing Infinifun and Tinyboo\",\"potentialAction\":[{\"@type\":\"SearchAction\",\"target\":{\"@type\":\"EntryPoint\",\"urlTemplate\":\"https:\/\/infini-fun.com\/us\/?s={search_term_string}\"},\"query-input\":{\"@type\":\"PropertyValueSpecification\",\"valueRequired\":true,\"valueName\":\"search_term_string\"}}],\"inLanguage\":\"fr-FR\"}]}<\/script>\n<!-- \/ Yoast SEO plugin. -->","yoast_head_json":{"title":"Ma premi\u00e8re tablette - KD Kids InfiniFun US","robots":{"index":"noindex","follow":"follow","max-snippet":"max-snippet:-1","max-image-preview":"max-image-preview:large","max-video-preview":"max-video-preview:-1"},"og_locale":"fr_FR","og_type":"article","og_title":"Ma premi\u00e8re tablette - KD Kids InfiniFun US","og_description":"Votre tout-petit va adorer faire comme les grands avec sa premi\u00e8re tablette \u00e9ducative ! Gr\u00e2ce au mode d\u00e9couverte et au mode quiz, il apprend \u00e0 son rythme les premi\u00e8res lettres, les couleurs, les formes, les chiffres, les animaux et les instruments de musique. La fonction bilingue l\u2019\u00e9veille \u00e0 une nouvelle langue tout en s\u2019amusant. Pr\u00e9parez-vous,...","og_url":"https:\/\/infini-fun.com\/us\/nos-jouets\/fun-play-tablet\/","og_site_name":"KD Kids InfiniFun US","og_image":[{"width":2362,"height":2057,"url":"https:\/\/infini-fun.com\/us\/wp-content\/uploads\/sites\/5\/2017\/03\/S1146US_KD_unit_170521.png","type":"image\/png"}],"twitter_card":"summary_large_image","twitter_misc":{"Dur\u00e9e de lecture estim\u00e9e":"1 minute"},"schema":{"@context":"https:\/\/schema.org","@graph":[{"@type":"WebPage","@id":"https:\/\/infini-fun.com\/us\/nos-jouets\/fun-play-tablet\/","url":"https:\/\/infini-fun.com\/us\/nos-jouets\/fun-play-tablet\/","name":"Ma premi\u00e8re tablette - KD Kids InfiniFun US","isPartOf":{"@id":"https:\/\/infini-fun.com\/us\/#website"},"primaryImageOfPage":{"@id":"https:\/\/infini-fun.com\/us\/nos-jouets\/fun-play-tablet\/#primaryimage"},"image":{"@id":"https:\/\/infini-fun.com\/us\/nos-jouets\/fun-play-tablet\/#primaryimage"},"thumbnailUrl":"https:\/\/infini-fun.com\/us\/wp-content\/uploads\/sites\/5\/2017\/03\/S1146US_KD_unit_170521.png","datePublished":"2017-03-02T15:39:48+00:00","breadcrumb":{"@id":"https:\/\/infini-fun.com\/us\/nos-jouets\/fun-play-tablet\/#breadcrumb"},"inLanguage":"fr-FR","potentialAction":[{"@type":"ReadAction","target":["https:\/\/infini-fun.com\/us\/nos-jouets\/fun-play-tablet\/"]}]},{"@type":"ImageObject","inLanguage":"fr-FR","@id":"https:\/\/infini-fun.com\/us\/nos-jouets\/fun-play-tablet\/#primaryimage","url":"https:\/\/infini-fun.com\/us\/wp-content\/uploads\/sites\/5\/2017\/03\/S1146US_KD_unit_170521.png","contentUrl":"https:\/\/infini-fun.com\/us\/wp-content\/uploads\/sites\/5\/2017\/03\/S1146US_KD_unit_170521.png","width":2362,"height":2057},{"@type":"BreadcrumbList","@id":"https:\/\/infini-fun.com\/us\/nos-jouets\/fun-play-tablet\/#breadcrumb","itemListElement":[{"@type":"ListItem","position":1,"name":"Portada","item":"https:\/\/infini-fun.com\/us\/"},{"@type":"ListItem","position":2,"name":"Nos jouets","item":"https:\/\/infini-fun.com\/us\/nos-jouets\/"},{"@type":"ListItem","position":3,"name":"Ma premi\u00e8re tablette"}]},{"@type":"WebSite","@id":"https:\/\/infini-fun.com\/us\/#website","url":"https:\/\/infini-fun.com\/us\/","name":"KD Kids InfiniFun US","description":"Introducing Infinifun and Tinyboo","potentialAction":[{"@type":"SearchAction","target":{"@type":"EntryPoint","urlTemplate":"https:\/\/infini-fun.com\/us\/?s={search_term_string}"},"query-input":{"@type":"PropertyValueSpecification","valueRequired":true,"valueName":"search_term_string"}}],"inLanguage":"fr-FR"}]}},"_links":{"self":[{"href":"https:\/\/infini-fun.com\/us\/wp-json\/wp\/v2\/product\/6416","targetHints":{"allow":["GET"]}}],"collection":[{"href":"https:\/\/infini-fun.com\/us\/wp-json\/wp\/v2\/product"}],"about":[{"href":"https:\/\/infini-fun.com\/us\/wp-json\/wp\/v2\/types\/product"}],"wp:featuredmedia":[{"embeddable":true,"href":"https:\/\/infini-fun.com\/us\/wp-json\/wp\/v2\/media\/7172"}],"wp:attachment":[{"href":"https:\/\/infini-fun.com\/us\/wp-json\/wp\/v2\/media?parent=6416"}],"wp:term":[{"taxonomy":"product_brand","embeddable":true,"href":"https:\/\/infini-fun.com\/us\/wp-json\/wp\/v2\/product_brand?post=6416"},{"taxonomy":"product_cat","embeddable":true,"href":"https:\/\/infini-fun.com\/us\/wp-json\/wp\/v2\/product_cat?post=6416"},{"taxonomy":"product_tag","embeddable":true,"href":"https:\/\/infini-fun.com\/us\/wp-json\/wp\/v2\/product_tag?post=6416"}],"curies":[{"name":"wp","href":"https:\/\/api.w.org\/{rel}","templated":true}]}}