{"id":6414,"date":"2017-03-02T15:39:48","date_gmt":"2017-03-02T15:39:48","guid":{"rendered":"http:\/\/kdplanet.com\/fr\/kd-kids\/infinifun\/?product=my-smartphone"},"modified":"2017-03-02T15:39:48","modified_gmt":"2017-03-02T15:39:48","slug":"my-smartphone","status":"publish","type":"product","link":"https:\/\/infini-fun.com\/us\/nos-jouets\/my-smartphone\/","title":{"rendered":"Mon Touch Phone bilingue"},"content":{"rendered":"<p>Votre tout-petit va adorer faire comme les grands ! Surprenez-le \u00e0 vous imiter gr\u00e2ce \u00e0 son Touch Phone et \u00e0 sa fonction de rappel automatique.<\/p>\n<p>Via le mode d\u00e9couverte, il apprend \u00e0 son rythme les chiffres, les couleurs et tout sur ses animaux pr\u00e9f\u00e9r\u00e9s !<\/p>\n<p>Avec la fonction bilingue, votre tout-petit s&rsquo;\u00e9veille \u00e0 une nouvelle langue tout en s&rsquo;amusant.<\/p>\n<p>Pr\u00e9parez-vous, il n&rsquo;a pas fini de vous \u00e9pater !<\/p>\n<ul>\n<li>4 modes de jeu<\/li>\n<li>Initiation \u00e0 l&rsquo;anglais<\/li>\n<li>Effet lumineux<\/li>\n<\/ul>\n","protected":false},"excerpt":{"rendered":"<p>Votre tout-petit va adorer faire comme les grands ! Surprenez-le \u00e0 vous imiter gr\u00e2ce \u00e0 son Touch Phone et \u00e0 sa fonction de rappel automatique. Via le mode d\u00e9couverte, il apprend \u00e0 son rythme les chiffres, les couleurs et tout sur ses animaux pr\u00e9f\u00e9r\u00e9s ! Avec la fonction bilingue, votre tout-petit s&rsquo;\u00e9veille \u00e0 une nouvelle&#8230;<\/p>\n","protected":false},"featured_media":8720,"template":"","meta":[],"product_brand":[],"product_cat":[40],"product_tag":[104],"class_list":{"0":"post-6414","1":"product","2":"type-product","3":"status-publish","4":"has-post-thumbnail","6":"product_cat-12-24-mois","7":"product_tag-imitation","8":"pa_apprentissages-animaux","9":"pa_apprentissages-chiffres","10":"pa_apprentissages-couleurs","11":"pa_developpement-langage","12":"pa_developpement-motricite","13":"pa_eveil-imagination","15":"first","16":"instock","17":"downloadable","18":"product-type-simple"},"yoast_head":"<!-- This site is optimized with the Yoast SEO plugin v27.2 - https:\/\/yoast.com\/product\/yoast-seo-wordpress\/ -->\n<title>Mon Touch Phone bilingue - KD Kids InfiniFun US<\/title>\n<meta name=\"robots\" content=\"noindex, follow, max-snippet:-1, max-image-preview:large, max-video-preview:-1\" \/>\n<meta property=\"og:locale\" content=\"fr_FR\" \/>\n<meta property=\"og:type\" content=\"article\" \/>\n<meta property=\"og:title\" content=\"Mon Touch Phone bilingue - KD Kids InfiniFun US\" \/>\n<meta property=\"og:description\" content=\"Votre tout-petit va adorer faire comme les grands ! Surprenez-le \u00e0 vous imiter gr\u00e2ce \u00e0 son Touch Phone et \u00e0 sa fonction de rappel automatique. Via le mode d\u00e9couverte, il apprend \u00e0 son rythme les chiffres, les couleurs et tout sur ses animaux pr\u00e9f\u00e9r\u00e9s ! Avec la fonction bilingue, votre tout-petit s&rsquo;\u00e9veille \u00e0 une nouvelle...\" \/>\n<meta property=\"og:url\" content=\"https:\/\/infini-fun.com\/us\/nos-jouets\/my-smartphone\/\" \/>\n<meta property=\"og:site_name\" content=\"KD Kids InfiniFun US\" \/>\n<meta property=\"og:image\" content=\"https:\/\/infini-fun.com\/us\/wp-content\/uploads\/sites\/5\/2017\/03\/S12550FR_KDFR_Unit_72dpi_180312.png\" \/>\n\t<meta property=\"og:image:width\" content=\"616\" \/>\n\t<meta property=\"og:image:height\" content=\"750\" \/>\n\t<meta property=\"og:image:type\" content=\"image\/png\" \/>\n<meta name=\"twitter:card\" content=\"summary_large_image\" \/>\n<meta name=\"twitter:label1\" content=\"Dur\u00e9e de lecture estim\u00e9e\" \/>\n\t<meta name=\"twitter:data1\" content=\"1 minute\" \/>\n<script type=\"application\/ld+json\" class=\"yoast-schema-graph\">{\"@context\":\"https:\/\/schema.org\",\"@graph\":[{\"@type\":\"WebPage\",\"@id\":\"https:\/\/infini-fun.com\/us\/nos-jouets\/my-smartphone\/\",\"url\":\"https:\/\/infini-fun.com\/us\/nos-jouets\/my-smartphone\/\",\"name\":\"Mon Touch Phone bilingue - KD Kids InfiniFun US\",\"isPartOf\":{\"@id\":\"https:\/\/infini-fun.com\/us\/#website\"},\"primaryImageOfPage\":{\"@id\":\"https:\/\/infini-fun.com\/us\/nos-jouets\/my-smartphone\/#primaryimage\"},\"image\":{\"@id\":\"https:\/\/infini-fun.com\/us\/nos-jouets\/my-smartphone\/#primaryimage\"},\"thumbnailUrl\":\"https:\/\/infini-fun.com\/us\/wp-content\/uploads\/sites\/5\/2017\/03\/S12550FR_KDFR_Unit_72dpi_180312.png\",\"datePublished\":\"2017-03-02T15:39:48+00:00\",\"breadcrumb\":{\"@id\":\"https:\/\/infini-fun.com\/us\/nos-jouets\/my-smartphone\/#breadcrumb\"},\"inLanguage\":\"fr-FR\",\"potentialAction\":[{\"@type\":\"ReadAction\",\"target\":[\"https:\/\/infini-fun.com\/us\/nos-jouets\/my-smartphone\/\"]}]},{\"@type\":\"ImageObject\",\"inLanguage\":\"fr-FR\",\"@id\":\"https:\/\/infini-fun.com\/us\/nos-jouets\/my-smartphone\/#primaryimage\",\"url\":\"https:\/\/infini-fun.com\/us\/wp-content\/uploads\/sites\/5\/2017\/03\/S12550FR_KDFR_Unit_72dpi_180312.png\",\"contentUrl\":\"https:\/\/infini-fun.com\/us\/wp-content\/uploads\/sites\/5\/2017\/03\/S12550FR_KDFR_Unit_72dpi_180312.png\",\"width\":616,\"height\":750},{\"@type\":\"BreadcrumbList\",\"@id\":\"https:\/\/infini-fun.com\/us\/nos-jouets\/my-smartphone\/#breadcrumb\",\"itemListElement\":[{\"@type\":\"ListItem\",\"position\":1,\"name\":\"Portada\",\"item\":\"https:\/\/infini-fun.com\/us\/\"},{\"@type\":\"ListItem\",\"position\":2,\"name\":\"Nos jouets\",\"item\":\"https:\/\/infini-fun.com\/us\/nos-jouets\/\"},{\"@type\":\"ListItem\",\"position\":3,\"name\":\"Mon Touch Phone bilingue\"}]},{\"@type\":\"WebSite\",\"@id\":\"https:\/\/infini-fun.com\/us\/#website\",\"url\":\"https:\/\/infini-fun.com\/us\/\",\"name\":\"KD Kids InfiniFun US\",\"description\":\"Introducing Infinifun and Tinyboo\",\"potentialAction\":[{\"@type\":\"SearchAction\",\"target\":{\"@type\":\"EntryPoint\",\"urlTemplate\":\"https:\/\/infini-fun.com\/us\/?s={search_term_string}\"},\"query-input\":{\"@type\":\"PropertyValueSpecification\",\"valueRequired\":true,\"valueName\":\"search_term_string\"}}],\"inLanguage\":\"fr-FR\"}]}<\/script>\n<!-- \/ Yoast SEO plugin. -->","yoast_head_json":{"title":"Mon Touch Phone bilingue - KD Kids InfiniFun US","robots":{"index":"noindex","follow":"follow","max-snippet":"max-snippet:-1","max-image-preview":"max-image-preview:large","max-video-preview":"max-video-preview:-1"},"og_locale":"fr_FR","og_type":"article","og_title":"Mon Touch Phone bilingue - KD Kids InfiniFun US","og_description":"Votre tout-petit va adorer faire comme les grands ! Surprenez-le \u00e0 vous imiter gr\u00e2ce \u00e0 son Touch Phone et \u00e0 sa fonction de rappel automatique. Via le mode d\u00e9couverte, il apprend \u00e0 son rythme les chiffres, les couleurs et tout sur ses animaux pr\u00e9f\u00e9r\u00e9s ! Avec la fonction bilingue, votre tout-petit s&rsquo;\u00e9veille \u00e0 une nouvelle...","og_url":"https:\/\/infini-fun.com\/us\/nos-jouets\/my-smartphone\/","og_site_name":"KD Kids InfiniFun US","og_image":[{"width":616,"height":750,"url":"https:\/\/infini-fun.com\/us\/wp-content\/uploads\/sites\/5\/2017\/03\/S12550FR_KDFR_Unit_72dpi_180312.png","type":"image\/png"}],"twitter_card":"summary_large_image","twitter_misc":{"Dur\u00e9e de lecture estim\u00e9e":"1 minute"},"schema":{"@context":"https:\/\/schema.org","@graph":[{"@type":"WebPage","@id":"https:\/\/infini-fun.com\/us\/nos-jouets\/my-smartphone\/","url":"https:\/\/infini-fun.com\/us\/nos-jouets\/my-smartphone\/","name":"Mon Touch Phone bilingue - KD Kids InfiniFun US","isPartOf":{"@id":"https:\/\/infini-fun.com\/us\/#website"},"primaryImageOfPage":{"@id":"https:\/\/infini-fun.com\/us\/nos-jouets\/my-smartphone\/#primaryimage"},"image":{"@id":"https:\/\/infini-fun.com\/us\/nos-jouets\/my-smartphone\/#primaryimage"},"thumbnailUrl":"https:\/\/infini-fun.com\/us\/wp-content\/uploads\/sites\/5\/2017\/03\/S12550FR_KDFR_Unit_72dpi_180312.png","datePublished":"2017-03-02T15:39:48+00:00","breadcrumb":{"@id":"https:\/\/infini-fun.com\/us\/nos-jouets\/my-smartphone\/#breadcrumb"},"inLanguage":"fr-FR","potentialAction":[{"@type":"ReadAction","target":["https:\/\/infini-fun.com\/us\/nos-jouets\/my-smartphone\/"]}]},{"@type":"ImageObject","inLanguage":"fr-FR","@id":"https:\/\/infini-fun.com\/us\/nos-jouets\/my-smartphone\/#primaryimage","url":"https:\/\/infini-fun.com\/us\/wp-content\/uploads\/sites\/5\/2017\/03\/S12550FR_KDFR_Unit_72dpi_180312.png","contentUrl":"https:\/\/infini-fun.com\/us\/wp-content\/uploads\/sites\/5\/2017\/03\/S12550FR_KDFR_Unit_72dpi_180312.png","width":616,"height":750},{"@type":"BreadcrumbList","@id":"https:\/\/infini-fun.com\/us\/nos-jouets\/my-smartphone\/#breadcrumb","itemListElement":[{"@type":"ListItem","position":1,"name":"Portada","item":"https:\/\/infini-fun.com\/us\/"},{"@type":"ListItem","position":2,"name":"Nos jouets","item":"https:\/\/infini-fun.com\/us\/nos-jouets\/"},{"@type":"ListItem","position":3,"name":"Mon Touch Phone bilingue"}]},{"@type":"WebSite","@id":"https:\/\/infini-fun.com\/us\/#website","url":"https:\/\/infini-fun.com\/us\/","name":"KD Kids InfiniFun US","description":"Introducing Infinifun and Tinyboo","potentialAction":[{"@type":"SearchAction","target":{"@type":"EntryPoint","urlTemplate":"https:\/\/infini-fun.com\/us\/?s={search_term_string}"},"query-input":{"@type":"PropertyValueSpecification","valueRequired":true,"valueName":"search_term_string"}}],"inLanguage":"fr-FR"}]}},"_links":{"self":[{"href":"https:\/\/infini-fun.com\/us\/wp-json\/wp\/v2\/product\/6414","targetHints":{"allow":["GET"]}}],"collection":[{"href":"https:\/\/infini-fun.com\/us\/wp-json\/wp\/v2\/product"}],"about":[{"href":"https:\/\/infini-fun.com\/us\/wp-json\/wp\/v2\/types\/product"}],"wp:featuredmedia":[{"embeddable":true,"href":"https:\/\/infini-fun.com\/us\/wp-json\/wp\/v2\/media\/8720"}],"wp:attachment":[{"href":"https:\/\/infini-fun.com\/us\/wp-json\/wp\/v2\/media?parent=6414"}],"wp:term":[{"taxonomy":"product_brand","embeddable":true,"href":"https:\/\/infini-fun.com\/us\/wp-json\/wp\/v2\/product_brand?post=6414"},{"taxonomy":"product_cat","embeddable":true,"href":"https:\/\/infini-fun.com\/us\/wp-json\/wp\/v2\/product_cat?post=6414"},{"taxonomy":"product_tag","embeddable":true,"href":"https:\/\/infini-fun.com\/us\/wp-json\/wp\/v2\/product_tag?post=6414"}],"curies":[{"name":"wp","href":"https:\/\/api.w.org\/{rel}","templated":true}]}}