{"id":8470,"date":"2021-04-26T09:58:46","date_gmt":"2021-04-26T09:58:46","guid":{"rendered":"https:\/\/kdplanet.com\/fr\/kd-kids\/infinifun\/?page_id=8470"},"modified":"2021-04-26T09:58:46","modified_gmt":"2021-04-26T09:58:46","slug":"des-questions","status":"publish","type":"page","link":"https:\/\/infini-fun.com\/us\/des-questions\/","title":{"rendered":"Des questions ?"},"content":{"rendered":"<section class=\"l-section wpb_row height_small\"><div class=\"l-section-h i-cf\"><div class=\"g-cols vc_row via_flex valign_top type_default stacking_default\"><div class=\"vc_col-sm-12 wpb_column vc_column_container\"><div class=\"vc_column-inner\"><div class=\"wpb_wrapper\"><div class=\"wpb_text_column\"><div class=\"wpb_wrapper\"><h4 style=\"text-align: right\"><span class=\"infini\">infini<\/span><span class=\"FUN\">FUN<\/span>, Complice de tous les instants<\/h4>\n<p>Chez <span class=\"infini\">infini<\/span><span class=\"FUN\">FUN<\/span>, nous avons \u00e0 c\u0153ur de satisfaire vos attentes.<br \/>\nNous avons donc r\u00e9pertorier dans la FAQ ci-dessous toutes les questions que vous pouvez vous poser !<\/p>\n<\/div><\/div><\/div><\/div><\/div><\/div><\/div><\/section><section class=\"l-section wpb_row height_small\"><div class=\"l-section-h i-cf\"><div class=\"g-cols vc_row via_flex valign_top type_default stacking_default\"><div class=\"vc_col-sm-4 wpb_column vc_column_container\"><div class=\"vc_column-inner\"><div class=\"wpb_wrapper\"><div class=\"w-image style_outlined align_none us_animate_afb\" style=\"animation-delay:1s\"><div class=\"w-image-h\"><img decoding=\"async\" width=\"1024\" height=\"683\" src=\"https:\/\/infini-fun.com\/us\/wp-content\/uploads\/sites\/5\/2021\/04\/FAQ-1024x683.jpg\" class=\"attachment-large size-large\" alt=\"\" loading=\"lazy\" srcset=\"https:\/\/infini-fun.com\/us\/wp-content\/uploads\/sites\/5\/2021\/04\/FAQ-1024x683.jpg 1024w, https:\/\/infini-fun.com\/us\/wp-content\/uploads\/sites\/5\/2021\/04\/FAQ-300x200.jpg 300w, https:\/\/infini-fun.com\/us\/wp-content\/uploads\/sites\/5\/2021\/04\/FAQ-600x400.jpg 600w, https:\/\/infini-fun.com\/us\/wp-content\/uploads\/sites\/5\/2021\/04\/FAQ.jpg 1920w\" sizes=\"auto, (max-width: 1024px) 100vw, 1024px\" \/><\/div><\/div><\/div><\/div><\/div><div class=\"vc_col-sm-8 wpb_column vc_column_container\"><div class=\"vc_column-inner\"><div class=\"wpb_wrapper\"><div class=\"wpb_text_column\"><div class=\"wpb_wrapper\"><h2>Produits<\/h2>\n<\/div><\/div><div class=\"w-tabs style_default switch_click accordion has_scrolling\" style=\"--sections-title-size:1.2rem\"><div class=\"w-tabs-sections titles-align_none icon_chevron cpos_right\"><div class=\"w-tabs-section\" id=\"ia87\"><button class=\"w-tabs-section-header\" aria-controls=\"content-ia87\" aria-expanded=\"false\"><h4 class=\"w-tabs-section-title\">Ou puis-je acheter vos jouets ?<\/h4><div class=\"w-tabs-section-control\"><\/div><\/button><div  class=\"w-tabs-section-content\" id=\"content-ia87\"><div class=\"w-tabs-section-content-h i-cf\"><div class=\"wpb_text_column\"><div class=\"wpb_wrapper\"><p>Vous pouvez retrouver nos jouets dans les magasins de jouets comme King Jouet, Maxitoys, PicWicToys, La grande r\u00e9cr\u00e9. Egalement dans certain magasin alimentaire comme Leclerc. Ou sur Amazon.<\/p>\n<\/div><\/div><\/div><\/div><\/div><div class=\"w-tabs-section\" id=\"mb47\"><button class=\"w-tabs-section-header\" aria-controls=\"content-mb47\" aria-expanded=\"false\"><h4 class=\"w-tabs-section-title\">J\u2019ai un probl\u00e8me avec un jouet, que dois-je faire ?<\/h4><div class=\"w-tabs-section-control\"><\/div><\/button><div  class=\"w-tabs-section-content\" id=\"content-mb47\"><div class=\"w-tabs-section-content-h i-cf\"><div class=\"wpb_text_column\"><div class=\"wpb_wrapper\"><p>Si vous rencontrez un probl\u00e8me li\u00e9e \u00e0 l\u2019utilisation du jouet vous pouvez nous contacter via le formulaire de contact de la page <a href=\"https:\/\/kdplanet.com\/fr\/kd-kids\/infinifun\/contact\/\"><strong>contact<\/strong><\/a>. Dans le cas ou il s\u2019agit d\u2019un probl\u00e8me li\u00e9 \u00e0 la livraison ou l\u2019achat en magasin, veuillez vous adresser au revendeur.<\/p>\n<\/div><\/div><\/div><\/div><\/div><div class=\"w-tabs-section\" id=\"bbd8\"><button class=\"w-tabs-section-header\" aria-controls=\"content-bbd8\" aria-expanded=\"false\"><h4 class=\"w-tabs-section-title\">Comment bien choisir le jouet pour mon enfant ?<\/h4><div class=\"w-tabs-section-control\"><\/div><\/button><div  class=\"w-tabs-section-content\" id=\"content-bbd8\"><div class=\"w-tabs-section-content-h i-cf\"><div class=\"wpb_text_column\"><div class=\"wpb_wrapper\"><p>Il faut toujours vous r\u00e9f\u00e9rer \u00e0 l\u2019\u00e2ge indiqu\u00e9 sur l\u2019emballage car il indique l\u2019\u00e2ge minimum d\u2019utilisation. Si votre enfant a l\u2019\u00e2ge requis, vous pouvez choisir le jouet en fonction de son propre d\u00e9veloppement et de ses int\u00e9r\u00eats.<\/p>\n<\/div><\/div><\/div><\/div><\/div><div class=\"w-tabs-section\" id=\"wc78\"><button class=\"w-tabs-section-header\" aria-controls=\"content-wc78\" aria-expanded=\"false\"><h4 class=\"w-tabs-section-title\">Pour quel \u00e2ge sont destin\u00e9s vos jouets ?<\/h4><div class=\"w-tabs-section-control\"><\/div><\/button><div  class=\"w-tabs-section-content\" id=\"content-wc78\"><div class=\"w-tabs-section-content-h i-cf\"><div class=\"wpb_text_column\"><div class=\"wpb_wrapper\"><p>Chaque jouet dispose d\u2019une indication d\u2019\u00e2ge minimum requis. Si l\u2019enfant a l\u2019\u00e2ge minimum requis, alors le choix se fait en fonction de son propre d\u00e9veloppement et de ses int\u00e9r\u00eats<\/p>\n<\/div><\/div><\/div><\/div><\/div><div class=\"w-tabs-section\" id=\"ad04\"><button class=\"w-tabs-section-header\" aria-controls=\"content-ad04\" aria-expanded=\"false\"><h4 class=\"w-tabs-section-title\">Quelles sont les tests effectu\u00e9s sur vos jouets ?<\/h4><div class=\"w-tabs-section-control\"><\/div><\/button><div  class=\"w-tabs-section-content\" id=\"content-ad04\"><div class=\"w-tabs-section-content-h i-cf\"><div class=\"wpb_text_column\"><div class=\"wpb_wrapper\"><p>Tous nos jouets respectent les normes europ\u00e9ennes du jouet en vigueur.<\/p>\n<\/div><\/div><\/div><\/div><\/div><div class=\"w-tabs-section\" id=\"dd81\"><button class=\"w-tabs-section-header\" aria-controls=\"content-dd81\" aria-expanded=\"false\"><h4 class=\"w-tabs-section-title\">Faut-il se m\u00e9fier des piles ?<\/h4><div class=\"w-tabs-section-control\"><\/div><\/button><div  class=\"w-tabs-section-content\" id=\"content-dd81\"><div class=\"w-tabs-section-content-h i-cf\"><div class=\"wpb_text_column\"><div class=\"wpb_wrapper\"><p>Veuillez r\u00e9guli\u00e8rement v\u00e9rifier l\u2019\u00e9tat du jouet et des piles avant de donner le jouet \u00e0 l\u2019enfant. Il ne faut jamais laisser des piles \u00e0 disposition des enfants. Pensez \u00e0 bien refermer le couvercle des piles lors du changement de piles. Ne laissez jamais un enfant sans surveillance avec un jouet.<\/p>\n<\/div><\/div><\/div><\/div><\/div><\/div><\/div><\/div><\/div><\/div><\/div><\/div><\/section><section class=\"l-section wpb_row height_small\"><div class=\"l-section-h i-cf\"><div class=\"g-cols vc_row via_flex valign_top type_default stacking_default\"><div class=\"vc_col-sm-4 wpb_column vc_column_container\"><div class=\"vc_column-inner\"><div class=\"wpb_wrapper\"><div class=\"w-image align_right us_animate_wfc\"><div class=\"w-image-h\"><img decoding=\"async\" width=\"174\" height=\"120\" src=\"https:\/\/infini-fun.com\/us\/wp-content\/uploads\/sites\/5\/2018\/03\/LOGO_Header.png\" class=\"attachment-large size-large\" alt=\"\" loading=\"lazy\" \/><\/div><\/div><\/div><\/div><\/div><div class=\"vc_col-sm-8 wpb_column vc_column_container\"><div class=\"vc_column-inner\"><div class=\"wpb_wrapper\"><div class=\"wpb_text_column\"><div class=\"wpb_wrapper\"><h2>La marque\u00a0<span class=\"infini\">infini<\/span><span class=\"FUN\">FUN<\/span><\/h2>\n<\/div><\/div><div class=\"w-tabs style_default switch_click accordion has_scrolling\" style=\"--sections-title-size:1.2rem\"><div class=\"w-tabs-sections titles-align_none icon_chevron cpos_right\"><div class=\"w-tabs-section\" id=\"n8c7\"><button class=\"w-tabs-section-header\" aria-controls=\"content-n8c7\" aria-expanded=\"false\"><h4 class=\"w-tabs-section-title\">Qu\u2019est-ce qu\u2019infiniFUN ?<\/h4><div class=\"w-tabs-section-control\"><\/div><\/button><div  class=\"w-tabs-section-content\" id=\"content-n8c7\"><div class=\"w-tabs-section-content-h i-cf\"><div class=\"wpb_text_column\"><div class=\"wpb_wrapper\"><p><span class=\"infini\">infini<\/span><span class=\"FUN\">FUN<\/span> est une marque fran\u00e7aise qui con\u00e7oit et d\u00e9veloppe des jouets premier \u00e2ge.<\/p>\n<\/div><\/div><\/div><\/div><\/div><div class=\"w-tabs-section\" id=\"f953\"><button class=\"w-tabs-section-header\" aria-controls=\"content-f953\" aria-expanded=\"false\"><h4 class=\"w-tabs-section-title\">La conception est-elle fran\u00e7aise ?<\/h4><div class=\"w-tabs-section-control\"><\/div><\/button><div  class=\"w-tabs-section-content\" id=\"content-f953\"><div class=\"w-tabs-section-content-h i-cf\"><div class=\"wpb_text_column\"><div class=\"wpb_wrapper\"><p>Nos jouets sont imagin\u00e9s et d\u00e9velopp\u00e9s en France \u00e0 Vaulx-Milieu par une \u00e9quipe de chefs de produits et de designers.<\/p>\n<\/div><\/div><\/div><\/div><\/div><div class=\"w-tabs-section\" id=\"x9e9\"><button class=\"w-tabs-section-header\" aria-controls=\"content-x9e9\" aria-expanded=\"false\"><h4 class=\"w-tabs-section-title\">O\u00f9 sont situ\u00e9s vos bureaux ?<\/h4><div class=\"w-tabs-section-control\"><\/div><\/button><div  class=\"w-tabs-section-content\" id=\"content-x9e9\"><div class=\"w-tabs-section-content-h i-cf\"><div class=\"wpb_text_column\"><div class=\"wpb_wrapper\"><p>Nos bureaux sont situ\u00e9s \u00e0 Vaulx-Milieu en Is\u00e8re. A 20 minutes de Lyon.<\/p>\n<\/div><\/div><\/div><\/div><\/div><\/div><\/div><\/div><\/div><\/div><\/div><\/div><\/section>\n","protected":false},"excerpt":{"rendered":"infiniFUN, Complice de tous les instants Chez infiniFUN, nous avons \u00e0 c\u0153ur de satisfaire vos attentes. Nous avons donc r\u00e9pertorier dans la FAQ ci-dessous toutes les questions que vous pouvez vous poser ! Produits Ou puis-je acheter vos jouets ?Vous pouvez retrouver nos jouets dans les magasins de jouets comme King Jouet, Maxitoys, PicWicToys, La...","protected":false},"author":2,"featured_media":0,"parent":0,"menu_order":0,"comment_status":"closed","ping_status":"closed","template":"","meta":{"footnotes":""},"class_list":["post-8470","page","type-page","status-publish","hentry"],"yoast_head":"<!-- This site is optimized with the Yoast SEO plugin v27.2 - https:\/\/yoast.com\/product\/yoast-seo-wordpress\/ -->\n<title>Des questions ? - KD Kids InfiniFun US<\/title>\n<meta name=\"robots\" content=\"noindex, follow, max-snippet:-1, max-image-preview:large, max-video-preview:-1\" \/>\n<meta property=\"og:locale\" content=\"fr_FR\" \/>\n<meta property=\"og:type\" content=\"article\" \/>\n<meta property=\"og:title\" content=\"Des questions ? - KD Kids InfiniFun US\" \/>\n<meta property=\"og:url\" content=\"https:\/\/infini-fun.com\/us\/des-questions\/\" \/>\n<meta property=\"og:site_name\" content=\"KD Kids InfiniFun US\" \/>\n<meta name=\"twitter:card\" content=\"summary_large_image\" \/>\n<meta name=\"twitter:label1\" content=\"Dur\u00e9e de lecture estim\u00e9e\" \/>\n\t<meta name=\"twitter:data1\" content=\"2 minutes\" \/>\n<script type=\"application\/ld+json\" class=\"yoast-schema-graph\">{\"@context\":\"https:\/\/schema.org\",\"@graph\":[{\"@type\":\"WebPage\",\"@id\":\"https:\/\/infini-fun.com\/us\/des-questions\/\",\"url\":\"https:\/\/infini-fun.com\/us\/des-questions\/\",\"name\":\"Des questions ? - KD Kids InfiniFun US\",\"isPartOf\":{\"@id\":\"https:\/\/infini-fun.com\/us\/#website\"},\"datePublished\":\"2021-04-26T09:58:46+00:00\",\"breadcrumb\":{\"@id\":\"https:\/\/infini-fun.com\/us\/des-questions\/#breadcrumb\"},\"inLanguage\":\"fr-FR\",\"potentialAction\":[{\"@type\":\"ReadAction\",\"target\":[\"https:\/\/infini-fun.com\/us\/des-questions\/\"]}]},{\"@type\":\"BreadcrumbList\",\"@id\":\"https:\/\/infini-fun.com\/us\/des-questions\/#breadcrumb\",\"itemListElement\":[{\"@type\":\"ListItem\",\"position\":1,\"name\":\"Portada\",\"item\":\"https:\/\/infini-fun.com\/us\/\"},{\"@type\":\"ListItem\",\"position\":2,\"name\":\"Des questions ?\"}]},{\"@type\":\"WebSite\",\"@id\":\"https:\/\/infini-fun.com\/us\/#website\",\"url\":\"https:\/\/infini-fun.com\/us\/\",\"name\":\"KD Kids InfiniFun US\",\"description\":\"Introducing Infinifun and Tinyboo\",\"potentialAction\":[{\"@type\":\"SearchAction\",\"target\":{\"@type\":\"EntryPoint\",\"urlTemplate\":\"https:\/\/infini-fun.com\/us\/?s={search_term_string}\"},\"query-input\":{\"@type\":\"PropertyValueSpecification\",\"valueRequired\":true,\"valueName\":\"search_term_string\"}}],\"inLanguage\":\"fr-FR\"}]}<\/script>\n<!-- \/ Yoast SEO plugin. -->","yoast_head_json":{"title":"Des questions ? - KD Kids InfiniFun US","robots":{"index":"noindex","follow":"follow","max-snippet":"max-snippet:-1","max-image-preview":"max-image-preview:large","max-video-preview":"max-video-preview:-1"},"og_locale":"fr_FR","og_type":"article","og_title":"Des questions ? - KD Kids InfiniFun US","og_url":"https:\/\/infini-fun.com\/us\/des-questions\/","og_site_name":"KD Kids InfiniFun US","twitter_card":"summary_large_image","twitter_misc":{"Dur\u00e9e de lecture estim\u00e9e":"2 minutes"},"schema":{"@context":"https:\/\/schema.org","@graph":[{"@type":"WebPage","@id":"https:\/\/infini-fun.com\/us\/des-questions\/","url":"https:\/\/infini-fun.com\/us\/des-questions\/","name":"Des questions ? - KD Kids InfiniFun US","isPartOf":{"@id":"https:\/\/infini-fun.com\/us\/#website"},"datePublished":"2021-04-26T09:58:46+00:00","breadcrumb":{"@id":"https:\/\/infini-fun.com\/us\/des-questions\/#breadcrumb"},"inLanguage":"fr-FR","potentialAction":[{"@type":"ReadAction","target":["https:\/\/infini-fun.com\/us\/des-questions\/"]}]},{"@type":"BreadcrumbList","@id":"https:\/\/infini-fun.com\/us\/des-questions\/#breadcrumb","itemListElement":[{"@type":"ListItem","position":1,"name":"Portada","item":"https:\/\/infini-fun.com\/us\/"},{"@type":"ListItem","position":2,"name":"Des questions ?"}]},{"@type":"WebSite","@id":"https:\/\/infini-fun.com\/us\/#website","url":"https:\/\/infini-fun.com\/us\/","name":"KD Kids InfiniFun US","description":"Introducing Infinifun and Tinyboo","potentialAction":[{"@type":"SearchAction","target":{"@type":"EntryPoint","urlTemplate":"https:\/\/infini-fun.com\/us\/?s={search_term_string}"},"query-input":{"@type":"PropertyValueSpecification","valueRequired":true,"valueName":"search_term_string"}}],"inLanguage":"fr-FR"}]}},"_links":{"self":[{"href":"https:\/\/infini-fun.com\/us\/wp-json\/wp\/v2\/pages\/8470","targetHints":{"allow":["GET"]}}],"collection":[{"href":"https:\/\/infini-fun.com\/us\/wp-json\/wp\/v2\/pages"}],"about":[{"href":"https:\/\/infini-fun.com\/us\/wp-json\/wp\/v2\/types\/page"}],"author":[{"embeddable":true,"href":"https:\/\/infini-fun.com\/us\/wp-json\/wp\/v2\/users\/2"}],"replies":[{"embeddable":true,"href":"https:\/\/infini-fun.com\/us\/wp-json\/wp\/v2\/comments?post=8470"}],"version-history":[{"count":0,"href":"https:\/\/infini-fun.com\/us\/wp-json\/wp\/v2\/pages\/8470\/revisions"}],"wp:attachment":[{"href":"https:\/\/infini-fun.com\/us\/wp-json\/wp\/v2\/media?parent=8470"}],"curies":[{"name":"wp","href":"https:\/\/api.w.org\/{rel}","templated":true}]}}