{"id":8185,"date":"2021-01-25T09:14:00","date_gmt":"2021-01-25T09:14:00","guid":{"rendered":"http:\/\/kdplanet.com\/fr\/kd-kids\/infinifun\/?post_type=product&amp;p=8185"},"modified":"2021-01-25T09:14:00","modified_gmt":"2021-01-25T09:14:00","slug":"le-phare-sensoriel","status":"publish","type":"product","link":"https:\/\/infini-fun.com\/uk\/nos-jouets\/le-phare-sensoriel\/","title":{"rendered":"Le Phare Sensoriel"},"content":{"rendered":"<p>Avec le Phare sensoriel, les tout-petits \u00e9veilleront leurs sens. 10 activit\u00e9s pour d\u00e9velopper le toucher, la vue, l\u2019ou\u00efe, la motricit\u00e9 fine, tout en s\u2019amusant. Plus de 50 phrases, musiques et sons rigolos \u00e0 \u00e9couter pour encourager b\u00e9b\u00e9 dans son exploration.<\/p>\n<p>Qui est cach\u00e9 derri\u00e8re le hublot ?<\/p>\n<p>Des heures d\u2019amusement ludique et sensoriel en perspective !<\/p>\n<p><strong>Les petits plus<\/strong> :<\/p>\n<ul>\n<li>Tire le nuage pour rendre l\u2019\u00e9l\u00e9phant flou !<\/li>\n<li>D\u00e9place le p\u00e9lican pour allumer la lumi\u00e8re<\/li>\n<li>Tire la corde pour relever la voile !<\/li>\n<li>Ouvre la porte pour voir qui se cache derri\u00e8re !<\/li>\n<\/ul>\n","protected":false},"excerpt":{"rendered":"<p>Avec le Phare sensoriel, les tout-petits \u00e9veilleront leurs sens. 10 activit\u00e9s pour d\u00e9velopper le toucher, la vue, l\u2019ou\u00efe, la motricit\u00e9 fine, tout en s\u2019amusant. Plus de 50 phrases, musiques et sons rigolos \u00e0 \u00e9couter pour encourager b\u00e9b\u00e9 dans son exploration. Qui est cach\u00e9 derri\u00e8re le hublot ? Des heures d\u2019amusement ludique et sensoriel en perspective&#8230;<\/p>\n","protected":false},"featured_media":8186,"template":"","meta":[],"product_brand":[],"product_cat":[32],"product_tag":[114],"class_list":{"0":"post-8185","1":"product","2":"type-product","3":"status-publish","4":"has-post-thumbnail","6":"product_cat-0-12-mois","7":"product_tag-sensoriel","8":"pa_developpement-ecoute","9":"pa_developpement-motricite","10":"pa_developpement-toucher","11":"pa_developpement-vue","12":"pa_eveil-curiosite","13":"pa_eveil-imagination","15":"first","16":"instock","17":"shipping-taxable","18":"product-type-simple"},"yoast_head":"<!-- This site is optimized with the Yoast SEO plugin v27.2 - https:\/\/yoast.com\/product\/yoast-seo-wordpress\/ -->\n<title>Le Phare Sensoriel - KD Kids InfiniFun UK<\/title>\n<meta name=\"robots\" content=\"noindex, follow, max-snippet:-1, max-image-preview:large, max-video-preview:-1\" \/>\n<meta property=\"og:locale\" content=\"fr_FR\" \/>\n<meta property=\"og:type\" content=\"article\" \/>\n<meta property=\"og:title\" content=\"Le Phare Sensoriel - KD Kids InfiniFun UK\" \/>\n<meta property=\"og:description\" content=\"Avec le Phare sensoriel, les tout-petits \u00e9veilleront leurs sens. 10 activit\u00e9s pour d\u00e9velopper le toucher, la vue, l\u2019ou\u00efe, la motricit\u00e9 fine, tout en s\u2019amusant. Plus de 50 phrases, musiques et sons rigolos \u00e0 \u00e9couter pour encourager b\u00e9b\u00e9 dans son exploration. Qui est cach\u00e9 derri\u00e8re le hublot ? Des heures d\u2019amusement ludique et sensoriel en perspective...\" \/>\n<meta property=\"og:url\" content=\"https:\/\/infini-fun.com\/uk\/nos-jouets\/le-phare-sensoriel\/\" \/>\n<meta property=\"og:site_name\" content=\"KD Kids InfiniFun UK\" \/>\n<meta property=\"og:image\" content=\"https:\/\/infini-fun.com\/uk\/wp-content\/uploads\/sites\/6\/2021\/01\/S20500_Unit_72dpi_2006170014.png\" \/>\n\t<meta property=\"og:image:width\" content=\"664\" \/>\n\t<meta property=\"og:image:height\" content=\"658\" \/>\n\t<meta property=\"og:image:type\" content=\"image\/png\" \/>\n<meta name=\"twitter:card\" content=\"summary_large_image\" \/>\n<meta name=\"twitter:label1\" content=\"Dur\u00e9e de lecture estim\u00e9e\" \/>\n\t<meta name=\"twitter:data1\" content=\"1 minute\" \/>\n<script type=\"application\/ld+json\" class=\"yoast-schema-graph\">{\"@context\":\"https:\/\/schema.org\",\"@graph\":[{\"@type\":\"WebPage\",\"@id\":\"https:\/\/infini-fun.com\/uk\/nos-jouets\/le-phare-sensoriel\/\",\"url\":\"https:\/\/infini-fun.com\/uk\/nos-jouets\/le-phare-sensoriel\/\",\"name\":\"Le Phare Sensoriel - KD Kids InfiniFun UK\",\"isPartOf\":{\"@id\":\"https:\/\/infini-fun.com\/uk\/#website\"},\"primaryImageOfPage\":{\"@id\":\"https:\/\/infini-fun.com\/uk\/nos-jouets\/le-phare-sensoriel\/#primaryimage\"},\"image\":{\"@id\":\"https:\/\/infini-fun.com\/uk\/nos-jouets\/le-phare-sensoriel\/#primaryimage\"},\"thumbnailUrl\":\"https:\/\/infini-fun.com\/uk\/wp-content\/uploads\/sites\/6\/2021\/01\/S20500_Unit_72dpi_2006170014.png\",\"datePublished\":\"2021-01-25T09:14:00+00:00\",\"breadcrumb\":{\"@id\":\"https:\/\/infini-fun.com\/uk\/nos-jouets\/le-phare-sensoriel\/#breadcrumb\"},\"inLanguage\":\"fr-FR\",\"potentialAction\":[{\"@type\":\"ReadAction\",\"target\":[\"https:\/\/infini-fun.com\/uk\/nos-jouets\/le-phare-sensoriel\/\"]}]},{\"@type\":\"ImageObject\",\"inLanguage\":\"fr-FR\",\"@id\":\"https:\/\/infini-fun.com\/uk\/nos-jouets\/le-phare-sensoriel\/#primaryimage\",\"url\":\"https:\/\/infini-fun.com\/uk\/wp-content\/uploads\/sites\/6\/2021\/01\/S20500_Unit_72dpi_2006170014.png\",\"contentUrl\":\"https:\/\/infini-fun.com\/uk\/wp-content\/uploads\/sites\/6\/2021\/01\/S20500_Unit_72dpi_2006170014.png\",\"width\":664,\"height\":658},{\"@type\":\"BreadcrumbList\",\"@id\":\"https:\/\/infini-fun.com\/uk\/nos-jouets\/le-phare-sensoriel\/#breadcrumb\",\"itemListElement\":[{\"@type\":\"ListItem\",\"position\":1,\"name\":\"Portada\",\"item\":\"https:\/\/infini-fun.com\/uk\/\"},{\"@type\":\"ListItem\",\"position\":2,\"name\":\"Nos jouets\",\"item\":\"https:\/\/infini-fun.com\/uk\/nos-jouets\/\"},{\"@type\":\"ListItem\",\"position\":3,\"name\":\"Le Phare Sensoriel\"}]},{\"@type\":\"WebSite\",\"@id\":\"https:\/\/infini-fun.com\/uk\/#website\",\"url\":\"https:\/\/infini-fun.com\/uk\/\",\"name\":\"KD Kids InfiniFun UK\",\"description\":\"Introducing Infinifun and Tinyboo\",\"potentialAction\":[{\"@type\":\"SearchAction\",\"target\":{\"@type\":\"EntryPoint\",\"urlTemplate\":\"https:\/\/infini-fun.com\/uk\/?s={search_term_string}\"},\"query-input\":{\"@type\":\"PropertyValueSpecification\",\"valueRequired\":true,\"valueName\":\"search_term_string\"}}],\"inLanguage\":\"fr-FR\"}]}<\/script>\n<!-- \/ Yoast SEO plugin. -->","yoast_head_json":{"title":"Le Phare Sensoriel - KD Kids InfiniFun UK","robots":{"index":"noindex","follow":"follow","max-snippet":"max-snippet:-1","max-image-preview":"max-image-preview:large","max-video-preview":"max-video-preview:-1"},"og_locale":"fr_FR","og_type":"article","og_title":"Le Phare Sensoriel - KD Kids InfiniFun UK","og_description":"Avec le Phare sensoriel, les tout-petits \u00e9veilleront leurs sens. 10 activit\u00e9s pour d\u00e9velopper le toucher, la vue, l\u2019ou\u00efe, la motricit\u00e9 fine, tout en s\u2019amusant. Plus de 50 phrases, musiques et sons rigolos \u00e0 \u00e9couter pour encourager b\u00e9b\u00e9 dans son exploration. Qui est cach\u00e9 derri\u00e8re le hublot ? Des heures d\u2019amusement ludique et sensoriel en perspective...","og_url":"https:\/\/infini-fun.com\/uk\/nos-jouets\/le-phare-sensoriel\/","og_site_name":"KD Kids InfiniFun UK","og_image":[{"width":664,"height":658,"url":"https:\/\/infini-fun.com\/uk\/wp-content\/uploads\/sites\/6\/2021\/01\/S20500_Unit_72dpi_2006170014.png","type":"image\/png"}],"twitter_card":"summary_large_image","twitter_misc":{"Dur\u00e9e de lecture estim\u00e9e":"1 minute"},"schema":{"@context":"https:\/\/schema.org","@graph":[{"@type":"WebPage","@id":"https:\/\/infini-fun.com\/uk\/nos-jouets\/le-phare-sensoriel\/","url":"https:\/\/infini-fun.com\/uk\/nos-jouets\/le-phare-sensoriel\/","name":"Le Phare Sensoriel - KD Kids InfiniFun UK","isPartOf":{"@id":"https:\/\/infini-fun.com\/uk\/#website"},"primaryImageOfPage":{"@id":"https:\/\/infini-fun.com\/uk\/nos-jouets\/le-phare-sensoriel\/#primaryimage"},"image":{"@id":"https:\/\/infini-fun.com\/uk\/nos-jouets\/le-phare-sensoriel\/#primaryimage"},"thumbnailUrl":"https:\/\/infini-fun.com\/uk\/wp-content\/uploads\/sites\/6\/2021\/01\/S20500_Unit_72dpi_2006170014.png","datePublished":"2021-01-25T09:14:00+00:00","breadcrumb":{"@id":"https:\/\/infini-fun.com\/uk\/nos-jouets\/le-phare-sensoriel\/#breadcrumb"},"inLanguage":"fr-FR","potentialAction":[{"@type":"ReadAction","target":["https:\/\/infini-fun.com\/uk\/nos-jouets\/le-phare-sensoriel\/"]}]},{"@type":"ImageObject","inLanguage":"fr-FR","@id":"https:\/\/infini-fun.com\/uk\/nos-jouets\/le-phare-sensoriel\/#primaryimage","url":"https:\/\/infini-fun.com\/uk\/wp-content\/uploads\/sites\/6\/2021\/01\/S20500_Unit_72dpi_2006170014.png","contentUrl":"https:\/\/infini-fun.com\/uk\/wp-content\/uploads\/sites\/6\/2021\/01\/S20500_Unit_72dpi_2006170014.png","width":664,"height":658},{"@type":"BreadcrumbList","@id":"https:\/\/infini-fun.com\/uk\/nos-jouets\/le-phare-sensoriel\/#breadcrumb","itemListElement":[{"@type":"ListItem","position":1,"name":"Portada","item":"https:\/\/infini-fun.com\/uk\/"},{"@type":"ListItem","position":2,"name":"Nos jouets","item":"https:\/\/infini-fun.com\/uk\/nos-jouets\/"},{"@type":"ListItem","position":3,"name":"Le Phare Sensoriel"}]},{"@type":"WebSite","@id":"https:\/\/infini-fun.com\/uk\/#website","url":"https:\/\/infini-fun.com\/uk\/","name":"KD Kids InfiniFun UK","description":"Introducing Infinifun and Tinyboo","potentialAction":[{"@type":"SearchAction","target":{"@type":"EntryPoint","urlTemplate":"https:\/\/infini-fun.com\/uk\/?s={search_term_string}"},"query-input":{"@type":"PropertyValueSpecification","valueRequired":true,"valueName":"search_term_string"}}],"inLanguage":"fr-FR"}]}},"_links":{"self":[{"href":"https:\/\/infini-fun.com\/uk\/wp-json\/wp\/v2\/product\/8185","targetHints":{"allow":["GET"]}}],"collection":[{"href":"https:\/\/infini-fun.com\/uk\/wp-json\/wp\/v2\/product"}],"about":[{"href":"https:\/\/infini-fun.com\/uk\/wp-json\/wp\/v2\/types\/product"}],"wp:featuredmedia":[{"embeddable":true,"href":"https:\/\/infini-fun.com\/uk\/wp-json\/wp\/v2\/media\/8186"}],"wp:attachment":[{"href":"https:\/\/infini-fun.com\/uk\/wp-json\/wp\/v2\/media?parent=8185"}],"wp:term":[{"taxonomy":"product_brand","embeddable":true,"href":"https:\/\/infini-fun.com\/uk\/wp-json\/wp\/v2\/product_brand?post=8185"},{"taxonomy":"product_cat","embeddable":true,"href":"https:\/\/infini-fun.com\/uk\/wp-json\/wp\/v2\/product_cat?post=8185"},{"taxonomy":"product_tag","embeddable":true,"href":"https:\/\/infini-fun.com\/uk\/wp-json\/wp\/v2\/product_tag?post=8185"}],"curies":[{"name":"wp","href":"https:\/\/api.w.org\/{rel}","templated":true}]}}