{"id":7085,"date":"2017-04-25T07:48:53","date_gmt":"2017-04-25T07:48:53","guid":{"rendered":"http:\/\/kdplanet.com\/fr\/kd-kids\/infinifun\/?post_type=product&amp;p=7085"},"modified":"2017-04-25T07:48:53","modified_gmt":"2017-04-25T07:48:53","slug":"mini-light","status":"publish","type":"product","link":"https:\/\/infini-fun.com\/uk\/nos-jouets\/mini-light\/","title":{"rendered":"Ma Premi\u00e8re Veilleuse"},"content":{"rendered":"<p><b>Le compagnon de nuit de votre tout-petit !\u00a0<\/b><\/p>\n<p>Cette mini veilleuse facile \u00e0 transporter accompagnera b\u00e9b\u00e9 dans tous ses d\u00e9placements.<\/p>\n<p>En appuyant sur sa t\u00eate, d\u00e9couvrez 7 nuances de couleurs et choisissez sa pr\u00e9f\u00e9r\u00e9e pour une atmosph\u00e8re rassurante.<\/p>\n<p>La lumi\u00e8re s&rsquo;\u00e9teint automatiquement apr\u00e8s 15 minutes, juste le temps de s&rsquo;endormir !<\/p>\n<p><strong>Les petits plus :<\/strong><\/p>\n<ul>\n<li>Procure une atmosph\u00e8re apaisante<\/li>\n<li>Aide l&rsquo;enfant \u00e0 s&rsquo;endormir<\/li>\n<li>Favorise l&rsquo;autonomie<\/li>\n<\/ul>\n<p>&nbsp;<\/p>\n","protected":false},"excerpt":{"rendered":"<p>Le compagnon de nuit de votre tout-petit !\u00a0 Cette mini veilleuse facile \u00e0 transporter accompagnera b\u00e9b\u00e9 dans tous ses d\u00e9placements. En appuyant sur sa t\u00eate, d\u00e9couvrez 7 nuances de couleurs et choisissez sa pr\u00e9f\u00e9r\u00e9e pour une atmosph\u00e8re rassurante. La lumi\u00e8re s&rsquo;\u00e9teint automatiquement apr\u00e8s 15 minutes, juste le temps de s&rsquo;endormir ! Les petits plus :&#8230;<\/p>\n","protected":false},"featured_media":7313,"template":"","meta":[],"product_brand":[],"product_cat":[32],"product_tag":[111],"class_list":{"0":"post-7085","1":"product","2":"type-product","3":"status-publish","4":"has-post-thumbnail","6":"product_cat-0-12-mois","7":"product_tag-nuit","8":"pa_eveil-autonomie","10":"first","11":"instock","12":"shipping-taxable","13":"product-type-simple"},"yoast_head":"<!-- This site is optimized with the Yoast SEO plugin v27.2 - https:\/\/yoast.com\/product\/yoast-seo-wordpress\/ -->\n<title>Ma Premi\u00e8re Veilleuse - KD Kids InfiniFun UK<\/title>\n<meta name=\"robots\" content=\"noindex, follow, max-snippet:-1, max-image-preview:large, max-video-preview:-1\" \/>\n<meta property=\"og:locale\" content=\"fr_FR\" \/>\n<meta property=\"og:type\" content=\"article\" \/>\n<meta property=\"og:title\" content=\"Ma Premi\u00e8re Veilleuse - KD Kids InfiniFun UK\" \/>\n<meta property=\"og:description\" content=\"Le compagnon de nuit de votre tout-petit !\u00a0 Cette mini veilleuse facile \u00e0 transporter accompagnera b\u00e9b\u00e9 dans tous ses d\u00e9placements. En appuyant sur sa t\u00eate, d\u00e9couvrez 7 nuances de couleurs et choisissez sa pr\u00e9f\u00e9r\u00e9e pour une atmosph\u00e8re rassurante. La lumi\u00e8re s&rsquo;\u00e9teint automatiquement apr\u00e8s 15 minutes, juste le temps de s&rsquo;endormir ! Les petits plus :...\" \/>\n<meta property=\"og:url\" content=\"https:\/\/infini-fun.com\/uk\/nos-jouets\/mini-light\/\" \/>\n<meta property=\"og:site_name\" content=\"KD Kids InfiniFun UK\" \/>\n<meta property=\"og:image\" content=\"https:\/\/infini-fun.com\/uk\/wp-content\/uploads\/sites\/6\/2017\/09\/I16230_unit_72dpi_170920.png\" \/>\n\t<meta property=\"og:image:width\" content=\"475\" \/>\n\t<meta property=\"og:image:height\" content=\"434\" \/>\n\t<meta property=\"og:image:type\" content=\"image\/png\" \/>\n<meta name=\"twitter:card\" content=\"summary_large_image\" \/>\n<meta name=\"twitter:label1\" content=\"Dur\u00e9e de lecture estim\u00e9e\" \/>\n\t<meta name=\"twitter:data1\" content=\"1 minute\" \/>\n<script type=\"application\/ld+json\" class=\"yoast-schema-graph\">{\"@context\":\"https:\/\/schema.org\",\"@graph\":[{\"@type\":\"WebPage\",\"@id\":\"https:\/\/infini-fun.com\/uk\/nos-jouets\/mini-light\/\",\"url\":\"https:\/\/infini-fun.com\/uk\/nos-jouets\/mini-light\/\",\"name\":\"Ma Premi\u00e8re Veilleuse - KD Kids InfiniFun UK\",\"isPartOf\":{\"@id\":\"https:\/\/infini-fun.com\/uk\/#website\"},\"primaryImageOfPage\":{\"@id\":\"https:\/\/infini-fun.com\/uk\/nos-jouets\/mini-light\/#primaryimage\"},\"image\":{\"@id\":\"https:\/\/infini-fun.com\/uk\/nos-jouets\/mini-light\/#primaryimage\"},\"thumbnailUrl\":\"https:\/\/infini-fun.com\/uk\/wp-content\/uploads\/sites\/6\/2017\/09\/I16230_unit_72dpi_170920.png\",\"datePublished\":\"2017-04-25T07:48:53+00:00\",\"breadcrumb\":{\"@id\":\"https:\/\/infini-fun.com\/uk\/nos-jouets\/mini-light\/#breadcrumb\"},\"inLanguage\":\"fr-FR\",\"potentialAction\":[{\"@type\":\"ReadAction\",\"target\":[\"https:\/\/infini-fun.com\/uk\/nos-jouets\/mini-light\/\"]}]},{\"@type\":\"ImageObject\",\"inLanguage\":\"fr-FR\",\"@id\":\"https:\/\/infini-fun.com\/uk\/nos-jouets\/mini-light\/#primaryimage\",\"url\":\"https:\/\/infini-fun.com\/uk\/wp-content\/uploads\/sites\/6\/2017\/09\/I16230_unit_72dpi_170920.png\",\"contentUrl\":\"https:\/\/infini-fun.com\/uk\/wp-content\/uploads\/sites\/6\/2017\/09\/I16230_unit_72dpi_170920.png\",\"width\":475,\"height\":434},{\"@type\":\"BreadcrumbList\",\"@id\":\"https:\/\/infini-fun.com\/uk\/nos-jouets\/mini-light\/#breadcrumb\",\"itemListElement\":[{\"@type\":\"ListItem\",\"position\":1,\"name\":\"Portada\",\"item\":\"https:\/\/infini-fun.com\/uk\/\"},{\"@type\":\"ListItem\",\"position\":2,\"name\":\"Nos jouets\",\"item\":\"https:\/\/infini-fun.com\/uk\/nos-jouets\/\"},{\"@type\":\"ListItem\",\"position\":3,\"name\":\"Ma Premi\u00e8re Veilleuse\"}]},{\"@type\":\"WebSite\",\"@id\":\"https:\/\/infini-fun.com\/uk\/#website\",\"url\":\"https:\/\/infini-fun.com\/uk\/\",\"name\":\"KD Kids InfiniFun UK\",\"description\":\"Introducing Infinifun and Tinyboo\",\"potentialAction\":[{\"@type\":\"SearchAction\",\"target\":{\"@type\":\"EntryPoint\",\"urlTemplate\":\"https:\/\/infini-fun.com\/uk\/?s={search_term_string}\"},\"query-input\":{\"@type\":\"PropertyValueSpecification\",\"valueRequired\":true,\"valueName\":\"search_term_string\"}}],\"inLanguage\":\"fr-FR\"}]}<\/script>\n<!-- \/ Yoast SEO plugin. -->","yoast_head_json":{"title":"Ma Premi\u00e8re Veilleuse - KD Kids InfiniFun UK","robots":{"index":"noindex","follow":"follow","max-snippet":"max-snippet:-1","max-image-preview":"max-image-preview:large","max-video-preview":"max-video-preview:-1"},"og_locale":"fr_FR","og_type":"article","og_title":"Ma Premi\u00e8re Veilleuse - KD Kids InfiniFun UK","og_description":"Le compagnon de nuit de votre tout-petit !\u00a0 Cette mini veilleuse facile \u00e0 transporter accompagnera b\u00e9b\u00e9 dans tous ses d\u00e9placements. En appuyant sur sa t\u00eate, d\u00e9couvrez 7 nuances de couleurs et choisissez sa pr\u00e9f\u00e9r\u00e9e pour une atmosph\u00e8re rassurante. La lumi\u00e8re s&rsquo;\u00e9teint automatiquement apr\u00e8s 15 minutes, juste le temps de s&rsquo;endormir ! Les petits plus :...","og_url":"https:\/\/infini-fun.com\/uk\/nos-jouets\/mini-light\/","og_site_name":"KD Kids InfiniFun UK","og_image":[{"width":475,"height":434,"url":"https:\/\/infini-fun.com\/uk\/wp-content\/uploads\/sites\/6\/2017\/09\/I16230_unit_72dpi_170920.png","type":"image\/png"}],"twitter_card":"summary_large_image","twitter_misc":{"Dur\u00e9e de lecture estim\u00e9e":"1 minute"},"schema":{"@context":"https:\/\/schema.org","@graph":[{"@type":"WebPage","@id":"https:\/\/infini-fun.com\/uk\/nos-jouets\/mini-light\/","url":"https:\/\/infini-fun.com\/uk\/nos-jouets\/mini-light\/","name":"Ma Premi\u00e8re Veilleuse - KD Kids InfiniFun UK","isPartOf":{"@id":"https:\/\/infini-fun.com\/uk\/#website"},"primaryImageOfPage":{"@id":"https:\/\/infini-fun.com\/uk\/nos-jouets\/mini-light\/#primaryimage"},"image":{"@id":"https:\/\/infini-fun.com\/uk\/nos-jouets\/mini-light\/#primaryimage"},"thumbnailUrl":"https:\/\/infini-fun.com\/uk\/wp-content\/uploads\/sites\/6\/2017\/09\/I16230_unit_72dpi_170920.png","datePublished":"2017-04-25T07:48:53+00:00","breadcrumb":{"@id":"https:\/\/infini-fun.com\/uk\/nos-jouets\/mini-light\/#breadcrumb"},"inLanguage":"fr-FR","potentialAction":[{"@type":"ReadAction","target":["https:\/\/infini-fun.com\/uk\/nos-jouets\/mini-light\/"]}]},{"@type":"ImageObject","inLanguage":"fr-FR","@id":"https:\/\/infini-fun.com\/uk\/nos-jouets\/mini-light\/#primaryimage","url":"https:\/\/infini-fun.com\/uk\/wp-content\/uploads\/sites\/6\/2017\/09\/I16230_unit_72dpi_170920.png","contentUrl":"https:\/\/infini-fun.com\/uk\/wp-content\/uploads\/sites\/6\/2017\/09\/I16230_unit_72dpi_170920.png","width":475,"height":434},{"@type":"BreadcrumbList","@id":"https:\/\/infini-fun.com\/uk\/nos-jouets\/mini-light\/#breadcrumb","itemListElement":[{"@type":"ListItem","position":1,"name":"Portada","item":"https:\/\/infini-fun.com\/uk\/"},{"@type":"ListItem","position":2,"name":"Nos jouets","item":"https:\/\/infini-fun.com\/uk\/nos-jouets\/"},{"@type":"ListItem","position":3,"name":"Ma Premi\u00e8re Veilleuse"}]},{"@type":"WebSite","@id":"https:\/\/infini-fun.com\/uk\/#website","url":"https:\/\/infini-fun.com\/uk\/","name":"KD Kids InfiniFun UK","description":"Introducing Infinifun and Tinyboo","potentialAction":[{"@type":"SearchAction","target":{"@type":"EntryPoint","urlTemplate":"https:\/\/infini-fun.com\/uk\/?s={search_term_string}"},"query-input":{"@type":"PropertyValueSpecification","valueRequired":true,"valueName":"search_term_string"}}],"inLanguage":"fr-FR"}]}},"_links":{"self":[{"href":"https:\/\/infini-fun.com\/uk\/wp-json\/wp\/v2\/product\/7085","targetHints":{"allow":["GET"]}}],"collection":[{"href":"https:\/\/infini-fun.com\/uk\/wp-json\/wp\/v2\/product"}],"about":[{"href":"https:\/\/infini-fun.com\/uk\/wp-json\/wp\/v2\/types\/product"}],"wp:featuredmedia":[{"embeddable":true,"href":"https:\/\/infini-fun.com\/uk\/wp-json\/wp\/v2\/media\/7313"}],"wp:attachment":[{"href":"https:\/\/infini-fun.com\/uk\/wp-json\/wp\/v2\/media?parent=7085"}],"wp:term":[{"taxonomy":"product_brand","embeddable":true,"href":"https:\/\/infini-fun.com\/uk\/wp-json\/wp\/v2\/product_brand?post=7085"},{"taxonomy":"product_cat","embeddable":true,"href":"https:\/\/infini-fun.com\/uk\/wp-json\/wp\/v2\/product_cat?post=7085"},{"taxonomy":"product_tag","embeddable":true,"href":"https:\/\/infini-fun.com\/uk\/wp-json\/wp\/v2\/product_tag?post=7085"}],"curies":[{"name":"wp","href":"https:\/\/api.w.org\/{rel}","templated":true}]}}