{"id":6457,"date":"2017-03-02T15:39:54","date_gmt":"2017-03-02T15:39:54","guid":{"rendered":"http:\/\/kdplanet.com\/fr\/kd-kids\/infinifun\/?product=giraffe-remote-control"},"modified":"2017-03-02T15:39:54","modified_gmt":"2017-03-02T15:39:54","slug":"giraffe-remote-control","status":"publish","type":"product","link":"https:\/\/infini-fun.com\/uk\/nos-jouets\/giraffe-remote-control\/","title":{"rendered":"La T\u00e9l\u00e9commande Girafe"},"content":{"rendered":"<p>Une t\u00e9l\u00e9commande en forme de girafe pour apprendre les couleurs, les chiffres ou s&rsquo;initier \u00e0 l&rsquo;anglais.<\/p>\n<p>Son dr\u00f4le de visage et ses sons rigolos amuseront les tout-petits pendant des heures.<\/p>\n<ul>\n<li>Apprends les couleurs et les chiffres<\/li>\n<li>Plus de 30 sons rigolos<\/li>\n<li>Initiation \u00e0 l&rsquo;anglais<\/li>\n<\/ul>\n","protected":false},"excerpt":{"rendered":"<p>Une t\u00e9l\u00e9commande en forme de girafe pour apprendre les couleurs, les chiffres ou s&rsquo;initier \u00e0 l&rsquo;anglais. Son dr\u00f4le de visage et ses sons rigolos amuseront les tout-petits pendant des heures. Apprends les couleurs et les chiffres Plus de 30 sons rigolos Initiation \u00e0 l&rsquo;anglais<\/p>\n","protected":false},"featured_media":6943,"template":"","meta":[],"product_brand":[],"product_cat":[32],"product_tag":[100],"class_list":{"0":"post-6457","1":"product","2":"type-product","3":"status-publish","4":"has-post-thumbnail","6":"product_cat-0-12-mois","7":"product_tag-eveil","8":"pa_apprentissages-chiffres","9":"pa_apprentissages-couleurs","10":"pa_developpement-langage","11":"pa_developpement-motricite","12":"pa_eveil-curiosite","14":"first","15":"instock","16":"product-type-simple"},"yoast_head":"<!-- This site is optimized with the Yoast SEO plugin v27.2 - https:\/\/yoast.com\/product\/yoast-seo-wordpress\/ -->\n<title>La T\u00e9l\u00e9commande Girafe - KD Kids InfiniFun UK<\/title>\n<meta name=\"robots\" content=\"noindex, follow, max-snippet:-1, max-image-preview:large, max-video-preview:-1\" \/>\n<meta property=\"og:locale\" content=\"fr_FR\" \/>\n<meta property=\"og:type\" content=\"article\" \/>\n<meta property=\"og:title\" content=\"La T\u00e9l\u00e9commande Girafe - KD Kids InfiniFun UK\" \/>\n<meta property=\"og:description\" content=\"Une t\u00e9l\u00e9commande en forme de girafe pour apprendre les couleurs, les chiffres ou s&rsquo;initier \u00e0 l&rsquo;anglais. Son dr\u00f4le de visage et ses sons rigolos amuseront les tout-petits pendant des heures. Apprends les couleurs et les chiffres Plus de 30 sons rigolos Initiation \u00e0 l&rsquo;anglais\" \/>\n<meta property=\"og:url\" content=\"https:\/\/infini-fun.com\/uk\/nos-jouets\/giraffe-remote-control\/\" \/>\n<meta property=\"og:site_name\" content=\"KD Kids InfiniFun UK\" \/>\n<meta property=\"og:image\" content=\"https:\/\/infini-fun.com\/uk\/wp-content\/uploads\/sites\/6\/2017\/03\/S16550_US_unit_300dpi_160625.png\" \/>\n\t<meta property=\"og:image:width\" content=\"1500\" \/>\n\t<meta property=\"og:image:height\" content=\"1500\" \/>\n\t<meta property=\"og:image:type\" content=\"image\/png\" \/>\n<meta name=\"twitter:card\" content=\"summary_large_image\" \/>\n<meta name=\"twitter:label1\" content=\"Dur\u00e9e de lecture estim\u00e9e\" \/>\n\t<meta name=\"twitter:data1\" content=\"1 minute\" \/>\n<script type=\"application\/ld+json\" class=\"yoast-schema-graph\">{\"@context\":\"https:\/\/schema.org\",\"@graph\":[{\"@type\":\"WebPage\",\"@id\":\"https:\/\/infini-fun.com\/uk\/nos-jouets\/giraffe-remote-control\/\",\"url\":\"https:\/\/infini-fun.com\/uk\/nos-jouets\/giraffe-remote-control\/\",\"name\":\"La T\u00e9l\u00e9commande Girafe - KD Kids InfiniFun UK\",\"isPartOf\":{\"@id\":\"https:\/\/infini-fun.com\/uk\/#website\"},\"primaryImageOfPage\":{\"@id\":\"https:\/\/infini-fun.com\/uk\/nos-jouets\/giraffe-remote-control\/#primaryimage\"},\"image\":{\"@id\":\"https:\/\/infini-fun.com\/uk\/nos-jouets\/giraffe-remote-control\/#primaryimage\"},\"thumbnailUrl\":\"https:\/\/infini-fun.com\/uk\/wp-content\/uploads\/sites\/6\/2017\/03\/S16550_US_unit_300dpi_160625.png\",\"datePublished\":\"2017-03-02T15:39:54+00:00\",\"breadcrumb\":{\"@id\":\"https:\/\/infini-fun.com\/uk\/nos-jouets\/giraffe-remote-control\/#breadcrumb\"},\"inLanguage\":\"fr-FR\",\"potentialAction\":[{\"@type\":\"ReadAction\",\"target\":[\"https:\/\/infini-fun.com\/uk\/nos-jouets\/giraffe-remote-control\/\"]}]},{\"@type\":\"ImageObject\",\"inLanguage\":\"fr-FR\",\"@id\":\"https:\/\/infini-fun.com\/uk\/nos-jouets\/giraffe-remote-control\/#primaryimage\",\"url\":\"https:\/\/infini-fun.com\/uk\/wp-content\/uploads\/sites\/6\/2017\/03\/S16550_US_unit_300dpi_160625.png\",\"contentUrl\":\"https:\/\/infini-fun.com\/uk\/wp-content\/uploads\/sites\/6\/2017\/03\/S16550_US_unit_300dpi_160625.png\",\"width\":1500,\"height\":1500},{\"@type\":\"BreadcrumbList\",\"@id\":\"https:\/\/infini-fun.com\/uk\/nos-jouets\/giraffe-remote-control\/#breadcrumb\",\"itemListElement\":[{\"@type\":\"ListItem\",\"position\":1,\"name\":\"Portada\",\"item\":\"https:\/\/infini-fun.com\/uk\/\"},{\"@type\":\"ListItem\",\"position\":2,\"name\":\"Nos jouets\",\"item\":\"https:\/\/infini-fun.com\/uk\/nos-jouets\/\"},{\"@type\":\"ListItem\",\"position\":3,\"name\":\"La T\u00e9l\u00e9commande Girafe\"}]},{\"@type\":\"WebSite\",\"@id\":\"https:\/\/infini-fun.com\/uk\/#website\",\"url\":\"https:\/\/infini-fun.com\/uk\/\",\"name\":\"KD Kids InfiniFun UK\",\"description\":\"Introducing Infinifun and Tinyboo\",\"potentialAction\":[{\"@type\":\"SearchAction\",\"target\":{\"@type\":\"EntryPoint\",\"urlTemplate\":\"https:\/\/infini-fun.com\/uk\/?s={search_term_string}\"},\"query-input\":{\"@type\":\"PropertyValueSpecification\",\"valueRequired\":true,\"valueName\":\"search_term_string\"}}],\"inLanguage\":\"fr-FR\"}]}<\/script>\n<!-- \/ Yoast SEO plugin. -->","yoast_head_json":{"title":"La T\u00e9l\u00e9commande Girafe - KD Kids InfiniFun UK","robots":{"index":"noindex","follow":"follow","max-snippet":"max-snippet:-1","max-image-preview":"max-image-preview:large","max-video-preview":"max-video-preview:-1"},"og_locale":"fr_FR","og_type":"article","og_title":"La T\u00e9l\u00e9commande Girafe - KD Kids InfiniFun UK","og_description":"Une t\u00e9l\u00e9commande en forme de girafe pour apprendre les couleurs, les chiffres ou s&rsquo;initier \u00e0 l&rsquo;anglais. Son dr\u00f4le de visage et ses sons rigolos amuseront les tout-petits pendant des heures. Apprends les couleurs et les chiffres Plus de 30 sons rigolos Initiation \u00e0 l&rsquo;anglais","og_url":"https:\/\/infini-fun.com\/uk\/nos-jouets\/giraffe-remote-control\/","og_site_name":"KD Kids InfiniFun UK","og_image":[{"width":1500,"height":1500,"url":"https:\/\/infini-fun.com\/uk\/wp-content\/uploads\/sites\/6\/2017\/03\/S16550_US_unit_300dpi_160625.png","type":"image\/png"}],"twitter_card":"summary_large_image","twitter_misc":{"Dur\u00e9e de lecture estim\u00e9e":"1 minute"},"schema":{"@context":"https:\/\/schema.org","@graph":[{"@type":"WebPage","@id":"https:\/\/infini-fun.com\/uk\/nos-jouets\/giraffe-remote-control\/","url":"https:\/\/infini-fun.com\/uk\/nos-jouets\/giraffe-remote-control\/","name":"La T\u00e9l\u00e9commande Girafe - KD Kids InfiniFun UK","isPartOf":{"@id":"https:\/\/infini-fun.com\/uk\/#website"},"primaryImageOfPage":{"@id":"https:\/\/infini-fun.com\/uk\/nos-jouets\/giraffe-remote-control\/#primaryimage"},"image":{"@id":"https:\/\/infini-fun.com\/uk\/nos-jouets\/giraffe-remote-control\/#primaryimage"},"thumbnailUrl":"https:\/\/infini-fun.com\/uk\/wp-content\/uploads\/sites\/6\/2017\/03\/S16550_US_unit_300dpi_160625.png","datePublished":"2017-03-02T15:39:54+00:00","breadcrumb":{"@id":"https:\/\/infini-fun.com\/uk\/nos-jouets\/giraffe-remote-control\/#breadcrumb"},"inLanguage":"fr-FR","potentialAction":[{"@type":"ReadAction","target":["https:\/\/infini-fun.com\/uk\/nos-jouets\/giraffe-remote-control\/"]}]},{"@type":"ImageObject","inLanguage":"fr-FR","@id":"https:\/\/infini-fun.com\/uk\/nos-jouets\/giraffe-remote-control\/#primaryimage","url":"https:\/\/infini-fun.com\/uk\/wp-content\/uploads\/sites\/6\/2017\/03\/S16550_US_unit_300dpi_160625.png","contentUrl":"https:\/\/infini-fun.com\/uk\/wp-content\/uploads\/sites\/6\/2017\/03\/S16550_US_unit_300dpi_160625.png","width":1500,"height":1500},{"@type":"BreadcrumbList","@id":"https:\/\/infini-fun.com\/uk\/nos-jouets\/giraffe-remote-control\/#breadcrumb","itemListElement":[{"@type":"ListItem","position":1,"name":"Portada","item":"https:\/\/infini-fun.com\/uk\/"},{"@type":"ListItem","position":2,"name":"Nos jouets","item":"https:\/\/infini-fun.com\/uk\/nos-jouets\/"},{"@type":"ListItem","position":3,"name":"La T\u00e9l\u00e9commande Girafe"}]},{"@type":"WebSite","@id":"https:\/\/infini-fun.com\/uk\/#website","url":"https:\/\/infini-fun.com\/uk\/","name":"KD Kids InfiniFun UK","description":"Introducing Infinifun and Tinyboo","potentialAction":[{"@type":"SearchAction","target":{"@type":"EntryPoint","urlTemplate":"https:\/\/infini-fun.com\/uk\/?s={search_term_string}"},"query-input":{"@type":"PropertyValueSpecification","valueRequired":true,"valueName":"search_term_string"}}],"inLanguage":"fr-FR"}]}},"_links":{"self":[{"href":"https:\/\/infini-fun.com\/uk\/wp-json\/wp\/v2\/product\/6457","targetHints":{"allow":["GET"]}}],"collection":[{"href":"https:\/\/infini-fun.com\/uk\/wp-json\/wp\/v2\/product"}],"about":[{"href":"https:\/\/infini-fun.com\/uk\/wp-json\/wp\/v2\/types\/product"}],"wp:featuredmedia":[{"embeddable":true,"href":"https:\/\/infini-fun.com\/uk\/wp-json\/wp\/v2\/media\/6943"}],"wp:attachment":[{"href":"https:\/\/infini-fun.com\/uk\/wp-json\/wp\/v2\/media?parent=6457"}],"wp:term":[{"taxonomy":"product_brand","embeddable":true,"href":"https:\/\/infini-fun.com\/uk\/wp-json\/wp\/v2\/product_brand?post=6457"},{"taxonomy":"product_cat","embeddable":true,"href":"https:\/\/infini-fun.com\/uk\/wp-json\/wp\/v2\/product_cat?post=6457"},{"taxonomy":"product_tag","embeddable":true,"href":"https:\/\/infini-fun.com\/uk\/wp-json\/wp\/v2\/product_tag?post=6457"}],"curies":[{"name":"wp","href":"https:\/\/api.w.org\/{rel}","templated":true}]}}