{"id":8454,"date":"2021-04-26T08:46:26","date_gmt":"2021-04-26T08:46:26","guid":{"rendered":"https:\/\/kdplanet.com\/fr\/kd-kids\/infinifun\/?page_id=8454"},"modified":"2021-04-26T08:46:26","modified_gmt":"2021-04-26T08:46:26","slug":"contact-parents-testeurs","status":"publish","type":"page","link":"https:\/\/infini-fun.com\/uk\/contact-parents-testeurs\/","title":{"rendered":"Contact parents-testeurs"},"content":{"rendered":"<section class=\"l-section wpb_row height_small color_secondary\"><div class=\"l-section-h i-cf\"><div class=\"g-cols vc_row via_flex valign_top type_default stacking_default\"><div class=\"vc_col-sm-12 wpb_column vc_column_container\"><div class=\"vc_column-inner\"><div class=\"wpb_wrapper\"><div class=\"wpb_text_column\"><div class=\"wpb_wrapper\"><h3>Les parents-testeurs aux cot\u00e9s d\u2019<span class=\"infiniFUN\">infiniFUN<\/span><\/h3>\n<\/div><\/div><\/div><\/div><\/div><\/div><\/div><\/section><section class=\"l-section wpb_row height_small\"><div class=\"l-section-h i-cf\"><div class=\"g-cols vc_row via_flex valign_top type_default stacking_default\"><div class=\"vc_col-sm-6 wpb_column vc_column_container\"><div class=\"vc_column-inner\"><div class=\"wpb_wrapper\"><div class=\"wpb_text_column\"><div class=\"wpb_wrapper\"><p>Nous formons chaque ann\u00e9e des \u00e9quipes de parents testeurs afin de faire des tests en situation r\u00e9elle et d\u2019am\u00e9liorer in fine nos jouets. C\u2019est une \u00e9tape essentielle pour s\u2019assurer de la qualit\u00e9 de nos produits et \u00eatre toujours en avance sur les tendances. Si vous \u00eates parents d\u2019un enfant de moins de 4ans et que vous souhaitez participer \u00e0 cette incroyable aventure, tentez de rejoindre nos \u00e9quipes de parents testeurs<\/p>\n<\/div><\/div><div class=\"w-separator size_small with_line width_default thick_1 style_solid color_border align_center\"><div class=\"w-separator-h\"><\/div><\/div><div class=\"w-image align_none us_animate_afl\"><div class=\"w-image-h\"><img decoding=\"async\" width=\"933\" height=\"728\" src=\"https:\/\/infini-fun.com\/uk\/wp-content\/uploads\/sites\/6\/2021\/04\/Parents-testeurs.png\" class=\"attachment-full size-full\" alt=\"\" loading=\"lazy\" srcset=\"https:\/\/infini-fun.com\/uk\/wp-content\/uploads\/sites\/6\/2021\/04\/Parents-testeurs.png 933w, https:\/\/infini-fun.com\/uk\/wp-content\/uploads\/sites\/6\/2021\/04\/Parents-testeurs-300x234.png 300w, https:\/\/infini-fun.com\/uk\/wp-content\/uploads\/sites\/6\/2021\/04\/Parents-testeurs-600x468.png 600w\" sizes=\"auto, (max-width: 933px) 100vw, 933px\" \/><\/div><\/div><\/div><\/div><\/div><div class=\"vc_col-sm-6 wpb_column vc_column_container\"><div class=\"vc_column-inner\"><div class=\"wpb_wrapper\">\n<div class=\"wpcf7 no-js\" id=\"wpcf7-f8048-o1\" lang=\"fr-FR\" dir=\"ltr\" data-wpcf7-id=\"8048\">\n<div class=\"screen-reader-response\"><p role=\"status\" aria-live=\"polite\" aria-atomic=\"true\"><\/p> <ul><\/ul><\/div>\n<form action=\"\/uk\/wp-json\/wp\/v2\/pages\/8454#wpcf7-f8048-o1\" method=\"post\" class=\"wpcf7-form init\" aria-label=\"Formulaire de contact\" novalidate=\"novalidate\" data-status=\"init\">\n<fieldset class=\"hidden-fields-container\"><input type=\"hidden\" name=\"_wpcf7\" value=\"8048\" \/><input type=\"hidden\" name=\"_wpcf7_version\" value=\"6.1.5\" \/><input type=\"hidden\" name=\"_wpcf7_locale\" value=\"fr_FR\" \/><input type=\"hidden\" name=\"_wpcf7_unit_tag\" value=\"wpcf7-f8048-o1\" \/><input type=\"hidden\" name=\"_wpcf7_container_post\" value=\"0\" \/><input type=\"hidden\" name=\"_wpcf7_posted_data_hash\" value=\"\" \/>\n<\/fieldset>\n<p><label> Votre nom<br \/>\n<span class=\"wpcf7-form-control-wrap\" data-name=\"your-name\"><input size=\"40\" maxlength=\"400\" class=\"wpcf7-form-control wpcf7-text wpcf7-validates-as-required\" aria-required=\"true\" aria-invalid=\"false\" value=\"\" type=\"text\" name=\"your-name\" \/><\/span> <\/label>\n<\/p>\n<p><label> Votre adresse de messagerie<br \/>\n<span class=\"wpcf7-form-control-wrap\" data-name=\"your-email\"><input size=\"40\" maxlength=\"400\" class=\"wpcf7-form-control wpcf7-email wpcf7-validates-as-required wpcf7-text wpcf7-validates-as-email\" aria-required=\"true\" aria-invalid=\"false\" value=\"\" type=\"email\" name=\"your-email\" \/><\/span> <\/label>\n<\/p>\n<p><label> Objet<br \/>\n<span class=\"wpcf7-form-control-wrap\" data-name=\"your-subject\"><input size=\"40\" maxlength=\"400\" class=\"wpcf7-form-control wpcf7-text wpcf7-validates-as-required\" aria-required=\"true\" aria-invalid=\"false\" value=\"\" type=\"text\" name=\"your-subject\" \/><\/span> <\/label>\n<\/p>\n<p><label> Votre message<br \/>\n<span class=\"wpcf7-form-control-wrap\" data-name=\"your-message\"><textarea cols=\"40\" rows=\"10\" maxlength=\"2000\" class=\"wpcf7-form-control wpcf7-textarea wpcf7-validates-as-required\" aria-required=\"true\" aria-invalid=\"false\" name=\"your-message\"><\/textarea><\/span> <\/label>\n<\/p>\n<p><input class=\"wpcf7-form-control wpcf7-submit has-spinner\" type=\"submit\" value=\"Envoyer\" \/>\n<\/p><div class=\"wpcf7-response-output\" aria-hidden=\"true\"><\/div>\n<\/form>\n<\/div>\n<\/div><\/div><\/div><\/div><\/div><\/section>\n","protected":false},"excerpt":{"rendered":"Les parents-testeurs aux cot\u00e9s d\u2019infiniFUN Nous formons chaque ann\u00e9e des \u00e9quipes de parents testeurs afin de faire des tests en situation r\u00e9elle et d\u2019am\u00e9liorer in fine nos jouets. C\u2019est une \u00e9tape essentielle pour s\u2019assurer de la qualit\u00e9 de nos produits et \u00eatre toujours en avance sur les tendances. Si vous \u00eates parents d\u2019un enfant de...","protected":false},"author":2,"featured_media":0,"parent":0,"menu_order":0,"comment_status":"closed","ping_status":"closed","template":"","meta":{"footnotes":""},"class_list":["post-8454","page","type-page","status-publish","hentry"],"yoast_head":"<!-- This site is optimized with the Yoast SEO plugin v27.2 - https:\/\/yoast.com\/product\/yoast-seo-wordpress\/ -->\n<title>Contact parents-testeurs - KD Kids InfiniFun UK<\/title>\n<meta name=\"robots\" content=\"noindex, follow, max-snippet:-1, max-image-preview:large, max-video-preview:-1\" \/>\n<meta property=\"og:locale\" content=\"fr_FR\" \/>\n<meta property=\"og:type\" content=\"article\" \/>\n<meta property=\"og:title\" content=\"Contact parents-testeurs - KD Kids InfiniFun UK\" \/>\n<meta property=\"og:url\" content=\"https:\/\/infini-fun.com\/uk\/contact-parents-testeurs\/\" \/>\n<meta property=\"og:site_name\" content=\"KD Kids InfiniFun UK\" \/>\n<meta name=\"twitter:card\" content=\"summary_large_image\" \/>\n<meta name=\"twitter:label1\" content=\"Dur\u00e9e de lecture estim\u00e9e\" \/>\n\t<meta name=\"twitter:data1\" content=\"1 minute\" \/>\n<script type=\"application\/ld+json\" class=\"yoast-schema-graph\">{\"@context\":\"https:\/\/schema.org\",\"@graph\":[{\"@type\":\"WebPage\",\"@id\":\"https:\/\/infini-fun.com\/uk\/contact-parents-testeurs\/\",\"url\":\"https:\/\/infini-fun.com\/uk\/contact-parents-testeurs\/\",\"name\":\"Contact parents-testeurs - KD Kids InfiniFun UK\",\"isPartOf\":{\"@id\":\"https:\/\/infini-fun.com\/uk\/#website\"},\"datePublished\":\"2021-04-26T08:46:26+00:00\",\"breadcrumb\":{\"@id\":\"https:\/\/infini-fun.com\/uk\/contact-parents-testeurs\/#breadcrumb\"},\"inLanguage\":\"fr-FR\",\"potentialAction\":[{\"@type\":\"ReadAction\",\"target\":[\"https:\/\/infini-fun.com\/uk\/contact-parents-testeurs\/\"]}]},{\"@type\":\"BreadcrumbList\",\"@id\":\"https:\/\/infini-fun.com\/uk\/contact-parents-testeurs\/#breadcrumb\",\"itemListElement\":[{\"@type\":\"ListItem\",\"position\":1,\"name\":\"Portada\",\"item\":\"https:\/\/infini-fun.com\/uk\/\"},{\"@type\":\"ListItem\",\"position\":2,\"name\":\"Contact parents-testeurs\"}]},{\"@type\":\"WebSite\",\"@id\":\"https:\/\/infini-fun.com\/uk\/#website\",\"url\":\"https:\/\/infini-fun.com\/uk\/\",\"name\":\"KD Kids InfiniFun UK\",\"description\":\"Introducing Infinifun and Tinyboo\",\"potentialAction\":[{\"@type\":\"SearchAction\",\"target\":{\"@type\":\"EntryPoint\",\"urlTemplate\":\"https:\/\/infini-fun.com\/uk\/?s={search_term_string}\"},\"query-input\":{\"@type\":\"PropertyValueSpecification\",\"valueRequired\":true,\"valueName\":\"search_term_string\"}}],\"inLanguage\":\"fr-FR\"}]}<\/script>\n<!-- \/ Yoast SEO plugin. -->","yoast_head_json":{"title":"Contact parents-testeurs - KD Kids InfiniFun UK","robots":{"index":"noindex","follow":"follow","max-snippet":"max-snippet:-1","max-image-preview":"max-image-preview:large","max-video-preview":"max-video-preview:-1"},"og_locale":"fr_FR","og_type":"article","og_title":"Contact parents-testeurs - KD Kids InfiniFun UK","og_url":"https:\/\/infini-fun.com\/uk\/contact-parents-testeurs\/","og_site_name":"KD Kids InfiniFun UK","twitter_card":"summary_large_image","twitter_misc":{"Dur\u00e9e de lecture estim\u00e9e":"1 minute"},"schema":{"@context":"https:\/\/schema.org","@graph":[{"@type":"WebPage","@id":"https:\/\/infini-fun.com\/uk\/contact-parents-testeurs\/","url":"https:\/\/infini-fun.com\/uk\/contact-parents-testeurs\/","name":"Contact parents-testeurs - KD Kids InfiniFun UK","isPartOf":{"@id":"https:\/\/infini-fun.com\/uk\/#website"},"datePublished":"2021-04-26T08:46:26+00:00","breadcrumb":{"@id":"https:\/\/infini-fun.com\/uk\/contact-parents-testeurs\/#breadcrumb"},"inLanguage":"fr-FR","potentialAction":[{"@type":"ReadAction","target":["https:\/\/infini-fun.com\/uk\/contact-parents-testeurs\/"]}]},{"@type":"BreadcrumbList","@id":"https:\/\/infini-fun.com\/uk\/contact-parents-testeurs\/#breadcrumb","itemListElement":[{"@type":"ListItem","position":1,"name":"Portada","item":"https:\/\/infini-fun.com\/uk\/"},{"@type":"ListItem","position":2,"name":"Contact parents-testeurs"}]},{"@type":"WebSite","@id":"https:\/\/infini-fun.com\/uk\/#website","url":"https:\/\/infini-fun.com\/uk\/","name":"KD Kids InfiniFun UK","description":"Introducing Infinifun and Tinyboo","potentialAction":[{"@type":"SearchAction","target":{"@type":"EntryPoint","urlTemplate":"https:\/\/infini-fun.com\/uk\/?s={search_term_string}"},"query-input":{"@type":"PropertyValueSpecification","valueRequired":true,"valueName":"search_term_string"}}],"inLanguage":"fr-FR"}]}},"_links":{"self":[{"href":"https:\/\/infini-fun.com\/uk\/wp-json\/wp\/v2\/pages\/8454","targetHints":{"allow":["GET"]}}],"collection":[{"href":"https:\/\/infini-fun.com\/uk\/wp-json\/wp\/v2\/pages"}],"about":[{"href":"https:\/\/infini-fun.com\/uk\/wp-json\/wp\/v2\/types\/page"}],"author":[{"embeddable":true,"href":"https:\/\/infini-fun.com\/uk\/wp-json\/wp\/v2\/users\/2"}],"replies":[{"embeddable":true,"href":"https:\/\/infini-fun.com\/uk\/wp-json\/wp\/v2\/comments?post=8454"}],"version-history":[{"count":0,"href":"https:\/\/infini-fun.com\/uk\/wp-json\/wp\/v2\/pages\/8454\/revisions"}],"wp:attachment":[{"href":"https:\/\/infini-fun.com\/uk\/wp-json\/wp\/v2\/media?parent=8454"}],"curies":[{"name":"wp","href":"https:\/\/api.w.org\/{rel}","templated":true}]}}