{"id":8397,"date":"2021-04-19T08:14:59","date_gmt":"2021-04-19T08:14:59","guid":{"rendered":"https:\/\/kdplanet.com\/fr\/kd-kids\/infinifun\/?page_id=8397"},"modified":"2021-04-19T08:14:59","modified_gmt":"2021-04-19T08:14:59","slug":"nos-exigences","status":"publish","type":"page","link":"https:\/\/infini-fun.com\/uk\/nos-exigences\/","title":{"rendered":"Nos exigences"},"content":{"rendered":"<section class=\"l-section wpb_row height_small\" id=\"securite\"><div class=\"l-section-h i-cf\"><div class=\"g-cols vc_row via_flex valign_top type_default stacking_default\"><div class=\"vc_col-sm-12 wpb_column vc_column_container\"><div class=\"vc_column-inner\"><div class=\"wpb_wrapper\"><div class=\"wpb_text_column\"><div class=\"wpb_wrapper\"><h3>Chez <span class=\"infini\">infini<\/span><span class=\"FUN\">FUN<\/span>, la s\u00e9curit\u00e9 de nos jouets est notre priorit\u00e9 !<\/h3>\n<p>Tous nos jouets sont conformes aux r\u00e9glementations en vigueur dans chaque pays. De nombreux tests garantissent la conformit\u00e9 et la fiabilit\u00e9 de nos produits. D\u00e8s la d\u00e9finition du concept, nous nous assurons que le jouet correspond \u00e0 l\u2019\u00e2ge de l\u2019enfant auquel il est destin\u00e9 afin d\u2019assurer sa s\u00e9curit\u00e9.<\/p>\n<\/div><\/div><\/div><\/div><\/div><\/div><\/div><\/section><section class=\"l-section wpb_row height_small\" id=\"france\"><div class=\"l-section-h i-cf\"><div class=\"g-cols vc_row via_flex valign_top type_default stacking_default\"><div class=\"vc_col-sm-12 wpb_column vc_column_container\"><div class=\"vc_column-inner\"><div class=\"wpb_wrapper\"><div class=\"wpb_text_column\"><div class=\"wpb_wrapper\"><h3><span class=\"infini\">infini<\/span><span class=\"FUN\">FUN<\/span>, une marque fran\u00e7aise et des jouets \u00e9labor\u00e9s en France !<\/h3>\n<p>La cr\u00e9ation, la conception du jouet et tous les d\u00e9veloppements sont r\u00e9alis\u00e9s par les \u00e9quipes de d\u00e9veloppement bas\u00e9es en France.\u00a0 C\u2019est ce qui permet de cr\u00e9er des jouets de qualit\u00e9 avec une vraie valeur de jeu et un design unique.<\/p>\n<\/div><\/div><\/div><\/div><\/div><\/div><\/div><\/section><section class=\"l-section wpb_row height_small\" id=\"innovation\"><div class=\"l-section-h i-cf\"><div class=\"g-cols vc_row via_flex valign_top type_default stacking_default\"><div class=\"vc_col-sm-12 wpb_column vc_column_container\"><div class=\"vc_column-inner\"><div class=\"wpb_wrapper\"><div class=\"wpb_text_column\"><div class=\"wpb_wrapper\"><h3>L\u2019innovation au service d\u2019<span class=\"infini\">infini<\/span><span class=\"FUN\">FUN<\/span> !<\/h3>\n<p>Nous effectuons une veille technologique constante qui nous permet de proposer des jouets toujours plus incroyables. De la magie de la d\u00e9tection des couleurs au mouvement de l\u2019eau sans piles, nous avons l\u2019ambition d\u2019\u00eatre une marque r\u00e9solument tourn\u00e9e vers l\u2019innovation.<\/p>\n<\/div><\/div><\/div><\/div><\/div><\/div><\/div><\/section><section class=\"l-section wpb_row height_small\" id=\"testeurs\"><div class=\"l-section-h i-cf\"><div class=\"g-cols vc_row via_flex valign_top type_default stacking_default\"><div class=\"vc_col-sm-12 wpb_column vc_column_container\"><div class=\"vc_column-inner\"><div class=\"wpb_wrapper\"><div class=\"wpb_text_column\"><div class=\"wpb_wrapper\"><h3>Les parents-testeurs aux cot\u00e9s d\u2019<span class=\"infini\">infini<\/span><span class=\"FUN\">FUN<\/span><\/h3>\n<p>Nous formons chaque ann\u00e9e des \u00e9quipes de parents testeurs afin de faire des tests en situation r\u00e9elle et d\u2019am\u00e9liorer in fine nos jouets. C\u2019est une \u00e9tape essentielle pour s\u2019assurer de la qualit\u00e9 de nos produits et \u00eatre toujours en avance sur les tendances. Si vous \u00eates parents d\u2019un enfant de moins de 4ans et que vous souhaitez participer \u00e0 cette incroyable aventure, tentez de rejoindre nos \u00e9quipes de parents testeurs, <a href=\"https:\/\/kdplanet.com\/fr\/kd-kids\/infinifun\/contact-parents-testeurs\/\">en postulant ici<\/a> !<\/p>\n<\/div><\/div><\/div><\/div><\/div><\/div><\/div><\/section>\n","protected":false},"excerpt":{"rendered":"Chez infiniFUN, la s\u00e9curit\u00e9 de nos jouets est notre priorit\u00e9 ! Tous nos jouets sont conformes aux r\u00e9glementations en vigueur dans chaque pays. De nombreux tests garantissent la conformit\u00e9 et la fiabilit\u00e9 de nos produits. D\u00e8s la d\u00e9finition du concept, nous nous assurons que le jouet correspond \u00e0 l\u2019\u00e2ge de l\u2019enfant auquel il est destin\u00e9...","protected":false},"author":2,"featured_media":0,"parent":0,"menu_order":0,"comment_status":"closed","ping_status":"closed","template":"","meta":{"footnotes":""},"class_list":["post-8397","page","type-page","status-publish","hentry"],"yoast_head":"<!-- This site is optimized with the Yoast SEO plugin v27.2 - https:\/\/yoast.com\/product\/yoast-seo-wordpress\/ -->\n<title>Nos exigences - KD Kids InfiniFun UK<\/title>\n<meta name=\"robots\" content=\"noindex, follow, max-snippet:-1, max-image-preview:large, max-video-preview:-1\" \/>\n<meta property=\"og:locale\" content=\"fr_FR\" \/>\n<meta property=\"og:type\" content=\"article\" \/>\n<meta property=\"og:title\" content=\"Nos exigences - KD Kids InfiniFun UK\" \/>\n<meta property=\"og:url\" content=\"https:\/\/infini-fun.com\/uk\/nos-exigences\/\" \/>\n<meta property=\"og:site_name\" content=\"KD Kids InfiniFun UK\" \/>\n<meta name=\"twitter:card\" content=\"summary_large_image\" \/>\n<meta name=\"twitter:label1\" content=\"Dur\u00e9e de lecture estim\u00e9e\" \/>\n\t<meta name=\"twitter:data1\" content=\"2 minutes\" \/>\n<script type=\"application\/ld+json\" class=\"yoast-schema-graph\">{\"@context\":\"https:\/\/schema.org\",\"@graph\":[{\"@type\":\"WebPage\",\"@id\":\"https:\/\/infini-fun.com\/uk\/nos-exigences\/\",\"url\":\"https:\/\/infini-fun.com\/uk\/nos-exigences\/\",\"name\":\"Nos exigences - KD Kids InfiniFun UK\",\"isPartOf\":{\"@id\":\"https:\/\/infini-fun.com\/uk\/#website\"},\"datePublished\":\"2021-04-19T08:14:59+00:00\",\"breadcrumb\":{\"@id\":\"https:\/\/infini-fun.com\/uk\/nos-exigences\/#breadcrumb\"},\"inLanguage\":\"fr-FR\",\"potentialAction\":[{\"@type\":\"ReadAction\",\"target\":[\"https:\/\/infini-fun.com\/uk\/nos-exigences\/\"]}]},{\"@type\":\"BreadcrumbList\",\"@id\":\"https:\/\/infini-fun.com\/uk\/nos-exigences\/#breadcrumb\",\"itemListElement\":[{\"@type\":\"ListItem\",\"position\":1,\"name\":\"Portada\",\"item\":\"https:\/\/infini-fun.com\/uk\/\"},{\"@type\":\"ListItem\",\"position\":2,\"name\":\"Nos exigences\"}]},{\"@type\":\"WebSite\",\"@id\":\"https:\/\/infini-fun.com\/uk\/#website\",\"url\":\"https:\/\/infini-fun.com\/uk\/\",\"name\":\"KD Kids InfiniFun UK\",\"description\":\"Introducing Infinifun and Tinyboo\",\"potentialAction\":[{\"@type\":\"SearchAction\",\"target\":{\"@type\":\"EntryPoint\",\"urlTemplate\":\"https:\/\/infini-fun.com\/uk\/?s={search_term_string}\"},\"query-input\":{\"@type\":\"PropertyValueSpecification\",\"valueRequired\":true,\"valueName\":\"search_term_string\"}}],\"inLanguage\":\"fr-FR\"}]}<\/script>\n<!-- \/ Yoast SEO plugin. -->","yoast_head_json":{"title":"Nos exigences - KD Kids InfiniFun UK","robots":{"index":"noindex","follow":"follow","max-snippet":"max-snippet:-1","max-image-preview":"max-image-preview:large","max-video-preview":"max-video-preview:-1"},"og_locale":"fr_FR","og_type":"article","og_title":"Nos exigences - KD Kids InfiniFun UK","og_url":"https:\/\/infini-fun.com\/uk\/nos-exigences\/","og_site_name":"KD Kids InfiniFun UK","twitter_card":"summary_large_image","twitter_misc":{"Dur\u00e9e de lecture estim\u00e9e":"2 minutes"},"schema":{"@context":"https:\/\/schema.org","@graph":[{"@type":"WebPage","@id":"https:\/\/infini-fun.com\/uk\/nos-exigences\/","url":"https:\/\/infini-fun.com\/uk\/nos-exigences\/","name":"Nos exigences - KD Kids InfiniFun UK","isPartOf":{"@id":"https:\/\/infini-fun.com\/uk\/#website"},"datePublished":"2021-04-19T08:14:59+00:00","breadcrumb":{"@id":"https:\/\/infini-fun.com\/uk\/nos-exigences\/#breadcrumb"},"inLanguage":"fr-FR","potentialAction":[{"@type":"ReadAction","target":["https:\/\/infini-fun.com\/uk\/nos-exigences\/"]}]},{"@type":"BreadcrumbList","@id":"https:\/\/infini-fun.com\/uk\/nos-exigences\/#breadcrumb","itemListElement":[{"@type":"ListItem","position":1,"name":"Portada","item":"https:\/\/infini-fun.com\/uk\/"},{"@type":"ListItem","position":2,"name":"Nos exigences"}]},{"@type":"WebSite","@id":"https:\/\/infini-fun.com\/uk\/#website","url":"https:\/\/infini-fun.com\/uk\/","name":"KD Kids InfiniFun UK","description":"Introducing Infinifun and Tinyboo","potentialAction":[{"@type":"SearchAction","target":{"@type":"EntryPoint","urlTemplate":"https:\/\/infini-fun.com\/uk\/?s={search_term_string}"},"query-input":{"@type":"PropertyValueSpecification","valueRequired":true,"valueName":"search_term_string"}}],"inLanguage":"fr-FR"}]}},"_links":{"self":[{"href":"https:\/\/infini-fun.com\/uk\/wp-json\/wp\/v2\/pages\/8397","targetHints":{"allow":["GET"]}}],"collection":[{"href":"https:\/\/infini-fun.com\/uk\/wp-json\/wp\/v2\/pages"}],"about":[{"href":"https:\/\/infini-fun.com\/uk\/wp-json\/wp\/v2\/types\/page"}],"author":[{"embeddable":true,"href":"https:\/\/infini-fun.com\/uk\/wp-json\/wp\/v2\/users\/2"}],"replies":[{"embeddable":true,"href":"https:\/\/infini-fun.com\/uk\/wp-json\/wp\/v2\/comments?post=8397"}],"version-history":[{"count":0,"href":"https:\/\/infini-fun.com\/uk\/wp-json\/wp\/v2\/pages\/8397\/revisions"}],"wp:attachment":[{"href":"https:\/\/infini-fun.com\/uk\/wp-json\/wp\/v2\/media?parent=8397"}],"curies":[{"name":"wp","href":"https:\/\/api.w.org\/{rel}","templated":true}]}}