{"id":8233,"date":"2021-02-12T10:54:55","date_gmt":"2021-02-12T10:54:55","guid":{"rendered":"http:\/\/kdplanet.com\/fr\/kd-kids\/infinifun\/?page_id=8233"},"modified":"2021-02-12T10:54:55","modified_gmt":"2021-02-12T10:54:55","slug":"nos-missions","status":"publish","type":"page","link":"https:\/\/infini-fun.com\/uk\/nos-missions\/","title":{"rendered":"Nos missions"},"content":{"rendered":"<section class=\"l-section wpb_row height_medium full_height valign_center color_secondary with_shape\" id=\"demo\"><div class=\"l-section-shape type_triangle-2-inv pos_top\" style=\"height:15vmin;\"><svg xmlns=\"http:\/\/www.w3.org\/2000\/svg\" viewBox=\"0 0 64 8\" preserveAspectRatio=\"none\" width=\"100%\" height=\"100%\">\r\n\t<path fill=\"currentColor\" d=\"M64 9 L0 9 L0 7.9 L48 0 L64 7.9 Z\"\/>\r\n<\/svg><\/div><div class=\"l-section-shape type_tilt pos_bottom\" style=\"height:15vmin;\"><svg xmlns=\"http:\/\/www.w3.org\/2000\/svg\" viewBox=\"0 0 64 8\" preserveAspectRatio=\"none\" width=\"100%\" height=\"100%\">\r\n\t<path fill=\"currentColor\" d=\"M64 7.9 L64 10 L0 10 L0 0 Z\"\/>\r\n<\/svg><\/div><div class=\"l-section-h i-cf\"><div class=\"g-cols vc_row via_flex valign_top type_default stacking_default\"><div class=\"vc_col-sm-12 wpb_column vc_column_container\"><div class=\"vc_column-inner\"><div class=\"wpb_wrapper\"><div class=\"w-separator size_huge\"><\/div><div class=\"w-video shadow align_center ratio_16x9\"><div class=\"w-video-h\"><iframe loading=\"lazy\" title=\"InfiniFUN - Branding Video Presentation\" src=\"https:\/\/player.vimeo.com\/video\/333293868?h=08f895170a&amp;dnt=1&amp;app_id=122963\" width=\"640\" height=\"360\" frameborder=\"0\" allow=\"autoplay; fullscreen; picture-in-picture\" allowfullscreen><\/iframe><\/div><\/div><div class=\"w-separator size_huge\"><\/div><\/div><\/div><\/div><\/div><\/div><\/section><section class=\"l-section wpb_row height_small with_shape\" id=\"features\"><div class=\"l-section-shape type_triangle-2-inv pos_top\" style=\"height:15vmin;\"><svg xmlns=\"http:\/\/www.w3.org\/2000\/svg\" viewBox=\"0 0 64 8\" preserveAspectRatio=\"none\" width=\"100%\" height=\"100%\">\r\n\t<path fill=\"currentColor\" d=\"M64 9 L0 9 L0 7.9 L48 0 L64 7.9 Z\"\/>\r\n<\/svg><\/div><div class=\"l-section-h i-cf\"><div class=\"g-cols vc_row via_flex valign_top type_default stacking_default\"><div class=\"vc_col-sm-12 wpb_column vc_column_container us_animate_afl\" style=\"animation-delay:0.3s\"><div class=\"vc_column-inner\"><div class=\"wpb_wrapper\"><div class=\"wpb_text_column\"><div class=\"wpb_wrapper\"><p>Parce que s\u2019\u00e9veiller au monde est une v\u00e9ritable aventure, chez <span class=\"infini\">infini<\/span><span class=\"FUN\">FUN<\/span>\u00a0nous avons \u00e0 c\u0153ur de cr\u00e9er des jouets qui permettent \u00e0 nos enfants de le faire tout en douceur, de mani\u00e8re aussi sensorielle qu\u2019\u00e9motionnelle, avec beaucoup de fun et une touche d\u2019apprentissage. Con\u00e7us et d\u00e9velopp\u00e9s en France, nos produits sont imagin\u00e9s pour vivre un vrai moment de partage avec votre enfant. Laissez-vous surprendre par ces jouets originaux qui vous accompagneront tout au long de la journ\u00e9e.<\/p>\n<\/div><\/div><\/div><\/div><\/div><\/div><\/div><\/section><section class=\"l-section wpb_row height_small color_alternate\" id=\"equipe\"><div class=\"l-section-h i-cf\"><div class=\"g-cols vc_row via_flex valign_middle type_default stacking_default\"><div class=\"vc_col-sm-6 wpb_column vc_column_container us_animate_afb\" style=\"animation-delay:0.6s\"><div class=\"vc_column-inner\"><div class=\"wpb_wrapper\"><div class=\"wpb_text_column\"><div class=\"wpb_wrapper\"><p>Une \u00e9quipe <span class=\"infini\">infini<\/span>&lsquo;ment <span class=\"FUN\">FUN<\/span><\/p>\n<\/div><\/div><div class=\"wpb_text_column\"><div class=\"wpb_wrapper\"><p>Tous nos jouets sont pens\u00e9s et design\u00e9s par l\u2019\u00e9quipe <span class=\"infini\">infini<\/span><span class=\"FUN\">FUN<\/span>. Cette \u00e9quipe se compose de chefs de produit, de designer et de graphiste qui ensemble \u00e9laborent les jouets de demain.<\/p>\n<p>C\u2019est ce travail compl\u00e9mentaire qui permet de proposer des jouets qui vont accompagner l\u2019enfant dans son d\u00e9veloppement.<\/p>\n<\/div><\/div><\/div><\/div><\/div><div class=\"vc_col-sm-6 wpb_column vc_column_container\"><div class=\"vc_column-inner\"><div class=\"wpb_wrapper\"><div class=\"w-image style_outlined align_right us_animate_afr\"><div class=\"w-image-h\"><img decoding=\"async\" width=\"1920\" height=\"1280\" src=\"https:\/\/infini-fun.com\/uk\/wp-content\/uploads\/sites\/6\/2021\/04\/pexels-rodnae-productions-7491162.jpg\" class=\"attachment-full size-full\" alt=\"\" loading=\"lazy\" srcset=\"https:\/\/infini-fun.com\/uk\/wp-content\/uploads\/sites\/6\/2021\/04\/pexels-rodnae-productions-7491162.jpg 1920w, https:\/\/infini-fun.com\/uk\/wp-content\/uploads\/sites\/6\/2021\/04\/pexels-rodnae-productions-7491162-300x200.jpg 300w, https:\/\/infini-fun.com\/uk\/wp-content\/uploads\/sites\/6\/2021\/04\/pexels-rodnae-productions-7491162-1024x683.jpg 1024w, https:\/\/infini-fun.com\/uk\/wp-content\/uploads\/sites\/6\/2021\/04\/pexels-rodnae-productions-7491162-600x400.jpg 600w\" sizes=\"auto, (max-width: 1920px) 100vw, 1920px\" \/><\/div><\/div><\/div><\/div><\/div><\/div><\/div><\/section><section class=\"l-section wpb_row height_small\"><div class=\"l-section-h i-cf\"><div class=\"g-cols vc_row via_flex valign_top type_default stacking_default\"><div class=\"vc_col-sm-12 wpb_column vc_column_container\"><div class=\"vc_column-inner\"><div class=\"wpb_wrapper\"><div class=\"g-cols wpb_row via_flex valign_middle type_default stacking_default\"><div class=\"vc_col-sm-3 wpb_column vc_column_container\"><div class=\"vc_column-inner\"><div class=\"wpb_wrapper\"><div class=\"w-image style_outlined style_circle align_right\"><div class=\"w-image-h\"><img decoding=\"async\" width=\"150\" height=\"150\" src=\"https:\/\/infini-fun.com\/uk\/wp-content\/uploads\/sites\/6\/2021\/04\/person_1-150x150.png\" class=\"attachment-thumbnail size-thumbnail\" alt=\"\" loading=\"lazy\" srcset=\"https:\/\/infini-fun.com\/uk\/wp-content\/uploads\/sites\/6\/2021\/04\/person_1-150x150.png 150w, https:\/\/infini-fun.com\/uk\/wp-content\/uploads\/sites\/6\/2021\/04\/person_1-300x300.png 300w, https:\/\/infini-fun.com\/uk\/wp-content\/uploads\/sites\/6\/2021\/04\/person_1-600x600.png 600w, https:\/\/infini-fun.com\/uk\/wp-content\/uploads\/sites\/6\/2021\/04\/person_1.png 750w\" sizes=\"auto, (max-width: 150px) 100vw, 150px\" \/><\/div><\/div><\/div><\/div><\/div><div class=\"vc_col-sm-6 wpb_column vc_column_container\"><div class=\"vc_column-inner\"><div class=\"wpb_wrapper\"><div class=\"wpb_text_column\"><div class=\"wpb_wrapper\"><p>\u00ab\u00a0Avec infiniFUN, nous voulons que vos enfants vivent les exp\u00e9riences les plus enrichissantes possible et pour longtemps.\u00a0\u00bb<\/p>\n<\/div><\/div><\/div><\/div><\/div><div class=\"vc_col-sm-3 wpb_column vc_column_container\"><div class=\"vc_column-inner\"><div class=\"wpb_wrapper\"><\/div><\/div><\/div><\/div><div class=\"g-cols wpb_row via_flex valign_middle type_default stacking_default\"><div class=\"vc_col-sm-3 wpb_column vc_column_container\"><div class=\"vc_column-inner\"><div class=\"wpb_wrapper\"><\/div><\/div><\/div><div class=\"vc_col-sm-3 wpb_column vc_column_container\"><div class=\"vc_column-inner\"><div class=\"wpb_wrapper\"><div class=\"w-image style_outlined style_circle align_right\"><div class=\"w-image-h\"><img decoding=\"async\" width=\"150\" height=\"150\" src=\"https:\/\/infini-fun.com\/uk\/wp-content\/uploads\/sites\/6\/2021\/04\/person_2-150x150.png\" class=\"attachment-thumbnail size-thumbnail\" alt=\"\" loading=\"lazy\" srcset=\"https:\/\/infini-fun.com\/uk\/wp-content\/uploads\/sites\/6\/2021\/04\/person_2-150x150.png 150w, https:\/\/infini-fun.com\/uk\/wp-content\/uploads\/sites\/6\/2021\/04\/person_2-300x300.png 300w, https:\/\/infini-fun.com\/uk\/wp-content\/uploads\/sites\/6\/2021\/04\/person_2-600x600.png 600w, https:\/\/infini-fun.com\/uk\/wp-content\/uploads\/sites\/6\/2021\/04\/person_2.png 750w\" sizes=\"auto, (max-width: 150px) 100vw, 150px\" \/><\/div><\/div><\/div><\/div><\/div><div class=\"vc_col-sm-6 wpb_column vc_column_container\"><div class=\"vc_column-inner\"><div class=\"wpb_wrapper\"><div class=\"wpb_text_column\"><div class=\"wpb_wrapper\"><p>\u00ab\u00a0Nos jouets sont con\u00e7us avec l\u2019envie de vous faire vivre de vrais moments de partage et de complicit\u00e9 en famille.\u00a0\u00bb<\/p>\n<\/div><\/div><\/div><\/div><\/div><\/div><div class=\"g-cols wpb_row via_flex valign_middle type_default stacking_default\"><div class=\"vc_col-sm-3 wpb_column vc_column_container\"><div class=\"vc_column-inner\"><div class=\"wpb_wrapper\"><\/div><\/div><\/div><div class=\"vc_col-sm-6 wpb_column vc_column_container\"><div class=\"vc_column-inner\"><div class=\"wpb_wrapper\"><div class=\"wpb_text_column\"><div class=\"wpb_wrapper\"><p style=\"text-align: right\">\u00ab\u00a0Il est temps de profiter de tous les moments, ensemble ! \u00bb<\/p>\n<\/div><\/div><\/div><\/div><\/div><div class=\"vc_col-sm-3 wpb_column vc_column_container\"><div class=\"vc_column-inner\"><div class=\"wpb_wrapper\"><div class=\"w-image style_outlined style_circle align_left\"><div class=\"w-image-h\"><img decoding=\"async\" width=\"150\" height=\"150\" src=\"https:\/\/infini-fun.com\/uk\/wp-content\/uploads\/sites\/6\/2021\/04\/person_3-150x150.png\" class=\"attachment-thumbnail size-thumbnail\" alt=\"\" loading=\"lazy\" srcset=\"https:\/\/infini-fun.com\/uk\/wp-content\/uploads\/sites\/6\/2021\/04\/person_3-150x150.png 150w, https:\/\/infini-fun.com\/uk\/wp-content\/uploads\/sites\/6\/2021\/04\/person_3-300x300.png 300w, https:\/\/infini-fun.com\/uk\/wp-content\/uploads\/sites\/6\/2021\/04\/person_3-600x600.png 600w, https:\/\/infini-fun.com\/uk\/wp-content\/uploads\/sites\/6\/2021\/04\/person_3.png 750w\" sizes=\"auto, (max-width: 150px) 100vw, 150px\" \/><\/div><\/div><\/div><\/div><\/div><\/div><div class=\"g-cols wpb_row via_flex valign_middle type_default stacking_default\"><div class=\"vc_col-sm-6 wpb_column vc_column_container\"><div class=\"vc_column-inner\"><div class=\"wpb_wrapper\"><div class=\"wpb_text_column\"><div class=\"wpb_wrapper\"><p style=\"text-align: right\">\u00ab\u00a0Nous inventons des jouets durables, s\u00fbrs et avec une vraie valeur de jeu.\u00a0\u00bb<\/p>\n<\/div><\/div><\/div><\/div><\/div><div class=\"vc_col-sm-3 wpb_column vc_column_container\"><div class=\"vc_column-inner\"><div class=\"wpb_wrapper\"><div class=\"w-image style_outlined style_circle align_left\"><div class=\"w-image-h\"><img decoding=\"async\" width=\"150\" height=\"150\" src=\"https:\/\/infini-fun.com\/uk\/wp-content\/uploads\/sites\/6\/2021\/04\/person_4-150x150.png\" class=\"attachment-thumbnail size-thumbnail\" alt=\"\" loading=\"lazy\" srcset=\"https:\/\/infini-fun.com\/uk\/wp-content\/uploads\/sites\/6\/2021\/04\/person_4-150x150.png 150w, https:\/\/infini-fun.com\/uk\/wp-content\/uploads\/sites\/6\/2021\/04\/person_4-300x300.png 300w, https:\/\/infini-fun.com\/uk\/wp-content\/uploads\/sites\/6\/2021\/04\/person_4-600x600.png 600w, https:\/\/infini-fun.com\/uk\/wp-content\/uploads\/sites\/6\/2021\/04\/person_4.png 750w\" sizes=\"auto, (max-width: 150px) 100vw, 150px\" \/><\/div><\/div><\/div><\/div><\/div><div class=\"vc_col-sm-3 wpb_column vc_column_container\"><div class=\"vc_column-inner\"><div class=\"wpb_wrapper\"><\/div><\/div><\/div><\/div><\/div><\/div><\/div><\/div><\/div><\/section><section class=\"l-section wpb_row height_small color_footer-bottom with_shape\" id=\"ADN\"><div class=\"l-section-shape type_triangle-2 pos_top hor_flip\" style=\"height:10vh;\"><svg xmlns=\"http:\/\/www.w3.org\/2000\/svg\" viewBox=\"0 0 64 8\" preserveAspectRatio=\"none\" width=\"100%\" height=\"100%\">\r\n\t<path fill=\"currentColor\" d=\"M64 8 L0 8 L0 0 L48 7.9 L64 0 Z\"\/>\r\n<\/svg><\/div><div class=\"l-section-shape type_triangle pos_bottom\" style=\"height:10vh;\"><svg xmlns=\"http:\/\/www.w3.org\/2000\/svg\" viewBox=\"0 0 64 8\" preserveAspectRatio=\"none\" width=\"100%\" height=\"100%\">\r\n\t<path fill=\"currentColor\" d=\"M64 8 L0 8 L0 0 L32 7.9 L64 0 Z\"\/>\r\n<\/svg><\/div><div class=\"l-section-h i-cf\"><div class=\"g-cols vc_row via_flex valign_top type_default stacking_default\"><div class=\"vc_col-sm-12 wpb_column vc_column_container\"><div class=\"vc_column-inner\"><div class=\"wpb_wrapper\"><div class=\"w-separator size_medium\"><\/div><div class=\"g-cols wpb_row via_flex valign_top type_default stacking_default\"><div class=\"vc_col-sm-8 wpb_column vc_column_container\"><div class=\"vc_column-inner\"><div class=\"wpb_wrapper\"><div class=\"wpb_text_column\"><div class=\"wpb_wrapper\"><p>Toutes les \u00e9tudes prouvent que le jeu fait partie int\u00e9grante du d\u00e9veloppement sain de l\u2019enfant. C\u2019est aussi le meilleur moyen pour apprendre \u00e0 communiquer et cr\u00e9er des int\u00e9ractions qui vont l\u2019aider \u00e0 grandir physiquement, socialement et \u00e9motionnellement.<\/p>\n<\/div><\/div><\/div><\/div><\/div><div class=\"vc_col-sm-4 wpb_column vc_column_container\"><div class=\"vc_column-inner\"><div class=\"wpb_wrapper\"><\/div><\/div><\/div><\/div><div class=\"w-separator size_small\"><\/div><div class=\"g-cols wpb_row via_flex valign_top type_default stacking_default\"><div class=\"vc_col-sm-4 wpb_column vc_column_container\"><div class=\"vc_column-inner\"><div class=\"wpb_wrapper\"><\/div><\/div><\/div><div class=\"vc_col-sm-8 wpb_column vc_column_container\"><div class=\"vc_column-inner\"><div class=\"wpb_wrapper\"><div class=\"wpb_text_column\"><div class=\"wpb_wrapper\"><p>Chez <span class=\"infini\">KD<\/span>, nous pensons que chaque enfant m\u00e9rite le meilleur ! Que rien n\u2019est plus important que le jeu et les moments de complicit\u00e9 pour l\u2019aider \u00e0 son \u00e9panouissement.<\/p>\n<\/div><\/div><\/div><\/div><\/div><\/div><div class=\"w-separator size_medium\"><\/div><div class=\"g-cols wpb_row via_flex valign_top type_default stacking_default\"><div class=\"vc_col-sm-2 wpb_column vc_column_container\"><div class=\"vc_column-inner\"><div class=\"wpb_wrapper\"><\/div><\/div><\/div><div class=\"vc_col-sm-8 wpb_column vc_column_container\"><div class=\"vc_column-inner\"><div class=\"wpb_wrapper\"><div class=\"wpb_text_column\"><div class=\"wpb_wrapper\"><h4>C\u2019est pour toutes ces raisons que nous avons cr\u00e9\u00e9 <span class=\"infini\">infini<\/span><span class=\"FUN\">FUN<\/span><\/h4>\n<\/div><\/div><\/div><\/div><\/div><div class=\"vc_col-sm-2 wpb_column vc_column_container\"><div class=\"vc_column-inner\"><div class=\"wpb_wrapper\"><\/div><\/div><\/div><\/div><div class=\"w-separator size_medium\"><\/div><\/div><\/div><\/div><\/div><\/div><\/section><section class=\"l-section wpb_row height_small\"><div class=\"l-section-h i-cf\"><div class=\"g-cols vc_row via_flex valign_middle type_default stacking_default\"><div class=\"vc_col-sm-3 wpb_column vc_column_container\"><div class=\"vc_column-inner\"><div class=\"wpb_wrapper\"><div class=\"w-image style_outlined align_none\"><div class=\"w-image-h\"><img decoding=\"async\" width=\"300\" height=\"300\" src=\"https:\/\/infini-fun.com\/uk\/wp-content\/uploads\/sites\/6\/2021\/04\/CEO-300x300.png\" class=\"attachment-medium size-medium\" alt=\"\" loading=\"lazy\" srcset=\"https:\/\/infini-fun.com\/uk\/wp-content\/uploads\/sites\/6\/2021\/04\/CEO-300x300.png 300w, https:\/\/infini-fun.com\/uk\/wp-content\/uploads\/sites\/6\/2021\/04\/CEO-150x150.png 150w, https:\/\/infini-fun.com\/uk\/wp-content\/uploads\/sites\/6\/2021\/04\/CEO.png 434w\" sizes=\"auto, (max-width: 300px) 100vw, 300px\" \/><\/div><\/div><\/div><\/div><\/div><div class=\"vc_col-sm-9 wpb_column vc_column_container\"><div class=\"vc_column-inner\"><div class=\"wpb_wrapper\"><div class=\"wpb_text_column\"><div class=\"wpb_wrapper\"><h4><em>\u201c C\u2019est par le jeu que les enfants apprennent et c\u2019est ainsi qu\u2019ils se construisent une vie pleinement \u00e9panou\u00efe. <span class=\"FUN\">A vos jouets, pr\u00eats ? Grandissez ! <\/span>\u201d<\/em><\/h4>\n<\/div><\/div><\/div><\/div><\/div><\/div><\/div><\/section><section class=\"l-section wpb_row height_small\"><div class=\"l-section-h i-cf\"><div class=\"g-cols vc_row via_flex valign_top type_default stacking_default\"><div class=\"vc_col-sm-4 wpb_column vc_column_container\"><div class=\"vc_column-inner\"><div class=\"wpb_wrapper\"><\/div><\/div><\/div><div class=\"vc_col-sm-8 wpb_column vc_column_container\"><div class=\"vc_column-inner\"><div class=\"wpb_wrapper\"><div class=\"wpb_text_column\"><div class=\"wpb_wrapper\"><p style=\"text-align: right\"><span class=\"infini\">infini<\/span><span class=\"FUN\">FUN<\/span> est une marque d\u00e9pos\u00e9e de KD group.<br \/>\nVous pouvez retrouver toutes les informations du groupe sur : <a href=\"http:\/\/group-kd.com\" target=\"_blank\" rel=\"noopener\"><span class=\"infini\">group-kd.com<\/span><\/a><\/p>\n<\/div><\/div><\/div><\/div><\/div><\/div><\/div><\/section>\n","protected":false},"excerpt":{"rendered":"Parce que s\u2019\u00e9veiller au monde est une v\u00e9ritable aventure, chez infiniFUN\u00a0nous avons \u00e0 c\u0153ur de cr\u00e9er des jouets qui permettent \u00e0 nos enfants de le faire tout en douceur, de mani\u00e8re aussi sensorielle qu\u2019\u00e9motionnelle, avec beaucoup de fun et une touche d\u2019apprentissage. Con\u00e7us et d\u00e9velopp\u00e9s en France, nos produits sont imagin\u00e9s pour vivre un vrai...","protected":false},"author":2,"featured_media":0,"parent":0,"menu_order":0,"comment_status":"closed","ping_status":"closed","template":"","meta":{"footnotes":""},"class_list":["post-8233","page","type-page","status-publish","hentry"],"yoast_head":"<!-- This site is optimized with the Yoast SEO plugin v27.2 - https:\/\/yoast.com\/product\/yoast-seo-wordpress\/ -->\n<title>Nos missions - KD Kids InfiniFun UK<\/title>\n<meta name=\"robots\" content=\"noindex, follow, max-snippet:-1, max-image-preview:large, max-video-preview:-1\" \/>\n<meta property=\"og:locale\" content=\"fr_FR\" \/>\n<meta property=\"og:type\" content=\"article\" \/>\n<meta property=\"og:title\" content=\"Nos missions - KD Kids InfiniFun UK\" \/>\n<meta property=\"og:url\" content=\"https:\/\/infini-fun.com\/uk\/nos-missions\/\" \/>\n<meta property=\"og:site_name\" content=\"KD Kids InfiniFun UK\" \/>\n<meta name=\"twitter:card\" content=\"summary_large_image\" \/>\n<meta name=\"twitter:label1\" content=\"Dur\u00e9e de lecture estim\u00e9e\" \/>\n\t<meta name=\"twitter:data1\" content=\"2 minutes\" \/>\n<script type=\"application\/ld+json\" class=\"yoast-schema-graph\">{\"@context\":\"https:\/\/schema.org\",\"@graph\":[{\"@type\":\"WebPage\",\"@id\":\"https:\/\/infini-fun.com\/uk\/nos-missions\/\",\"url\":\"https:\/\/infini-fun.com\/uk\/nos-missions\/\",\"name\":\"Nos missions - KD Kids InfiniFun UK\",\"isPartOf\":{\"@id\":\"https:\/\/infini-fun.com\/uk\/#website\"},\"datePublished\":\"2021-02-12T10:54:55+00:00\",\"breadcrumb\":{\"@id\":\"https:\/\/infini-fun.com\/uk\/nos-missions\/#breadcrumb\"},\"inLanguage\":\"fr-FR\",\"potentialAction\":[{\"@type\":\"ReadAction\",\"target\":[\"https:\/\/infini-fun.com\/uk\/nos-missions\/\"]}]},{\"@type\":\"BreadcrumbList\",\"@id\":\"https:\/\/infini-fun.com\/uk\/nos-missions\/#breadcrumb\",\"itemListElement\":[{\"@type\":\"ListItem\",\"position\":1,\"name\":\"Portada\",\"item\":\"https:\/\/infini-fun.com\/uk\/\"},{\"@type\":\"ListItem\",\"position\":2,\"name\":\"Nos missions\"}]},{\"@type\":\"WebSite\",\"@id\":\"https:\/\/infini-fun.com\/uk\/#website\",\"url\":\"https:\/\/infini-fun.com\/uk\/\",\"name\":\"KD Kids InfiniFun UK\",\"description\":\"Introducing Infinifun and Tinyboo\",\"potentialAction\":[{\"@type\":\"SearchAction\",\"target\":{\"@type\":\"EntryPoint\",\"urlTemplate\":\"https:\/\/infini-fun.com\/uk\/?s={search_term_string}\"},\"query-input\":{\"@type\":\"PropertyValueSpecification\",\"valueRequired\":true,\"valueName\":\"search_term_string\"}}],\"inLanguage\":\"fr-FR\"}]}<\/script>\n<!-- \/ Yoast SEO plugin. -->","yoast_head_json":{"title":"Nos missions - KD Kids InfiniFun UK","robots":{"index":"noindex","follow":"follow","max-snippet":"max-snippet:-1","max-image-preview":"max-image-preview:large","max-video-preview":"max-video-preview:-1"},"og_locale":"fr_FR","og_type":"article","og_title":"Nos missions - KD Kids InfiniFun UK","og_url":"https:\/\/infini-fun.com\/uk\/nos-missions\/","og_site_name":"KD Kids InfiniFun UK","twitter_card":"summary_large_image","twitter_misc":{"Dur\u00e9e de lecture estim\u00e9e":"2 minutes"},"schema":{"@context":"https:\/\/schema.org","@graph":[{"@type":"WebPage","@id":"https:\/\/infini-fun.com\/uk\/nos-missions\/","url":"https:\/\/infini-fun.com\/uk\/nos-missions\/","name":"Nos missions - KD Kids InfiniFun UK","isPartOf":{"@id":"https:\/\/infini-fun.com\/uk\/#website"},"datePublished":"2021-02-12T10:54:55+00:00","breadcrumb":{"@id":"https:\/\/infini-fun.com\/uk\/nos-missions\/#breadcrumb"},"inLanguage":"fr-FR","potentialAction":[{"@type":"ReadAction","target":["https:\/\/infini-fun.com\/uk\/nos-missions\/"]}]},{"@type":"BreadcrumbList","@id":"https:\/\/infini-fun.com\/uk\/nos-missions\/#breadcrumb","itemListElement":[{"@type":"ListItem","position":1,"name":"Portada","item":"https:\/\/infini-fun.com\/uk\/"},{"@type":"ListItem","position":2,"name":"Nos missions"}]},{"@type":"WebSite","@id":"https:\/\/infini-fun.com\/uk\/#website","url":"https:\/\/infini-fun.com\/uk\/","name":"KD Kids InfiniFun UK","description":"Introducing Infinifun and Tinyboo","potentialAction":[{"@type":"SearchAction","target":{"@type":"EntryPoint","urlTemplate":"https:\/\/infini-fun.com\/uk\/?s={search_term_string}"},"query-input":{"@type":"PropertyValueSpecification","valueRequired":true,"valueName":"search_term_string"}}],"inLanguage":"fr-FR"}]}},"_links":{"self":[{"href":"https:\/\/infini-fun.com\/uk\/wp-json\/wp\/v2\/pages\/8233","targetHints":{"allow":["GET"]}}],"collection":[{"href":"https:\/\/infini-fun.com\/uk\/wp-json\/wp\/v2\/pages"}],"about":[{"href":"https:\/\/infini-fun.com\/uk\/wp-json\/wp\/v2\/types\/page"}],"author":[{"embeddable":true,"href":"https:\/\/infini-fun.com\/uk\/wp-json\/wp\/v2\/users\/2"}],"replies":[{"embeddable":true,"href":"https:\/\/infini-fun.com\/uk\/wp-json\/wp\/v2\/comments?post=8233"}],"version-history":[{"count":0,"href":"https:\/\/infini-fun.com\/uk\/wp-json\/wp\/v2\/pages\/8233\/revisions"}],"wp:attachment":[{"href":"https:\/\/infini-fun.com\/uk\/wp-json\/wp\/v2\/media?parent=8233"}],"curies":[{"name":"wp","href":"https:\/\/api.w.org\/{rel}","templated":true}]}}