{"id":8904,"date":"2023-10-02T16:03:42","date_gmt":"2023-10-02T16:03:42","guid":{"rendered":"https:\/\/infini-fun.com\/fr\/?post_type=product&#038;p=8904"},"modified":"2024-03-08T08:55:06","modified_gmt":"2024-03-08T08:55:06","slug":"mon-duo-smartphone-cles","status":"publish","type":"product","link":"https:\/\/infini-fun.com\/fr\/nos-jouets\/mon-duo-smartphone-cles\/","title":{"rendered":"Mon duo smartphone &#038; cl\u00e9s"},"content":{"rendered":"<p><strong>Votre tout-petit a enfin son t\u00e9l\u00e9phone et ses cl\u00e9s pour faire comme les grands !<\/strong><\/p>\n<p>Gr\u00e2ce \u00e0 son t\u00e9l\u00e9phone, il apprend \u00e0 son rythme les animaux, les chiffres et les couleurs. A lui de retrouver un animal par son bruit ou par sa couleur dans le mode quiz du t\u00e9l\u00e9phone.<br \/>\nSurprenez-le \u00e0 vous imiter avec ses cl\u00e9s et \u00e0 le voir faire semblant d\u2019ouvrir la porte ou de d\u00e9marrer la voiture.<\/p>\n<p>Et avec toutes les phrases amusantes et sons r\u00e9alistes, votre tout-petit n\u2019a pas fini de s\u2019amuser.<\/p>\n<p><strong>Les petits plus :<\/strong><\/p>\n<ul>\n<li>Apprends les animaux, les couleurs &amp; les chiffres !<\/li>\n<li>Appuie sur le bouton vert pour lib\u00e9rer la cl\u00e9<\/li>\n<\/ul>\n","protected":false},"excerpt":{"rendered":"<h2><i class=\"fas fa-store\"><\/i> O\u00f9 le trouver ?<\/h2>\n<p><a href=\"https:\/\/www.amazon.fr\/dp\/B0C8JS1WCW\" target=\"_blank\" rel=\"noopener\"><img loading=\"lazy\" decoding=\"async\" class=\"Retailer alignnone size-full wp-image-8912\" src=\"https:\/\/infini-fun.com\/fr\/wp-content\/uploads\/sites\/4\/2023\/09\/Amazon-200.png\" alt=\"\" width=\"200\" height=\"75\" \/><\/a><a href=\"https:\/\/www.king-jouet.com\/jeu-jouet\/jeux-eveil\/activites-eveil\/ref-946337-mon-duo-smartphone-cles.htm\" target=\"_blank\" rel=\"noopener\"><img loading=\"lazy\" decoding=\"async\" class=\"Retailer alignnone size-full wp-image-8913\" src=\"https:\/\/infini-fun.com\/fr\/wp-content\/uploads\/sites\/4\/2023\/09\/King-Jouet-200.png\" alt=\"\" width=\"200\" height=\"75\" \/><\/a><\/p>\n","protected":false},"featured_media":8905,"template":"","meta":[],"product_brand":[],"product_cat":[40],"product_tag":[104],"class_list":{"0":"post-8904","1":"product","2":"type-product","3":"status-publish","4":"has-post-thumbnail","6":"product_cat-12-24-mois","7":"product_tag-imitation","8":"pa_apprentissages-animaux","9":"pa_apprentissages-chiffres","10":"pa_apprentissages-couleurs","11":"pa_eveil-imagination","13":"first","14":"instock","15":"shipping-taxable","16":"product-type-simple"},"yoast_head":"<!-- This site is optimized with the Yoast SEO plugin v27.2 - https:\/\/yoast.com\/product\/yoast-seo-wordpress\/ -->\n<title>Mon duo smartphone &amp; cl\u00e9s - InfiniFun FR<\/title>\n<meta name=\"robots\" content=\"noindex, follow, max-snippet:-1, max-image-preview:large, max-video-preview:-1\" \/>\n<meta property=\"og:locale\" content=\"fr_FR\" \/>\n<meta property=\"og:type\" content=\"article\" \/>\n<meta property=\"og:title\" content=\"Mon duo smartphone &amp; cl\u00e9s - InfiniFun FR\" \/>\n<meta property=\"og:description\" content=\"O\u00f9 le trouver ?\" \/>\n<meta property=\"og:url\" content=\"https:\/\/infini-fun.com\/fr\/nos-jouets\/mon-duo-smartphone-cles\/\" \/>\n<meta property=\"og:site_name\" content=\"InfiniFun FR\" \/>\n<meta property=\"article:modified_time\" content=\"2024-03-08T08:55:06+00:00\" \/>\n<meta property=\"og:image\" content=\"https:\/\/infini-fun.com\/fr\/wp-content\/uploads\/sites\/4\/2023\/10\/S13980FR_units_72dpi.png\" \/>\n\t<meta property=\"og:image:width\" content=\"1200\" \/>\n\t<meta property=\"og:image:height\" content=\"1200\" \/>\n\t<meta property=\"og:image:type\" content=\"image\/png\" \/>\n<meta name=\"twitter:card\" content=\"summary_large_image\" \/>\n<meta name=\"twitter:label1\" content=\"Dur\u00e9e de lecture estim\u00e9e\" \/>\n\t<meta name=\"twitter:data1\" content=\"1 minute\" \/>\n<script type=\"application\/ld+json\" class=\"yoast-schema-graph\">{\"@context\":\"https:\/\/schema.org\",\"@graph\":[{\"@type\":\"WebPage\",\"@id\":\"https:\/\/infini-fun.com\/fr\/nos-jouets\/mon-duo-smartphone-cles\/\",\"url\":\"https:\/\/infini-fun.com\/fr\/nos-jouets\/mon-duo-smartphone-cles\/\",\"name\":\"Mon duo smartphone & cl\u00e9s - InfiniFun FR\",\"isPartOf\":{\"@id\":\"https:\/\/infini-fun.com\/fr\/#website\"},\"primaryImageOfPage\":{\"@id\":\"https:\/\/infini-fun.com\/fr\/nos-jouets\/mon-duo-smartphone-cles\/#primaryimage\"},\"image\":{\"@id\":\"https:\/\/infini-fun.com\/fr\/nos-jouets\/mon-duo-smartphone-cles\/#primaryimage\"},\"thumbnailUrl\":\"https:\/\/infini-fun.com\/fr\/wp-content\/uploads\/sites\/4\/2023\/10\/S13980FR_units_72dpi.png\",\"datePublished\":\"2023-10-02T16:03:42+00:00\",\"dateModified\":\"2024-03-08T08:55:06+00:00\",\"breadcrumb\":{\"@id\":\"https:\/\/infini-fun.com\/fr\/nos-jouets\/mon-duo-smartphone-cles\/#breadcrumb\"},\"inLanguage\":\"fr-FR\",\"potentialAction\":[{\"@type\":\"ReadAction\",\"target\":[\"https:\/\/infini-fun.com\/fr\/nos-jouets\/mon-duo-smartphone-cles\/\"]}]},{\"@type\":\"ImageObject\",\"inLanguage\":\"fr-FR\",\"@id\":\"https:\/\/infini-fun.com\/fr\/nos-jouets\/mon-duo-smartphone-cles\/#primaryimage\",\"url\":\"https:\/\/infini-fun.com\/fr\/wp-content\/uploads\/sites\/4\/2023\/10\/S13980FR_units_72dpi.png\",\"contentUrl\":\"https:\/\/infini-fun.com\/fr\/wp-content\/uploads\/sites\/4\/2023\/10\/S13980FR_units_72dpi.png\",\"width\":1200,\"height\":1200},{\"@type\":\"BreadcrumbList\",\"@id\":\"https:\/\/infini-fun.com\/fr\/nos-jouets\/mon-duo-smartphone-cles\/#breadcrumb\",\"itemListElement\":[{\"@type\":\"ListItem\",\"position\":1,\"name\":\"Portada\",\"item\":\"https:\/\/infini-fun.com\/fr\/\"},{\"@type\":\"ListItem\",\"position\":2,\"name\":\"Nos jouets\",\"item\":\"https:\/\/infini-fun.com\/fr\/nos-jouets\/\"},{\"@type\":\"ListItem\",\"position\":3,\"name\":\"Mon duo smartphone &#038; cl\u00e9s\"}]},{\"@type\":\"WebSite\",\"@id\":\"https:\/\/infini-fun.com\/fr\/#website\",\"url\":\"https:\/\/infini-fun.com\/fr\/\",\"name\":\"InfiniFun FR\",\"description\":\"Introducing Infinifun and Tinyboo\",\"potentialAction\":[{\"@type\":\"SearchAction\",\"target\":{\"@type\":\"EntryPoint\",\"urlTemplate\":\"https:\/\/infini-fun.com\/fr\/?s={search_term_string}\"},\"query-input\":{\"@type\":\"PropertyValueSpecification\",\"valueRequired\":true,\"valueName\":\"search_term_string\"}}],\"inLanguage\":\"fr-FR\"}]}<\/script>\n<!-- \/ Yoast SEO plugin. -->","yoast_head_json":{"title":"Mon duo smartphone & cl\u00e9s - InfiniFun FR","robots":{"index":"noindex","follow":"follow","max-snippet":"max-snippet:-1","max-image-preview":"max-image-preview:large","max-video-preview":"max-video-preview:-1"},"og_locale":"fr_FR","og_type":"article","og_title":"Mon duo smartphone & cl\u00e9s - InfiniFun FR","og_description":"O\u00f9 le trouver ?","og_url":"https:\/\/infini-fun.com\/fr\/nos-jouets\/mon-duo-smartphone-cles\/","og_site_name":"InfiniFun FR","article_modified_time":"2024-03-08T08:55:06+00:00","og_image":[{"width":1200,"height":1200,"url":"https:\/\/infini-fun.com\/fr\/wp-content\/uploads\/sites\/4\/2023\/10\/S13980FR_units_72dpi.png","type":"image\/png"}],"twitter_card":"summary_large_image","twitter_misc":{"Dur\u00e9e de lecture estim\u00e9e":"1 minute"},"schema":{"@context":"https:\/\/schema.org","@graph":[{"@type":"WebPage","@id":"https:\/\/infini-fun.com\/fr\/nos-jouets\/mon-duo-smartphone-cles\/","url":"https:\/\/infini-fun.com\/fr\/nos-jouets\/mon-duo-smartphone-cles\/","name":"Mon duo smartphone & cl\u00e9s - InfiniFun FR","isPartOf":{"@id":"https:\/\/infini-fun.com\/fr\/#website"},"primaryImageOfPage":{"@id":"https:\/\/infini-fun.com\/fr\/nos-jouets\/mon-duo-smartphone-cles\/#primaryimage"},"image":{"@id":"https:\/\/infini-fun.com\/fr\/nos-jouets\/mon-duo-smartphone-cles\/#primaryimage"},"thumbnailUrl":"https:\/\/infini-fun.com\/fr\/wp-content\/uploads\/sites\/4\/2023\/10\/S13980FR_units_72dpi.png","datePublished":"2023-10-02T16:03:42+00:00","dateModified":"2024-03-08T08:55:06+00:00","breadcrumb":{"@id":"https:\/\/infini-fun.com\/fr\/nos-jouets\/mon-duo-smartphone-cles\/#breadcrumb"},"inLanguage":"fr-FR","potentialAction":[{"@type":"ReadAction","target":["https:\/\/infini-fun.com\/fr\/nos-jouets\/mon-duo-smartphone-cles\/"]}]},{"@type":"ImageObject","inLanguage":"fr-FR","@id":"https:\/\/infini-fun.com\/fr\/nos-jouets\/mon-duo-smartphone-cles\/#primaryimage","url":"https:\/\/infini-fun.com\/fr\/wp-content\/uploads\/sites\/4\/2023\/10\/S13980FR_units_72dpi.png","contentUrl":"https:\/\/infini-fun.com\/fr\/wp-content\/uploads\/sites\/4\/2023\/10\/S13980FR_units_72dpi.png","width":1200,"height":1200},{"@type":"BreadcrumbList","@id":"https:\/\/infini-fun.com\/fr\/nos-jouets\/mon-duo-smartphone-cles\/#breadcrumb","itemListElement":[{"@type":"ListItem","position":1,"name":"Portada","item":"https:\/\/infini-fun.com\/fr\/"},{"@type":"ListItem","position":2,"name":"Nos jouets","item":"https:\/\/infini-fun.com\/fr\/nos-jouets\/"},{"@type":"ListItem","position":3,"name":"Mon duo smartphone &#038; cl\u00e9s"}]},{"@type":"WebSite","@id":"https:\/\/infini-fun.com\/fr\/#website","url":"https:\/\/infini-fun.com\/fr\/","name":"InfiniFun FR","description":"Introducing Infinifun and Tinyboo","potentialAction":[{"@type":"SearchAction","target":{"@type":"EntryPoint","urlTemplate":"https:\/\/infini-fun.com\/fr\/?s={search_term_string}"},"query-input":{"@type":"PropertyValueSpecification","valueRequired":true,"valueName":"search_term_string"}}],"inLanguage":"fr-FR"}]}},"_links":{"self":[{"href":"https:\/\/infini-fun.com\/fr\/wp-json\/wp\/v2\/product\/8904","targetHints":{"allow":["GET"]}}],"collection":[{"href":"https:\/\/infini-fun.com\/fr\/wp-json\/wp\/v2\/product"}],"about":[{"href":"https:\/\/infini-fun.com\/fr\/wp-json\/wp\/v2\/types\/product"}],"wp:featuredmedia":[{"embeddable":true,"href":"https:\/\/infini-fun.com\/fr\/wp-json\/wp\/v2\/media\/8905"}],"wp:attachment":[{"href":"https:\/\/infini-fun.com\/fr\/wp-json\/wp\/v2\/media?parent=8904"}],"wp:term":[{"taxonomy":"product_brand","embeddable":true,"href":"https:\/\/infini-fun.com\/fr\/wp-json\/wp\/v2\/product_brand?post=8904"},{"taxonomy":"product_cat","embeddable":true,"href":"https:\/\/infini-fun.com\/fr\/wp-json\/wp\/v2\/product_cat?post=8904"},{"taxonomy":"product_tag","embeddable":true,"href":"https:\/\/infini-fun.com\/fr\/wp-json\/wp\/v2\/product_tag?post=8904"}],"curies":[{"name":"wp","href":"https:\/\/api.w.org\/{rel}","templated":true}]}}