{"id":8889,"date":"2023-10-02T15:32:33","date_gmt":"2023-10-02T15:32:33","guid":{"rendered":"https:\/\/infini-fun.com\/fr\/?post_type=product&#038;p=8889"},"modified":"2024-03-14T14:39:04","modified_gmt":"2024-03-14T14:39:04","slug":"ma-premiere-mallette-a-outils","status":"publish","type":"product","link":"https:\/\/infini-fun.com\/fr\/nos-jouets\/ma-premiere-mallette-a-outils\/","title":{"rendered":"Ma premi\u00e8re mallette \u00e0 outils"},"content":{"rendered":"<p><strong>La premi\u00e8re mallette \u00e0 outils des tout-petits pour bricoler comme les grands !<\/strong><\/p>\n<p>Avec cette mallette, il n&rsquo;y a aucun risque de se blesser ou de perdre une vis car tout est accroch\u00e9 !<br \/>\n6 activit\u00e9s de motricit\u00e9 fine : visser ou d\u00e9visser gr\u00e2ce au tournevis, tourner les roues, taper avec le marteau, faire glisser le m\u00e8tre.<br \/>\n3 modes de jeu pour apprendre \u00e0 identifier les chiffres, les couleurs, les formes, \u00e0 nommer les outils et comprendre leur utilisation tout en s\u2019amusant.<br \/>\nEnfin, sa taille est parfaitement adapt\u00e9e aux petites mains qui pourront l\u2019emporter partout avec eux. Il suffit d\u2019accrocher le marteau et le tournevis de chaque c\u00f4t\u00e9, d\u2019attraper la poign\u00e9e et c\u2019est parti pour une intervention !<br \/>\nParfait pour d\u00e9velopper l\u2019imagination !<\/p>\n<p><strong>Les petits plus :<\/strong><\/p>\n<ul>\n<li>3 modes pour bricoler comme les grands !<\/li>\n<li>6 activit\u00e9s de motricit\u00e9 fine<\/li>\n<li>2 outils inclus !<\/li>\n<li>25+ questions \u00e0 d\u00e9couvrir !<\/li>\n<\/ul>\n","protected":false},"excerpt":{"rendered":"<h2><i class=\"fas fa-store\"><\/i> O\u00f9 la trouver ?<\/h2>\n<p><a href=\"https:\/\/www.amazon.fr\/dp\/B0C9N1PLHV\" target=\"_blank\" rel=\"noopener\"><img loading=\"lazy\" decoding=\"async\" class=\"Retailer alignnone wp-image-8912 size-full\" src=\"https:\/\/infini-fun.com\/fr\/wp-content\/uploads\/sites\/4\/2023\/09\/Amazon-200.png\" alt=\"\" width=\"200\" height=\"75\" \/><\/a><a href=\"https:\/\/www.king-jouet.com\/jeu-jouet\/jeux-eveil\/activites-eveil\/ref-946338-ma-premiere-mallette-a-outils.htm\"><img loading=\"lazy\" decoding=\"async\" class=\"Retailer alignnone wp-image-8913 size-full\" style=\"font-size: 16px;\" src=\"https:\/\/infini-fun.com\/fr\/wp-content\/uploads\/sites\/4\/2023\/09\/King-Jouet-200.png\" alt=\"\" width=\"200\" height=\"75\" \/><\/a><\/p>\n","protected":false},"featured_media":8890,"template":"","meta":[],"product_brand":[],"product_cat":[43],"product_tag":[104],"class_list":{"0":"post-8889","1":"product","2":"type-product","3":"status-publish","4":"has-post-thumbnail","6":"product_cat-2-6-ans","7":"product_tag-imitation","8":"pa_apprentissages-chiffres","9":"pa_apprentissages-couleurs","10":"pa_developpement-motricite","11":"pa_eveil-imagination","13":"first","14":"instock","15":"shipping-taxable","16":"product-type-simple"},"yoast_head":"<!-- This site is optimized with the Yoast SEO plugin v27.2 - https:\/\/yoast.com\/product\/yoast-seo-wordpress\/ -->\n<title>Ma premi\u00e8re mallette \u00e0 outils - InfiniFun FR<\/title>\n<meta name=\"robots\" content=\"noindex, follow, max-snippet:-1, max-image-preview:large, max-video-preview:-1\" \/>\n<meta property=\"og:locale\" content=\"fr_FR\" \/>\n<meta property=\"og:type\" content=\"article\" \/>\n<meta property=\"og:title\" content=\"Ma premi\u00e8re mallette \u00e0 outils - InfiniFun FR\" \/>\n<meta property=\"og:description\" content=\"O\u00f9 la trouver ?\" \/>\n<meta property=\"og:url\" content=\"https:\/\/infini-fun.com\/fr\/nos-jouets\/ma-premiere-mallette-a-outils\/\" \/>\n<meta property=\"og:site_name\" content=\"InfiniFun FR\" \/>\n<meta property=\"article:modified_time\" content=\"2024-03-14T14:39:04+00:00\" \/>\n<meta property=\"og:image\" content=\"https:\/\/infini-fun.com\/fr\/wp-content\/uploads\/sites\/4\/2023\/10\/S23501_product_01.png\" \/>\n\t<meta property=\"og:image:width\" content=\"1200\" \/>\n\t<meta property=\"og:image:height\" content=\"1200\" \/>\n\t<meta property=\"og:image:type\" content=\"image\/png\" \/>\n<meta name=\"twitter:card\" content=\"summary_large_image\" \/>\n<meta name=\"twitter:label1\" content=\"Dur\u00e9e de lecture estim\u00e9e\" \/>\n\t<meta name=\"twitter:data1\" content=\"1 minute\" \/>\n<script type=\"application\/ld+json\" class=\"yoast-schema-graph\">{\"@context\":\"https:\/\/schema.org\",\"@graph\":[{\"@type\":\"WebPage\",\"@id\":\"https:\/\/infini-fun.com\/fr\/nos-jouets\/ma-premiere-mallette-a-outils\/\",\"url\":\"https:\/\/infini-fun.com\/fr\/nos-jouets\/ma-premiere-mallette-a-outils\/\",\"name\":\"Ma premi\u00e8re mallette \u00e0 outils - InfiniFun FR\",\"isPartOf\":{\"@id\":\"https:\/\/infini-fun.com\/fr\/#website\"},\"primaryImageOfPage\":{\"@id\":\"https:\/\/infini-fun.com\/fr\/nos-jouets\/ma-premiere-mallette-a-outils\/#primaryimage\"},\"image\":{\"@id\":\"https:\/\/infini-fun.com\/fr\/nos-jouets\/ma-premiere-mallette-a-outils\/#primaryimage\"},\"thumbnailUrl\":\"https:\/\/infini-fun.com\/fr\/wp-content\/uploads\/sites\/4\/2023\/10\/S23501_product_01.png\",\"datePublished\":\"2023-10-02T15:32:33+00:00\",\"dateModified\":\"2024-03-14T14:39:04+00:00\",\"breadcrumb\":{\"@id\":\"https:\/\/infini-fun.com\/fr\/nos-jouets\/ma-premiere-mallette-a-outils\/#breadcrumb\"},\"inLanguage\":\"fr-FR\",\"potentialAction\":[{\"@type\":\"ReadAction\",\"target\":[\"https:\/\/infini-fun.com\/fr\/nos-jouets\/ma-premiere-mallette-a-outils\/\"]}]},{\"@type\":\"ImageObject\",\"inLanguage\":\"fr-FR\",\"@id\":\"https:\/\/infini-fun.com\/fr\/nos-jouets\/ma-premiere-mallette-a-outils\/#primaryimage\",\"url\":\"https:\/\/infini-fun.com\/fr\/wp-content\/uploads\/sites\/4\/2023\/10\/S23501_product_01.png\",\"contentUrl\":\"https:\/\/infini-fun.com\/fr\/wp-content\/uploads\/sites\/4\/2023\/10\/S23501_product_01.png\",\"width\":1200,\"height\":1200},{\"@type\":\"BreadcrumbList\",\"@id\":\"https:\/\/infini-fun.com\/fr\/nos-jouets\/ma-premiere-mallette-a-outils\/#breadcrumb\",\"itemListElement\":[{\"@type\":\"ListItem\",\"position\":1,\"name\":\"Portada\",\"item\":\"https:\/\/infini-fun.com\/fr\/\"},{\"@type\":\"ListItem\",\"position\":2,\"name\":\"Nos jouets\",\"item\":\"https:\/\/infini-fun.com\/fr\/nos-jouets\/\"},{\"@type\":\"ListItem\",\"position\":3,\"name\":\"Ma premi\u00e8re mallette \u00e0 outils\"}]},{\"@type\":\"WebSite\",\"@id\":\"https:\/\/infini-fun.com\/fr\/#website\",\"url\":\"https:\/\/infini-fun.com\/fr\/\",\"name\":\"InfiniFun FR\",\"description\":\"Introducing Infinifun and Tinyboo\",\"potentialAction\":[{\"@type\":\"SearchAction\",\"target\":{\"@type\":\"EntryPoint\",\"urlTemplate\":\"https:\/\/infini-fun.com\/fr\/?s={search_term_string}\"},\"query-input\":{\"@type\":\"PropertyValueSpecification\",\"valueRequired\":true,\"valueName\":\"search_term_string\"}}],\"inLanguage\":\"fr-FR\"}]}<\/script>\n<!-- \/ Yoast SEO plugin. -->","yoast_head_json":{"title":"Ma premi\u00e8re mallette \u00e0 outils - InfiniFun FR","robots":{"index":"noindex","follow":"follow","max-snippet":"max-snippet:-1","max-image-preview":"max-image-preview:large","max-video-preview":"max-video-preview:-1"},"og_locale":"fr_FR","og_type":"article","og_title":"Ma premi\u00e8re mallette \u00e0 outils - InfiniFun FR","og_description":"O\u00f9 la trouver ?","og_url":"https:\/\/infini-fun.com\/fr\/nos-jouets\/ma-premiere-mallette-a-outils\/","og_site_name":"InfiniFun FR","article_modified_time":"2024-03-14T14:39:04+00:00","og_image":[{"width":1200,"height":1200,"url":"https:\/\/infini-fun.com\/fr\/wp-content\/uploads\/sites\/4\/2023\/10\/S23501_product_01.png","type":"image\/png"}],"twitter_card":"summary_large_image","twitter_misc":{"Dur\u00e9e de lecture estim\u00e9e":"1 minute"},"schema":{"@context":"https:\/\/schema.org","@graph":[{"@type":"WebPage","@id":"https:\/\/infini-fun.com\/fr\/nos-jouets\/ma-premiere-mallette-a-outils\/","url":"https:\/\/infini-fun.com\/fr\/nos-jouets\/ma-premiere-mallette-a-outils\/","name":"Ma premi\u00e8re mallette \u00e0 outils - InfiniFun FR","isPartOf":{"@id":"https:\/\/infini-fun.com\/fr\/#website"},"primaryImageOfPage":{"@id":"https:\/\/infini-fun.com\/fr\/nos-jouets\/ma-premiere-mallette-a-outils\/#primaryimage"},"image":{"@id":"https:\/\/infini-fun.com\/fr\/nos-jouets\/ma-premiere-mallette-a-outils\/#primaryimage"},"thumbnailUrl":"https:\/\/infini-fun.com\/fr\/wp-content\/uploads\/sites\/4\/2023\/10\/S23501_product_01.png","datePublished":"2023-10-02T15:32:33+00:00","dateModified":"2024-03-14T14:39:04+00:00","breadcrumb":{"@id":"https:\/\/infini-fun.com\/fr\/nos-jouets\/ma-premiere-mallette-a-outils\/#breadcrumb"},"inLanguage":"fr-FR","potentialAction":[{"@type":"ReadAction","target":["https:\/\/infini-fun.com\/fr\/nos-jouets\/ma-premiere-mallette-a-outils\/"]}]},{"@type":"ImageObject","inLanguage":"fr-FR","@id":"https:\/\/infini-fun.com\/fr\/nos-jouets\/ma-premiere-mallette-a-outils\/#primaryimage","url":"https:\/\/infini-fun.com\/fr\/wp-content\/uploads\/sites\/4\/2023\/10\/S23501_product_01.png","contentUrl":"https:\/\/infini-fun.com\/fr\/wp-content\/uploads\/sites\/4\/2023\/10\/S23501_product_01.png","width":1200,"height":1200},{"@type":"BreadcrumbList","@id":"https:\/\/infini-fun.com\/fr\/nos-jouets\/ma-premiere-mallette-a-outils\/#breadcrumb","itemListElement":[{"@type":"ListItem","position":1,"name":"Portada","item":"https:\/\/infini-fun.com\/fr\/"},{"@type":"ListItem","position":2,"name":"Nos jouets","item":"https:\/\/infini-fun.com\/fr\/nos-jouets\/"},{"@type":"ListItem","position":3,"name":"Ma premi\u00e8re mallette \u00e0 outils"}]},{"@type":"WebSite","@id":"https:\/\/infini-fun.com\/fr\/#website","url":"https:\/\/infini-fun.com\/fr\/","name":"InfiniFun FR","description":"Introducing Infinifun and Tinyboo","potentialAction":[{"@type":"SearchAction","target":{"@type":"EntryPoint","urlTemplate":"https:\/\/infini-fun.com\/fr\/?s={search_term_string}"},"query-input":{"@type":"PropertyValueSpecification","valueRequired":true,"valueName":"search_term_string"}}],"inLanguage":"fr-FR"}]}},"_links":{"self":[{"href":"https:\/\/infini-fun.com\/fr\/wp-json\/wp\/v2\/product\/8889","targetHints":{"allow":["GET"]}}],"collection":[{"href":"https:\/\/infini-fun.com\/fr\/wp-json\/wp\/v2\/product"}],"about":[{"href":"https:\/\/infini-fun.com\/fr\/wp-json\/wp\/v2\/types\/product"}],"wp:featuredmedia":[{"embeddable":true,"href":"https:\/\/infini-fun.com\/fr\/wp-json\/wp\/v2\/media\/8890"}],"wp:attachment":[{"href":"https:\/\/infini-fun.com\/fr\/wp-json\/wp\/v2\/media?parent=8889"}],"wp:term":[{"taxonomy":"product_brand","embeddable":true,"href":"https:\/\/infini-fun.com\/fr\/wp-json\/wp\/v2\/product_brand?post=8889"},{"taxonomy":"product_cat","embeddable":true,"href":"https:\/\/infini-fun.com\/fr\/wp-json\/wp\/v2\/product_cat?post=8889"},{"taxonomy":"product_tag","embeddable":true,"href":"https:\/\/infini-fun.com\/fr\/wp-json\/wp\/v2\/product_tag?post=8889"}],"curies":[{"name":"wp","href":"https:\/\/api.w.org\/{rel}","templated":true}]}}