{"id":8871,"date":"2023-10-02T14:55:58","date_gmt":"2023-10-02T14:55:58","guid":{"rendered":"https:\/\/infini-fun.com\/fr\/?post_type=product&#038;p=8871"},"modified":"2024-03-15T14:57:59","modified_gmt":"2024-03-15T14:57:59","slug":"mon-kit-docteur-educatif","status":"publish","type":"product","link":"https:\/\/infini-fun.com\/fr\/nos-jouets\/mon-kit-docteur-educatif\/","title":{"rendered":"Mon kit docteur \u00e9ducatif"},"content":{"rendered":"<p><strong>Avec son kit docteur \u00e9ducatif, votre enfant va pouvoir faire ses premi\u00e8res consultations.<\/strong><\/p>\n<p>Le bloc-notes \u00e9lectronique lui permet de d\u00e9couvrir en s&rsquo;amusant les diff\u00e9rentes parties du corps humain, les quantit\u00e9s, les aliments et bien plus encore.<\/p>\n<p>Il suffit de glisser l&rsquo;une des planches sur le bloc-notes pour acc\u00e9der \u00e0 son contenu.<br \/>\nLe mode quiz lui permet ensuite de mettre en pratique ses connaissances.<br \/>\nEnfin, il retrouve les accessoires iconiques du docteur :<br \/>\nle st\u00e9thoscope, la seringue, le thermom\u00e8tre ou encore le stylo !<\/p>\n<p>Tout l\u2019\u00e9quipement pour faire semblant de soigner son doudou pr\u00e9f\u00e9r\u00e9 et pour s\u2019amuser durant des heures.<\/p>\n<p><strong>Les petits plus :<\/strong><\/p>\n<ul>\n<li>15 Th\u00e8mes pour apprendre en s&rsquo;amusant<\/li>\n<li>300+ phrases, sons et chansons !<\/li>\n<li>9 planches interactives et instruments inclus<\/li>\n<\/ul>\n","protected":false},"excerpt":{"rendered":"<h2><i class=\"fas fa-store\"><\/i> O\u00f9 le trouver ?<\/h2>\n<p><a href=\"https:\/\/www.amazon.fr\/Infini-Fun-%C3%A9lectronique-interactives-Multi-apprentissages\/dp\/B0C8JVF9DW\/ref=sr_1_4?__mk_fr_FR=%C3%85M%C3%85%C5%BD%C3%95%C3%91&amp;crid=OF4ZK45DVJKU&amp;keywords=mon+kit+docteur+%C3%A9ducatif&amp;qid=1694700074&amp;sprefix=mon+kit+docteur+%C3%A9ducatif%2Caps%2C93&amp;sr=8-4\" target=\"_blank\" rel=\"noopener\"><img loading=\"lazy\" decoding=\"async\" class=\"Retailer alignnone wp-image-8912 size-full\" src=\"https:\/\/infini-fun.com\/fr\/wp-content\/uploads\/sites\/4\/2023\/09\/Amazon-200.png\" alt=\"\" width=\"200\" height=\"75\" \/><\/a><a href=\"https:\/\/www.joueclub.fr\/jeux-d-imitation\/mon-kit-docteur-educatif-8436538676165.html\" target=\"_blank\" rel=\"noopener\"><img loading=\"lazy\" decoding=\"async\" class=\"Retailer alignnone wp-image-8914 size-full\" style=\"font-size: 16px;\" src=\"https:\/\/infini-fun.com\/fr\/wp-content\/uploads\/sites\/4\/2023\/09\/JoueClub-200.png\" alt=\"\" width=\"200\" height=\"75\" \/><\/a><a href=\"https:\/\/www.fnac.com\/Jeu-d-imitation-Infinifun-Mon-kit-docteur-educatif\/a17106945\/w-4#omnsearchpos=3\" target=\"_blank\" rel=\"noopener\"><img loading=\"lazy\" decoding=\"async\" class=\"Retailer alignnone wp-image-8916 size-full\" src=\"https:\/\/infini-fun.com\/fr\/wp-content\/uploads\/sites\/4\/2021\/06\/fnac-200.png\" alt=\"\" width=\"200\" height=\"75\" \/><\/a><\/p>\n","protected":false},"featured_media":8872,"template":"","meta":[],"product_brand":[],"product_cat":[43],"product_tag":[104],"class_list":{"0":"post-8871","1":"product","2":"type-product","3":"status-publish","4":"has-post-thumbnail","6":"product_cat-2-6-ans","7":"product_tag-imitation","8":"pa_apprentissages-animaux","9":"pa_apprentissages-couleurs","10":"pa_apprentissages-formes","11":"pa_eveil-imagination","13":"first","14":"instock","15":"shipping-taxable","16":"product-type-simple"},"yoast_head":"<!-- This site is optimized with the Yoast SEO plugin v27.2 - https:\/\/yoast.com\/product\/yoast-seo-wordpress\/ -->\n<title>Mon kit docteur \u00e9ducatif - InfiniFun FR<\/title>\n<meta name=\"robots\" content=\"noindex, follow, max-snippet:-1, max-image-preview:large, max-video-preview:-1\" \/>\n<meta property=\"og:locale\" content=\"fr_FR\" \/>\n<meta property=\"og:type\" content=\"article\" \/>\n<meta property=\"og:title\" content=\"Mon kit docteur \u00e9ducatif - InfiniFun FR\" \/>\n<meta property=\"og:description\" content=\"O\u00f9 le trouver ?\" \/>\n<meta property=\"og:url\" content=\"https:\/\/infini-fun.com\/fr\/nos-jouets\/mon-kit-docteur-educatif\/\" \/>\n<meta property=\"og:site_name\" content=\"InfiniFun FR\" \/>\n<meta property=\"article:modified_time\" content=\"2024-03-15T14:57:59+00:00\" \/>\n<meta property=\"og:image\" content=\"https:\/\/infini-fun.com\/fr\/wp-content\/uploads\/sites\/4\/2023\/10\/I22502FR_DIS_Set_300dpi_230317.png\" \/>\n\t<meta property=\"og:image:width\" content=\"1200\" \/>\n\t<meta property=\"og:image:height\" content=\"808\" \/>\n\t<meta property=\"og:image:type\" content=\"image\/png\" \/>\n<meta name=\"twitter:card\" content=\"summary_large_image\" \/>\n<meta name=\"twitter:label1\" content=\"Dur\u00e9e de lecture estim\u00e9e\" \/>\n\t<meta name=\"twitter:data1\" content=\"1 minute\" \/>\n<script type=\"application\/ld+json\" class=\"yoast-schema-graph\">{\"@context\":\"https:\/\/schema.org\",\"@graph\":[{\"@type\":\"WebPage\",\"@id\":\"https:\/\/infini-fun.com\/fr\/nos-jouets\/mon-kit-docteur-educatif\/\",\"url\":\"https:\/\/infini-fun.com\/fr\/nos-jouets\/mon-kit-docteur-educatif\/\",\"name\":\"Mon kit docteur \u00e9ducatif - InfiniFun FR\",\"isPartOf\":{\"@id\":\"https:\/\/infini-fun.com\/fr\/#website\"},\"primaryImageOfPage\":{\"@id\":\"https:\/\/infini-fun.com\/fr\/nos-jouets\/mon-kit-docteur-educatif\/#primaryimage\"},\"image\":{\"@id\":\"https:\/\/infini-fun.com\/fr\/nos-jouets\/mon-kit-docteur-educatif\/#primaryimage\"},\"thumbnailUrl\":\"https:\/\/infini-fun.com\/fr\/wp-content\/uploads\/sites\/4\/2023\/10\/I22502FR_DIS_Set_300dpi_230317.png\",\"datePublished\":\"2023-10-02T14:55:58+00:00\",\"dateModified\":\"2024-03-15T14:57:59+00:00\",\"breadcrumb\":{\"@id\":\"https:\/\/infini-fun.com\/fr\/nos-jouets\/mon-kit-docteur-educatif\/#breadcrumb\"},\"inLanguage\":\"fr-FR\",\"potentialAction\":[{\"@type\":\"ReadAction\",\"target\":[\"https:\/\/infini-fun.com\/fr\/nos-jouets\/mon-kit-docteur-educatif\/\"]}]},{\"@type\":\"ImageObject\",\"inLanguage\":\"fr-FR\",\"@id\":\"https:\/\/infini-fun.com\/fr\/nos-jouets\/mon-kit-docteur-educatif\/#primaryimage\",\"url\":\"https:\/\/infini-fun.com\/fr\/wp-content\/uploads\/sites\/4\/2023\/10\/I22502FR_DIS_Set_300dpi_230317.png\",\"contentUrl\":\"https:\/\/infini-fun.com\/fr\/wp-content\/uploads\/sites\/4\/2023\/10\/I22502FR_DIS_Set_300dpi_230317.png\",\"width\":1200,\"height\":808},{\"@type\":\"BreadcrumbList\",\"@id\":\"https:\/\/infini-fun.com\/fr\/nos-jouets\/mon-kit-docteur-educatif\/#breadcrumb\",\"itemListElement\":[{\"@type\":\"ListItem\",\"position\":1,\"name\":\"Portada\",\"item\":\"https:\/\/infini-fun.com\/fr\/\"},{\"@type\":\"ListItem\",\"position\":2,\"name\":\"Nos jouets\",\"item\":\"https:\/\/infini-fun.com\/fr\/nos-jouets\/\"},{\"@type\":\"ListItem\",\"position\":3,\"name\":\"Mon kit docteur \u00e9ducatif\"}]},{\"@type\":\"WebSite\",\"@id\":\"https:\/\/infini-fun.com\/fr\/#website\",\"url\":\"https:\/\/infini-fun.com\/fr\/\",\"name\":\"InfiniFun FR\",\"description\":\"Introducing Infinifun and Tinyboo\",\"potentialAction\":[{\"@type\":\"SearchAction\",\"target\":{\"@type\":\"EntryPoint\",\"urlTemplate\":\"https:\/\/infini-fun.com\/fr\/?s={search_term_string}\"},\"query-input\":{\"@type\":\"PropertyValueSpecification\",\"valueRequired\":true,\"valueName\":\"search_term_string\"}}],\"inLanguage\":\"fr-FR\"}]}<\/script>\n<!-- \/ Yoast SEO plugin. -->","yoast_head_json":{"title":"Mon kit docteur \u00e9ducatif - InfiniFun FR","robots":{"index":"noindex","follow":"follow","max-snippet":"max-snippet:-1","max-image-preview":"max-image-preview:large","max-video-preview":"max-video-preview:-1"},"og_locale":"fr_FR","og_type":"article","og_title":"Mon kit docteur \u00e9ducatif - InfiniFun FR","og_description":"O\u00f9 le trouver ?","og_url":"https:\/\/infini-fun.com\/fr\/nos-jouets\/mon-kit-docteur-educatif\/","og_site_name":"InfiniFun FR","article_modified_time":"2024-03-15T14:57:59+00:00","og_image":[{"width":1200,"height":808,"url":"https:\/\/infini-fun.com\/fr\/wp-content\/uploads\/sites\/4\/2023\/10\/I22502FR_DIS_Set_300dpi_230317.png","type":"image\/png"}],"twitter_card":"summary_large_image","twitter_misc":{"Dur\u00e9e de lecture estim\u00e9e":"1 minute"},"schema":{"@context":"https:\/\/schema.org","@graph":[{"@type":"WebPage","@id":"https:\/\/infini-fun.com\/fr\/nos-jouets\/mon-kit-docteur-educatif\/","url":"https:\/\/infini-fun.com\/fr\/nos-jouets\/mon-kit-docteur-educatif\/","name":"Mon kit docteur \u00e9ducatif - InfiniFun FR","isPartOf":{"@id":"https:\/\/infini-fun.com\/fr\/#website"},"primaryImageOfPage":{"@id":"https:\/\/infini-fun.com\/fr\/nos-jouets\/mon-kit-docteur-educatif\/#primaryimage"},"image":{"@id":"https:\/\/infini-fun.com\/fr\/nos-jouets\/mon-kit-docteur-educatif\/#primaryimage"},"thumbnailUrl":"https:\/\/infini-fun.com\/fr\/wp-content\/uploads\/sites\/4\/2023\/10\/I22502FR_DIS_Set_300dpi_230317.png","datePublished":"2023-10-02T14:55:58+00:00","dateModified":"2024-03-15T14:57:59+00:00","breadcrumb":{"@id":"https:\/\/infini-fun.com\/fr\/nos-jouets\/mon-kit-docteur-educatif\/#breadcrumb"},"inLanguage":"fr-FR","potentialAction":[{"@type":"ReadAction","target":["https:\/\/infini-fun.com\/fr\/nos-jouets\/mon-kit-docteur-educatif\/"]}]},{"@type":"ImageObject","inLanguage":"fr-FR","@id":"https:\/\/infini-fun.com\/fr\/nos-jouets\/mon-kit-docteur-educatif\/#primaryimage","url":"https:\/\/infini-fun.com\/fr\/wp-content\/uploads\/sites\/4\/2023\/10\/I22502FR_DIS_Set_300dpi_230317.png","contentUrl":"https:\/\/infini-fun.com\/fr\/wp-content\/uploads\/sites\/4\/2023\/10\/I22502FR_DIS_Set_300dpi_230317.png","width":1200,"height":808},{"@type":"BreadcrumbList","@id":"https:\/\/infini-fun.com\/fr\/nos-jouets\/mon-kit-docteur-educatif\/#breadcrumb","itemListElement":[{"@type":"ListItem","position":1,"name":"Portada","item":"https:\/\/infini-fun.com\/fr\/"},{"@type":"ListItem","position":2,"name":"Nos jouets","item":"https:\/\/infini-fun.com\/fr\/nos-jouets\/"},{"@type":"ListItem","position":3,"name":"Mon kit docteur \u00e9ducatif"}]},{"@type":"WebSite","@id":"https:\/\/infini-fun.com\/fr\/#website","url":"https:\/\/infini-fun.com\/fr\/","name":"InfiniFun FR","description":"Introducing Infinifun and Tinyboo","potentialAction":[{"@type":"SearchAction","target":{"@type":"EntryPoint","urlTemplate":"https:\/\/infini-fun.com\/fr\/?s={search_term_string}"},"query-input":{"@type":"PropertyValueSpecification","valueRequired":true,"valueName":"search_term_string"}}],"inLanguage":"fr-FR"}]}},"_links":{"self":[{"href":"https:\/\/infini-fun.com\/fr\/wp-json\/wp\/v2\/product\/8871","targetHints":{"allow":["GET"]}}],"collection":[{"href":"https:\/\/infini-fun.com\/fr\/wp-json\/wp\/v2\/product"}],"about":[{"href":"https:\/\/infini-fun.com\/fr\/wp-json\/wp\/v2\/types\/product"}],"wp:featuredmedia":[{"embeddable":true,"href":"https:\/\/infini-fun.com\/fr\/wp-json\/wp\/v2\/media\/8872"}],"wp:attachment":[{"href":"https:\/\/infini-fun.com\/fr\/wp-json\/wp\/v2\/media?parent=8871"}],"wp:term":[{"taxonomy":"product_brand","embeddable":true,"href":"https:\/\/infini-fun.com\/fr\/wp-json\/wp\/v2\/product_brand?post=8871"},{"taxonomy":"product_cat","embeddable":true,"href":"https:\/\/infini-fun.com\/fr\/wp-json\/wp\/v2\/product_cat?post=8871"},{"taxonomy":"product_tag","embeddable":true,"href":"https:\/\/infini-fun.com\/fr\/wp-json\/wp\/v2\/product_tag?post=8871"}],"curies":[{"name":"wp","href":"https:\/\/api.w.org\/{rel}","templated":true}]}}