{"id":8849,"date":"2022-08-29T10:04:51","date_gmt":"2022-08-29T10:04:51","guid":{"rendered":"https:\/\/infini-fun.com\/fr\/?post_type=product&#038;p=8849"},"modified":"2024-02-23T13:30:34","modified_gmt":"2024-02-23T13:30:34","slug":"mon-premier-kit-de-teletravail","status":"publish","type":"product","link":"https:\/\/infini-fun.com\/fr\/nos-jouets\/mon-premier-kit-de-teletravail\/","title":{"rendered":"Mon premier kit de t\u00e9l\u00e9travail"},"content":{"rendered":"<p><strong>Votre tout-petit a enfin son t\u00e9l\u00e9phone, son ordinateur et son casque pour faire des visioconf\u00e9rences comme les grands !<\/strong><\/p>\n<p>Dans le mode imitation, il fait connaissance avec les personnages sur l\u2019\u00e9cran. Il peut aussi faire semblant d\u2019\u00e9crire sur son clavier ou mettre son casque pour avoir l\u2019air encore plus pro ! \u00e0 tout moment, il peut utiliser son t\u00e9l\u00e9phone pour faire semblant d\u2019appeler ou pour d\u00e9clencher des sons r\u00e9alistes.<br \/>\nLes 3 modes quiz lui permettent de mettre en pratique ses nouvelles connaissances.<\/p>\n<p>Mon premier kit de t\u00e9l\u00e9travail occupera votre tout-petit pendant des heures.<\/p>\n<p><strong>Les petits plus :<\/strong><\/p>\n<ul>\n<li>5 modes de jeu<\/li>\n<li>Apprends les lettres, les chiffres et les couleurs !<\/li>\n<li>50+ phrases et sons amusants<\/li>\n<li>5 personnages \u00e0 retrouver en visioconf\u00e9rence !<\/li>\n<\/ul>\n","protected":false},"excerpt":{"rendered":"<h2><i class=\"fas fa-store\"><\/i> O\u00f9 le trouver ?<\/h2>\n<p><a href=\"https:\/\/www.amazon.fr\/Infini-Fun-t%C3%A9l%C3%A9travail-visioconf%C3%A9rences-Multi-apprentissages\/dp\/B0C86181VG\/ref=sr_1_1?__mk_fr_FR=%C3%85M%C3%85%C5%BD%C3%95%C3%91&amp;crid=1OTD81KNSC8PH&amp;keywords=mon+premier+kit+de+t%C3%A9l%C3%A9travail&amp;qid=1694680258&amp;sprefix=mon+premier+kit+de+t%C3%A9l%C3%A9travail%2Caps%2C301&amp;sr=8-1\" target=\"_blank\" rel=\"noopener\"><img loading=\"lazy\" decoding=\"async\" ID=\"Btn_Amazon\" class=\"Retailer alignnone size-full wp-image-8912\" src=\"https:\/\/infini-fun.com\/fr\/wp-content\/uploads\/sites\/4\/2023\/09\/Amazon-200.png\" alt=\"\" width=\"200\" height=\"75\" \/><\/a><a href=\"https:\/\/www.king-jouet.com\/jeu-jouet\/Jeux-imitation-mondes-imaginaires\/faire-comme-les-grands\/ref-902983-mon-kit-de-teletravail.htm\" target=\"_blank\" rel=\"noopener\"><img loading=\"lazy\" decoding=\"async\" ID=\"Btn_KingJouet\" class=\"Retailer alignnone size-full wp-image-8913\" src=\"https:\/\/infini-fun.com\/fr\/wp-content\/uploads\/sites\/4\/2023\/09\/King-Jouet-200.png\" alt=\"\" width=\"200\" height=\"75\" \/><\/a><a href=\"https:\/\/www.joueclub.fr\/jeux-d-imitation\/mon-kit-teletravail-8436538676141.html\" target=\"_blank\" rel=\"noopener\"><img loading=\"lazy\" decoding=\"async\" ID=\"Btn_JoueClub\" class=\"Retailer alignnone size-full wp-image-8914\" src=\"https:\/\/infini-fun.com\/fr\/wp-content\/uploads\/sites\/4\/2023\/09\/JoueClub-200.png\" alt=\"\" width=\"200\" height=\"75\" \/><\/a><a href=\"https:\/\/www.smythstoys.com\/fr\/fr-fr\/jouets\/jouets-prescolaires\/autres-jouets-prescolaires\/mon-premier-kit-de-teletravail\/p\/226741\" target=\"_blank\" rel=\"noopener\"><img loading=\"lazy\" decoding=\"async\" ID=\"Btn_Smyths\" class=\"Retailer alignnone size-full wp-image-8917\" src=\"https:\/\/infini-fun.com\/fr\/wp-content\/uploads\/sites\/4\/2022\/08\/Smyths-200.png\" alt=\"\" width=\"200\" height=\"75\" \/><\/a><a href=\"https:\/\/www.fnac.com\/Jeu-d-imitation-Infinifun-Mon-Kit-teletravail\/a17106950\/w-4\" target=\"_blank\" rel=\"noopener\"><img loading=\"lazy\" decoding=\"async\" ID=\"Btn_Fnac\" class=\"Retailer alignnone size-full wp-image-8916\" src=\"https:\/\/infini-fun.com\/fr\/wp-content\/uploads\/sites\/4\/2021\/06\/fnac-200.png\" alt=\"\" width=\"200\" height=\"75\" \/><\/a><br \/>\n[vimeo_embed  url=\"https:\/\/vimeo.com\/915910131\" autopause=\"true\" controls=\"true\" byline=\"true\" portrait=\"true\" title=\"true\" responsive=\"true\" dnt=\"true\" playsinline=\"true\" overrideWidthUnits=\"px\" overrideHeightUnits=\"px\" url=\"https:\/\/vimeo.com\/915910131\" \/]<\/p>\n","protected":false},"featured_media":8868,"template":"","meta":[],"product_brand":[],"product_cat":[43],"product_tag":[104],"class_list":{"0":"post-8849","1":"product","2":"type-product","3":"status-publish","4":"has-post-thumbnail","6":"product_cat-2-6-ans","7":"product_tag-imitation","8":"pa_apprentissages-chiffres","9":"pa_apprentissages-couleurs","10":"pa_apprentissages-lettres","11":"pa_eveil-imagination","13":"first","14":"instock","15":"featured","16":"shipping-taxable","17":"product-type-simple"},"yoast_head":"<!-- This site is optimized with the Yoast SEO plugin v27.2 - https:\/\/yoast.com\/product\/yoast-seo-wordpress\/ -->\n<title>Mon premier kit de t\u00e9l\u00e9travail - InfiniFun FR<\/title>\n<meta name=\"robots\" content=\"noindex, follow, max-snippet:-1, max-image-preview:large, max-video-preview:-1\" \/>\n<meta property=\"og:locale\" content=\"fr_FR\" \/>\n<meta property=\"og:type\" content=\"article\" \/>\n<meta property=\"og:title\" content=\"Mon premier kit de t\u00e9l\u00e9travail - InfiniFun FR\" \/>\n<meta property=\"og:description\" content=\"O\u00f9 le trouver ?\" \/>\n<meta property=\"og:url\" content=\"https:\/\/infini-fun.com\/fr\/nos-jouets\/mon-premier-kit-de-teletravail\/\" \/>\n<meta property=\"og:site_name\" content=\"InfiniFun FR\" \/>\n<meta property=\"article:modified_time\" content=\"2024-02-23T13:30:34+00:00\" \/>\n<meta property=\"og:image\" content=\"https:\/\/infini-fun.com\/fr\/wp-content\/uploads\/sites\/4\/2022\/08\/I22503_Unit_72dpi.png\" \/>\n\t<meta property=\"og:image:width\" content=\"1200\" \/>\n\t<meta property=\"og:image:height\" content=\"925\" \/>\n\t<meta property=\"og:image:type\" content=\"image\/png\" \/>\n<meta name=\"twitter:card\" content=\"summary_large_image\" \/>\n<meta name=\"twitter:label1\" content=\"Dur\u00e9e de lecture estim\u00e9e\" \/>\n\t<meta name=\"twitter:data1\" content=\"1 minute\" \/>\n<script type=\"application\/ld+json\" class=\"yoast-schema-graph\">{\"@context\":\"https:\/\/schema.org\",\"@graph\":[{\"@type\":\"WebPage\",\"@id\":\"https:\/\/infini-fun.com\/fr\/nos-jouets\/mon-premier-kit-de-teletravail\/\",\"url\":\"https:\/\/infini-fun.com\/fr\/nos-jouets\/mon-premier-kit-de-teletravail\/\",\"name\":\"Mon premier kit de t\u00e9l\u00e9travail - InfiniFun FR\",\"isPartOf\":{\"@id\":\"https:\/\/infini-fun.com\/fr\/#website\"},\"primaryImageOfPage\":{\"@id\":\"https:\/\/infini-fun.com\/fr\/nos-jouets\/mon-premier-kit-de-teletravail\/#primaryimage\"},\"image\":{\"@id\":\"https:\/\/infini-fun.com\/fr\/nos-jouets\/mon-premier-kit-de-teletravail\/#primaryimage\"},\"thumbnailUrl\":\"https:\/\/infini-fun.com\/fr\/wp-content\/uploads\/sites\/4\/2022\/08\/I22503_Unit_72dpi.png\",\"datePublished\":\"2022-08-29T10:04:51+00:00\",\"dateModified\":\"2024-02-23T13:30:34+00:00\",\"breadcrumb\":{\"@id\":\"https:\/\/infini-fun.com\/fr\/nos-jouets\/mon-premier-kit-de-teletravail\/#breadcrumb\"},\"inLanguage\":\"fr-FR\",\"potentialAction\":[{\"@type\":\"ReadAction\",\"target\":[\"https:\/\/infini-fun.com\/fr\/nos-jouets\/mon-premier-kit-de-teletravail\/\"]}]},{\"@type\":\"ImageObject\",\"inLanguage\":\"fr-FR\",\"@id\":\"https:\/\/infini-fun.com\/fr\/nos-jouets\/mon-premier-kit-de-teletravail\/#primaryimage\",\"url\":\"https:\/\/infini-fun.com\/fr\/wp-content\/uploads\/sites\/4\/2022\/08\/I22503_Unit_72dpi.png\",\"contentUrl\":\"https:\/\/infini-fun.com\/fr\/wp-content\/uploads\/sites\/4\/2022\/08\/I22503_Unit_72dpi.png\",\"width\":1200,\"height\":925},{\"@type\":\"BreadcrumbList\",\"@id\":\"https:\/\/infini-fun.com\/fr\/nos-jouets\/mon-premier-kit-de-teletravail\/#breadcrumb\",\"itemListElement\":[{\"@type\":\"ListItem\",\"position\":1,\"name\":\"Portada\",\"item\":\"https:\/\/infini-fun.com\/fr\/\"},{\"@type\":\"ListItem\",\"position\":2,\"name\":\"Nos jouets\",\"item\":\"https:\/\/infini-fun.com\/fr\/nos-jouets\/\"},{\"@type\":\"ListItem\",\"position\":3,\"name\":\"Mon premier kit de t\u00e9l\u00e9travail\"}]},{\"@type\":\"WebSite\",\"@id\":\"https:\/\/infini-fun.com\/fr\/#website\",\"url\":\"https:\/\/infini-fun.com\/fr\/\",\"name\":\"InfiniFun FR\",\"description\":\"Introducing Infinifun and Tinyboo\",\"potentialAction\":[{\"@type\":\"SearchAction\",\"target\":{\"@type\":\"EntryPoint\",\"urlTemplate\":\"https:\/\/infini-fun.com\/fr\/?s={search_term_string}\"},\"query-input\":{\"@type\":\"PropertyValueSpecification\",\"valueRequired\":true,\"valueName\":\"search_term_string\"}}],\"inLanguage\":\"fr-FR\"}]}<\/script>\n<!-- \/ Yoast SEO plugin. -->","yoast_head_json":{"title":"Mon premier kit de t\u00e9l\u00e9travail - InfiniFun FR","robots":{"index":"noindex","follow":"follow","max-snippet":"max-snippet:-1","max-image-preview":"max-image-preview:large","max-video-preview":"max-video-preview:-1"},"og_locale":"fr_FR","og_type":"article","og_title":"Mon premier kit de t\u00e9l\u00e9travail - InfiniFun FR","og_description":"O\u00f9 le trouver ?","og_url":"https:\/\/infini-fun.com\/fr\/nos-jouets\/mon-premier-kit-de-teletravail\/","og_site_name":"InfiniFun FR","article_modified_time":"2024-02-23T13:30:34+00:00","og_image":[{"width":1200,"height":925,"url":"https:\/\/infini-fun.com\/fr\/wp-content\/uploads\/sites\/4\/2022\/08\/I22503_Unit_72dpi.png","type":"image\/png"}],"twitter_card":"summary_large_image","twitter_misc":{"Dur\u00e9e de lecture estim\u00e9e":"1 minute"},"schema":{"@context":"https:\/\/schema.org","@graph":[{"@type":"WebPage","@id":"https:\/\/infini-fun.com\/fr\/nos-jouets\/mon-premier-kit-de-teletravail\/","url":"https:\/\/infini-fun.com\/fr\/nos-jouets\/mon-premier-kit-de-teletravail\/","name":"Mon premier kit de t\u00e9l\u00e9travail - InfiniFun FR","isPartOf":{"@id":"https:\/\/infini-fun.com\/fr\/#website"},"primaryImageOfPage":{"@id":"https:\/\/infini-fun.com\/fr\/nos-jouets\/mon-premier-kit-de-teletravail\/#primaryimage"},"image":{"@id":"https:\/\/infini-fun.com\/fr\/nos-jouets\/mon-premier-kit-de-teletravail\/#primaryimage"},"thumbnailUrl":"https:\/\/infini-fun.com\/fr\/wp-content\/uploads\/sites\/4\/2022\/08\/I22503_Unit_72dpi.png","datePublished":"2022-08-29T10:04:51+00:00","dateModified":"2024-02-23T13:30:34+00:00","breadcrumb":{"@id":"https:\/\/infini-fun.com\/fr\/nos-jouets\/mon-premier-kit-de-teletravail\/#breadcrumb"},"inLanguage":"fr-FR","potentialAction":[{"@type":"ReadAction","target":["https:\/\/infini-fun.com\/fr\/nos-jouets\/mon-premier-kit-de-teletravail\/"]}]},{"@type":"ImageObject","inLanguage":"fr-FR","@id":"https:\/\/infini-fun.com\/fr\/nos-jouets\/mon-premier-kit-de-teletravail\/#primaryimage","url":"https:\/\/infini-fun.com\/fr\/wp-content\/uploads\/sites\/4\/2022\/08\/I22503_Unit_72dpi.png","contentUrl":"https:\/\/infini-fun.com\/fr\/wp-content\/uploads\/sites\/4\/2022\/08\/I22503_Unit_72dpi.png","width":1200,"height":925},{"@type":"BreadcrumbList","@id":"https:\/\/infini-fun.com\/fr\/nos-jouets\/mon-premier-kit-de-teletravail\/#breadcrumb","itemListElement":[{"@type":"ListItem","position":1,"name":"Portada","item":"https:\/\/infini-fun.com\/fr\/"},{"@type":"ListItem","position":2,"name":"Nos jouets","item":"https:\/\/infini-fun.com\/fr\/nos-jouets\/"},{"@type":"ListItem","position":3,"name":"Mon premier kit de t\u00e9l\u00e9travail"}]},{"@type":"WebSite","@id":"https:\/\/infini-fun.com\/fr\/#website","url":"https:\/\/infini-fun.com\/fr\/","name":"InfiniFun FR","description":"Introducing Infinifun and Tinyboo","potentialAction":[{"@type":"SearchAction","target":{"@type":"EntryPoint","urlTemplate":"https:\/\/infini-fun.com\/fr\/?s={search_term_string}"},"query-input":{"@type":"PropertyValueSpecification","valueRequired":true,"valueName":"search_term_string"}}],"inLanguage":"fr-FR"}]}},"_links":{"self":[{"href":"https:\/\/infini-fun.com\/fr\/wp-json\/wp\/v2\/product\/8849","targetHints":{"allow":["GET"]}}],"collection":[{"href":"https:\/\/infini-fun.com\/fr\/wp-json\/wp\/v2\/product"}],"about":[{"href":"https:\/\/infini-fun.com\/fr\/wp-json\/wp\/v2\/types\/product"}],"wp:featuredmedia":[{"embeddable":true,"href":"https:\/\/infini-fun.com\/fr\/wp-json\/wp\/v2\/media\/8868"}],"wp:attachment":[{"href":"https:\/\/infini-fun.com\/fr\/wp-json\/wp\/v2\/media?parent=8849"}],"wp:term":[{"taxonomy":"product_brand","embeddable":true,"href":"https:\/\/infini-fun.com\/fr\/wp-json\/wp\/v2\/product_brand?post=8849"},{"taxonomy":"product_cat","embeddable":true,"href":"https:\/\/infini-fun.com\/fr\/wp-json\/wp\/v2\/product_cat?post=8849"},{"taxonomy":"product_tag","embeddable":true,"href":"https:\/\/infini-fun.com\/fr\/wp-json\/wp\/v2\/product_tag?post=8849"}],"curies":[{"name":"wp","href":"https:\/\/api.w.org\/{rel}","templated":true}]}}