{"id":8716,"date":"2021-07-02T12:31:34","date_gmt":"2021-07-02T12:31:34","guid":{"rendered":"https:\/\/kdplanet.com\/fr\/kd-kids\/infinifun\/?post_type=product&#038;p=8716"},"modified":"2024-03-14T15:38:58","modified_gmt":"2024-03-14T15:38:58","slug":"mon-centre-dactivites-musicales","status":"publish","type":"product","link":"https:\/\/infini-fun.com\/fr\/nos-jouets\/mon-centre-dactivites-musicales\/","title":{"rendered":"Activit\u00e9s musicales"},"content":{"rendered":"<p>Avec le centre d\u2019activit\u00e9s musicales, les tout-petits peuvent exprimer toute leur cr\u00e9ativit\u00e9 et d\u00e9velopper d\u00e8s le plus jeune \u00e2ge leur oreille musicale !<br \/>\n3 modes de jeu pour devenir un petit maestro !<br \/>\nPetit compositeur : b\u00e9b\u00e9 peut jouer du piano ou de la guitare en touchant les cordes ou les touches de couleur.<br \/>\nMagique, la lumi\u00e8re s\u2019allume de la m\u00eame couleur. Puis, en tournant la roue il transforme son piano en xylophone ou en harpe !Orchestre : il d\u00e9couvre 7 nouveaux instruments (maracas, flute, violon\u2026) qu&rsquo;il peut ajouter \u00e0 un rythme tandis que la lumi\u00e8re clignote. En tournant la roue il peut \u00e9galement ajouter des sons amusants.<br \/>\nCouleurs : en appuyant sur les touches color\u00e9es, b\u00e9b\u00e9 apprend ses premi\u00e8res couleurs. \u00c0 lui de les retrouver dans le quiz. Enfin, en touchant les cordes de la guitare, il apprend \u00e0 compter jusqu\u2019\u00e0 10 tout en s\u2019amusant.<\/p>\n<p>6 activit\u00e9s sont \u00e9galement \u00e0 d\u00e9couvrir pour d\u00e9velopper la motricit\u00e9 fine : tourner la roue, tirer ou pousser, faire pivoter l\u2019\u00e9toile, toucher les cordes et les textures.<\/p>\n<p>Parfait pour initier les tout-petits \u00e0 la musique !<\/p>\n<p><strong>Les petits plus :<\/strong><\/p>\n<ul>\n<li>3 modes de jeu pour d\u00e9velopper l\u2019oreille musicale<\/li>\n<li>11 instruments \u00e0 d\u00e9couvrir !<\/li>\n<li>2 niveaux sonores et un bouton OFF<\/li>\n<li>Joue de la guitare en touchant les cordes<\/li>\n<\/ul>\n<p>Jouet en bois issu de for\u00eats bien g\u00e9r\u00e9es<\/p>\n","protected":false},"excerpt":{"rendered":"<h2><i class=\"fas fa-store\"><\/i> O\u00f9 la trouver ?<\/h2>\n<p><a href=\"https:\/\/www.amazon.fr\/Infini-i21503-dactivit%C3%A9-%C3%A9lectronique-fran%C3%A7aise\/dp\/B09HH79HYF\/ref=sr_1_2?__mk_fr_FR=%C3%85M%C3%85%C5%BD%C3%95%C3%91&amp;crid=2B8361Z6X35KD&amp;dib=eyJ2IjoiMSJ9.7eWpf18pRKhb5iUFj2W-Gan8cs9ovmqyjV9RJobn1T9SnG5tSebffUDxahVETCXol_JB9O9W0MQhpWpV1yxkUQ.CmeQq7Jbie6JtCIcF4D9KtI0V8mP_0QXGS4zf7Z3o0o&amp;dib_tag=se&amp;keywords=activit%C3%A9%2Bmusicale%2Binfini%2Bfun&amp;qid=1710430558&amp;sprefix=activit%C3%A9%2Bmusicale%2Binfinifun%2Caps%2C59&amp;sr=8-2&amp;th=1\" target=\"_blank\" rel=\"noopener\"><img loading=\"lazy\" decoding=\"async\" class=\"Retailer alignnone wp-image-8912 size-full\" src=\"https:\/\/infini-fun.com\/fr\/wp-content\/uploads\/sites\/4\/2023\/09\/Amazon-200.png\" alt=\"\" width=\"200\" height=\"75\" \/><\/a><\/p>\n","protected":false},"featured_media":8717,"template":"","meta":[],"product_brand":[],"product_cat":[32],"product_tag":[100],"class_list":{"0":"post-8716","1":"product","2":"type-product","3":"status-publish","4":"has-post-thumbnail","6":"product_cat-0-12-mois","7":"product_tag-eveil","8":"pa_apprentissages-chiffres","9":"pa_apprentissages-couleurs","10":"pa_apprentissages-instruments-de-musique","11":"pa_developpement-ecoute","12":"pa_developpement-vue","13":"pa_eveil-creativite","15":"first","16":"instock","17":"shipping-taxable","18":"product-type-simple"},"yoast_head":"<!-- This site is optimized with the Yoast SEO plugin v27.2 - https:\/\/yoast.com\/product\/yoast-seo-wordpress\/ -->\n<title>Activit\u00e9s musicales - InfiniFun FR<\/title>\n<meta name=\"robots\" content=\"noindex, follow, max-snippet:-1, max-image-preview:large, max-video-preview:-1\" \/>\n<meta property=\"og:locale\" content=\"fr_FR\" \/>\n<meta property=\"og:type\" content=\"article\" \/>\n<meta property=\"og:title\" content=\"Activit\u00e9s musicales - InfiniFun FR\" \/>\n<meta property=\"og:description\" content=\"O\u00f9 la trouver ?\" \/>\n<meta property=\"og:url\" content=\"https:\/\/infini-fun.com\/fr\/nos-jouets\/mon-centre-dactivites-musicales\/\" \/>\n<meta property=\"og:site_name\" content=\"InfiniFun FR\" \/>\n<meta property=\"article:modified_time\" content=\"2024-03-14T15:38:58+00:00\" \/>\n<meta property=\"og:image\" content=\"https:\/\/infini-fun.com\/fr\/wp-content\/uploads\/sites\/4\/2021\/07\/S21503GI_KDE_unit_300dpi_210317-1024x1024.png\" \/>\n\t<meta property=\"og:image:width\" content=\"1024\" \/>\n\t<meta property=\"og:image:height\" content=\"1024\" \/>\n\t<meta property=\"og:image:type\" content=\"image\/png\" \/>\n<meta name=\"twitter:card\" content=\"summary_large_image\" \/>\n<meta name=\"twitter:label1\" content=\"Dur\u00e9e de lecture estim\u00e9e\" \/>\n\t<meta name=\"twitter:data1\" content=\"2 minutes\" \/>\n<script type=\"application\/ld+json\" class=\"yoast-schema-graph\">{\"@context\":\"https:\/\/schema.org\",\"@graph\":[{\"@type\":\"WebPage\",\"@id\":\"https:\/\/infini-fun.com\/fr\/nos-jouets\/mon-centre-dactivites-musicales\/\",\"url\":\"https:\/\/infini-fun.com\/fr\/nos-jouets\/mon-centre-dactivites-musicales\/\",\"name\":\"Activit\u00e9s musicales - InfiniFun FR\",\"isPartOf\":{\"@id\":\"https:\/\/infini-fun.com\/fr\/#website\"},\"primaryImageOfPage\":{\"@id\":\"https:\/\/infini-fun.com\/fr\/nos-jouets\/mon-centre-dactivites-musicales\/#primaryimage\"},\"image\":{\"@id\":\"https:\/\/infini-fun.com\/fr\/nos-jouets\/mon-centre-dactivites-musicales\/#primaryimage\"},\"thumbnailUrl\":\"https:\/\/infini-fun.com\/fr\/wp-content\/uploads\/sites\/4\/2021\/07\/S21503GI_KDE_unit_300dpi_210317.png\",\"datePublished\":\"2021-07-02T12:31:34+00:00\",\"dateModified\":\"2024-03-14T15:38:58+00:00\",\"breadcrumb\":{\"@id\":\"https:\/\/infini-fun.com\/fr\/nos-jouets\/mon-centre-dactivites-musicales\/#breadcrumb\"},\"inLanguage\":\"fr-FR\",\"potentialAction\":[{\"@type\":\"ReadAction\",\"target\":[\"https:\/\/infini-fun.com\/fr\/nos-jouets\/mon-centre-dactivites-musicales\/\"]}]},{\"@type\":\"ImageObject\",\"inLanguage\":\"fr-FR\",\"@id\":\"https:\/\/infini-fun.com\/fr\/nos-jouets\/mon-centre-dactivites-musicales\/#primaryimage\",\"url\":\"https:\/\/infini-fun.com\/fr\/wp-content\/uploads\/sites\/4\/2021\/07\/S21503GI_KDE_unit_300dpi_210317.png\",\"contentUrl\":\"https:\/\/infini-fun.com\/fr\/wp-content\/uploads\/sites\/4\/2021\/07\/S21503GI_KDE_unit_300dpi_210317.png\",\"width\":3357,\"height\":3357},{\"@type\":\"BreadcrumbList\",\"@id\":\"https:\/\/infini-fun.com\/fr\/nos-jouets\/mon-centre-dactivites-musicales\/#breadcrumb\",\"itemListElement\":[{\"@type\":\"ListItem\",\"position\":1,\"name\":\"Portada\",\"item\":\"https:\/\/infini-fun.com\/fr\/\"},{\"@type\":\"ListItem\",\"position\":2,\"name\":\"Nos jouets\",\"item\":\"https:\/\/infini-fun.com\/fr\/nos-jouets\/\"},{\"@type\":\"ListItem\",\"position\":3,\"name\":\"Activit\u00e9s musicales\"}]},{\"@type\":\"WebSite\",\"@id\":\"https:\/\/infini-fun.com\/fr\/#website\",\"url\":\"https:\/\/infini-fun.com\/fr\/\",\"name\":\"InfiniFun FR\",\"description\":\"Introducing Infinifun and Tinyboo\",\"potentialAction\":[{\"@type\":\"SearchAction\",\"target\":{\"@type\":\"EntryPoint\",\"urlTemplate\":\"https:\/\/infini-fun.com\/fr\/?s={search_term_string}\"},\"query-input\":{\"@type\":\"PropertyValueSpecification\",\"valueRequired\":true,\"valueName\":\"search_term_string\"}}],\"inLanguage\":\"fr-FR\"}]}<\/script>\n<!-- \/ Yoast SEO plugin. -->","yoast_head_json":{"title":"Activit\u00e9s musicales - InfiniFun FR","robots":{"index":"noindex","follow":"follow","max-snippet":"max-snippet:-1","max-image-preview":"max-image-preview:large","max-video-preview":"max-video-preview:-1"},"og_locale":"fr_FR","og_type":"article","og_title":"Activit\u00e9s musicales - InfiniFun FR","og_description":"O\u00f9 la trouver ?","og_url":"https:\/\/infini-fun.com\/fr\/nos-jouets\/mon-centre-dactivites-musicales\/","og_site_name":"InfiniFun FR","article_modified_time":"2024-03-14T15:38:58+00:00","og_image":[{"width":1024,"height":1024,"url":"https:\/\/infini-fun.com\/fr\/wp-content\/uploads\/sites\/4\/2021\/07\/S21503GI_KDE_unit_300dpi_210317-1024x1024.png","type":"image\/png"}],"twitter_card":"summary_large_image","twitter_misc":{"Dur\u00e9e de lecture estim\u00e9e":"2 minutes"},"schema":{"@context":"https:\/\/schema.org","@graph":[{"@type":"WebPage","@id":"https:\/\/infini-fun.com\/fr\/nos-jouets\/mon-centre-dactivites-musicales\/","url":"https:\/\/infini-fun.com\/fr\/nos-jouets\/mon-centre-dactivites-musicales\/","name":"Activit\u00e9s musicales - InfiniFun FR","isPartOf":{"@id":"https:\/\/infini-fun.com\/fr\/#website"},"primaryImageOfPage":{"@id":"https:\/\/infini-fun.com\/fr\/nos-jouets\/mon-centre-dactivites-musicales\/#primaryimage"},"image":{"@id":"https:\/\/infini-fun.com\/fr\/nos-jouets\/mon-centre-dactivites-musicales\/#primaryimage"},"thumbnailUrl":"https:\/\/infini-fun.com\/fr\/wp-content\/uploads\/sites\/4\/2021\/07\/S21503GI_KDE_unit_300dpi_210317.png","datePublished":"2021-07-02T12:31:34+00:00","dateModified":"2024-03-14T15:38:58+00:00","breadcrumb":{"@id":"https:\/\/infini-fun.com\/fr\/nos-jouets\/mon-centre-dactivites-musicales\/#breadcrumb"},"inLanguage":"fr-FR","potentialAction":[{"@type":"ReadAction","target":["https:\/\/infini-fun.com\/fr\/nos-jouets\/mon-centre-dactivites-musicales\/"]}]},{"@type":"ImageObject","inLanguage":"fr-FR","@id":"https:\/\/infini-fun.com\/fr\/nos-jouets\/mon-centre-dactivites-musicales\/#primaryimage","url":"https:\/\/infini-fun.com\/fr\/wp-content\/uploads\/sites\/4\/2021\/07\/S21503GI_KDE_unit_300dpi_210317.png","contentUrl":"https:\/\/infini-fun.com\/fr\/wp-content\/uploads\/sites\/4\/2021\/07\/S21503GI_KDE_unit_300dpi_210317.png","width":3357,"height":3357},{"@type":"BreadcrumbList","@id":"https:\/\/infini-fun.com\/fr\/nos-jouets\/mon-centre-dactivites-musicales\/#breadcrumb","itemListElement":[{"@type":"ListItem","position":1,"name":"Portada","item":"https:\/\/infini-fun.com\/fr\/"},{"@type":"ListItem","position":2,"name":"Nos jouets","item":"https:\/\/infini-fun.com\/fr\/nos-jouets\/"},{"@type":"ListItem","position":3,"name":"Activit\u00e9s musicales"}]},{"@type":"WebSite","@id":"https:\/\/infini-fun.com\/fr\/#website","url":"https:\/\/infini-fun.com\/fr\/","name":"InfiniFun FR","description":"Introducing Infinifun and Tinyboo","potentialAction":[{"@type":"SearchAction","target":{"@type":"EntryPoint","urlTemplate":"https:\/\/infini-fun.com\/fr\/?s={search_term_string}"},"query-input":{"@type":"PropertyValueSpecification","valueRequired":true,"valueName":"search_term_string"}}],"inLanguage":"fr-FR"}]}},"_links":{"self":[{"href":"https:\/\/infini-fun.com\/fr\/wp-json\/wp\/v2\/product\/8716","targetHints":{"allow":["GET"]}}],"collection":[{"href":"https:\/\/infini-fun.com\/fr\/wp-json\/wp\/v2\/product"}],"about":[{"href":"https:\/\/infini-fun.com\/fr\/wp-json\/wp\/v2\/types\/product"}],"wp:featuredmedia":[{"embeddable":true,"href":"https:\/\/infini-fun.com\/fr\/wp-json\/wp\/v2\/media\/8717"}],"wp:attachment":[{"href":"https:\/\/infini-fun.com\/fr\/wp-json\/wp\/v2\/media?parent=8716"}],"wp:term":[{"taxonomy":"product_brand","embeddable":true,"href":"https:\/\/infini-fun.com\/fr\/wp-json\/wp\/v2\/product_brand?post=8716"},{"taxonomy":"product_cat","embeddable":true,"href":"https:\/\/infini-fun.com\/fr\/wp-json\/wp\/v2\/product_cat?post=8716"},{"taxonomy":"product_tag","embeddable":true,"href":"https:\/\/infini-fun.com\/fr\/wp-json\/wp\/v2\/product_tag?post=8716"}],"curies":[{"name":"wp","href":"https:\/\/api.w.org\/{rel}","templated":true}]}}