{"id":8666,"date":"2021-06-23T15:56:05","date_gmt":"2021-06-23T15:56:05","guid":{"rendered":"https:\/\/kdplanet.com\/fr\/kd-kids\/infinifun\/?post_type=product&#038;p=8666"},"modified":"2024-02-23T10:43:52","modified_gmt":"2024-02-23T10:43:52","slug":"ma-premiere-oeuvre-dart-avec-le-xylopad","status":"publish","type":"product","link":"https:\/\/infini-fun.com\/fr\/nos-jouets\/ma-premiere-oeuvre-dart-avec-le-xylopad\/","title":{"rendered":"Mes premiers dessins en musique"},"content":{"rendered":"<p>Qui a dit que les tout-petits n\u2019\u00e9taient pas cr\u00e9atifs ? Avec le XyloPad, offrez enfin la possibilit\u00e9 \u00e0 votre enfant d\u2019exprimer toute l\u2019\u00e9tendue de sa cr\u00e9ativit\u00e9 \u00e0 tout \u00e2ge !<\/p>\n<p>Pour \u00e7a, rien de plus simple : une feuille de papier A4* gliss\u00e9e sous le cadre anti d\u00e9bordement et c\u2019est parti ! En faisant des mouvements amples, redressez le la musique et les sons : c\u2019est magique ! Et pour aller plus loin, il d\u00e9couvre les couleurs, les \u00e9motions et les instruments de musique en changeant de mode de jeu.<br \/>\nQuand sa premi\u00e8re \u0153uvre est termin\u00e9e, votre tout-petit d\u00e9clenche le XyloPad en position chevalet et exposez-la ! Vous pouvez m\u00eame ranger les feutres en les accrochant sur les c\u00f4t\u00e9s, pratique non ?<\/p>\n<p><strong>Les petits plus :<\/strong><\/p>\n<ul>\n<li>Touche les bords color\u00e9s pour d\u00e9clencher de la musique et des sons rigolos !<\/li>\n<li>Cr\u00e9e sans risquer de te t\u00e2cher gr\u00e2ce au cadre !<\/li>\n<li>Tout est fourni ! Installe ta feuille de papier A4*, attrape ton feutre et dessine !<\/li>\n<li>3 Feutres rechargeables con\u00e7us sp\u00e9cifiquement pour tes petites mains ! Recharges d&rsquo;encre non toxique et lavable<\/li>\n<li>Expose ton dessin gr\u00e2ce au chevalet !<\/li>\n<li>6 crochets pour ranger tes feutres<\/li>\n<\/ul>\n<p><em>4 MODES DE JEU:<\/em><\/p>\n<p>CR\u00c9ATIF : dessine pour jouer de la musique !<br \/>\nCOLOR\u00c9 : apprends les couleurs !<br \/>\nAMUSANT : d\u00e9couvre les \u00e9motions &#8211; chaque couleur est un sentiment !<br \/>\nMUSICAL : joue de 9 instruments de musique !<\/p>\n<p>&nbsp;<\/p>\n","protected":false},"excerpt":{"rendered":"<h2><i class=\"fas fa-store\"><\/i> O\u00f9 le trouver ?<\/h2>\n<p><a href=\"https:\/\/www.amazon.fr\/Infini-Fun-Premiers-premi%C3%A8re-Chevalet\/dp\/B0C9RBCTKS\/ref=sr_1_1?__mk_fr_FR=%C3%85M%C3%85%C5%BD%C3%95%C3%91&amp;crid=17SKZGPJEG75C&amp;keywords=B0C9RBCTKS&amp;qid=1696525023&amp;s=toys&amp;sprefix=b0c9rbctks%2Ctoys%2C70&amp;sr=1-1\" target=\"_blank\" rel=\"noopener\"><img loading=\"lazy\" decoding=\"async\" id=\"Btn_Amazon\" class=\"Retailer alignnone size-full wp-image-8912\" src=\"https:\/\/infini-fun.com\/fr\/wp-content\/uploads\/sites\/4\/2023\/09\/Amazon-200.png\" alt=\"\" width=\"200\" height=\"75\" \/><\/a><a href=\"https:\/\/www.joueclub.fr\/activites-creatives-et-manuelles\/mes-premiers-dessins-en-musique-8436538676356.html\" target=\"_blank\" rel=\"noopener\"><img loading=\"lazy\" decoding=\"async\" id=\"Btn_JoueClub\" class=\"Retailer alignnone size-full wp-image-8914\" src=\"https:\/\/infini-fun.com\/fr\/wp-content\/uploads\/sites\/4\/2023\/09\/JoueClub-200.png\" alt=\"\" width=\"200\" height=\"75\" \/><\/a><a href=\"https:\/\/www.smythstoys.com\/fr\/fr-fr\/jouets\/activites-artistiques-et-musicales\/dessin-coloriage-et-peinture\/peinture\/infini-fun-mes-premiers-dessins-en-musique\/p\/226745\" target=\"_blank\" rel=\"noopener\"><img loading=\"lazy\" decoding=\"async\" id=\"Btn_Smyths\" class=\"Retailer alignnone size-full wp-image-8917\" src=\"https:\/\/infini-fun.com\/fr\/wp-content\/uploads\/sites\/4\/2022\/08\/Smyths-200.png\" alt=\"\" width=\"200\" height=\"75\" \/><\/a><a href=\"https:\/\/www.king-jouet.com\/jeu-jouet\/jeux-creatifs\/dessin-peinture\/ref-733336-mes-premiers-dessins-en-musique-avec-le-xylopad.htm\" target=\"_blank\" rel=\"noopener\"><img loading=\"lazy\" decoding=\"async\" id=\"Btn_KingJouet\" class=\"Retailer alignnone size-full wp-image-8913\" src=\"https:\/\/infini-fun.com\/fr\/wp-content\/uploads\/sites\/4\/2023\/09\/King-Jouet-200.png\" alt=\"\" width=\"200\" height=\"75\" \/><\/a><a href=\"https:\/\/www.cora.fr\/article\/3033303\/mes-premiers-dessins-en-musique.html\" target=\"_blank\" rel=\"noopener\"><img loading=\"lazy\" decoding=\"async\" id=\"Btn_Cora\" class=\"Retailer alignnone size-full wp-image-8944\" src=\"https:\/\/infini-fun.com\/fr\/wp-content\/uploads\/sites\/4\/2021\/06\/Cora_200.png\" alt=\"\" width=\"200\" height=\"75\" \/><\/a><a href=\"https:\/\/www.cultura.com\/p-xylopad-premiers-dessins-10149397.html\" target=\"_blank\" rel=\"noopener\"><img loading=\"lazy\" decoding=\"async\" id=\"Btn_Cultura\" class=\"Retailer alignnone size-full wp-image-8947\" src=\"https:\/\/infini-fun.com\/fr\/wp-content\/uploads\/sites\/4\/2021\/06\/Cultura_200.png\" alt=\"\" width=\"200\" height=\"75\" \/><\/a><br \/>\n[vimeo_embed  url=\"https:\/\/vimeo.com\/915906702\" autopause=\"true\" controls=\"true\" byline=\"true\" portrait=\"true\" title=\"true\" responsive=\"true\" dnt=\"true\" playsinline=\"true\" overrideWidthUnits=\"px\" overrideHeightUnits=\"px\" url=\"https:\/\/vimeo.com\/915906702\" \/]<\/p>\n","protected":false},"featured_media":8928,"template":"","meta":[],"product_brand":[],"product_cat":[43],"product_tag":[92],"class_list":{"0":"post-8666","1":"product","2":"type-product","3":"status-publish","4":"has-post-thumbnail","6":"product_cat-2-6-ans","7":"product_tag-creativite","8":"pa_apprentissages-couleurs","9":"pa_apprentissages-instruments-de-musique","10":"pa_developpement-motricite","11":"pa_eveil-creativite","13":"first","14":"instock","15":"downloadable","16":"shipping-taxable","17":"product-type-simple"},"yoast_head":"<!-- This site is optimized with the Yoast SEO plugin v27.2 - https:\/\/yoast.com\/product\/yoast-seo-wordpress\/ -->\n<title>Mes premiers dessins en musique - InfiniFun FR<\/title>\n<meta name=\"robots\" content=\"noindex, follow, max-snippet:-1, max-image-preview:large, max-video-preview:-1\" \/>\n<meta property=\"og:locale\" content=\"fr_FR\" \/>\n<meta property=\"og:type\" content=\"article\" \/>\n<meta property=\"og:title\" content=\"Mes premiers dessins en musique - InfiniFun FR\" \/>\n<meta property=\"og:description\" content=\"O\u00f9 le trouver ?\" \/>\n<meta property=\"og:url\" content=\"https:\/\/infini-fun.com\/fr\/nos-jouets\/ma-premiere-oeuvre-dart-avec-le-xylopad\/\" \/>\n<meta property=\"og:site_name\" content=\"InfiniFun FR\" \/>\n<meta property=\"article:modified_time\" content=\"2024-02-23T10:43:52+00:00\" \/>\n<meta property=\"og:image\" content=\"https:\/\/infini-fun.com\/fr\/wp-content\/uploads\/sites\/4\/2021\/06\/S18810_Product.png\" \/>\n\t<meta property=\"og:image:width\" content=\"1200\" \/>\n\t<meta property=\"og:image:height\" content=\"1200\" \/>\n\t<meta property=\"og:image:type\" content=\"image\/png\" \/>\n<meta name=\"twitter:card\" content=\"summary_large_image\" \/>\n<meta name=\"twitter:label1\" content=\"Dur\u00e9e de lecture estim\u00e9e\" \/>\n\t<meta name=\"twitter:data1\" content=\"2 minutes\" \/>\n<script type=\"application\/ld+json\" class=\"yoast-schema-graph\">{\"@context\":\"https:\/\/schema.org\",\"@graph\":[{\"@type\":\"WebPage\",\"@id\":\"https:\/\/infini-fun.com\/fr\/nos-jouets\/ma-premiere-oeuvre-dart-avec-le-xylopad\/\",\"url\":\"https:\/\/infini-fun.com\/fr\/nos-jouets\/ma-premiere-oeuvre-dart-avec-le-xylopad\/\",\"name\":\"Mes premiers dessins en musique - InfiniFun FR\",\"isPartOf\":{\"@id\":\"https:\/\/infini-fun.com\/fr\/#website\"},\"primaryImageOfPage\":{\"@id\":\"https:\/\/infini-fun.com\/fr\/nos-jouets\/ma-premiere-oeuvre-dart-avec-le-xylopad\/#primaryimage\"},\"image\":{\"@id\":\"https:\/\/infini-fun.com\/fr\/nos-jouets\/ma-premiere-oeuvre-dart-avec-le-xylopad\/#primaryimage\"},\"thumbnailUrl\":\"https:\/\/infini-fun.com\/fr\/wp-content\/uploads\/sites\/4\/2021\/06\/S18810_Product.png\",\"datePublished\":\"2021-06-23T15:56:05+00:00\",\"dateModified\":\"2024-02-23T10:43:52+00:00\",\"breadcrumb\":{\"@id\":\"https:\/\/infini-fun.com\/fr\/nos-jouets\/ma-premiere-oeuvre-dart-avec-le-xylopad\/#breadcrumb\"},\"inLanguage\":\"fr-FR\",\"potentialAction\":[{\"@type\":\"ReadAction\",\"target\":[\"https:\/\/infini-fun.com\/fr\/nos-jouets\/ma-premiere-oeuvre-dart-avec-le-xylopad\/\"]}]},{\"@type\":\"ImageObject\",\"inLanguage\":\"fr-FR\",\"@id\":\"https:\/\/infini-fun.com\/fr\/nos-jouets\/ma-premiere-oeuvre-dart-avec-le-xylopad\/#primaryimage\",\"url\":\"https:\/\/infini-fun.com\/fr\/wp-content\/uploads\/sites\/4\/2021\/06\/S18810_Product.png\",\"contentUrl\":\"https:\/\/infini-fun.com\/fr\/wp-content\/uploads\/sites\/4\/2021\/06\/S18810_Product.png\",\"width\":1200,\"height\":1200},{\"@type\":\"BreadcrumbList\",\"@id\":\"https:\/\/infini-fun.com\/fr\/nos-jouets\/ma-premiere-oeuvre-dart-avec-le-xylopad\/#breadcrumb\",\"itemListElement\":[{\"@type\":\"ListItem\",\"position\":1,\"name\":\"Portada\",\"item\":\"https:\/\/infini-fun.com\/fr\/\"},{\"@type\":\"ListItem\",\"position\":2,\"name\":\"Nos jouets\",\"item\":\"https:\/\/infini-fun.com\/fr\/nos-jouets\/\"},{\"@type\":\"ListItem\",\"position\":3,\"name\":\"Mes premiers dessins en musique\"}]},{\"@type\":\"WebSite\",\"@id\":\"https:\/\/infini-fun.com\/fr\/#website\",\"url\":\"https:\/\/infini-fun.com\/fr\/\",\"name\":\"InfiniFun FR\",\"description\":\"Introducing Infinifun and Tinyboo\",\"potentialAction\":[{\"@type\":\"SearchAction\",\"target\":{\"@type\":\"EntryPoint\",\"urlTemplate\":\"https:\/\/infini-fun.com\/fr\/?s={search_term_string}\"},\"query-input\":{\"@type\":\"PropertyValueSpecification\",\"valueRequired\":true,\"valueName\":\"search_term_string\"}}],\"inLanguage\":\"fr-FR\"}]}<\/script>\n<!-- \/ Yoast SEO plugin. -->","yoast_head_json":{"title":"Mes premiers dessins en musique - InfiniFun FR","robots":{"index":"noindex","follow":"follow","max-snippet":"max-snippet:-1","max-image-preview":"max-image-preview:large","max-video-preview":"max-video-preview:-1"},"og_locale":"fr_FR","og_type":"article","og_title":"Mes premiers dessins en musique - InfiniFun FR","og_description":"O\u00f9 le trouver ?","og_url":"https:\/\/infini-fun.com\/fr\/nos-jouets\/ma-premiere-oeuvre-dart-avec-le-xylopad\/","og_site_name":"InfiniFun FR","article_modified_time":"2024-02-23T10:43:52+00:00","og_image":[{"width":1200,"height":1200,"url":"https:\/\/infini-fun.com\/fr\/wp-content\/uploads\/sites\/4\/2021\/06\/S18810_Product.png","type":"image\/png"}],"twitter_card":"summary_large_image","twitter_misc":{"Dur\u00e9e de lecture estim\u00e9e":"2 minutes"},"schema":{"@context":"https:\/\/schema.org","@graph":[{"@type":"WebPage","@id":"https:\/\/infini-fun.com\/fr\/nos-jouets\/ma-premiere-oeuvre-dart-avec-le-xylopad\/","url":"https:\/\/infini-fun.com\/fr\/nos-jouets\/ma-premiere-oeuvre-dart-avec-le-xylopad\/","name":"Mes premiers dessins en musique - InfiniFun FR","isPartOf":{"@id":"https:\/\/infini-fun.com\/fr\/#website"},"primaryImageOfPage":{"@id":"https:\/\/infini-fun.com\/fr\/nos-jouets\/ma-premiere-oeuvre-dart-avec-le-xylopad\/#primaryimage"},"image":{"@id":"https:\/\/infini-fun.com\/fr\/nos-jouets\/ma-premiere-oeuvre-dart-avec-le-xylopad\/#primaryimage"},"thumbnailUrl":"https:\/\/infini-fun.com\/fr\/wp-content\/uploads\/sites\/4\/2021\/06\/S18810_Product.png","datePublished":"2021-06-23T15:56:05+00:00","dateModified":"2024-02-23T10:43:52+00:00","breadcrumb":{"@id":"https:\/\/infini-fun.com\/fr\/nos-jouets\/ma-premiere-oeuvre-dart-avec-le-xylopad\/#breadcrumb"},"inLanguage":"fr-FR","potentialAction":[{"@type":"ReadAction","target":["https:\/\/infini-fun.com\/fr\/nos-jouets\/ma-premiere-oeuvre-dart-avec-le-xylopad\/"]}]},{"@type":"ImageObject","inLanguage":"fr-FR","@id":"https:\/\/infini-fun.com\/fr\/nos-jouets\/ma-premiere-oeuvre-dart-avec-le-xylopad\/#primaryimage","url":"https:\/\/infini-fun.com\/fr\/wp-content\/uploads\/sites\/4\/2021\/06\/S18810_Product.png","contentUrl":"https:\/\/infini-fun.com\/fr\/wp-content\/uploads\/sites\/4\/2021\/06\/S18810_Product.png","width":1200,"height":1200},{"@type":"BreadcrumbList","@id":"https:\/\/infini-fun.com\/fr\/nos-jouets\/ma-premiere-oeuvre-dart-avec-le-xylopad\/#breadcrumb","itemListElement":[{"@type":"ListItem","position":1,"name":"Portada","item":"https:\/\/infini-fun.com\/fr\/"},{"@type":"ListItem","position":2,"name":"Nos jouets","item":"https:\/\/infini-fun.com\/fr\/nos-jouets\/"},{"@type":"ListItem","position":3,"name":"Mes premiers dessins en musique"}]},{"@type":"WebSite","@id":"https:\/\/infini-fun.com\/fr\/#website","url":"https:\/\/infini-fun.com\/fr\/","name":"InfiniFun FR","description":"Introducing Infinifun and Tinyboo","potentialAction":[{"@type":"SearchAction","target":{"@type":"EntryPoint","urlTemplate":"https:\/\/infini-fun.com\/fr\/?s={search_term_string}"},"query-input":{"@type":"PropertyValueSpecification","valueRequired":true,"valueName":"search_term_string"}}],"inLanguage":"fr-FR"}]}},"_links":{"self":[{"href":"https:\/\/infini-fun.com\/fr\/wp-json\/wp\/v2\/product\/8666","targetHints":{"allow":["GET"]}}],"collection":[{"href":"https:\/\/infini-fun.com\/fr\/wp-json\/wp\/v2\/product"}],"about":[{"href":"https:\/\/infini-fun.com\/fr\/wp-json\/wp\/v2\/types\/product"}],"wp:featuredmedia":[{"embeddable":true,"href":"https:\/\/infini-fun.com\/fr\/wp-json\/wp\/v2\/media\/8928"}],"wp:attachment":[{"href":"https:\/\/infini-fun.com\/fr\/wp-json\/wp\/v2\/media?parent=8666"}],"wp:term":[{"taxonomy":"product_brand","embeddable":true,"href":"https:\/\/infini-fun.com\/fr\/wp-json\/wp\/v2\/product_brand?post=8666"},{"taxonomy":"product_cat","embeddable":true,"href":"https:\/\/infini-fun.com\/fr\/wp-json\/wp\/v2\/product_cat?post=8666"},{"taxonomy":"product_tag","embeddable":true,"href":"https:\/\/infini-fun.com\/fr\/wp-json\/wp\/v2\/product_tag?post=8666"}],"curies":[{"name":"wp","href":"https:\/\/api.w.org\/{rel}","templated":true}]}}