{"id":8655,"date":"2021-06-23T15:40:51","date_gmt":"2021-06-23T15:40:51","guid":{"rendered":"https:\/\/kdplanet.com\/fr\/kd-kids\/infinifun\/?post_type=product&amp;p=8655"},"modified":"2021-06-23T15:40:51","modified_gmt":"2021-06-23T15:40:51","slug":"ma-licorne-roulipuzzle","status":"publish","type":"product","link":"https:\/\/infini-fun.com\/fr\/nos-jouets\/ma-licorne-roulipuzzle\/","title":{"rendered":"Ma Licorne Rouli\u2019Puzzle"},"content":{"rendered":"<p>Votre enfant va vite s\u2019attacher \u00e0 sa Licorne Rouli\u2019Puzzle et va l\u2019emporter partout.<\/p>\n<p>Sa nouvelle copine l\u2019aide \u00e0 d\u00e9velopper sa motricit\u00e9 fine et lui fait d\u00e9couvrir les premiers \u00e9mois de la concentration et de la logique tout en s\u2019amusant gr\u00e2ce \u00e0 des sons rigolos.<\/p>\n<p>Le premier puzzle sp\u00e9cifiquement cr\u00e9\u00e9 pour les tout-petits : impossible de perdre une pi\u00e8ce !<\/p>\n<p><strong>Les petits plus :<\/strong><\/p>\n<ul>\n<li>\u00c0 emporter partout gr\u00e2ce \u00e0 sa poign\u00e9e !<\/li>\n<li>8 sons rigolos et 2 m\u00e9lodies !<\/li>\n<li>3 puzzles \u00e9volutifs \u00e0 reconstituer !<\/li>\n<\/ul>\n","protected":false},"excerpt":{"rendered":"<p>Votre enfant va vite s\u2019attacher \u00e0 sa Licorne Rouli\u2019Puzzle et va l\u2019emporter partout. Sa nouvelle copine l\u2019aide \u00e0 d\u00e9velopper sa motricit\u00e9 fine et lui fait d\u00e9couvrir les premiers \u00e9mois de la concentration et de la logique tout en s\u2019amusant gr\u00e2ce \u00e0 des sons rigolos. Le premier puzzle sp\u00e9cifiquement cr\u00e9\u00e9 pour les tout-petits : impossible de&#8230;<\/p>\n","protected":false},"featured_media":8659,"template":"","meta":[],"product_brand":[],"product_cat":[40],"product_tag":[100,114],"class_list":{"0":"post-8655","1":"product","2":"type-product","3":"status-publish","4":"has-post-thumbnail","6":"product_cat-12-24-mois","7":"product_tag-eveil","8":"product_tag-sensoriel","9":"pa_developpement-motricite","10":"pa_eveil-concentration","11":"pa_eveil-curiosite","13":"first","14":"instock","15":"shipping-taxable","16":"product-type-simple"},"yoast_head":"<!-- This site is optimized with the Yoast SEO plugin v27.2 - https:\/\/yoast.com\/product\/yoast-seo-wordpress\/ -->\n<title>Ma Licorne Rouli\u2019Puzzle - InfiniFun FR<\/title>\n<meta name=\"robots\" content=\"noindex, follow, max-snippet:-1, max-image-preview:large, max-video-preview:-1\" \/>\n<meta property=\"og:locale\" content=\"fr_FR\" \/>\n<meta property=\"og:type\" content=\"article\" \/>\n<meta property=\"og:title\" content=\"Ma Licorne Rouli\u2019Puzzle - InfiniFun FR\" \/>\n<meta property=\"og:description\" content=\"Votre enfant va vite s\u2019attacher \u00e0 sa Licorne Rouli\u2019Puzzle et va l\u2019emporter partout. Sa nouvelle copine l\u2019aide \u00e0 d\u00e9velopper sa motricit\u00e9 fine et lui fait d\u00e9couvrir les premiers \u00e9mois de la concentration et de la logique tout en s\u2019amusant gr\u00e2ce \u00e0 des sons rigolos. Le premier puzzle sp\u00e9cifiquement cr\u00e9\u00e9 pour les tout-petits : impossible de...\" \/>\n<meta property=\"og:url\" content=\"https:\/\/infini-fun.com\/fr\/nos-jouets\/ma-licorne-roulipuzzle\/\" \/>\n<meta property=\"og:site_name\" content=\"InfiniFun FR\" \/>\n<meta property=\"og:image\" content=\"https:\/\/infini-fun.com\/fr\/wp-content\/uploads\/sites\/4\/2021\/06\/S19523_RDR_01_190724_AW03.jpg\" \/>\n\t<meta property=\"og:image:width\" content=\"1284\" \/>\n\t<meta property=\"og:image:height\" content=\"1295\" \/>\n\t<meta property=\"og:image:type\" content=\"image\/jpeg\" \/>\n<meta name=\"twitter:card\" content=\"summary_large_image\" \/>\n<meta name=\"twitter:label1\" content=\"Dur\u00e9e de lecture estim\u00e9e\" \/>\n\t<meta name=\"twitter:data1\" content=\"1 minute\" \/>\n<script type=\"application\/ld+json\" class=\"yoast-schema-graph\">{\"@context\":\"https:\/\/schema.org\",\"@graph\":[{\"@type\":\"WebPage\",\"@id\":\"https:\/\/infini-fun.com\/fr\/nos-jouets\/ma-licorne-roulipuzzle\/\",\"url\":\"https:\/\/infini-fun.com\/fr\/nos-jouets\/ma-licorne-roulipuzzle\/\",\"name\":\"Ma Licorne Rouli\u2019Puzzle - InfiniFun FR\",\"isPartOf\":{\"@id\":\"https:\/\/infini-fun.com\/fr\/#website\"},\"primaryImageOfPage\":{\"@id\":\"https:\/\/infini-fun.com\/fr\/nos-jouets\/ma-licorne-roulipuzzle\/#primaryimage\"},\"image\":{\"@id\":\"https:\/\/infini-fun.com\/fr\/nos-jouets\/ma-licorne-roulipuzzle\/#primaryimage\"},\"thumbnailUrl\":\"https:\/\/infini-fun.com\/fr\/wp-content\/uploads\/sites\/4\/2021\/06\/S19523_RDR_01_190724_AW03.jpg\",\"datePublished\":\"2021-06-23T15:40:51+00:00\",\"breadcrumb\":{\"@id\":\"https:\/\/infini-fun.com\/fr\/nos-jouets\/ma-licorne-roulipuzzle\/#breadcrumb\"},\"inLanguage\":\"fr-FR\",\"potentialAction\":[{\"@type\":\"ReadAction\",\"target\":[\"https:\/\/infini-fun.com\/fr\/nos-jouets\/ma-licorne-roulipuzzle\/\"]}]},{\"@type\":\"ImageObject\",\"inLanguage\":\"fr-FR\",\"@id\":\"https:\/\/infini-fun.com\/fr\/nos-jouets\/ma-licorne-roulipuzzle\/#primaryimage\",\"url\":\"https:\/\/infini-fun.com\/fr\/wp-content\/uploads\/sites\/4\/2021\/06\/S19523_RDR_01_190724_AW03.jpg\",\"contentUrl\":\"https:\/\/infini-fun.com\/fr\/wp-content\/uploads\/sites\/4\/2021\/06\/S19523_RDR_01_190724_AW03.jpg\",\"width\":1284,\"height\":1295},{\"@type\":\"BreadcrumbList\",\"@id\":\"https:\/\/infini-fun.com\/fr\/nos-jouets\/ma-licorne-roulipuzzle\/#breadcrumb\",\"itemListElement\":[{\"@type\":\"ListItem\",\"position\":1,\"name\":\"Portada\",\"item\":\"https:\/\/infini-fun.com\/fr\/\"},{\"@type\":\"ListItem\",\"position\":2,\"name\":\"Nos jouets\",\"item\":\"https:\/\/infini-fun.com\/fr\/nos-jouets\/\"},{\"@type\":\"ListItem\",\"position\":3,\"name\":\"Ma Licorne Rouli\u2019Puzzle\"}]},{\"@type\":\"WebSite\",\"@id\":\"https:\/\/infini-fun.com\/fr\/#website\",\"url\":\"https:\/\/infini-fun.com\/fr\/\",\"name\":\"InfiniFun FR\",\"description\":\"Introducing Infinifun and Tinyboo\",\"potentialAction\":[{\"@type\":\"SearchAction\",\"target\":{\"@type\":\"EntryPoint\",\"urlTemplate\":\"https:\/\/infini-fun.com\/fr\/?s={search_term_string}\"},\"query-input\":{\"@type\":\"PropertyValueSpecification\",\"valueRequired\":true,\"valueName\":\"search_term_string\"}}],\"inLanguage\":\"fr-FR\"}]}<\/script>\n<!-- \/ Yoast SEO plugin. -->","yoast_head_json":{"title":"Ma Licorne Rouli\u2019Puzzle - InfiniFun FR","robots":{"index":"noindex","follow":"follow","max-snippet":"max-snippet:-1","max-image-preview":"max-image-preview:large","max-video-preview":"max-video-preview:-1"},"og_locale":"fr_FR","og_type":"article","og_title":"Ma Licorne Rouli\u2019Puzzle - InfiniFun FR","og_description":"Votre enfant va vite s\u2019attacher \u00e0 sa Licorne Rouli\u2019Puzzle et va l\u2019emporter partout. Sa nouvelle copine l\u2019aide \u00e0 d\u00e9velopper sa motricit\u00e9 fine et lui fait d\u00e9couvrir les premiers \u00e9mois de la concentration et de la logique tout en s\u2019amusant gr\u00e2ce \u00e0 des sons rigolos. Le premier puzzle sp\u00e9cifiquement cr\u00e9\u00e9 pour les tout-petits : impossible de...","og_url":"https:\/\/infini-fun.com\/fr\/nos-jouets\/ma-licorne-roulipuzzle\/","og_site_name":"InfiniFun FR","og_image":[{"width":1284,"height":1295,"url":"https:\/\/infini-fun.com\/fr\/wp-content\/uploads\/sites\/4\/2021\/06\/S19523_RDR_01_190724_AW03.jpg","type":"image\/jpeg"}],"twitter_card":"summary_large_image","twitter_misc":{"Dur\u00e9e de lecture estim\u00e9e":"1 minute"},"schema":{"@context":"https:\/\/schema.org","@graph":[{"@type":"WebPage","@id":"https:\/\/infini-fun.com\/fr\/nos-jouets\/ma-licorne-roulipuzzle\/","url":"https:\/\/infini-fun.com\/fr\/nos-jouets\/ma-licorne-roulipuzzle\/","name":"Ma Licorne Rouli\u2019Puzzle - InfiniFun FR","isPartOf":{"@id":"https:\/\/infini-fun.com\/fr\/#website"},"primaryImageOfPage":{"@id":"https:\/\/infini-fun.com\/fr\/nos-jouets\/ma-licorne-roulipuzzle\/#primaryimage"},"image":{"@id":"https:\/\/infini-fun.com\/fr\/nos-jouets\/ma-licorne-roulipuzzle\/#primaryimage"},"thumbnailUrl":"https:\/\/infini-fun.com\/fr\/wp-content\/uploads\/sites\/4\/2021\/06\/S19523_RDR_01_190724_AW03.jpg","datePublished":"2021-06-23T15:40:51+00:00","breadcrumb":{"@id":"https:\/\/infini-fun.com\/fr\/nos-jouets\/ma-licorne-roulipuzzle\/#breadcrumb"},"inLanguage":"fr-FR","potentialAction":[{"@type":"ReadAction","target":["https:\/\/infini-fun.com\/fr\/nos-jouets\/ma-licorne-roulipuzzle\/"]}]},{"@type":"ImageObject","inLanguage":"fr-FR","@id":"https:\/\/infini-fun.com\/fr\/nos-jouets\/ma-licorne-roulipuzzle\/#primaryimage","url":"https:\/\/infini-fun.com\/fr\/wp-content\/uploads\/sites\/4\/2021\/06\/S19523_RDR_01_190724_AW03.jpg","contentUrl":"https:\/\/infini-fun.com\/fr\/wp-content\/uploads\/sites\/4\/2021\/06\/S19523_RDR_01_190724_AW03.jpg","width":1284,"height":1295},{"@type":"BreadcrumbList","@id":"https:\/\/infini-fun.com\/fr\/nos-jouets\/ma-licorne-roulipuzzle\/#breadcrumb","itemListElement":[{"@type":"ListItem","position":1,"name":"Portada","item":"https:\/\/infini-fun.com\/fr\/"},{"@type":"ListItem","position":2,"name":"Nos jouets","item":"https:\/\/infini-fun.com\/fr\/nos-jouets\/"},{"@type":"ListItem","position":3,"name":"Ma Licorne Rouli\u2019Puzzle"}]},{"@type":"WebSite","@id":"https:\/\/infini-fun.com\/fr\/#website","url":"https:\/\/infini-fun.com\/fr\/","name":"InfiniFun FR","description":"Introducing Infinifun and Tinyboo","potentialAction":[{"@type":"SearchAction","target":{"@type":"EntryPoint","urlTemplate":"https:\/\/infini-fun.com\/fr\/?s={search_term_string}"},"query-input":{"@type":"PropertyValueSpecification","valueRequired":true,"valueName":"search_term_string"}}],"inLanguage":"fr-FR"}]}},"_links":{"self":[{"href":"https:\/\/infini-fun.com\/fr\/wp-json\/wp\/v2\/product\/8655","targetHints":{"allow":["GET"]}}],"collection":[{"href":"https:\/\/infini-fun.com\/fr\/wp-json\/wp\/v2\/product"}],"about":[{"href":"https:\/\/infini-fun.com\/fr\/wp-json\/wp\/v2\/types\/product"}],"wp:featuredmedia":[{"embeddable":true,"href":"https:\/\/infini-fun.com\/fr\/wp-json\/wp\/v2\/media\/8659"}],"wp:attachment":[{"href":"https:\/\/infini-fun.com\/fr\/wp-json\/wp\/v2\/media?parent=8655"}],"wp:term":[{"taxonomy":"product_brand","embeddable":true,"href":"https:\/\/infini-fun.com\/fr\/wp-json\/wp\/v2\/product_brand?post=8655"},{"taxonomy":"product_cat","embeddable":true,"href":"https:\/\/infini-fun.com\/fr\/wp-json\/wp\/v2\/product_cat?post=8655"},{"taxonomy":"product_tag","embeddable":true,"href":"https:\/\/infini-fun.com\/fr\/wp-json\/wp\/v2\/product_tag?post=8655"}],"curies":[{"name":"wp","href":"https:\/\/api.w.org\/{rel}","templated":true}]}}