{"id":8176,"date":"2021-01-22T10:51:52","date_gmt":"2021-01-22T10:51:52","guid":{"rendered":"http:\/\/kdplanet.com\/fr\/kd-kids\/infinifun\/?post_type=product&#038;p=8176"},"modified":"2023-10-03T20:25:54","modified_gmt":"2023-10-03T20:25:54","slug":"les-acrobates-sensoriels","status":"publish","type":"product","link":"https:\/\/infini-fun.com\/fr\/nos-jouets\/les-acrobates-sensoriels\/","title":{"rendered":"Les acrobates sensoriels"},"content":{"rendered":"<p>Avec leurs 10 pi\u00e8ces, 15 activit\u00e9s et leurs centaines de combinaisons d&#8217;empilage, les acrobates sensoriels n&rsquo;ont pas fini d&rsquo;amuser b\u00e9b\u00e9 !<\/p>\n<p>Chaque \u00e9l\u00e9ment favorise la motricit\u00e9 fine, et poss\u00e8de une fonction sensorielle pour stimuler la vue (kal\u00e9idoscope et couleurs contrast\u00e9es), l&rsquo;ou\u00efe (maracas, billes, podium cr\u00e9celle&#8230;), et le toucher (textures).<\/p>\n<p>Votre tout-petit peut \u00e9galement s\u2019amuser \u00e0 cr\u00e9er des empilements toujours plus hauts et \u00e0 d\u00e9velopper son imaginaire avec ses 3 petits copains !<\/p>\n<p><strong>Les petits plus :<\/strong><\/p>\n<ul>\n<li>Un kal\u00e9idoscope pour tout d\u00e9multiplier<\/li>\n<li>Un puzzle cr\u00e9celle \u00e0 faire tourner pour reconstituer l&rsquo;\u00e9toile !<\/li>\n<li>Un b\u00e2ton de pluie \u00e0 faire tourner !<\/li>\n<li>3 personnages maracas \u00e0 secouer pour des sonorit\u00e9s diff\u00e9rentes !<\/li>\n<li>3 formes \u00e0 enfiler sur le plateau pour un exercice de motricit\u00e9 fine<\/li>\n<li>Plus de 100 possibilit\u00e9s d&#8217;empilage !<\/li>\n<\/ul>\n","protected":false},"excerpt":{"rendered":"<p>Avec leurs 10 pi\u00e8ces, 15 activit\u00e9s et leurs centaines de combinaisons d&#8217;empilage, les acrobates sensoriels n&rsquo;ont pas fini d&rsquo;amuser b\u00e9b\u00e9 ! Chaque \u00e9l\u00e9ment favorise la motricit\u00e9 fine, et poss\u00e8de une fonction sensorielle pour stimuler la vue (kal\u00e9idoscope et couleurs contrast\u00e9es), l&rsquo;ou\u00efe (maracas, billes, podium cr\u00e9celle&#8230;), et le toucher (textures). Votre tout-petit peut \u00e9galement s\u2019amuser \u00e0&#8230;<\/p>\n","protected":false},"featured_media":8177,"template":"","meta":[],"product_brand":[],"product_cat":[43],"product_tag":[114],"class_list":{"0":"post-8176","1":"product","2":"type-product","3":"status-publish","4":"has-post-thumbnail","6":"product_cat-2-6-ans","7":"product_tag-sensoriel","8":"pa_apprentissages-couleurs","9":"pa_apprentissages-formes","10":"pa_developpement-ecoute","11":"pa_developpement-motricite","12":"pa_developpement-toucher","13":"pa_developpement-vue","14":"pa_eveil-concentration","15":"pa_eveil-curiosite","17":"first","18":"instock","19":"shipping-taxable","20":"product-type-simple"},"yoast_head":"<!-- This site is optimized with the Yoast SEO plugin v27.2 - https:\/\/yoast.com\/product\/yoast-seo-wordpress\/ -->\n<title>Les acrobates sensoriels - InfiniFun FR<\/title>\n<meta name=\"robots\" content=\"noindex, follow, max-snippet:-1, max-image-preview:large, max-video-preview:-1\" \/>\n<meta property=\"og:locale\" content=\"fr_FR\" \/>\n<meta property=\"og:type\" content=\"article\" \/>\n<meta property=\"og:title\" content=\"Les acrobates sensoriels - InfiniFun FR\" \/>\n<meta property=\"og:description\" content=\"Avec leurs 10 pi\u00e8ces, 15 activit\u00e9s et leurs centaines de combinaisons d&#8217;empilage, les acrobates sensoriels n&rsquo;ont pas fini d&rsquo;amuser b\u00e9b\u00e9 ! Chaque \u00e9l\u00e9ment favorise la motricit\u00e9 fine, et poss\u00e8de une fonction sensorielle pour stimuler la vue (kal\u00e9idoscope et couleurs contrast\u00e9es), l&rsquo;ou\u00efe (maracas, billes, podium cr\u00e9celle&#8230;), et le toucher (textures). Votre tout-petit peut \u00e9galement s\u2019amuser \u00e0...\" \/>\n<meta property=\"og:url\" content=\"https:\/\/infini-fun.com\/fr\/nos-jouets\/les-acrobates-sensoriels\/\" \/>\n<meta property=\"og:site_name\" content=\"InfiniFun FR\" \/>\n<meta property=\"article:modified_time\" content=\"2023-10-03T20:25:54+00:00\" \/>\n<meta property=\"og:image\" content=\"https:\/\/infini-fun.com\/fr\/wp-content\/uploads\/sites\/4\/2021\/01\/S20530GI_KDE_AW_VisuelCatalogue_01b_200610_HIGH.png\" \/>\n\t<meta property=\"og:image:width\" content=\"1600\" \/>\n\t<meta property=\"og:image:height\" content=\"1556\" \/>\n\t<meta property=\"og:image:type\" content=\"image\/png\" \/>\n<meta name=\"twitter:card\" content=\"summary_large_image\" \/>\n<meta name=\"twitter:label1\" content=\"Dur\u00e9e de lecture estim\u00e9e\" \/>\n\t<meta name=\"twitter:data1\" content=\"1 minute\" \/>\n<script type=\"application\/ld+json\" class=\"yoast-schema-graph\">{\"@context\":\"https:\/\/schema.org\",\"@graph\":[{\"@type\":\"WebPage\",\"@id\":\"https:\/\/infini-fun.com\/fr\/nos-jouets\/les-acrobates-sensoriels\/\",\"url\":\"https:\/\/infini-fun.com\/fr\/nos-jouets\/les-acrobates-sensoriels\/\",\"name\":\"Les acrobates sensoriels - InfiniFun FR\",\"isPartOf\":{\"@id\":\"https:\/\/infini-fun.com\/fr\/#website\"},\"primaryImageOfPage\":{\"@id\":\"https:\/\/infini-fun.com\/fr\/nos-jouets\/les-acrobates-sensoriels\/#primaryimage\"},\"image\":{\"@id\":\"https:\/\/infini-fun.com\/fr\/nos-jouets\/les-acrobates-sensoriels\/#primaryimage\"},\"thumbnailUrl\":\"https:\/\/infini-fun.com\/fr\/wp-content\/uploads\/sites\/4\/2021\/01\/S20530GI_KDE_AW_VisuelCatalogue_01b_200610_HIGH.png\",\"datePublished\":\"2021-01-22T10:51:52+00:00\",\"dateModified\":\"2023-10-03T20:25:54+00:00\",\"breadcrumb\":{\"@id\":\"https:\/\/infini-fun.com\/fr\/nos-jouets\/les-acrobates-sensoriels\/#breadcrumb\"},\"inLanguage\":\"fr-FR\",\"potentialAction\":[{\"@type\":\"ReadAction\",\"target\":[\"https:\/\/infini-fun.com\/fr\/nos-jouets\/les-acrobates-sensoriels\/\"]}]},{\"@type\":\"ImageObject\",\"inLanguage\":\"fr-FR\",\"@id\":\"https:\/\/infini-fun.com\/fr\/nos-jouets\/les-acrobates-sensoriels\/#primaryimage\",\"url\":\"https:\/\/infini-fun.com\/fr\/wp-content\/uploads\/sites\/4\/2021\/01\/S20530GI_KDE_AW_VisuelCatalogue_01b_200610_HIGH.png\",\"contentUrl\":\"https:\/\/infini-fun.com\/fr\/wp-content\/uploads\/sites\/4\/2021\/01\/S20530GI_KDE_AW_VisuelCatalogue_01b_200610_HIGH.png\",\"width\":1600,\"height\":1556},{\"@type\":\"BreadcrumbList\",\"@id\":\"https:\/\/infini-fun.com\/fr\/nos-jouets\/les-acrobates-sensoriels\/#breadcrumb\",\"itemListElement\":[{\"@type\":\"ListItem\",\"position\":1,\"name\":\"Portada\",\"item\":\"https:\/\/infini-fun.com\/fr\/\"},{\"@type\":\"ListItem\",\"position\":2,\"name\":\"Nos jouets\",\"item\":\"https:\/\/infini-fun.com\/fr\/nos-jouets\/\"},{\"@type\":\"ListItem\",\"position\":3,\"name\":\"Les acrobates sensoriels\"}]},{\"@type\":\"WebSite\",\"@id\":\"https:\/\/infini-fun.com\/fr\/#website\",\"url\":\"https:\/\/infini-fun.com\/fr\/\",\"name\":\"InfiniFun FR\",\"description\":\"Introducing Infinifun and Tinyboo\",\"potentialAction\":[{\"@type\":\"SearchAction\",\"target\":{\"@type\":\"EntryPoint\",\"urlTemplate\":\"https:\/\/infini-fun.com\/fr\/?s={search_term_string}\"},\"query-input\":{\"@type\":\"PropertyValueSpecification\",\"valueRequired\":true,\"valueName\":\"search_term_string\"}}],\"inLanguage\":\"fr-FR\"}]}<\/script>\n<!-- \/ Yoast SEO plugin. -->","yoast_head_json":{"title":"Les acrobates sensoriels - InfiniFun FR","robots":{"index":"noindex","follow":"follow","max-snippet":"max-snippet:-1","max-image-preview":"max-image-preview:large","max-video-preview":"max-video-preview:-1"},"og_locale":"fr_FR","og_type":"article","og_title":"Les acrobates sensoriels - InfiniFun FR","og_description":"Avec leurs 10 pi\u00e8ces, 15 activit\u00e9s et leurs centaines de combinaisons d&#8217;empilage, les acrobates sensoriels n&rsquo;ont pas fini d&rsquo;amuser b\u00e9b\u00e9 ! Chaque \u00e9l\u00e9ment favorise la motricit\u00e9 fine, et poss\u00e8de une fonction sensorielle pour stimuler la vue (kal\u00e9idoscope et couleurs contrast\u00e9es), l&rsquo;ou\u00efe (maracas, billes, podium cr\u00e9celle&#8230;), et le toucher (textures). Votre tout-petit peut \u00e9galement s\u2019amuser \u00e0...","og_url":"https:\/\/infini-fun.com\/fr\/nos-jouets\/les-acrobates-sensoriels\/","og_site_name":"InfiniFun FR","article_modified_time":"2023-10-03T20:25:54+00:00","og_image":[{"width":1600,"height":1556,"url":"https:\/\/infini-fun.com\/fr\/wp-content\/uploads\/sites\/4\/2021\/01\/S20530GI_KDE_AW_VisuelCatalogue_01b_200610_HIGH.png","type":"image\/png"}],"twitter_card":"summary_large_image","twitter_misc":{"Dur\u00e9e de lecture estim\u00e9e":"1 minute"},"schema":{"@context":"https:\/\/schema.org","@graph":[{"@type":"WebPage","@id":"https:\/\/infini-fun.com\/fr\/nos-jouets\/les-acrobates-sensoriels\/","url":"https:\/\/infini-fun.com\/fr\/nos-jouets\/les-acrobates-sensoriels\/","name":"Les acrobates sensoriels - InfiniFun FR","isPartOf":{"@id":"https:\/\/infini-fun.com\/fr\/#website"},"primaryImageOfPage":{"@id":"https:\/\/infini-fun.com\/fr\/nos-jouets\/les-acrobates-sensoriels\/#primaryimage"},"image":{"@id":"https:\/\/infini-fun.com\/fr\/nos-jouets\/les-acrobates-sensoriels\/#primaryimage"},"thumbnailUrl":"https:\/\/infini-fun.com\/fr\/wp-content\/uploads\/sites\/4\/2021\/01\/S20530GI_KDE_AW_VisuelCatalogue_01b_200610_HIGH.png","datePublished":"2021-01-22T10:51:52+00:00","dateModified":"2023-10-03T20:25:54+00:00","breadcrumb":{"@id":"https:\/\/infini-fun.com\/fr\/nos-jouets\/les-acrobates-sensoriels\/#breadcrumb"},"inLanguage":"fr-FR","potentialAction":[{"@type":"ReadAction","target":["https:\/\/infini-fun.com\/fr\/nos-jouets\/les-acrobates-sensoriels\/"]}]},{"@type":"ImageObject","inLanguage":"fr-FR","@id":"https:\/\/infini-fun.com\/fr\/nos-jouets\/les-acrobates-sensoriels\/#primaryimage","url":"https:\/\/infini-fun.com\/fr\/wp-content\/uploads\/sites\/4\/2021\/01\/S20530GI_KDE_AW_VisuelCatalogue_01b_200610_HIGH.png","contentUrl":"https:\/\/infini-fun.com\/fr\/wp-content\/uploads\/sites\/4\/2021\/01\/S20530GI_KDE_AW_VisuelCatalogue_01b_200610_HIGH.png","width":1600,"height":1556},{"@type":"BreadcrumbList","@id":"https:\/\/infini-fun.com\/fr\/nos-jouets\/les-acrobates-sensoriels\/#breadcrumb","itemListElement":[{"@type":"ListItem","position":1,"name":"Portada","item":"https:\/\/infini-fun.com\/fr\/"},{"@type":"ListItem","position":2,"name":"Nos jouets","item":"https:\/\/infini-fun.com\/fr\/nos-jouets\/"},{"@type":"ListItem","position":3,"name":"Les acrobates sensoriels"}]},{"@type":"WebSite","@id":"https:\/\/infini-fun.com\/fr\/#website","url":"https:\/\/infini-fun.com\/fr\/","name":"InfiniFun FR","description":"Introducing Infinifun and Tinyboo","potentialAction":[{"@type":"SearchAction","target":{"@type":"EntryPoint","urlTemplate":"https:\/\/infini-fun.com\/fr\/?s={search_term_string}"},"query-input":{"@type":"PropertyValueSpecification","valueRequired":true,"valueName":"search_term_string"}}],"inLanguage":"fr-FR"}]}},"_links":{"self":[{"href":"https:\/\/infini-fun.com\/fr\/wp-json\/wp\/v2\/product\/8176","targetHints":{"allow":["GET"]}}],"collection":[{"href":"https:\/\/infini-fun.com\/fr\/wp-json\/wp\/v2\/product"}],"about":[{"href":"https:\/\/infini-fun.com\/fr\/wp-json\/wp\/v2\/types\/product"}],"wp:featuredmedia":[{"embeddable":true,"href":"https:\/\/infini-fun.com\/fr\/wp-json\/wp\/v2\/media\/8177"}],"wp:attachment":[{"href":"https:\/\/infini-fun.com\/fr\/wp-json\/wp\/v2\/media?parent=8176"}],"wp:term":[{"taxonomy":"product_brand","embeddable":true,"href":"https:\/\/infini-fun.com\/fr\/wp-json\/wp\/v2\/product_brand?post=8176"},{"taxonomy":"product_cat","embeddable":true,"href":"https:\/\/infini-fun.com\/fr\/wp-json\/wp\/v2\/product_cat?post=8176"},{"taxonomy":"product_tag","embeddable":true,"href":"https:\/\/infini-fun.com\/fr\/wp-json\/wp\/v2\/product_tag?post=8176"}],"curies":[{"name":"wp","href":"https:\/\/api.w.org\/{rel}","templated":true}]}}