{"id":7038,"date":"2017-04-24T12:54:55","date_gmt":"2017-04-24T12:54:55","guid":{"rendered":"http:\/\/kdplanet.com\/fr\/kd-kids\/infinifun\/?post_type=product&#038;p=7038"},"modified":"2023-10-03T20:25:33","modified_gmt":"2023-10-03T20:25:33","slug":"wild-water-island-2","status":"publish","type":"product","link":"https:\/\/infini-fun.com\/fr\/nos-jouets\/wild-water-island-2\/","title":{"rendered":"L&rsquo;\u00eele O&rsquo; Splash"},"content":{"rendered":"<p>Observez votre tout-petit d\u00e9couvrir les pouvoirs exceptionnels de l\u2019eau. Une rivi\u00e8re se cr\u00e9e tout autour de l\u2019\u00eele lorsqu\u2019il verse de l\u2019eau dans le palmier.<br \/>\nC\u2019est magique : les bateaux avancent tout seuls ! 1,2,3, la course des bateaux peut commencer !<br \/>\nGr\u00e2ce \u00e0 toutes les activit\u00e9s de l\u2019\u00cele o\u2019 Splash, votre tout-petit va pouvoir s\u2019amuser pendant des heures !<br \/>\nUn bon moyen pour s&rsquo;imaginer des aventures incroyables, d\u00e9couvrir la relation de cause \u00e0 effet, s\u2019\u00e9veiller aux sciences tout en devenant de plus en plus \u00e0 l\u2019aise dans l\u2019eau !<\/p>\n<p>Les activit\u00e9s :<\/p>\n<ul>\n<li>Fais glisser les bateaux sur le toboggan !<\/li>\n<li>Verse l\u2019eau dans le palmier, la rivi\u00e8re se remplit et les bateaux avancent comme par magie<\/li>\n<li>Tourne la pieuvre et pousse le dauphin pour bloquer le passage des bateaux<\/li>\n<li>Appuie sur le nuage pour faire tomber la pluie !<\/li>\n<\/ul>\n<p>Inclus dans la bo\u00eete :<\/p>\n<p>\u2022 L&rsquo;\u00eele de bain<br \/>\n\u2022 Le palmier<br \/>\n\u2022 Le gobelet<br \/>\n\u2022 2 bateaux<br \/>\n\u2022 La pieuvre<br \/>\n\u2022 Le dauphin<br \/>\n\u2022 Le toboggan<br \/>\n\u2022 Le nuage aspergeur<\/p>\n","protected":false},"excerpt":{"rendered":"<p>&nbsp;<\/p>\n<p>&nbsp;<\/p>\n","protected":false},"featured_media":7222,"template":"","meta":[],"product_brand":[],"product_cat":[43],"product_tag":[87],"class_list":{"0":"post-7038","1":"product","2":"type-product","3":"status-publish","4":"has-post-thumbnail","6":"product_cat-2-6-ans","7":"product_tag-bain","8":"pa_developpement-motricite","9":"pa_developpement-toucher","10":"pa_eveil-creativite","11":"pa_eveil-imagination","13":"first","14":"instock","15":"downloadable","16":"shipping-taxable","17":"product-type-simple"},"yoast_head":"<!-- This site is optimized with the Yoast SEO plugin v27.2 - https:\/\/yoast.com\/product\/yoast-seo-wordpress\/ -->\n<title>L&#039;\u00eele O&#039; Splash - InfiniFun FR<\/title>\n<meta name=\"robots\" content=\"noindex, follow, max-snippet:-1, max-image-preview:large, max-video-preview:-1\" \/>\n<meta property=\"og:locale\" content=\"fr_FR\" \/>\n<meta property=\"og:type\" content=\"article\" \/>\n<meta property=\"og:title\" content=\"L&#039;\u00eele O&#039; Splash - InfiniFun FR\" \/>\n<meta property=\"og:description\" content=\"&nbsp; &nbsp;\" \/>\n<meta property=\"og:url\" content=\"https:\/\/infini-fun.com\/fr\/nos-jouets\/wild-water-island-2\/\" \/>\n<meta property=\"og:site_name\" content=\"InfiniFun FR\" \/>\n<meta property=\"article:modified_time\" content=\"2023-10-03T20:25:33+00:00\" \/>\n<meta property=\"og:image\" content=\"https:\/\/infini-fun.com\/fr\/wp-content\/uploads\/sites\/4\/2017\/04\/I17150FR_unit_300dpi_170808.png\" \/>\n\t<meta property=\"og:image:width\" content=\"1500\" \/>\n\t<meta property=\"og:image:height\" content=\"1500\" \/>\n\t<meta property=\"og:image:type\" content=\"image\/png\" \/>\n<meta name=\"twitter:card\" content=\"summary_large_image\" \/>\n<meta name=\"twitter:label1\" content=\"Dur\u00e9e de lecture estim\u00e9e\" \/>\n\t<meta name=\"twitter:data1\" content=\"1 minute\" \/>\n<script type=\"application\/ld+json\" class=\"yoast-schema-graph\">{\"@context\":\"https:\/\/schema.org\",\"@graph\":[{\"@type\":\"WebPage\",\"@id\":\"https:\/\/infini-fun.com\/fr\/nos-jouets\/wild-water-island-2\/\",\"url\":\"https:\/\/infini-fun.com\/fr\/nos-jouets\/wild-water-island-2\/\",\"name\":\"L'\u00eele O' Splash - InfiniFun FR\",\"isPartOf\":{\"@id\":\"https:\/\/infini-fun.com\/fr\/#website\"},\"primaryImageOfPage\":{\"@id\":\"https:\/\/infini-fun.com\/fr\/nos-jouets\/wild-water-island-2\/#primaryimage\"},\"image\":{\"@id\":\"https:\/\/infini-fun.com\/fr\/nos-jouets\/wild-water-island-2\/#primaryimage\"},\"thumbnailUrl\":\"https:\/\/infini-fun.com\/fr\/wp-content\/uploads\/sites\/4\/2017\/04\/I17150FR_unit_300dpi_170808.png\",\"datePublished\":\"2017-04-24T12:54:55+00:00\",\"dateModified\":\"2023-10-03T20:25:33+00:00\",\"breadcrumb\":{\"@id\":\"https:\/\/infini-fun.com\/fr\/nos-jouets\/wild-water-island-2\/#breadcrumb\"},\"inLanguage\":\"fr-FR\",\"potentialAction\":[{\"@type\":\"ReadAction\",\"target\":[\"https:\/\/infini-fun.com\/fr\/nos-jouets\/wild-water-island-2\/\"]}]},{\"@type\":\"ImageObject\",\"inLanguage\":\"fr-FR\",\"@id\":\"https:\/\/infini-fun.com\/fr\/nos-jouets\/wild-water-island-2\/#primaryimage\",\"url\":\"https:\/\/infini-fun.com\/fr\/wp-content\/uploads\/sites\/4\/2017\/04\/I17150FR_unit_300dpi_170808.png\",\"contentUrl\":\"https:\/\/infini-fun.com\/fr\/wp-content\/uploads\/sites\/4\/2017\/04\/I17150FR_unit_300dpi_170808.png\",\"width\":1500,\"height\":1500},{\"@type\":\"BreadcrumbList\",\"@id\":\"https:\/\/infini-fun.com\/fr\/nos-jouets\/wild-water-island-2\/#breadcrumb\",\"itemListElement\":[{\"@type\":\"ListItem\",\"position\":1,\"name\":\"Portada\",\"item\":\"https:\/\/infini-fun.com\/fr\/\"},{\"@type\":\"ListItem\",\"position\":2,\"name\":\"Nos jouets\",\"item\":\"https:\/\/infini-fun.com\/fr\/nos-jouets\/\"},{\"@type\":\"ListItem\",\"position\":3,\"name\":\"L&#8217;\u00eele O&#8217; Splash\"}]},{\"@type\":\"WebSite\",\"@id\":\"https:\/\/infini-fun.com\/fr\/#website\",\"url\":\"https:\/\/infini-fun.com\/fr\/\",\"name\":\"InfiniFun FR\",\"description\":\"Introducing Infinifun and Tinyboo\",\"potentialAction\":[{\"@type\":\"SearchAction\",\"target\":{\"@type\":\"EntryPoint\",\"urlTemplate\":\"https:\/\/infini-fun.com\/fr\/?s={search_term_string}\"},\"query-input\":{\"@type\":\"PropertyValueSpecification\",\"valueRequired\":true,\"valueName\":\"search_term_string\"}}],\"inLanguage\":\"fr-FR\"}]}<\/script>\n<!-- \/ Yoast SEO plugin. -->","yoast_head_json":{"title":"L'\u00eele O' Splash - InfiniFun FR","robots":{"index":"noindex","follow":"follow","max-snippet":"max-snippet:-1","max-image-preview":"max-image-preview:large","max-video-preview":"max-video-preview:-1"},"og_locale":"fr_FR","og_type":"article","og_title":"L'\u00eele O' Splash - InfiniFun FR","og_description":"&nbsp; &nbsp;","og_url":"https:\/\/infini-fun.com\/fr\/nos-jouets\/wild-water-island-2\/","og_site_name":"InfiniFun FR","article_modified_time":"2023-10-03T20:25:33+00:00","og_image":[{"width":1500,"height":1500,"url":"https:\/\/infini-fun.com\/fr\/wp-content\/uploads\/sites\/4\/2017\/04\/I17150FR_unit_300dpi_170808.png","type":"image\/png"}],"twitter_card":"summary_large_image","twitter_misc":{"Dur\u00e9e de lecture estim\u00e9e":"1 minute"},"schema":{"@context":"https:\/\/schema.org","@graph":[{"@type":"WebPage","@id":"https:\/\/infini-fun.com\/fr\/nos-jouets\/wild-water-island-2\/","url":"https:\/\/infini-fun.com\/fr\/nos-jouets\/wild-water-island-2\/","name":"L'\u00eele O' Splash - InfiniFun FR","isPartOf":{"@id":"https:\/\/infini-fun.com\/fr\/#website"},"primaryImageOfPage":{"@id":"https:\/\/infini-fun.com\/fr\/nos-jouets\/wild-water-island-2\/#primaryimage"},"image":{"@id":"https:\/\/infini-fun.com\/fr\/nos-jouets\/wild-water-island-2\/#primaryimage"},"thumbnailUrl":"https:\/\/infini-fun.com\/fr\/wp-content\/uploads\/sites\/4\/2017\/04\/I17150FR_unit_300dpi_170808.png","datePublished":"2017-04-24T12:54:55+00:00","dateModified":"2023-10-03T20:25:33+00:00","breadcrumb":{"@id":"https:\/\/infini-fun.com\/fr\/nos-jouets\/wild-water-island-2\/#breadcrumb"},"inLanguage":"fr-FR","potentialAction":[{"@type":"ReadAction","target":["https:\/\/infini-fun.com\/fr\/nos-jouets\/wild-water-island-2\/"]}]},{"@type":"ImageObject","inLanguage":"fr-FR","@id":"https:\/\/infini-fun.com\/fr\/nos-jouets\/wild-water-island-2\/#primaryimage","url":"https:\/\/infini-fun.com\/fr\/wp-content\/uploads\/sites\/4\/2017\/04\/I17150FR_unit_300dpi_170808.png","contentUrl":"https:\/\/infini-fun.com\/fr\/wp-content\/uploads\/sites\/4\/2017\/04\/I17150FR_unit_300dpi_170808.png","width":1500,"height":1500},{"@type":"BreadcrumbList","@id":"https:\/\/infini-fun.com\/fr\/nos-jouets\/wild-water-island-2\/#breadcrumb","itemListElement":[{"@type":"ListItem","position":1,"name":"Portada","item":"https:\/\/infini-fun.com\/fr\/"},{"@type":"ListItem","position":2,"name":"Nos jouets","item":"https:\/\/infini-fun.com\/fr\/nos-jouets\/"},{"@type":"ListItem","position":3,"name":"L&#8217;\u00eele O&#8217; Splash"}]},{"@type":"WebSite","@id":"https:\/\/infini-fun.com\/fr\/#website","url":"https:\/\/infini-fun.com\/fr\/","name":"InfiniFun FR","description":"Introducing Infinifun and Tinyboo","potentialAction":[{"@type":"SearchAction","target":{"@type":"EntryPoint","urlTemplate":"https:\/\/infini-fun.com\/fr\/?s={search_term_string}"},"query-input":{"@type":"PropertyValueSpecification","valueRequired":true,"valueName":"search_term_string"}}],"inLanguage":"fr-FR"}]}},"_links":{"self":[{"href":"https:\/\/infini-fun.com\/fr\/wp-json\/wp\/v2\/product\/7038","targetHints":{"allow":["GET"]}}],"collection":[{"href":"https:\/\/infini-fun.com\/fr\/wp-json\/wp\/v2\/product"}],"about":[{"href":"https:\/\/infini-fun.com\/fr\/wp-json\/wp\/v2\/types\/product"}],"wp:featuredmedia":[{"embeddable":true,"href":"https:\/\/infini-fun.com\/fr\/wp-json\/wp\/v2\/media\/7222"}],"wp:attachment":[{"href":"https:\/\/infini-fun.com\/fr\/wp-json\/wp\/v2\/media?parent=7038"}],"wp:term":[{"taxonomy":"product_brand","embeddable":true,"href":"https:\/\/infini-fun.com\/fr\/wp-json\/wp\/v2\/product_brand?post=7038"},{"taxonomy":"product_cat","embeddable":true,"href":"https:\/\/infini-fun.com\/fr\/wp-json\/wp\/v2\/product_cat?post=7038"},{"taxonomy":"product_tag","embeddable":true,"href":"https:\/\/infini-fun.com\/fr\/wp-json\/wp\/v2\/product_tag?post=7038"}],"curies":[{"name":"wp","href":"https:\/\/api.w.org\/{rel}","templated":true}]}}