{"id":6418,"date":"2017-03-02T15:39:48","date_gmt":"2017-03-02T15:39:48","guid":{"rendered":"http:\/\/kdplanet.com\/fr\/kd-kids\/infinifun\/?product=silly-surfer-remote"},"modified":"2024-03-15T14:30:06","modified_gmt":"2024-03-15T14:30:06","slug":"silly-surfer-remote","status":"publish","type":"product","link":"https:\/\/infini-fun.com\/fr\/nos-jouets\/silly-surfer-remote\/","title":{"rendered":"Ma Premi\u00e8re T\u00e9l\u00e9commande"},"content":{"rendered":"<p>Votre tout-petit a enfin sa t\u00e9l\u00e9commande pour faire comme les grands !<\/p>\n<p>Dans le mode d\u00e9couverte, il apprend \u00e0 son rythme les chiffres, les formes et les couleurs !<\/p>\n<p>Il peut \u00e9galement s\u2019amuser \u00e0 vous imiter en appuyant sur les touches de la t\u00e9l\u00e9commande et \u00e0 entendre des sons r\u00e9alistes.<\/p>\n<p>\u00c0 lui de retrouver des formes, des couleurs ou des chiffres gr\u00e2ce au mode quiz !<\/p>\n<p>Avec la fonction bilingue, il s&rsquo;\u00e9veille \u00e0 une nouvelle langue tout en s&rsquo;amusant. Pr\u00e9parez-vous, il n&rsquo;a pas fini de vous \u00e9pater !<\/p>\n<ul>\n<li>Apprends les chiffres de 0 \u00e0 9<\/li>\n<li>D\u00e9couvre les couleurs et les formes !<\/li>\n<li>3 modes de jeux avec plein de sons rigolos !<\/li>\n<li>Initiation \u00e0 l&rsquo;anglais<\/li>\n<\/ul>\n","protected":false},"excerpt":{"rendered":"<h2><i class=\"fas fa-store\"><\/i> O\u00f9 la trouver ?<\/h2>\n<p><a href=\"https:\/\/www.amazon.fr\/Tech-Too-T%C3%A9l%C3%A9commande-%C3%89ducative-Bilingue\/dp\/B00E4FWX20\/ref=sr_1_12?__mk_fr_FR=%C3%85M%C3%85%C5%BD%C3%95%C3%91&amp;crid=1J369IWTX8O7D&amp;keywords=ma%2Bpremi%C3%A8re%2Bt%C3%A9l%C3%A9commande&amp;qid=1694698755&amp;sprefix=ma%2Bpremi%C3%A8re%2Bt%C3%A9l%C3%A9commande%2Caps%2C113&amp;sr=8-12&amp;th=1\" target=\"_blank\" rel=\"noopener\"><img loading=\"lazy\" decoding=\"async\" class=\"Retailer alignnone wp-image-8912 size-full\" src=\"https:\/\/infini-fun.com\/fr\/wp-content\/uploads\/sites\/4\/2023\/09\/Amazon-200.png\" alt=\"\" width=\"200\" height=\"75\" \/><\/a><a href=\"https:\/\/www.joueclub.fr\/jouets-1er-age\/telecommande-educative-bilingue-infinifun-8436538670606.html\" target=\"_blank\" rel=\"noopener\"><img loading=\"lazy\" decoding=\"async\" class=\"Retailer alignnone wp-image-8914 size-full\" src=\"https:\/\/infini-fun.com\/fr\/wp-content\/uploads\/sites\/4\/2023\/09\/JoueClub-200.png\" alt=\"\" width=\"200\" height=\"75\" \/><\/a><a href=\"https:\/\/www.smythstoys.com\/fr\/fr-fr\/jouets\/jouets-prescolaires\/jeux-dimitation\/infinifun-ma-premiere-telecommande\/p\/131903\" target=\"_blank\" rel=\"noopener\"><img loading=\"lazy\" decoding=\"async\" class=\"Retailer alignnone wp-image-8917 size-full\" src=\"https:\/\/infini-fun.com\/fr\/wp-content\/uploads\/sites\/4\/2022\/08\/Smyths-200.png\" alt=\"\" width=\"200\" height=\"75\" \/><\/a><br \/>\n[vimeo_embed url=\"https:\/\/vimeo.com\/69175876\" autopause=\"true\" controls=\"true\" byline=\"true\" portrait=\"true\" title=\"true\" responsive=\"true\" dnt=\"true\" playsinline=\"true\" overrideWidthUnits=\"px\" overrideHeightUnits=\"px\" url=\"https:\/\/vimeo.com\/69175876\" \/]<\/p>\n","protected":false},"featured_media":7425,"template":"","meta":[],"product_brand":[],"product_cat":[40],"product_tag":[104],"class_list":{"0":"post-6418","1":"product","2":"type-product","3":"status-publish","4":"has-post-thumbnail","6":"product_cat-12-24-mois","7":"product_tag-imitation","8":"pa_apprentissages-chiffres","9":"pa_developpement-ecoute","10":"pa_developpement-motricite","11":"pa_developpement-toucher","12":"pa_eveil-curiosite","13":"pa_eveil-imagination","15":"first","16":"instock","17":"product-type-simple"},"yoast_head":"<!-- This site is optimized with the Yoast SEO plugin v27.2 - https:\/\/yoast.com\/product\/yoast-seo-wordpress\/ -->\n<title>Ma Premi\u00e8re T\u00e9l\u00e9commande - InfiniFun FR<\/title>\n<meta name=\"robots\" content=\"noindex, follow, max-snippet:-1, max-image-preview:large, max-video-preview:-1\" \/>\n<meta property=\"og:locale\" content=\"fr_FR\" \/>\n<meta property=\"og:type\" content=\"article\" \/>\n<meta property=\"og:title\" content=\"Ma Premi\u00e8re T\u00e9l\u00e9commande - InfiniFun FR\" \/>\n<meta property=\"og:description\" content=\"O\u00f9 la trouver ?\" \/>\n<meta property=\"og:url\" content=\"https:\/\/infini-fun.com\/fr\/nos-jouets\/silly-surfer-remote\/\" \/>\n<meta property=\"og:site_name\" content=\"InfiniFun FR\" \/>\n<meta property=\"article:modified_time\" content=\"2024-03-15T14:30:06+00:00\" \/>\n<meta property=\"og:image\" content=\"https:\/\/infini-fun.com\/fr\/wp-content\/uploads\/sites\/4\/2017\/03\/S13880FR_product_170426.png\" \/>\n\t<meta property=\"og:image:width\" content=\"1500\" \/>\n\t<meta property=\"og:image:height\" content=\"1500\" \/>\n\t<meta property=\"og:image:type\" content=\"image\/png\" \/>\n<meta name=\"twitter:card\" content=\"summary_large_image\" \/>\n<meta name=\"twitter:label1\" content=\"Dur\u00e9e de lecture estim\u00e9e\" \/>\n\t<meta name=\"twitter:data1\" content=\"1 minute\" \/>\n<script type=\"application\/ld+json\" class=\"yoast-schema-graph\">{\"@context\":\"https:\/\/schema.org\",\"@graph\":[{\"@type\":\"WebPage\",\"@id\":\"https:\/\/infini-fun.com\/fr\/nos-jouets\/silly-surfer-remote\/\",\"url\":\"https:\/\/infini-fun.com\/fr\/nos-jouets\/silly-surfer-remote\/\",\"name\":\"Ma Premi\u00e8re T\u00e9l\u00e9commande - InfiniFun FR\",\"isPartOf\":{\"@id\":\"https:\/\/infini-fun.com\/fr\/#website\"},\"primaryImageOfPage\":{\"@id\":\"https:\/\/infini-fun.com\/fr\/nos-jouets\/silly-surfer-remote\/#primaryimage\"},\"image\":{\"@id\":\"https:\/\/infini-fun.com\/fr\/nos-jouets\/silly-surfer-remote\/#primaryimage\"},\"thumbnailUrl\":\"https:\/\/infini-fun.com\/fr\/wp-content\/uploads\/sites\/4\/2017\/03\/S13880FR_product_170426.png\",\"datePublished\":\"2017-03-02T15:39:48+00:00\",\"dateModified\":\"2024-03-15T14:30:06+00:00\",\"breadcrumb\":{\"@id\":\"https:\/\/infini-fun.com\/fr\/nos-jouets\/silly-surfer-remote\/#breadcrumb\"},\"inLanguage\":\"fr-FR\",\"potentialAction\":[{\"@type\":\"ReadAction\",\"target\":[\"https:\/\/infini-fun.com\/fr\/nos-jouets\/silly-surfer-remote\/\"]}]},{\"@type\":\"ImageObject\",\"inLanguage\":\"fr-FR\",\"@id\":\"https:\/\/infini-fun.com\/fr\/nos-jouets\/silly-surfer-remote\/#primaryimage\",\"url\":\"https:\/\/infini-fun.com\/fr\/wp-content\/uploads\/sites\/4\/2017\/03\/S13880FR_product_170426.png\",\"contentUrl\":\"https:\/\/infini-fun.com\/fr\/wp-content\/uploads\/sites\/4\/2017\/03\/S13880FR_product_170426.png\",\"width\":1500,\"height\":1500},{\"@type\":\"BreadcrumbList\",\"@id\":\"https:\/\/infini-fun.com\/fr\/nos-jouets\/silly-surfer-remote\/#breadcrumb\",\"itemListElement\":[{\"@type\":\"ListItem\",\"position\":1,\"name\":\"Portada\",\"item\":\"https:\/\/infini-fun.com\/fr\/\"},{\"@type\":\"ListItem\",\"position\":2,\"name\":\"Nos jouets\",\"item\":\"https:\/\/infini-fun.com\/fr\/nos-jouets\/\"},{\"@type\":\"ListItem\",\"position\":3,\"name\":\"Ma Premi\u00e8re T\u00e9l\u00e9commande\"}]},{\"@type\":\"WebSite\",\"@id\":\"https:\/\/infini-fun.com\/fr\/#website\",\"url\":\"https:\/\/infini-fun.com\/fr\/\",\"name\":\"InfiniFun FR\",\"description\":\"Introducing Infinifun and Tinyboo\",\"potentialAction\":[{\"@type\":\"SearchAction\",\"target\":{\"@type\":\"EntryPoint\",\"urlTemplate\":\"https:\/\/infini-fun.com\/fr\/?s={search_term_string}\"},\"query-input\":{\"@type\":\"PropertyValueSpecification\",\"valueRequired\":true,\"valueName\":\"search_term_string\"}}],\"inLanguage\":\"fr-FR\"}]}<\/script>\n<!-- \/ Yoast SEO plugin. -->","yoast_head_json":{"title":"Ma Premi\u00e8re T\u00e9l\u00e9commande - InfiniFun FR","robots":{"index":"noindex","follow":"follow","max-snippet":"max-snippet:-1","max-image-preview":"max-image-preview:large","max-video-preview":"max-video-preview:-1"},"og_locale":"fr_FR","og_type":"article","og_title":"Ma Premi\u00e8re T\u00e9l\u00e9commande - InfiniFun FR","og_description":"O\u00f9 la trouver ?","og_url":"https:\/\/infini-fun.com\/fr\/nos-jouets\/silly-surfer-remote\/","og_site_name":"InfiniFun FR","article_modified_time":"2024-03-15T14:30:06+00:00","og_image":[{"width":1500,"height":1500,"url":"https:\/\/infini-fun.com\/fr\/wp-content\/uploads\/sites\/4\/2017\/03\/S13880FR_product_170426.png","type":"image\/png"}],"twitter_card":"summary_large_image","twitter_misc":{"Dur\u00e9e de lecture estim\u00e9e":"1 minute"},"schema":{"@context":"https:\/\/schema.org","@graph":[{"@type":"WebPage","@id":"https:\/\/infini-fun.com\/fr\/nos-jouets\/silly-surfer-remote\/","url":"https:\/\/infini-fun.com\/fr\/nos-jouets\/silly-surfer-remote\/","name":"Ma Premi\u00e8re T\u00e9l\u00e9commande - InfiniFun FR","isPartOf":{"@id":"https:\/\/infini-fun.com\/fr\/#website"},"primaryImageOfPage":{"@id":"https:\/\/infini-fun.com\/fr\/nos-jouets\/silly-surfer-remote\/#primaryimage"},"image":{"@id":"https:\/\/infini-fun.com\/fr\/nos-jouets\/silly-surfer-remote\/#primaryimage"},"thumbnailUrl":"https:\/\/infini-fun.com\/fr\/wp-content\/uploads\/sites\/4\/2017\/03\/S13880FR_product_170426.png","datePublished":"2017-03-02T15:39:48+00:00","dateModified":"2024-03-15T14:30:06+00:00","breadcrumb":{"@id":"https:\/\/infini-fun.com\/fr\/nos-jouets\/silly-surfer-remote\/#breadcrumb"},"inLanguage":"fr-FR","potentialAction":[{"@type":"ReadAction","target":["https:\/\/infini-fun.com\/fr\/nos-jouets\/silly-surfer-remote\/"]}]},{"@type":"ImageObject","inLanguage":"fr-FR","@id":"https:\/\/infini-fun.com\/fr\/nos-jouets\/silly-surfer-remote\/#primaryimage","url":"https:\/\/infini-fun.com\/fr\/wp-content\/uploads\/sites\/4\/2017\/03\/S13880FR_product_170426.png","contentUrl":"https:\/\/infini-fun.com\/fr\/wp-content\/uploads\/sites\/4\/2017\/03\/S13880FR_product_170426.png","width":1500,"height":1500},{"@type":"BreadcrumbList","@id":"https:\/\/infini-fun.com\/fr\/nos-jouets\/silly-surfer-remote\/#breadcrumb","itemListElement":[{"@type":"ListItem","position":1,"name":"Portada","item":"https:\/\/infini-fun.com\/fr\/"},{"@type":"ListItem","position":2,"name":"Nos jouets","item":"https:\/\/infini-fun.com\/fr\/nos-jouets\/"},{"@type":"ListItem","position":3,"name":"Ma Premi\u00e8re T\u00e9l\u00e9commande"}]},{"@type":"WebSite","@id":"https:\/\/infini-fun.com\/fr\/#website","url":"https:\/\/infini-fun.com\/fr\/","name":"InfiniFun FR","description":"Introducing Infinifun and Tinyboo","potentialAction":[{"@type":"SearchAction","target":{"@type":"EntryPoint","urlTemplate":"https:\/\/infini-fun.com\/fr\/?s={search_term_string}"},"query-input":{"@type":"PropertyValueSpecification","valueRequired":true,"valueName":"search_term_string"}}],"inLanguage":"fr-FR"}]}},"_links":{"self":[{"href":"https:\/\/infini-fun.com\/fr\/wp-json\/wp\/v2\/product\/6418","targetHints":{"allow":["GET"]}}],"collection":[{"href":"https:\/\/infini-fun.com\/fr\/wp-json\/wp\/v2\/product"}],"about":[{"href":"https:\/\/infini-fun.com\/fr\/wp-json\/wp\/v2\/types\/product"}],"wp:featuredmedia":[{"embeddable":true,"href":"https:\/\/infini-fun.com\/fr\/wp-json\/wp\/v2\/media\/7425"}],"wp:attachment":[{"href":"https:\/\/infini-fun.com\/fr\/wp-json\/wp\/v2\/media?parent=6418"}],"wp:term":[{"taxonomy":"product_brand","embeddable":true,"href":"https:\/\/infini-fun.com\/fr\/wp-json\/wp\/v2\/product_brand?post=6418"},{"taxonomy":"product_cat","embeddable":true,"href":"https:\/\/infini-fun.com\/fr\/wp-json\/wp\/v2\/product_cat?post=6418"},{"taxonomy":"product_tag","embeddable":true,"href":"https:\/\/infini-fun.com\/fr\/wp-json\/wp\/v2\/product_tag?post=6418"}],"curies":[{"name":"wp","href":"https:\/\/api.w.org\/{rel}","templated":true}]}}